{"id":640,"date":"2023-01-25T15:23:12","date_gmt":"2023-01-25T14:23:12","guid":{"rendered":"https:\/\/miraclebag.store\/?post_type=product&#038;p=640"},"modified":"2025-06-06T09:18:01","modified_gmt":"2025-06-06T07:18:01","slug":"pachet-dublu-2buc-50-cm-co2x50","status":"publish","type":"product","link":"https:\/\/miraclebag.store\/ro\/magazin\/ambalaj-dublu\/pachet-dublu-2buc-50-cm-co2x50\/","title":{"rendered":"Filtru apa pentru piscina Pachet dublu 2buc 50 cm (CO2x50)"},"content":{"rendered":"<p><iframe title=\"Miraclebag CO2x50\" width=\"800\" height=\"450\" src=\"https:\/\/www.youtube.com\/embed\/s_-WH6Asdg0?feature=oembed\" frameborder=\"0\" allow=\"accelerometer; autoplay; clipboard-write; encrypted-media; gyroscope; picture-in-picture; web-share\" referrerpolicy=\"strict-origin-when-cross-origin\" allowfullscreen><\/iframe><\/p>\n<h3><strong>Despre Miracle Bag<\/strong><\/h3>\n<p><span style=\"color: #000000;\">Filtrul de ap\u0103 al piscinei este capabil s\u0103 filtreze to\u021bi contaminan\u021bii plutitori din apa piscinei, inclusiv cei care fac ca apa s\u0103 devin\u0103 opal\u0103. Pulbere de alge, alge verzi, oxid de fier, oxid de mangan.<\/span><\/p>\n<p><span style=\"color: #000000;\"><strong>Pung\u0103 de filtrare a apei din material de filtrare a apei industriale de 1 sau 5 microni<\/strong>, cu posibilitatea introducerii unui racord de furtun (diametru: 32mm). Dimensiune 100 cm x 15 cm, suprafata filtranta 0,3 m2. Performan\u021ba materialului filtrant de 5 microni este comparabil\u0103 sau mai bun\u0103 dec\u00e2t cea a filtrelor cu nisip. Materialul filtrant de 1 micron poate, de asemenea, s\u0103 filtreze majoritatea algelor verzi din ap\u0103, l\u0103s\u00e2nd apa din piscin\u0103 limpede! <strong>Este mai ieftin, mai simplu, mai eficient \u0219i mai economic dec\u00e2t sistemele existente de filtrare a piscinei.<\/strong><\/span><\/p>\n<h3><strong>Versiunea anterioar\u0103 a Miracle Bag:<\/strong><\/h3>\n<p><iframe title=\"Miraclebag, filtru de ap\u0103 pentru piscin\u0103, \u00een loc de filtru de nisip V3 2\" width=\"800\" height=\"450\" src=\"https:\/\/www.youtube.com\/embed\/QFNBelhcX5M?feature=oembed\" frameborder=\"0\" allow=\"accelerometer; autoplay; clipboard-write; encrypted-media; gyroscope; picture-in-picture; web-share\" referrerpolicy=\"strict-origin-when-cross-origin\" allowfullscreen><\/iframe><\/p>\n<h3><strong>Supapa de siguran\u021b\u0103 care protejeaz\u0103 sacul de suprapresiune:<\/strong><\/h3>\n<p><iframe title=\"GT szelep short nologo\" width=\"800\" height=\"450\" src=\"https:\/\/www.youtube.com\/embed\/OQFIxZywlEA?feature=oembed\" frameborder=\"0\" allow=\"accelerometer; autoplay; clipboard-write; encrypted-media; gyroscope; picture-in-picture; web-share\" referrerpolicy=\"strict-origin-when-cross-origin\" allowfullscreen><\/iframe><\/p>\n<div class=\"elementor-element elementor-element-ad049ff elementor-widget elementor-widget-text-editor\" data-id=\"ad049ff\" data-element_type=\"widget\" data-widget_type=\"text-editor.default\">\n<div class=\"elementor-widget-container\">\n<h3><span style=\"color: #000000;\"><strong>U\u0219or de folosit<\/strong><\/span><\/h3>\n<p><span style=\"color: #000000;\"><strong>Cel mai simplu \u0219i eficient mod este s\u0103-l folose\u0219ti cu o pomp\u0103 submersibil\u0103.<\/strong><\/span><\/p>\n<p><span style=\"color: #000000;\"><strong>Sens unic:<\/strong> roti\u021bi apa piscinei ca un v\u00e2rtej \u0219i plasa\u021bi pompa submersibil\u0103 \u00een mijloc, pe fundul piscinei. Afi\u0219a\u021bi punga filtrului pe marginea piscinei. Toate sedimentele vor intra \u00een pung\u0103 \u00een c\u00e2teva minute. Nu este necesar\u0103 aspirarea.<\/span><\/p>\n<p><span style=\"color: #000000;\"><strong>Alt\u0103 cale:<\/strong> conecta\u021bi sacul de filtru cu un furtun lung pentru a v\u0103 asigura c\u0103 pompa submersibil\u0103 \u0219i sacul de filtru sunt c\u00e2t mai \u00eendep\u0103rtate una de cealalt\u0103. Apa curat\u0103 care iese din sacul filtrant va \u00eempinge apa nefiltrat\u0103 spre pomp\u0103. Pompa de pe fundul piscinei aspir\u0103 toate impurit\u0103\u021bile plutitoare \u0219i cea mai mare parte a nisipului. Nisipul mai greu care se acumuleaz\u0103 \u00een pliurile de la fundul piscinei poate fi \u00eempins spre pomp\u0103 cu o perie. Astfel, apa piscinei va fi curata in cateva ore si nu va mai fi nevoie de aspirare.<\/span><\/p>\n<\/div>\n<\/div>","protected":false},"excerpt":{"rendered":"<ul>\n<li>Pachetul dublu vine cu o garan\u021bie de satisfac\u021bie 50%!<\/li>\n<li>Alege asta doar dac\u0103 ai deja \u00eencredere \u00een produs.<\/li>\n<li>Pentru a-l \u00eencerca, alege\u021bi pachete de start cu garan\u021bie de satisfac\u021bie 100%.<\/li>\n<li>La fel ca CO50 dar cu 2 pungi filtrante.<\/li>\n<li>De\u0219i un sac filtrant de 50 cm este suficient pentru volumul de ap\u0103, cump\u0103r\u0103 varianta de 100 cm dac\u0103 po\u021bi<\/li>\n<li>Vei fi mai multumit.<\/li>\n<li>Se curata mai usor, filtreaza mai eficient (apa trece prin el mai incet), iar sacul filtrant poate fi folosit ani de zile, asa ca diferenta de pret este neglijabila.<\/li>\n<\/ul>","protected":false},"featured_media":718,"comment_status":"open","ping_status":"closed","template":"","meta":[],"product_brand":[],"product_cat":[24],"product_tag":[27],"class_list":{"0":"post-640","1":"product","2":"type-product","3":"status-publish","4":"has-post-thumbnail","6":"product_cat-double-pack","7":"product_tag-0-3-m","9":"first","10":"outofstock","11":"taxable","12":"shipping-taxable","13":"purchasable","14":"product-type-simple"},"yoast_head":"<!-- This site is optimized with the Yoast SEO Premium plugin v26.8 (Yoast SEO v26.8) - https:\/\/yoast.com\/product\/yoast-seo-premium-wordpress\/ -->\n<title>Pool water filter Double Pack 2pcs 50 cm (CO2x50) - MiracleBag<\/title>\n<meta name=\"robots\" content=\"index, follow, max-snippet:-1, max-image-preview:large, max-video-preview:-1\" \/>\n<link rel=\"canonical\" href=\"https:\/\/miraclebag.store\/ro\/magazin\/ambalaj-dublu\/pachet-dublu-2buc-50-cm-co2x50\/\" \/>\n<meta property=\"og:locale\" content=\"ro_RO\" \/>\n<meta property=\"og:type\" content=\"article\" \/>\n<meta property=\"og:title\" content=\"Pool water filter Double Pack 2pcs 50 cm (CO2x50)\" \/>\n<meta property=\"og:description\" content=\"The Double Pack comes with a 50% satisfaction guarantee!  Only choose this if you already have confidence in the product.  To try it out, choose Starter Packs with a 100% satisfaction guarantee.  Same as CO50 but with 2 filter bags.  Although a 50 cm filter bag is sufficient for the volume of water, buy the 100 cm version if you can  You will be more satisfied.  It&#039;s easier to clean, it filters more efficiently (water passes through it more slowly), and the filter bag can be used for years, so the price difference is negligible.\" \/>\n<meta property=\"og:url\" content=\"https:\/\/miraclebag.store\/ro\/magazin\/ambalaj-dublu\/pachet-dublu-2buc-50-cm-co2x50\/\" \/>\n<meta property=\"og:site_name\" content=\"MiracleBag\" \/>\n<meta property=\"article:modified_time\" content=\"2025-06-06T07:18:01+00:00\" \/>\n<meta property=\"og:image\" content=\"https:\/\/miraclebag.store\/wp-content\/uploads\/2023\/01\/double-pack-2pcs-50cm-CO2x50.jpg\" \/>\n\t<meta property=\"og:image:width\" content=\"600\" \/>\n\t<meta property=\"og:image:height\" content=\"450\" \/>\n\t<meta property=\"og:image:type\" content=\"image\/jpeg\" \/>\n<meta name=\"twitter:card\" content=\"summary_large_image\" \/>\n<meta name=\"twitter:label1\" content=\"Pre\u021b\" \/>\n\t<meta name=\"twitter:data1\" content=\"&euro;&nbsp;36.26 exc. Vat\" \/>\n\t<meta name=\"twitter:label2\" content=\"Disponibilitate\" \/>\n\t<meta name=\"twitter:data2\" content=\"Stoc epuizat\" \/>\n<script type=\"application\/ld+json\" class=\"yoast-schema-graph\">{\"@context\":\"https:\/\/schema.org\",\"@graph\":[{\"@type\":\"WebPage\",\"@id\":\"https:\/\/miraclebag.store\/shop\/double-pack\/double-pack-2pcs-50-cm-co2x50\/\",\"url\":\"https:\/\/miraclebag.store\/shop\/double-pack\/double-pack-2pcs-50-cm-co2x50\/\",\"name\":\"Pool water filter Double Pack 2pcs 50 cm (CO2x50) - MiracleBag\",\"isPartOf\":{\"@id\":\"https:\/\/miraclebag.store\/#website\"},\"primaryImageOfPage\":{\"@id\":\"https:\/\/miraclebag.store\/shop\/double-pack\/double-pack-2pcs-50-cm-co2x50\/#primaryimage\"},\"image\":{\"@id\":\"https:\/\/miraclebag.store\/shop\/double-pack\/double-pack-2pcs-50-cm-co2x50\/#primaryimage\"},\"thumbnailUrl\":\"https:\/\/miraclebag.store\/wp-content\/uploads\/2023\/01\/double-pack-2pcs-50cm-CO2x50.jpg\",\"datePublished\":\"2023-01-25T14:23:12+00:00\",\"dateModified\":\"2025-06-06T07:18:01+00:00\",\"breadcrumb\":{\"@id\":\"https:\/\/miraclebag.store\/shop\/double-pack\/double-pack-2pcs-50-cm-co2x50\/#breadcrumb\"},\"inLanguage\":\"ro-RO\",\"potentialAction\":[{\"@type\":\"ReadAction\",\"target\":[\"https:\/\/miraclebag.store\/shop\/double-pack\/double-pack-2pcs-50-cm-co2x50\/\"]}]},{\"@type\":\"ImageObject\",\"inLanguage\":\"ro-RO\",\"@id\":\"https:\/\/miraclebag.store\/shop\/double-pack\/double-pack-2pcs-50-cm-co2x50\/#primaryimage\",\"url\":\"https:\/\/miraclebag.store\/wp-content\/uploads\/2023\/01\/double-pack-2pcs-50cm-CO2x50.jpg\",\"contentUrl\":\"https:\/\/miraclebag.store\/wp-content\/uploads\/2023\/01\/double-pack-2pcs-50cm-CO2x50.jpg\",\"width\":600,\"height\":450,\"caption\":\"double-pack-2pcs-50cm-CO2x50\"},{\"@type\":\"BreadcrumbList\",\"@id\":\"https:\/\/miraclebag.store\/shop\/double-pack\/double-pack-2pcs-50-cm-co2x50\/#breadcrumb\",\"itemListElement\":[{\"@type\":\"ListItem\",\"position\":1,\"name\":\"Home\",\"item\":\"https:\/\/miraclebag.store\/\"},{\"@type\":\"ListItem\",\"position\":2,\"name\":\"Shop\",\"item\":\"https:\/\/miraclebag.store\/shop\/\"},{\"@type\":\"ListItem\",\"position\":3,\"name\":\"Pool water filter Double Pack 2pcs 50 cm (CO2x50)\"}]},{\"@type\":\"WebSite\",\"@id\":\"https:\/\/miraclebag.store\/#website\",\"url\":\"https:\/\/miraclebag.store\/\",\"name\":\"MiracleBag\",\"description\":\"Crystal clear pool water \u2013 no sand filter needed\",\"publisher\":{\"@id\":\"https:\/\/miraclebag.store\/#organization\"},\"potentialAction\":[{\"@type\":\"SearchAction\",\"target\":{\"@type\":\"EntryPoint\",\"urlTemplate\":\"https:\/\/miraclebag.store\/?s={search_term_string}\"},\"query-input\":{\"@type\":\"PropertyValueSpecification\",\"valueRequired\":true,\"valueName\":\"search_term_string\"}}],\"inLanguage\":\"ro-RO\"},{\"@type\":\"Organization\",\"@id\":\"https:\/\/miraclebag.store\/#organization\",\"name\":\"MiracleBag\",\"url\":\"https:\/\/miraclebag.store\/\",\"logo\":{\"@type\":\"ImageObject\",\"inLanguage\":\"ro-RO\",\"@id\":\"https:\/\/miraclebag.store\/#\/schema\/logo\/image\/\",\"url\":\"https:\/\/miraclebag.store\/wp-content\/uploads\/2023\/01\/miraclebag-logo-blue.png\",\"contentUrl\":\"https:\/\/miraclebag.store\/wp-content\/uploads\/2023\/01\/miraclebag-logo-blue.png\",\"width\":357,\"height\":87,\"caption\":\"MiracleBag\"},\"image\":{\"@id\":\"https:\/\/miraclebag.store\/#\/schema\/logo\/image\/\"}}]}<\/script>\n<meta property=\"product:price:amount\" content=\"36.26\" \/>\n<meta property=\"product:price:currency\" content=\"EUR\" \/>\n<meta property=\"og:availability\" content=\"out of stock\" \/>\n<meta property=\"product:availability\" content=\"out of stock\" \/>\n<meta property=\"product:retailer_item_id\" content=\"CO2x50\" \/>\n<meta property=\"product:condition\" content=\"new\" \/>\n<!-- \/ Yoast SEO Premium plugin. -->","yoast_head_json":{"title":"Filtru apa pentru piscina Double Pack 2buc 50 cm (CO2x50) - MiracleBag","robots":{"index":"index","follow":"follow","max-snippet":"max-snippet:-1","max-image-preview":"max-image-preview:large","max-video-preview":"max-video-preview:-1"},"canonical":"https:\/\/miraclebag.store\/ro\/magazin\/ambalaj-dublu\/pachet-dublu-2buc-50-cm-co2x50\/","og_locale":"ro_RO","og_type":"article","og_title":"Pool water filter Double Pack 2pcs 50 cm (CO2x50)","og_description":"The Double Pack comes with a 50% satisfaction guarantee!  Only choose this if you already have confidence in the product.  To try it out, choose Starter Packs with a 100% satisfaction guarantee.  Same as CO50 but with 2 filter bags.  Although a 50 cm filter bag is sufficient for the volume of water, buy the 100 cm version if you can  You will be more satisfied.  It's easier to clean, it filters more efficiently (water passes through it more slowly), and the filter bag can be used for years, so the price difference is negligible.","og_url":"https:\/\/miraclebag.store\/ro\/magazin\/ambalaj-dublu\/pachet-dublu-2buc-50-cm-co2x50\/","og_site_name":"MiracleBag","article_modified_time":"2025-06-06T07:18:01+00:00","og_image":[{"width":600,"height":450,"url":"https:\/\/miraclebag.store\/wp-content\/uploads\/2023\/01\/double-pack-2pcs-50cm-CO2x50.jpg","type":"image\/jpeg"}],"twitter_card":"summary_large_image","twitter_misc":{"Pre\u021b":"&euro;&nbsp;36.26 exc. Vat","Disponibilitate":"Stoc epuizat"},"schema":{"@context":"https:\/\/schema.org","@graph":[{"@type":"WebPage","@id":"https:\/\/miraclebag.store\/shop\/double-pack\/double-pack-2pcs-50-cm-co2x50\/","url":"https:\/\/miraclebag.store\/shop\/double-pack\/double-pack-2pcs-50-cm-co2x50\/","name":"Filtru apa pentru piscina Double Pack 2buc 50 cm (CO2x50) - MiracleBag","isPartOf":{"@id":"https:\/\/miraclebag.store\/#website"},"primaryImageOfPage":{"@id":"https:\/\/miraclebag.store\/shop\/double-pack\/double-pack-2pcs-50-cm-co2x50\/#primaryimage"},"image":{"@id":"https:\/\/miraclebag.store\/shop\/double-pack\/double-pack-2pcs-50-cm-co2x50\/#primaryimage"},"thumbnailUrl":"https:\/\/miraclebag.store\/wp-content\/uploads\/2023\/01\/double-pack-2pcs-50cm-CO2x50.jpg","datePublished":"2023-01-25T14:23:12+00:00","dateModified":"2025-06-06T07:18:01+00:00","breadcrumb":{"@id":"https:\/\/miraclebag.store\/shop\/double-pack\/double-pack-2pcs-50-cm-co2x50\/#breadcrumb"},"inLanguage":"ro-RO","potentialAction":[{"@type":"ReadAction","target":["https:\/\/miraclebag.store\/shop\/double-pack\/double-pack-2pcs-50-cm-co2x50\/"]}]},{"@type":"ImageObject","inLanguage":"ro-RO","@id":"https:\/\/miraclebag.store\/shop\/double-pack\/double-pack-2pcs-50-cm-co2x50\/#primaryimage","url":"https:\/\/miraclebag.store\/wp-content\/uploads\/2023\/01\/double-pack-2pcs-50cm-CO2x50.jpg","contentUrl":"https:\/\/miraclebag.store\/wp-content\/uploads\/2023\/01\/double-pack-2pcs-50cm-CO2x50.jpg","width":600,"height":450,"caption":"double-pack-2pcs-50cm-CO2x50"},{"@type":"BreadcrumbList","@id":"https:\/\/miraclebag.store\/shop\/double-pack\/double-pack-2pcs-50-cm-co2x50\/#breadcrumb","itemListElement":[{"@type":"ListItem","position":1,"name":"Home","item":"https:\/\/miraclebag.store\/"},{"@type":"ListItem","position":2,"name":"Shop","item":"https:\/\/miraclebag.store\/shop\/"},{"@type":"ListItem","position":3,"name":"Pool water filter Double Pack 2pcs 50 cm (CO2x50)"}]},{"@type":"WebSite","@id":"https:\/\/miraclebag.store\/#website","url":"https:\/\/miraclebag.store\/","name":"MiracleBag","description":"Ap\u0103 cristalin\u0103 a piscinei \u2013 nu este nevoie de filtru de nisip","publisher":{"@id":"https:\/\/miraclebag.store\/#organization"},"potentialAction":[{"@type":"SearchAction","target":{"@type":"EntryPoint","urlTemplate":"https:\/\/miraclebag.store\/?s={search_term_string}"},"query-input":{"@type":"PropertyValueSpecification","valueRequired":true,"valueName":"search_term_string"}}],"inLanguage":"ro-RO"},{"@type":"Organization","@id":"https:\/\/miraclebag.store\/#organization","name":"MiracleBag","url":"https:\/\/miraclebag.store\/","logo":{"@type":"ImageObject","inLanguage":"ro-RO","@id":"https:\/\/miraclebag.store\/#\/schema\/logo\/image\/","url":"https:\/\/miraclebag.store\/wp-content\/uploads\/2023\/01\/miraclebag-logo-blue.png","contentUrl":"https:\/\/miraclebag.store\/wp-content\/uploads\/2023\/01\/miraclebag-logo-blue.png","width":357,"height":87,"caption":"MiracleBag"},"image":{"@id":"https:\/\/miraclebag.store\/#\/schema\/logo\/image\/"}}]},"product_price_amount":"36.26","product_price_currency":"EUR","og_availability":"out of stock","product_availability":"out of stock","product_retailer_item_id":"CO2x50","product_condition":"new"},"_links":{"self":[{"href":"https:\/\/miraclebag.store\/ro\/wp-json\/wp\/v2\/product\/640","targetHints":{"allow":["GET"]}}],"collection":[{"href":"https:\/\/miraclebag.store\/ro\/wp-json\/wp\/v2\/product"}],"about":[{"href":"https:\/\/miraclebag.store\/ro\/wp-json\/wp\/v2\/types\/product"}],"replies":[{"embeddable":true,"href":"https:\/\/miraclebag.store\/ro\/wp-json\/wp\/v2\/comments?post=640"}],"wp:featuredmedia":[{"embeddable":true,"href":"https:\/\/miraclebag.store\/ro\/wp-json\/wp\/v2\/media\/718"}],"wp:attachment":[{"href":"https:\/\/miraclebag.store\/ro\/wp-json\/wp\/v2\/media?parent=640"}],"wp:term":[{"taxonomy":"product_brand","embeddable":true,"href":"https:\/\/miraclebag.store\/ro\/wp-json\/wp\/v2\/product_brand?post=640"},{"taxonomy":"product_cat","embeddable":true,"href":"https:\/\/miraclebag.store\/ro\/wp-json\/wp\/v2\/product_cat?post=640"},{"taxonomy":"product_tag","embeddable":true,"href":"https:\/\/miraclebag.store\/ro\/wp-json\/wp\/v2\/product_tag?post=640"}],"curies":[{"name":"wp","href":"https:\/\/api.w.org\/{rel}","templated":true}]}}