{"id":230,"date":"2023-01-09T15:40:40","date_gmt":"2023-01-09T14:40:40","guid":{"rendered":"https:\/\/miraclebag.store\/?post_type=product&#038;p=230"},"modified":"2025-10-06T12:45:09","modified_gmt":"2025-10-06T10:45:09","slug":"pachet-incepator-100-cm-co100","status":"publish","type":"product","link":"https:\/\/miraclebag.store\/ro\/magazin\/trusa-de-pornire\/pachet-incepator-100-cm-co100\/","title":{"rendered":"Pachet jacuzzi 100 cm (CO100)"},"content":{"rendered":"<h2>Acest set este potrivit pentru utilizare \u00een jacuzzi-uri, c\u0103zi cu hidromasaj \u0219i piscine mici cu pomp\u0103 submersibil\u0103.<\/h2>\n<p>Folose\u0219te acest set de filtre de 1 micron \u0219i protejeaz\u0103 circula\u021bia intern\u0103 a jacuzzi-ului t\u0103u, deoarece dac\u0103 se stric\u0103, nu vei mai putea folosi jacuzzi-ul \u0219i \u00eel vei putea repara doar la un cost ridicat.<br \/>\nPompa submersibil\u0103 livreaz\u0103 particulele c\u0103tre sacul de filtru mult mai rapid \u0219i mai complet \u0219i, de asemenea, aspir\u0103 sedimentul de pe fundul jacuzzi-ului.<\/p>\n<p>&nbsp;<\/p>\n<p><iframe title=\"Miraclebag CO100\" width=\"800\" height=\"450\" src=\"https:\/\/www.youtube.com\/embed\/Zg-UrzHTQRI?feature=oembed\" frameborder=\"0\" allow=\"accelerometer; autoplay; clipboard-write; encrypted-media; gyroscope; picture-in-picture; web-share\" referrerpolicy=\"strict-origin-when-cross-origin\" allowfullscreen><\/iframe><\/p>\n<h3><strong>Despre Miracle Bag<\/strong><\/h3>\n<p><span style=\"color: #000000\">Filtrul de ap\u0103 al piscinei este capabil s\u0103 filtreze to\u021bi contaminan\u021bii plutitori din apa piscinei, inclusiv cei care fac ca apa s\u0103 devin\u0103 opal\u0103. Pulbere de alge, alge verzi, oxid de fier, oxid de mangan.<\/span><\/p>\n<p><span style=\"color: #000000\"><strong>Pung\u0103 de filtrare a apei din material de filtrare a apei industriale de 1 sau 5 microni<\/strong>, cu posibilitatea introducerii unui racord de furtun (diametru: 32mm). Dimensiune 100 cm x 15 cm, suprafata filtranta 0,3 m2. Performan\u021ba materialului filtrant de 5 microni este comparabil\u0103 sau mai bun\u0103 dec\u00e2t cea a filtrelor cu nisip. Materialul filtrant de 1 micron poate, de asemenea, s\u0103 filtreze majoritatea algelor verzi din ap\u0103, l\u0103s\u00e2nd apa din piscin\u0103 limpede! <strong>Este mai ieftin, mai simplu, mai eficient \u0219i mai economic dec\u00e2t sistemele existente de filtrare a piscinei.<\/strong><\/span><\/p>\n<h3><strong>Versiunea anterioar\u0103 a Miracle Bag:<\/strong><\/h3>\n<p><iframe title=\"Miraclebag, filtru de ap\u0103 pentru piscin\u0103, \u00een loc de filtru de nisip V3 2\" width=\"800\" height=\"450\" src=\"https:\/\/www.youtube.com\/embed\/QFNBelhcX5M?feature=oembed\" frameborder=\"0\" allow=\"accelerometer; autoplay; clipboard-write; encrypted-media; gyroscope; picture-in-picture; web-share\" referrerpolicy=\"strict-origin-when-cross-origin\" allowfullscreen><\/iframe><\/p>\n<h3><strong>Supapa de siguran\u021b\u0103 care protejeaz\u0103 sacul de suprapresiune:<\/strong><\/h3>\n<p><iframe title=\"GT szelep short nologo\" width=\"800\" height=\"450\" src=\"https:\/\/www.youtube.com\/embed\/OQFIxZywlEA?feature=oembed\" frameborder=\"0\" allow=\"accelerometer; autoplay; clipboard-write; encrypted-media; gyroscope; picture-in-picture; web-share\" referrerpolicy=\"strict-origin-when-cross-origin\" allowfullscreen><\/iframe><\/p>\n<div class=\"elementor-element elementor-element-ad049ff elementor-widget elementor-widget-text-editor\" data-id=\"ad049ff\" data-element_type=\"widget\" data-widget_type=\"text-editor.default\">\n<div class=\"elementor-widget-container\">\n<h3><span style=\"color: #000000\"><strong>U\u0219or de folosit<\/strong><\/span><\/h3>\n<p><span style=\"color: #000000\"><strong>Cel mai simplu \u0219i eficient mod este s\u0103-l folose\u0219ti cu o pomp\u0103 submersibil\u0103.<\/strong><\/span><\/p>\n<p><span style=\"color: #000000\"><strong>Sens unic:<\/strong> roti\u021bi apa piscinei ca un v\u00e2rtej \u0219i plasa\u021bi pompa submersibil\u0103 \u00een mijloc, pe fundul piscinei. Afi\u0219a\u021bi punga filtrului pe marginea piscinei. Toate sedimentele vor intra \u00een pung\u0103 \u00een c\u00e2teva minute. Nu este necesar\u0103 aspirarea.<\/span><\/p>\n<p><span style=\"color: #000000\"><strong>Alt\u0103 cale:<\/strong> conecta\u021bi sacul de filtru cu un furtun lung pentru a v\u0103 asigura c\u0103 pompa submersibil\u0103 \u0219i sacul de filtru sunt c\u00e2t mai \u00eendep\u0103rtate una de cealalt\u0103. Apa curat\u0103 care iese din sacul filtrant va \u00eempinge apa nefiltrat\u0103 spre pomp\u0103. Pompa de pe fundul piscinei aspir\u0103 toate impurit\u0103\u021bile plutitoare \u0219i cea mai mare parte a nisipului. Nisipul mai greu care se acumuleaz\u0103 \u00een pliurile de la fundul piscinei poate fi \u00eempins spre pomp\u0103 cu o perie. Astfel, apa piscinei va fi curata in cateva ore si nu va mai fi nevoie de aspirare.<\/span><\/p>\n<\/div>\n<\/div>","protected":false},"excerpt":{"rendered":"<ul>\n<li class=\"ai-optimize-11\">Cump\u0103ra\u021bi aceast\u0103 versiune a primului dumneavoastr\u0103 sac filtrant dac\u0103 ave\u021bi o piscin\u0103 mai mic\u0103. P\u00e2n\u0103 la 2,5 metri \u00een diametru.<\/li>\n<li class=\"ai-optimize-12\">Aceast\u0103 versiune este recomandat\u0103 pentru piscinele pentru copii, piscinele mici \u0219i c\u0103zile cu hidromasaj. P\u00e2n\u0103 la 0-3 m3.<\/li>\n<li class=\"ai-optimize-13\">Pachetul include un furtun scurt flexibil pentru a conecta supapa de siguranta la pompa submersibila.<\/li>\n<li class=\"ai-optimize-14\">Pentru piscinele mari, este nevoie de un furtun lung flexibil pentru a men\u021bine pompa submersibil\u0103 \u0219i sacul de filtrare c\u00e2t mai departe posibil.<\/li>\n<li class=\"ai-optimize-15\">Pentru piscine mari, cump\u0103ra\u021bi versiunea VE100 \u0219i ob\u021bine\u021bi un furtun flexibil lung.<\/li>\n<\/ul>","protected":false},"featured_media":2527,"comment_status":"open","ping_status":"closed","template":"","meta":[],"product_brand":[],"product_cat":[23],"product_tag":[27],"class_list":{"0":"post-230","1":"product","2":"type-product","3":"status-publish","4":"has-post-thumbnail","6":"product_cat-starter-kit","7":"product_tag-0-3-m","9":"first","10":"instock","11":"taxable","12":"shipping-taxable","13":"purchasable","14":"product-type-simple"},"yoast_head":"<!-- This site is optimized with the Yoast SEO Premium plugin v26.8 (Yoast SEO v26.8) - https:\/\/yoast.com\/product\/yoast-seo-premium-wordpress\/ -->\n<title>Jakuzzi Pack 100 cm (CO100) - MiracleBag<\/title>\n<meta name=\"robots\" content=\"index, follow, max-snippet:-1, max-image-preview:large, max-video-preview:-1\" \/>\n<link rel=\"canonical\" href=\"https:\/\/miraclebag.store\/ro\/magazin\/trusa-de-pornire\/pachet-incepator-100-cm-co100\/\" \/>\n<meta property=\"og:locale\" content=\"ro_RO\" \/>\n<meta property=\"og:type\" content=\"article\" \/>\n<meta property=\"og:title\" content=\"Jakuzzi Pack 100 cm (CO100)\" \/>\n<meta property=\"og:description\" content=\"Buy this version of your first filter bag if you have a smaller pool. Up to 2.5 metres in diameter.  This version is recommended for children&#039;s pools, small pools and hot tubs. Up to 0-3 m3.  The package includes a short flexible hose to connect the safety valve to the submersible pump.  For large pools, a long flexible hose is needed to keep the submersible pump and filter bag as far apart as possible.  For large pools, buy the VE100 version and get a long flexible hose.\" \/>\n<meta property=\"og:url\" content=\"https:\/\/miraclebag.store\/ro\/magazin\/trusa-de-pornire\/pachet-incepator-100-cm-co100\/\" \/>\n<meta property=\"og:site_name\" content=\"MiracleBag\" \/>\n<meta property=\"article:modified_time\" content=\"2025-10-06T10:45:09+00:00\" \/>\n<meta property=\"og:image\" content=\"https:\/\/miraclebag.store\/wp-content\/uploads\/2023\/01\/DJI_20250525100845_0073_Daa-scaled-e1749363604872.png\" \/>\n\t<meta property=\"og:image:width\" content=\"956\" \/>\n\t<meta property=\"og:image:height\" content=\"958\" \/>\n\t<meta property=\"og:image:type\" content=\"image\/png\" \/>\n<meta name=\"twitter:card\" content=\"summary_large_image\" \/>\n<meta name=\"twitter:label1\" content=\"Pre\u021b\" \/>\n\t<meta name=\"twitter:data1\" content=\"&euro;&nbsp;39.95 exc. Vat\" \/>\n\t<meta name=\"twitter:label2\" content=\"Disponibilitate\" \/>\n\t<meta name=\"twitter:data2\" content=\"\u00cen stoc\" \/>\n<script type=\"application\/ld+json\" class=\"yoast-schema-graph\">{\"@context\":\"https:\/\/schema.org\",\"@graph\":[{\"@type\":\"WebPage\",\"@id\":\"https:\/\/miraclebag.store\/shop\/starter-kit\/starter-pack-100-cm-co100\/\",\"url\":\"https:\/\/miraclebag.store\/shop\/starter-kit\/starter-pack-100-cm-co100\/\",\"name\":\"Jakuzzi Pack 100 cm (CO100) - MiracleBag\",\"isPartOf\":{\"@id\":\"https:\/\/miraclebag.store\/#website\"},\"primaryImageOfPage\":{\"@id\":\"https:\/\/miraclebag.store\/shop\/starter-kit\/starter-pack-100-cm-co100\/#primaryimage\"},\"image\":{\"@id\":\"https:\/\/miraclebag.store\/shop\/starter-kit\/starter-pack-100-cm-co100\/#primaryimage\"},\"thumbnailUrl\":\"https:\/\/miraclebag.store\/wp-content\/uploads\/2023\/01\/DJI_20250525100845_0073_Daa-scaled-e1749363604872.png\",\"datePublished\":\"2023-01-09T14:40:40+00:00\",\"dateModified\":\"2025-10-06T10:45:09+00:00\",\"breadcrumb\":{\"@id\":\"https:\/\/miraclebag.store\/shop\/starter-kit\/starter-pack-100-cm-co100\/#breadcrumb\"},\"inLanguage\":\"ro-RO\",\"potentialAction\":[{\"@type\":\"ReadAction\",\"target\":[\"https:\/\/miraclebag.store\/shop\/starter-kit\/starter-pack-100-cm-co100\/\"]}]},{\"@type\":\"ImageObject\",\"inLanguage\":\"ro-RO\",\"@id\":\"https:\/\/miraclebag.store\/shop\/starter-kit\/starter-pack-100-cm-co100\/#primaryimage\",\"url\":\"https:\/\/miraclebag.store\/wp-content\/uploads\/2023\/01\/DJI_20250525100845_0073_Daa-scaled-e1749363604872.png\",\"contentUrl\":\"https:\/\/miraclebag.store\/wp-content\/uploads\/2023\/01\/DJI_20250525100845_0073_Daa-scaled-e1749363604872.png\",\"width\":956,\"height\":958},{\"@type\":\"BreadcrumbList\",\"@id\":\"https:\/\/miraclebag.store\/shop\/starter-kit\/starter-pack-100-cm-co100\/#breadcrumb\",\"itemListElement\":[{\"@type\":\"ListItem\",\"position\":1,\"name\":\"Home\",\"item\":\"https:\/\/miraclebag.store\/\"},{\"@type\":\"ListItem\",\"position\":2,\"name\":\"Shop\",\"item\":\"https:\/\/miraclebag.store\/shop\/\"},{\"@type\":\"ListItem\",\"position\":3,\"name\":\"Jakuzzi Pack 100 cm (CO100)\"}]},{\"@type\":\"WebSite\",\"@id\":\"https:\/\/miraclebag.store\/#website\",\"url\":\"https:\/\/miraclebag.store\/\",\"name\":\"MiracleBag\",\"description\":\"Crystal clear pool water \u2013 no sand filter needed\",\"publisher\":{\"@id\":\"https:\/\/miraclebag.store\/#organization\"},\"potentialAction\":[{\"@type\":\"SearchAction\",\"target\":{\"@type\":\"EntryPoint\",\"urlTemplate\":\"https:\/\/miraclebag.store\/?s={search_term_string}\"},\"query-input\":{\"@type\":\"PropertyValueSpecification\",\"valueRequired\":true,\"valueName\":\"search_term_string\"}}],\"inLanguage\":\"ro-RO\"},{\"@type\":\"Organization\",\"@id\":\"https:\/\/miraclebag.store\/#organization\",\"name\":\"MiracleBag\",\"url\":\"https:\/\/miraclebag.store\/\",\"logo\":{\"@type\":\"ImageObject\",\"inLanguage\":\"ro-RO\",\"@id\":\"https:\/\/miraclebag.store\/#\/schema\/logo\/image\/\",\"url\":\"https:\/\/miraclebag.store\/wp-content\/uploads\/2023\/01\/miraclebag-logo-blue.png\",\"contentUrl\":\"https:\/\/miraclebag.store\/wp-content\/uploads\/2023\/01\/miraclebag-logo-blue.png\",\"width\":357,\"height\":87,\"caption\":\"MiracleBag\"},\"image\":{\"@id\":\"https:\/\/miraclebag.store\/#\/schema\/logo\/image\/\"}}]}<\/script>\n<meta property=\"product:price:amount\" content=\"39.95\" \/>\n<meta property=\"product:price:currency\" content=\"EUR\" \/>\n<meta property=\"og:availability\" content=\"instock\" \/>\n<meta property=\"product:availability\" content=\"instock\" \/>\n<meta property=\"product:retailer_item_id\" content=\"CO100\" \/>\n<meta property=\"product:condition\" content=\"new\" \/>\n<!-- \/ Yoast SEO Premium plugin. -->","yoast_head_json":{"title":"Rucsac jacuzzi 100 cm (CO100) - MiracleBag","robots":{"index":"index","follow":"follow","max-snippet":"max-snippet:-1","max-image-preview":"max-image-preview:large","max-video-preview":"max-video-preview:-1"},"canonical":"https:\/\/miraclebag.store\/ro\/magazin\/trusa-de-pornire\/pachet-incepator-100-cm-co100\/","og_locale":"ro_RO","og_type":"article","og_title":"Jakuzzi Pack 100 cm (CO100)","og_description":"Buy this version of your first filter bag if you have a smaller pool. Up to 2.5 metres in diameter.  This version is recommended for children's pools, small pools and hot tubs. Up to 0-3 m3.  The package includes a short flexible hose to connect the safety valve to the submersible pump.  For large pools, a long flexible hose is needed to keep the submersible pump and filter bag as far apart as possible.  For large pools, buy the VE100 version and get a long flexible hose.","og_url":"https:\/\/miraclebag.store\/ro\/magazin\/trusa-de-pornire\/pachet-incepator-100-cm-co100\/","og_site_name":"MiracleBag","article_modified_time":"2025-10-06T10:45:09+00:00","og_image":[{"width":956,"height":958,"url":"https:\/\/miraclebag.store\/wp-content\/uploads\/2023\/01\/DJI_20250525100845_0073_Daa-scaled-e1749363604872.png","type":"image\/png"}],"twitter_card":"summary_large_image","twitter_misc":{"Pre\u021b":"&euro;&nbsp;39.95 exc. Vat","Disponibilitate":"\u00cen stoc"},"schema":{"@context":"https:\/\/schema.org","@graph":[{"@type":"WebPage","@id":"https:\/\/miraclebag.store\/shop\/starter-kit\/starter-pack-100-cm-co100\/","url":"https:\/\/miraclebag.store\/shop\/starter-kit\/starter-pack-100-cm-co100\/","name":"Rucsac jacuzzi 100 cm (CO100) - MiracleBag","isPartOf":{"@id":"https:\/\/miraclebag.store\/#website"},"primaryImageOfPage":{"@id":"https:\/\/miraclebag.store\/shop\/starter-kit\/starter-pack-100-cm-co100\/#primaryimage"},"image":{"@id":"https:\/\/miraclebag.store\/shop\/starter-kit\/starter-pack-100-cm-co100\/#primaryimage"},"thumbnailUrl":"https:\/\/miraclebag.store\/wp-content\/uploads\/2023\/01\/DJI_20250525100845_0073_Daa-scaled-e1749363604872.png","datePublished":"2023-01-09T14:40:40+00:00","dateModified":"2025-10-06T10:45:09+00:00","breadcrumb":{"@id":"https:\/\/miraclebag.store\/shop\/starter-kit\/starter-pack-100-cm-co100\/#breadcrumb"},"inLanguage":"ro-RO","potentialAction":[{"@type":"ReadAction","target":["https:\/\/miraclebag.store\/shop\/starter-kit\/starter-pack-100-cm-co100\/"]}]},{"@type":"ImageObject","inLanguage":"ro-RO","@id":"https:\/\/miraclebag.store\/shop\/starter-kit\/starter-pack-100-cm-co100\/#primaryimage","url":"https:\/\/miraclebag.store\/wp-content\/uploads\/2023\/01\/DJI_20250525100845_0073_Daa-scaled-e1749363604872.png","contentUrl":"https:\/\/miraclebag.store\/wp-content\/uploads\/2023\/01\/DJI_20250525100845_0073_Daa-scaled-e1749363604872.png","width":956,"height":958},{"@type":"BreadcrumbList","@id":"https:\/\/miraclebag.store\/shop\/starter-kit\/starter-pack-100-cm-co100\/#breadcrumb","itemListElement":[{"@type":"ListItem","position":1,"name":"Home","item":"https:\/\/miraclebag.store\/"},{"@type":"ListItem","position":2,"name":"Shop","item":"https:\/\/miraclebag.store\/shop\/"},{"@type":"ListItem","position":3,"name":"Jakuzzi Pack 100 cm (CO100)"}]},{"@type":"WebSite","@id":"https:\/\/miraclebag.store\/#website","url":"https:\/\/miraclebag.store\/","name":"MiracleBag","description":"Ap\u0103 cristalin\u0103 a piscinei \u2013 nu este nevoie de filtru de nisip","publisher":{"@id":"https:\/\/miraclebag.store\/#organization"},"potentialAction":[{"@type":"SearchAction","target":{"@type":"EntryPoint","urlTemplate":"https:\/\/miraclebag.store\/?s={search_term_string}"},"query-input":{"@type":"PropertyValueSpecification","valueRequired":true,"valueName":"search_term_string"}}],"inLanguage":"ro-RO"},{"@type":"Organization","@id":"https:\/\/miraclebag.store\/#organization","name":"MiracleBag","url":"https:\/\/miraclebag.store\/","logo":{"@type":"ImageObject","inLanguage":"ro-RO","@id":"https:\/\/miraclebag.store\/#\/schema\/logo\/image\/","url":"https:\/\/miraclebag.store\/wp-content\/uploads\/2023\/01\/miraclebag-logo-blue.png","contentUrl":"https:\/\/miraclebag.store\/wp-content\/uploads\/2023\/01\/miraclebag-logo-blue.png","width":357,"height":87,"caption":"MiracleBag"},"image":{"@id":"https:\/\/miraclebag.store\/#\/schema\/logo\/image\/"}}]},"product_price_amount":"39.95","product_price_currency":"EUR","og_availability":"instock","product_availability":"instock","product_retailer_item_id":"CO100","product_condition":"new"},"_links":{"self":[{"href":"https:\/\/miraclebag.store\/ro\/wp-json\/wp\/v2\/product\/230","targetHints":{"allow":["GET"]}}],"collection":[{"href":"https:\/\/miraclebag.store\/ro\/wp-json\/wp\/v2\/product"}],"about":[{"href":"https:\/\/miraclebag.store\/ro\/wp-json\/wp\/v2\/types\/product"}],"replies":[{"embeddable":true,"href":"https:\/\/miraclebag.store\/ro\/wp-json\/wp\/v2\/comments?post=230"}],"wp:featuredmedia":[{"embeddable":true,"href":"https:\/\/miraclebag.store\/ro\/wp-json\/wp\/v2\/media\/2527"}],"wp:attachment":[{"href":"https:\/\/miraclebag.store\/ro\/wp-json\/wp\/v2\/media?parent=230"}],"wp:term":[{"taxonomy":"product_brand","embeddable":true,"href":"https:\/\/miraclebag.store\/ro\/wp-json\/wp\/v2\/product_brand?post=230"},{"taxonomy":"product_cat","embeddable":true,"href":"https:\/\/miraclebag.store\/ro\/wp-json\/wp\/v2\/product_cat?post=230"},{"taxonomy":"product_tag","embeddable":true,"href":"https:\/\/miraclebag.store\/ro\/wp-json\/wp\/v2\/product_tag?post=230"}],"curies":[{"name":"wp","href":"https:\/\/api.w.org\/{rel}","templated":true}]}}