{"id":891,"date":"2023-02-21T14:19:43","date_gmt":"2023-02-21T13:19:43","guid":{"rendered":"https:\/\/miraclebag.store\/?page_id=891"},"modified":"2023-05-26T12:54:27","modified_gmt":"2023-05-26T10:54:27","slug":"despre-noi","status":"publish","type":"page","link":"https:\/\/miraclebag.store\/ro\/despre-noi\/","title":{"rendered":"Despre noi"},"content":{"rendered":"<div data-elementor-type=\"wp-page\" data-elementor-id=\"891\" class=\"elementor elementor-891\" data-elementor-post-type=\"page\">\n\t\t\t\t<div class=\"elementor-element elementor-element-1ecdc71 e-flex e-con-boxed e-con e-parent\" data-id=\"1ecdc71\" data-element_type=\"container\">\n\t\t\t\t\t<div class=\"e-con-inner\">\n\t\t\t\t<div class=\"elementor-element elementor-element-f82df3a elementor-widget-tablet__width-initial elementor-widget elementor-widget-heading\" data-id=\"f82df3a\" data-element_type=\"widget\" data-widget_type=\"heading.default\">\n\t\t\t\t<div class=\"elementor-widget-container\">\n\t\t\t\t\t<h1 class=\"elementor-heading-title elementor-size-default\">Despre noi<\/h1>\t\t\t\t<\/div>\n\t\t\t\t<\/div>\n\t\t\t\t<div class=\"elementor-element elementor-element-a5a0a48 elementor-widget elementor-widget-image\" data-id=\"a5a0a48\" data-element_type=\"widget\" data-widget_type=\"image.default\">\n\t\t\t\t<div class=\"elementor-widget-container\">\n\t\t\t\t\t\t\t\t\t\t\t\t\t\t\t<img fetchpriority=\"high\" decoding=\"async\" width=\"351\" height=\"300\" src=\"https:\/\/miraclebag.store\/wp-content\/uploads\/2023\/04\/mascot-miracle-bag-2.png\" class=\"attachment-large size-large wp-image-1068\" alt=\"mascot\u0103-pung\u0103-minune-2\" srcset=\"https:\/\/miraclebag.store\/wp-content\/uploads\/2023\/04\/mascot-miracle-bag-2.png 351w, https:\/\/miraclebag.store\/wp-content\/uploads\/2023\/04\/mascot-miracle-bag-2-300x256.png 300w\" sizes=\"(max-width: 351px) 100vw, 351px\" \/>\t\t\t\t\t\t\t\t\t\t\t\t\t\t\t<\/div>\n\t\t\t\t<\/div>\n\t\t\t\t\t<\/div>\n\t\t\t\t<\/div>\n\t\t<div class=\"elementor-element elementor-element-0e31e9a e-flex e-con-boxed e-con e-parent\" data-id=\"0e31e9a\" data-element_type=\"container\">\n\t\t\t\t\t<div class=\"e-con-inner\">\n\t\t<div class=\"elementor-element elementor-element-99b9109 e-con-full e-flex e-con e-parent\" data-id=\"99b9109\" data-element_type=\"container\">\n\t\t\t\t<div class=\"elementor-element elementor-element-9eb31e1 elementor-widget elementor-widget-image\" data-id=\"9eb31e1\" data-element_type=\"widget\" data-widget_type=\"image.default\">\n\t\t\t\t<div class=\"elementor-widget-container\">\n\t\t\t\t\t\t\t\t\t\t\t\t\t\t\t<img decoding=\"async\" width=\"577\" height=\"433\" src=\"https:\/\/miraclebag.store\/wp-content\/uploads\/2023\/05\/janos-strausz-miraclebag.jpg\" class=\"attachment-large size-large wp-image-1397\" alt=\"janos-strausz-miraclebag\" srcset=\"https:\/\/miraclebag.store\/wp-content\/uploads\/2023\/05\/janos-strausz-miraclebag.jpg 577w, https:\/\/miraclebag.store\/wp-content\/uploads\/2023\/05\/janos-strausz-miraclebag-300x225.jpg 300w\" sizes=\"(max-width: 577px) 100vw, 577px\" \/>\t\t\t\t\t\t\t\t\t\t\t\t\t\t\t<\/div>\n\t\t\t\t<\/div>\n\t\t\t\t<div class=\"elementor-element elementor-element-bc13005 elementor-widget elementor-widget-text-editor\" data-id=\"bc13005\" data-element_type=\"widget\" data-widget_type=\"text-editor.default\">\n\t\t\t\t<div class=\"elementor-widget-container\">\n\t\t\t\t\t\t\t\t\t<strong>Dezvoltarea produsului a \u00eenceput acum 9 ani, cu acest prototip:<\/strong>\t\t\t\t\t\t\t\t<\/div>\n\t\t\t\t<\/div>\n\t\t\t\t<div class=\"elementor-element elementor-element-4f3f43c elementor-widget-tablet__width-initial elementor-widget elementor-widget-video\" data-id=\"4f3f43c\" data-element_type=\"widget\" data-settings=\"{&quot;youtube_url&quot;:&quot;https:\\\/\\\/www.youtube.com\\\/watch?v=LtGisf5Xk6c&quot;,&quot;lazy_load&quot;:&quot;yes&quot;,&quot;video_type&quot;:&quot;youtube&quot;,&quot;controls&quot;:&quot;yes&quot;}\" data-widget_type=\"video.default\">\n\t\t\t\t<div class=\"elementor-widget-container\">\n\t\t\t\t\t\t\t<div class=\"elementor-wrapper elementor-open-inline\">\n\t\t\t<div class=\"elementor-video\"><\/div>\t\t<\/div>\n\t\t\t\t\t\t<\/div>\n\t\t\t\t<\/div>\n\t\t\t\t<\/div>\n\t\t<div class=\"elementor-element elementor-element-24bb3e4 e-con-full e-flex e-con e-parent\" data-id=\"24bb3e4\" data-element_type=\"container\">\n\t\t\t\t<div class=\"elementor-element elementor-element-275b933 elementor-widget elementor-widget-text-editor\" data-id=\"275b933\" data-element_type=\"widget\" data-widget_type=\"text-editor.default\">\n\t\t\t\t<div class=\"elementor-widget-container\">\n\t\t\t\t\t\t\t\t\t<h3><strong>Sunt J\u00e1nos Strausz din Ungaria...<\/strong><\/h3><p><strong>Eu sunt dezvoltatorul Miracle Bag.<\/strong>\u00a0De zeci de ani am dezvoltat utilitati simple pentru gospodarii si pentru companii in care lucrasem. Printre acestea s-au num\u0103rat \u0219i companii globale. Am mai multe brevete. Dezvoltarea pe scar\u0103 larg\u0103 pentru al\u021bii mi-a adus doar c\u00e2\u0219tig moral. \u00cen cea mai mare parte, aceste idei au fost preluate sau abia r\u0103spl\u0103tite, gener\u00e2nd \u00een acela\u0219i timp profit de milioane de dolari pentru al\u021bii.<\/p><p>A\u0219a c\u0103 am f\u0103cut un pas \u00eenapoi \u0219i acum fac doar lucruri pe care le pot finan\u021ba singur. <strong>Misiunea mea este s\u0103 ajut oamenii s\u0103 g\u0103seasc\u0103 produse \u0219i solu\u021bii la provoc\u0103rile de zi cu zi c\u00e2t mai ieftin posibil.<\/strong> Acestea sunt de exemplu \u00eenc\u0103lzirea piscinei, stocarea apei, ustensile de gr\u0103din\u0103rit, \u00eenc\u0103lzirea solar\u0103 etc.<\/p><p>Rezolv totul \u00een cel mai simplu mod. Nu exist\u0103 lucruri ad\u0103ugate inutile, piese sau ambalaje de lux pentru a cre\u0219te pre\u021bul produsului. Multe dintre produsele mele nu sunt doar mai ieftine, ci \u0219i mult mai bune dec\u00e2t solu\u021biile existente.<\/p><p><strong>Un astfel de produs este Geanta Miracle.<\/strong> De 8 ani dezvolt \u0219i distribui Miracle Bag \u00een mai multe \u021b\u0103ri europene, iar acum o po\u021bi \u00eencerca \u0219i tu prin magazinul meu interna\u021bional.<\/p><p>Din fericire, geanta Miracle este u\u0219oar\u0103, a\u0219a c\u0103 o pot posta ieftin oriunde \u00een lume. <strong>Geanta Miracle este un produs at\u00e2t de eficient \u00eenc\u00e2t 85% dintre clien\u021bii mei vin la mine la recomandarea altora.<\/strong><\/p><p>Pot oferi sfaturi multora dintre clien\u021bii mei maghiari prin telefon. Acest lucru, \u00eens\u0103, nu este posibil \u00een distribu\u021bia interna\u021bional\u0103, dar v\u0103 putem ajuta \u00een scris. V\u0103 doresc baie pl\u0103cut\u0103.<\/p>\t\t\t\t\t\t\t\t<\/div>\n\t\t\t\t<\/div>\n\t\t\t\t<\/div>\n\t\t\t\t\t<\/div>\n\t\t\t\t<\/div>\n\t\t\t\t<\/div>","protected":false},"excerpt":{"rendered":"<p>Despre noi Dezvoltarea produsului a \u00eenceput acum 9 ani, cu acest prototip:https:\/\/www.youtube.com\/watch?v=LtGisf5Xk6c Sunt J\u00e1nos Strausz din Ungaria\u2026 Sunt dezvoltatorul Miracle Bag. De zeci de ani am dezvoltat utilitati simple pentru gospodarii si pentru companiile in care lucrasem. Printre acestea s-au num\u0103rat \u0219i companii globale. Am mai multe brevete. Dezvoltari la scara larga pentru...<\/p>","protected":false},"author":2,"featured_media":0,"parent":0,"menu_order":0,"comment_status":"closed","ping_status":"closed","template":"elementor_header_footer","meta":{"footnotes":""},"class_list":["post-891","page","type-page","status-publish","hentry"],"yoast_head":"<!-- This site is optimized with the Yoast SEO Premium plugin v26.8 (Yoast SEO v26.8) - https:\/\/yoast.com\/product\/yoast-seo-premium-wordpress\/ -->\n<title>About us - MiracleBag<\/title>\n<meta name=\"description\" content=\"My mission is to help people find products and solutions to everyday challenges as cheaply as possible.\" \/>\n<meta name=\"robots\" content=\"index, follow, max-snippet:-1, max-image-preview:large, max-video-preview:-1\" \/>\n<link rel=\"canonical\" href=\"https:\/\/miraclebag.store\/ro\/despre-noi\/\" \/>\n<meta property=\"og:locale\" content=\"ro_RO\" \/>\n<meta property=\"og:type\" content=\"article\" \/>\n<meta property=\"og:title\" content=\"About us\" \/>\n<meta property=\"og:description\" content=\"My mission is to help people find products and solutions to everyday challenges as cheaply as possible.\" \/>\n<meta property=\"og:url\" content=\"https:\/\/miraclebag.store\/ro\/despre-noi\/\" \/>\n<meta property=\"og:site_name\" content=\"MiracleBag\" \/>\n<meta property=\"article:modified_time\" content=\"2023-05-26T10:54:27+00:00\" \/>\n<meta property=\"og:image\" content=\"https:\/\/miraclebag.store\/wp-content\/uploads\/2023\/04\/mascot-miracle-bag-2.png\" \/>\n<meta name=\"twitter:card\" content=\"summary_large_image\" \/>\n<meta name=\"twitter:label1\" content=\"Timp estimat pentru citire\" \/>\n\t<meta name=\"twitter:data1\" content=\"2 minute\" \/>\n<script type=\"application\/ld+json\" class=\"yoast-schema-graph\">{\"@context\":\"https:\/\/schema.org\",\"@graph\":[{\"@type\":\"WebPage\",\"@id\":\"https:\/\/miraclebag.store\/about-us\/\",\"url\":\"https:\/\/miraclebag.store\/about-us\/\",\"name\":\"About us - MiracleBag\",\"isPartOf\":{\"@id\":\"https:\/\/miraclebag.store\/#website\"},\"primaryImageOfPage\":{\"@id\":\"https:\/\/miraclebag.store\/about-us\/#primaryimage\"},\"image\":{\"@id\":\"https:\/\/miraclebag.store\/about-us\/#primaryimage\"},\"thumbnailUrl\":\"https:\/\/miraclebag.store\/wp-content\/uploads\/2023\/04\/mascot-miracle-bag-2.png\",\"datePublished\":\"2023-02-21T13:19:43+00:00\",\"dateModified\":\"2023-05-26T10:54:27+00:00\",\"description\":\"My mission is to help people find products and solutions to everyday challenges as cheaply as possible.\",\"breadcrumb\":{\"@id\":\"https:\/\/miraclebag.store\/about-us\/#breadcrumb\"},\"inLanguage\":\"ro-RO\",\"potentialAction\":[{\"@type\":\"ReadAction\",\"target\":[\"https:\/\/miraclebag.store\/about-us\/\"]}]},{\"@type\":\"ImageObject\",\"inLanguage\":\"ro-RO\",\"@id\":\"https:\/\/miraclebag.store\/about-us\/#primaryimage\",\"url\":\"https:\/\/miraclebag.store\/wp-content\/uploads\/2023\/04\/mascot-miracle-bag-2.png\",\"contentUrl\":\"https:\/\/miraclebag.store\/wp-content\/uploads\/2023\/04\/mascot-miracle-bag-2.png\"},{\"@type\":\"BreadcrumbList\",\"@id\":\"https:\/\/miraclebag.store\/about-us\/#breadcrumb\",\"itemListElement\":[{\"@type\":\"ListItem\",\"position\":1,\"name\":\"Home\",\"item\":\"https:\/\/miraclebag.store\/\"},{\"@type\":\"ListItem\",\"position\":2,\"name\":\"About us\"}]},{\"@type\":\"WebSite\",\"@id\":\"https:\/\/miraclebag.store\/#website\",\"url\":\"https:\/\/miraclebag.store\/\",\"name\":\"MiracleBag\",\"description\":\"Crystal clear pool water \u2013 no sand filter needed\",\"publisher\":{\"@id\":\"https:\/\/miraclebag.store\/#organization\"},\"potentialAction\":[{\"@type\":\"SearchAction\",\"target\":{\"@type\":\"EntryPoint\",\"urlTemplate\":\"https:\/\/miraclebag.store\/?s={search_term_string}\"},\"query-input\":{\"@type\":\"PropertyValueSpecification\",\"valueRequired\":true,\"valueName\":\"search_term_string\"}}],\"inLanguage\":\"ro-RO\"},{\"@type\":\"Organization\",\"@id\":\"https:\/\/miraclebag.store\/#organization\",\"name\":\"MiracleBag\",\"url\":\"https:\/\/miraclebag.store\/\",\"logo\":{\"@type\":\"ImageObject\",\"inLanguage\":\"ro-RO\",\"@id\":\"https:\/\/miraclebag.store\/#\/schema\/logo\/image\/\",\"url\":\"https:\/\/miraclebag.store\/wp-content\/uploads\/2023\/01\/miraclebag-logo-blue.png\",\"contentUrl\":\"https:\/\/miraclebag.store\/wp-content\/uploads\/2023\/01\/miraclebag-logo-blue.png\",\"width\":357,\"height\":87,\"caption\":\"MiracleBag\"},\"image\":{\"@id\":\"https:\/\/miraclebag.store\/#\/schema\/logo\/image\/\"}}]}<\/script>\n<!-- \/ Yoast SEO Premium plugin. -->","yoast_head_json":{"title":"Despre noi - MiracleBag","description":"Misiunea mea este s\u0103 ajut oamenii s\u0103 g\u0103seasc\u0103 produse \u0219i solu\u021bii la provoc\u0103rile de zi cu zi c\u00e2t mai ieftin posibil.","robots":{"index":"index","follow":"follow","max-snippet":"max-snippet:-1","max-image-preview":"max-image-preview:large","max-video-preview":"max-video-preview:-1"},"canonical":"https:\/\/miraclebag.store\/ro\/despre-noi\/","og_locale":"ro_RO","og_type":"article","og_title":"About us","og_description":"My mission is to help people find products and solutions to everyday challenges as cheaply as possible.","og_url":"https:\/\/miraclebag.store\/ro\/despre-noi\/","og_site_name":"MiracleBag","article_modified_time":"2023-05-26T10:54:27+00:00","og_image":[{"url":"https:\/\/miraclebag.store\/wp-content\/uploads\/2023\/04\/mascot-miracle-bag-2.png","type":"","width":"","height":""}],"twitter_card":"summary_large_image","twitter_misc":{"Timp estimat pentru citire":"2 minute"},"schema":{"@context":"https:\/\/schema.org","@graph":[{"@type":"WebPage","@id":"https:\/\/miraclebag.store\/about-us\/","url":"https:\/\/miraclebag.store\/about-us\/","name":"Despre noi - MiracleBag","isPartOf":{"@id":"https:\/\/miraclebag.store\/#website"},"primaryImageOfPage":{"@id":"https:\/\/miraclebag.store\/about-us\/#primaryimage"},"image":{"@id":"https:\/\/miraclebag.store\/about-us\/#primaryimage"},"thumbnailUrl":"https:\/\/miraclebag.store\/wp-content\/uploads\/2023\/04\/mascot-miracle-bag-2.png","datePublished":"2023-02-21T13:19:43+00:00","dateModified":"2023-05-26T10:54:27+00:00","description":"Misiunea mea este s\u0103 ajut oamenii s\u0103 g\u0103seasc\u0103 produse \u0219i solu\u021bii la provoc\u0103rile de zi cu zi c\u00e2t mai ieftin posibil.","breadcrumb":{"@id":"https:\/\/miraclebag.store\/about-us\/#breadcrumb"},"inLanguage":"ro-RO","potentialAction":[{"@type":"ReadAction","target":["https:\/\/miraclebag.store\/about-us\/"]}]},{"@type":"ImageObject","inLanguage":"ro-RO","@id":"https:\/\/miraclebag.store\/about-us\/#primaryimage","url":"https:\/\/miraclebag.store\/wp-content\/uploads\/2023\/04\/mascot-miracle-bag-2.png","contentUrl":"https:\/\/miraclebag.store\/wp-content\/uploads\/2023\/04\/mascot-miracle-bag-2.png"},{"@type":"BreadcrumbList","@id":"https:\/\/miraclebag.store\/about-us\/#breadcrumb","itemListElement":[{"@type":"ListItem","position":1,"name":"Home","item":"https:\/\/miraclebag.store\/"},{"@type":"ListItem","position":2,"name":"About us"}]},{"@type":"WebSite","@id":"https:\/\/miraclebag.store\/#website","url":"https:\/\/miraclebag.store\/","name":"MiracleBag","description":"Ap\u0103 cristalin\u0103 a piscinei \u2013 nu este nevoie de filtru de nisip","publisher":{"@id":"https:\/\/miraclebag.store\/#organization"},"potentialAction":[{"@type":"SearchAction","target":{"@type":"EntryPoint","urlTemplate":"https:\/\/miraclebag.store\/?s={search_term_string}"},"query-input":{"@type":"PropertyValueSpecification","valueRequired":true,"valueName":"search_term_string"}}],"inLanguage":"ro-RO"},{"@type":"Organization","@id":"https:\/\/miraclebag.store\/#organization","name":"MiracleBag","url":"https:\/\/miraclebag.store\/","logo":{"@type":"ImageObject","inLanguage":"ro-RO","@id":"https:\/\/miraclebag.store\/#\/schema\/logo\/image\/","url":"https:\/\/miraclebag.store\/wp-content\/uploads\/2023\/01\/miraclebag-logo-blue.png","contentUrl":"https:\/\/miraclebag.store\/wp-content\/uploads\/2023\/01\/miraclebag-logo-blue.png","width":357,"height":87,"caption":"MiracleBag"},"image":{"@id":"https:\/\/miraclebag.store\/#\/schema\/logo\/image\/"}}]}},"_links":{"self":[{"href":"https:\/\/miraclebag.store\/ro\/wp-json\/wp\/v2\/pages\/891","targetHints":{"allow":["GET"]}}],"collection":[{"href":"https:\/\/miraclebag.store\/ro\/wp-json\/wp\/v2\/pages"}],"about":[{"href":"https:\/\/miraclebag.store\/ro\/wp-json\/wp\/v2\/types\/page"}],"author":[{"embeddable":true,"href":"https:\/\/miraclebag.store\/ro\/wp-json\/wp\/v2\/users\/2"}],"replies":[{"embeddable":true,"href":"https:\/\/miraclebag.store\/ro\/wp-json\/wp\/v2\/comments?post=891"}],"version-history":[{"count":0,"href":"https:\/\/miraclebag.store\/ro\/wp-json\/wp\/v2\/pages\/891\/revisions"}],"wp:attachment":[{"href":"https:\/\/miraclebag.store\/ro\/wp-json\/wp\/v2\/media?parent=891"}],"curies":[{"name":"wp","href":"https:\/\/api.w.org\/{rel}","templated":true}]}}