{"id":2512,"date":"2025-06-08T06:52:48","date_gmt":"2025-06-08T04:52:48","guid":{"rendered":"https:\/\/miraclebag.store\/?post_type=product&#038;p=2512"},"modified":"2025-10-06T12:43:15","modified_gmt":"2025-10-06T10:43:15","slug":"pacote-inicial-de-filtro-de-agua-para-piscina-2-pecas-100-cm-mb2xset","status":"publish","type":"product","link":"https:\/\/miraclebag.store\/pt\/comprar\/kit-iniciante\/pacote-inicial-de-filtro-de-agua-para-piscina-2-pecas-100-cm-mb2xset\/","title":{"rendered":"Filtro de \u00e1gua para piscina, pacote inicial, 2 pe\u00e7as, 100 cm (MB2xSet)"},"content":{"rendered":"<p><iframe title=\"Miraclebag MB3xSet\" width=\"800\" height=\"450\" src=\"https:\/\/www.youtube.com\/embed\/VoUTO4qNtTY?feature=oembed\" frameborder=\"0\" allow=\"accelerometer; autoplay; clipboard-write; encrypted-media; gyroscope; picture-in-picture; web-share\" referrerpolicy=\"strict-origin-when-cross-origin\" allowfullscreen><\/iframe><\/p>\n<h3><strong>Sobre a Bolsa Miracle<\/strong><\/h3>\n<p><span style=\"color: #000000\">O filtro de \u00e1gua da piscina \u00e9 capaz de filtrar todos os contaminantes flutuantes da \u00e1gua da piscina, incluindo aqueles que tornam a \u00e1gua opala. P\u00f3 de algas, algas verdes, \u00f3xido de ferro, \u00f3xido de mangan\u00eas.<\/span><\/p>\n<p><span style=\"color: #000000\"><strong>Saco de filtragem de \u00e1gua feito de material de filtragem de \u00e1gua industrial de 1 m\u00edcron<\/strong>, com possibilidade de inserir uma liga\u00e7\u00e3o de mangueira (di\u00e2metro: 32mm). Tamanho 100 cm x 15 cm, superf\u00edcie de filtro de 0,3 m2. O desempenho do material de filtro de 5 m\u00edcrons \u00e9 compar\u00e1vel ou melhor que o dos filtros de areia. O material do filtro de 1 m\u00edcron tamb\u00e9m pode filtrar a maioria das algas verdes da \u00e1gua, deixando a \u00e1gua da sua piscina cristalina! <strong>\u00c9 mais barato, mais simples, mais eficiente e mais econ\u00f4mico do que os sistemas de filtragem de piscina existentes.<\/strong><\/span><\/p>\n<h3><strong>A vers\u00e3o anterior do Miracle Bag:<\/strong><\/h3>\n<p><iframe title=\"Miraclebag, filtro de \u00e1gua da piscina, em vez de filtro de areia V3 2\" width=\"800\" height=\"450\" src=\"https:\/\/www.youtube.com\/embed\/QFNBelhcX5M?feature=oembed\" frameborder=\"0\" allow=\"accelerometer; autoplay; clipboard-write; encrypted-media; gyroscope; picture-in-picture; web-share\" referrerpolicy=\"strict-origin-when-cross-origin\" allowfullscreen><\/iframe><\/p>\n<h3><strong>A v\u00e1lvula de seguran\u00e7a que protege o saco da sobrepress\u00e3o:<\/strong><\/h3>\n<p><iframe title=\"GT szelep short nologo\" width=\"800\" height=\"450\" src=\"https:\/\/www.youtube.com\/embed\/OQFIxZywlEA?feature=oembed\" frameborder=\"0\" allow=\"accelerometer; autoplay; clipboard-write; encrypted-media; gyroscope; picture-in-picture; web-share\" referrerpolicy=\"strict-origin-when-cross-origin\" allowfullscreen><\/iframe><\/p>\n<div class=\"elementor-element elementor-element-ad049ff elementor-widget elementor-widget-text-editor\" data-id=\"ad049ff\" data-element_type=\"widget\" data-widget_type=\"text-editor.default\">\n<div class=\"elementor-widget-container\">\n<h3><span style=\"color: #000000\"><strong>F\u00e1cil de usar<\/strong><\/span><\/h3>\n<p><span style=\"color: #000000\"><strong>A maneira mais simples e eficiente \u00e9 us\u00e1-lo com uma bomba submers\u00edvel.<\/strong><\/span><\/p>\n<p><span style=\"color: #000000\"><strong>M\u00e3o \u00danica:<\/strong> gire a \u00e1gua da piscina como um redemoinho e coloque a bomba submers\u00edvel no meio, no fundo da piscina. Apoiar o saco do filtro na borda da piscina. Todos os sedimentos ir\u00e3o para o saco dentro de alguns minutos. N\u00e3o \u00e9 necess\u00e1rio aspirar.<\/span><\/p>\n<p><span style=\"color: #000000\"><strong>Outra maneira:<\/strong> conecte o saco do filtro com uma mangueira longa para garantir que a bomba submers\u00edvel e o saco do filtro estejam o mais longe poss\u00edvel um do outro. A \u00e1gua limpa que sai do saco do filtro empurrar\u00e1 a \u00e1gua n\u00e3o filtrada para a bomba. A bomba no fundo da piscina suga todas as impurezas flutuantes e a maior parte da areia. A areia mais pesada que se acumula nas dobras do fundo da piscina pode ser empurrada em dire\u00e7\u00e3o \u00e0 bomba com uma escova. Desta forma, a \u00e1gua da piscina ficar\u00e1 limpa em poucas horas e n\u00e3o ser\u00e1 necess\u00e1rio aspirar.<\/span><\/p>\n<\/div>\n<\/div>\n<div id=\"gtx-trans\" style=\"position: absolute;left: 261px;top: 620.516px\">\n<div class=\"gtx-trans-icon\"><\/div>\n<\/div>","protected":false},"excerpt":{"rendered":"<ul>\n<li class=\"ai-optimize-11\">Este pacote vem com uma garantia de satisfa\u00e7\u00e3o 33%<\/li>\n<li class=\"ai-optimize-12\">S\u00f3 escolha isso se voc\u00ea j\u00e1 tiver confian\u00e7a no produto.<\/li>\n<li class=\"ai-optimize-13\">Para experimentar, escolha o VE100 com garantia de satisfa\u00e7\u00e3o 100%.<\/li>\n<li class=\"ai-optimize-14\">Este kit \u00e9 adequado para piscinas com mais de 20 m3, utilizadas com bomba submers\u00edvel.<\/li>\n<li class=\"ai-optimize-15\">Funciona bem com bombas externas (bomba de filtro de papel, bomba de filtro de areia), mas \u00e9 mais eficaz quando usado com uma bomba submers\u00edvel. Veja os v\u00eddeos de demonstra\u00e7\u00e3o.<\/li>\n<li class=\"ai-optimize-16\">Para piscinas grandes, \u00e9 necess\u00e1ria uma mangueira longa e flex\u00edvel para manter a bomba submers\u00edvel e o saco filtrante o mais afastados poss\u00edvel<\/li>\n<li class=\"ai-optimize-17\">Para grandes volumes de \u00e1gua, 50-100 m3, voc\u00ea pode usar v\u00e1rios desses conjuntos com bombas submers\u00edveis separadas.<\/li>\n<\/ul>","protected":false},"featured_media":2515,"comment_status":"open","ping_status":"closed","template":"","meta":[],"product_brand":[],"product_cat":[24,23],"product_tag":[28],"class_list":{"0":"post-2512","1":"product","2":"type-product","3":"status-publish","4":"has-post-thumbnail","6":"product_cat-double-pack","7":"product_cat-starter-kit","8":"product_tag-20-m","10":"first","11":"instock","12":"sale","13":"taxable","14":"shipping-taxable","15":"purchasable","16":"product-type-simple"},"yoast_head":"<!-- This site is optimized with the Yoast SEO Premium plugin v26.8 (Yoast SEO v26.8) - https:\/\/yoast.com\/product\/yoast-seo-premium-wordpress\/ -->\n<title>Pool water filter Starter Pack 2pcs 100 cm (MB2xSet) - MiracleBag<\/title>\n<meta name=\"robots\" content=\"index, follow, max-snippet:-1, max-image-preview:large, max-video-preview:-1\" \/>\n<link rel=\"canonical\" href=\"https:\/\/miraclebag.store\/pt\/comprar\/kit-iniciante\/pacote-inicial-de-filtro-de-agua-para-piscina-2-pecas-100-cm-mb2xset\/\" \/>\n<meta property=\"og:locale\" content=\"pt_PT\" \/>\n<meta property=\"og:type\" content=\"article\" \/>\n<meta property=\"og:title\" content=\"Pool water filter Starter Pack 2pcs 100 cm (MB2xSet)\" \/>\n<meta property=\"og:description\" content=\"This package comes with a 33% satisfaction guarantee  Only choose this if you already have confidence in the product.  To try it out, choose the VE100 with a 100% satisfaction guarantee.  This kit is suitable for pools over 20 m3, used with a submersible pump.  It works well with external pumps (Paper Filter Pump, Sand Filter Pump) but is most effective when used with a submersible pump. See demonstration videos.  For large pools, a long flexible hose is needed to keep the submersible pump and filter bag as far apart as possible  For large water volumes, 50-100 m3, you can use several of these sets with separate submersible pumps.\" \/>\n<meta property=\"og:url\" content=\"https:\/\/miraclebag.store\/pt\/comprar\/kit-iniciante\/pacote-inicial-de-filtro-de-agua-para-piscina-2-pecas-100-cm-mb2xset\/\" \/>\n<meta property=\"og:site_name\" content=\"MiracleBag\" \/>\n<meta property=\"article:modified_time\" content=\"2025-10-06T10:43:15+00:00\" \/>\n<meta property=\"og:image\" content=\"https:\/\/miraclebag.store\/wp-content\/uploads\/2025\/06\/DJI_20250525094856_0025_Daa-scaled-e1749362233185.png\" \/>\n\t<meta property=\"og:image:width\" content=\"1203\" \/>\n\t<meta property=\"og:image:height\" content=\"1203\" \/>\n\t<meta property=\"og:image:type\" content=\"image\/png\" \/>\n<meta name=\"twitter:card\" content=\"summary_large_image\" \/>\n<meta name=\"twitter:label1\" content=\"pre\u00e7o\" \/>\n\t<meta name=\"twitter:data1\" content=\"&euro;&nbsp;59.95 exc. Vat\" \/>\n\t<meta name=\"twitter:label2\" content=\"Disponibilidade\" \/>\n\t<meta name=\"twitter:data2\" content=\"Em stock\" \/>\n<script type=\"application\/ld+json\" class=\"yoast-schema-graph\">{\"@context\":\"https:\/\/schema.org\",\"@graph\":[{\"@type\":\"WebPage\",\"@id\":\"https:\/\/miraclebag.store\/shop\/starter-kit\/pool-water-filter-starter-pack-2pcs-100-cm-mb2xset\/\",\"url\":\"https:\/\/miraclebag.store\/shop\/starter-kit\/pool-water-filter-starter-pack-2pcs-100-cm-mb2xset\/\",\"name\":\"Pool water filter Starter Pack 2pcs 100 cm (MB2xSet) - MiracleBag\",\"isPartOf\":{\"@id\":\"https:\/\/miraclebag.store\/#website\"},\"primaryImageOfPage\":{\"@id\":\"https:\/\/miraclebag.store\/shop\/starter-kit\/pool-water-filter-starter-pack-2pcs-100-cm-mb2xset\/#primaryimage\"},\"image\":{\"@id\":\"https:\/\/miraclebag.store\/shop\/starter-kit\/pool-water-filter-starter-pack-2pcs-100-cm-mb2xset\/#primaryimage\"},\"thumbnailUrl\":\"https:\/\/miraclebag.store\/wp-content\/uploads\/2025\/06\/DJI_20250525094856_0025_Daa-scaled-e1749362233185.png\",\"datePublished\":\"2025-06-08T04:52:48+00:00\",\"dateModified\":\"2025-10-06T10:43:15+00:00\",\"breadcrumb\":{\"@id\":\"https:\/\/miraclebag.store\/shop\/starter-kit\/pool-water-filter-starter-pack-2pcs-100-cm-mb2xset\/#breadcrumb\"},\"inLanguage\":\"pt-PT\",\"potentialAction\":[{\"@type\":\"ReadAction\",\"target\":[\"https:\/\/miraclebag.store\/shop\/starter-kit\/pool-water-filter-starter-pack-2pcs-100-cm-mb2xset\/\"]}]},{\"@type\":\"ImageObject\",\"inLanguage\":\"pt-PT\",\"@id\":\"https:\/\/miraclebag.store\/shop\/starter-kit\/pool-water-filter-starter-pack-2pcs-100-cm-mb2xset\/#primaryimage\",\"url\":\"https:\/\/miraclebag.store\/wp-content\/uploads\/2025\/06\/DJI_20250525094856_0025_Daa-scaled-e1749362233185.png\",\"contentUrl\":\"https:\/\/miraclebag.store\/wp-content\/uploads\/2025\/06\/DJI_20250525094856_0025_Daa-scaled-e1749362233185.png\",\"width\":1203,\"height\":1203},{\"@type\":\"BreadcrumbList\",\"@id\":\"https:\/\/miraclebag.store\/shop\/starter-kit\/pool-water-filter-starter-pack-2pcs-100-cm-mb2xset\/#breadcrumb\",\"itemListElement\":[{\"@type\":\"ListItem\",\"position\":1,\"name\":\"Home\",\"item\":\"https:\/\/miraclebag.store\/\"},{\"@type\":\"ListItem\",\"position\":2,\"name\":\"Shop\",\"item\":\"https:\/\/miraclebag.store\/shop\/\"},{\"@type\":\"ListItem\",\"position\":3,\"name\":\"Pool water filter Starter Pack 2pcs 100 cm (MB2xSet)\"}]},{\"@type\":\"WebSite\",\"@id\":\"https:\/\/miraclebag.store\/#website\",\"url\":\"https:\/\/miraclebag.store\/\",\"name\":\"MiracleBag\",\"description\":\"Crystal clear pool water \u2013 no sand filter needed\",\"publisher\":{\"@id\":\"https:\/\/miraclebag.store\/#organization\"},\"potentialAction\":[{\"@type\":\"SearchAction\",\"target\":{\"@type\":\"EntryPoint\",\"urlTemplate\":\"https:\/\/miraclebag.store\/?s={search_term_string}\"},\"query-input\":{\"@type\":\"PropertyValueSpecification\",\"valueRequired\":true,\"valueName\":\"search_term_string\"}}],\"inLanguage\":\"pt-PT\"},{\"@type\":\"Organization\",\"@id\":\"https:\/\/miraclebag.store\/#organization\",\"name\":\"MiracleBag\",\"url\":\"https:\/\/miraclebag.store\/\",\"logo\":{\"@type\":\"ImageObject\",\"inLanguage\":\"pt-PT\",\"@id\":\"https:\/\/miraclebag.store\/#\/schema\/logo\/image\/\",\"url\":\"https:\/\/miraclebag.store\/wp-content\/uploads\/2023\/01\/miraclebag-logo-blue.png\",\"contentUrl\":\"https:\/\/miraclebag.store\/wp-content\/uploads\/2023\/01\/miraclebag-logo-blue.png\",\"width\":357,\"height\":87,\"caption\":\"MiracleBag\"},\"image\":{\"@id\":\"https:\/\/miraclebag.store\/#\/schema\/logo\/image\/\"}}]}<\/script>\n<meta property=\"product:price:amount\" content=\"59.95\" \/>\n<meta property=\"product:price:currency\" content=\"EUR\" \/>\n<meta property=\"og:availability\" content=\"instock\" \/>\n<meta property=\"product:availability\" content=\"instock\" \/>\n<meta property=\"product:retailer_item_id\" content=\"MB2xSet\" \/>\n<meta property=\"product:condition\" content=\"new\" \/>\n<!-- \/ Yoast SEO Premium plugin. -->","yoast_head_json":{"title":"Filtro de \u00e1gua para piscina - Pacote inicial com 2 pe\u00e7as de 100 cm (MB2xSet) - MiracleBag","robots":{"index":"index","follow":"follow","max-snippet":"max-snippet:-1","max-image-preview":"max-image-preview:large","max-video-preview":"max-video-preview:-1"},"canonical":"https:\/\/miraclebag.store\/pt\/comprar\/kit-iniciante\/pacote-inicial-de-filtro-de-agua-para-piscina-2-pecas-100-cm-mb2xset\/","og_locale":"pt_PT","og_type":"article","og_title":"Pool water filter Starter Pack 2pcs 100 cm (MB2xSet)","og_description":"This package comes with a 33% satisfaction guarantee  Only choose this if you already have confidence in the product.  To try it out, choose the VE100 with a 100% satisfaction guarantee.  This kit is suitable for pools over 20 m3, used with a submersible pump.  It works well with external pumps (Paper Filter Pump, Sand Filter Pump) but is most effective when used with a submersible pump. See demonstration videos.  For large pools, a long flexible hose is needed to keep the submersible pump and filter bag as far apart as possible  For large water volumes, 50-100 m3, you can use several of these sets with separate submersible pumps.","og_url":"https:\/\/miraclebag.store\/pt\/comprar\/kit-iniciante\/pacote-inicial-de-filtro-de-agua-para-piscina-2-pecas-100-cm-mb2xset\/","og_site_name":"MiracleBag","article_modified_time":"2025-10-06T10:43:15+00:00","og_image":[{"width":1203,"height":1203,"url":"https:\/\/miraclebag.store\/wp-content\/uploads\/2025\/06\/DJI_20250525094856_0025_Daa-scaled-e1749362233185.png","type":"image\/png"}],"twitter_card":"summary_large_image","twitter_misc":{"pre\u00e7o":"&euro;&nbsp;59.95 exc. Vat","Disponibilidade":"Em stock"},"schema":{"@context":"https:\/\/schema.org","@graph":[{"@type":"WebPage","@id":"https:\/\/miraclebag.store\/shop\/starter-kit\/pool-water-filter-starter-pack-2pcs-100-cm-mb2xset\/","url":"https:\/\/miraclebag.store\/shop\/starter-kit\/pool-water-filter-starter-pack-2pcs-100-cm-mb2xset\/","name":"Filtro de \u00e1gua para piscina - Pacote inicial com 2 pe\u00e7as de 100 cm (MB2xSet) - MiracleBag","isPartOf":{"@id":"https:\/\/miraclebag.store\/#website"},"primaryImageOfPage":{"@id":"https:\/\/miraclebag.store\/shop\/starter-kit\/pool-water-filter-starter-pack-2pcs-100-cm-mb2xset\/#primaryimage"},"image":{"@id":"https:\/\/miraclebag.store\/shop\/starter-kit\/pool-water-filter-starter-pack-2pcs-100-cm-mb2xset\/#primaryimage"},"thumbnailUrl":"https:\/\/miraclebag.store\/wp-content\/uploads\/2025\/06\/DJI_20250525094856_0025_Daa-scaled-e1749362233185.png","datePublished":"2025-06-08T04:52:48+00:00","dateModified":"2025-10-06T10:43:15+00:00","breadcrumb":{"@id":"https:\/\/miraclebag.store\/shop\/starter-kit\/pool-water-filter-starter-pack-2pcs-100-cm-mb2xset\/#breadcrumb"},"inLanguage":"pt-PT","potentialAction":[{"@type":"ReadAction","target":["https:\/\/miraclebag.store\/shop\/starter-kit\/pool-water-filter-starter-pack-2pcs-100-cm-mb2xset\/"]}]},{"@type":"ImageObject","inLanguage":"pt-PT","@id":"https:\/\/miraclebag.store\/shop\/starter-kit\/pool-water-filter-starter-pack-2pcs-100-cm-mb2xset\/#primaryimage","url":"https:\/\/miraclebag.store\/wp-content\/uploads\/2025\/06\/DJI_20250525094856_0025_Daa-scaled-e1749362233185.png","contentUrl":"https:\/\/miraclebag.store\/wp-content\/uploads\/2025\/06\/DJI_20250525094856_0025_Daa-scaled-e1749362233185.png","width":1203,"height":1203},{"@type":"BreadcrumbList","@id":"https:\/\/miraclebag.store\/shop\/starter-kit\/pool-water-filter-starter-pack-2pcs-100-cm-mb2xset\/#breadcrumb","itemListElement":[{"@type":"ListItem","position":1,"name":"Home","item":"https:\/\/miraclebag.store\/"},{"@type":"ListItem","position":2,"name":"Shop","item":"https:\/\/miraclebag.store\/shop\/"},{"@type":"ListItem","position":3,"name":"Pool water filter Starter Pack 2pcs 100 cm (MB2xSet)"}]},{"@type":"WebSite","@id":"https:\/\/miraclebag.store\/#website","url":"https:\/\/miraclebag.store\/","name":"MiracleBag","description":"\u00c1gua cristalina da piscina \u2013 n\u00e3o precisa de filtro de areia","publisher":{"@id":"https:\/\/miraclebag.store\/#organization"},"potentialAction":[{"@type":"SearchAction","target":{"@type":"EntryPoint","urlTemplate":"https:\/\/miraclebag.store\/?s={search_term_string}"},"query-input":{"@type":"PropertyValueSpecification","valueRequired":true,"valueName":"search_term_string"}}],"inLanguage":"pt-PT"},{"@type":"Organization","@id":"https:\/\/miraclebag.store\/#organization","name":"MiracleBag","url":"https:\/\/miraclebag.store\/","logo":{"@type":"ImageObject","inLanguage":"pt-PT","@id":"https:\/\/miraclebag.store\/#\/schema\/logo\/image\/","url":"https:\/\/miraclebag.store\/wp-content\/uploads\/2023\/01\/miraclebag-logo-blue.png","contentUrl":"https:\/\/miraclebag.store\/wp-content\/uploads\/2023\/01\/miraclebag-logo-blue.png","width":357,"height":87,"caption":"MiracleBag"},"image":{"@id":"https:\/\/miraclebag.store\/#\/schema\/logo\/image\/"}}]},"product_price_amount":"59.95","product_price_currency":"EUR","og_availability":"instock","product_availability":"instock","product_retailer_item_id":"MB2xSet","product_condition":"new"},"_links":{"self":[{"href":"https:\/\/miraclebag.store\/pt\/wp-json\/wp\/v2\/product\/2512","targetHints":{"allow":["GET"]}}],"collection":[{"href":"https:\/\/miraclebag.store\/pt\/wp-json\/wp\/v2\/product"}],"about":[{"href":"https:\/\/miraclebag.store\/pt\/wp-json\/wp\/v2\/types\/product"}],"replies":[{"embeddable":true,"href":"https:\/\/miraclebag.store\/pt\/wp-json\/wp\/v2\/comments?post=2512"}],"wp:featuredmedia":[{"embeddable":true,"href":"https:\/\/miraclebag.store\/pt\/wp-json\/wp\/v2\/media\/2515"}],"wp:attachment":[{"href":"https:\/\/miraclebag.store\/pt\/wp-json\/wp\/v2\/media?parent=2512"}],"wp:term":[{"taxonomy":"product_brand","embeddable":true,"href":"https:\/\/miraclebag.store\/pt\/wp-json\/wp\/v2\/product_brand?post=2512"},{"taxonomy":"product_cat","embeddable":true,"href":"https:\/\/miraclebag.store\/pt\/wp-json\/wp\/v2\/product_cat?post=2512"},{"taxonomy":"product_tag","embeddable":true,"href":"https:\/\/miraclebag.store\/pt\/wp-json\/wp\/v2\/product_tag?post=2512"}],"curies":[{"name":"wp","href":"https:\/\/api.w.org\/{rel}","templated":true}]}}