{"id":229,"date":"2023-01-09T15:40:19","date_gmt":"2023-01-09T14:40:19","guid":{"rendered":"https:\/\/miraclebag.store\/?post_type=product&#038;p=229"},"modified":"2025-10-06T12:44:07","modified_gmt":"2025-10-06T10:44:07","slug":"starter-pack-100-cm-ve100","status":"publish","type":"product","link":"https:\/\/miraclebag.store\/pt\/comprar\/kit-iniciante\/starter-pack-100-cm-ve100\/","title":{"rendered":"Pacote inicial do filtro de \u00e1gua da piscina 100 cm (VE100)"},"content":{"rendered":"<p><iframe title=\"Miraclebag VE100\" width=\"800\" height=\"450\" src=\"https:\/\/www.youtube.com\/embed\/eV7LJuQvAfw?feature=oembed\" frameborder=\"0\" allow=\"accelerometer; autoplay; clipboard-write; encrypted-media; gyroscope; picture-in-picture; web-share\" referrerpolicy=\"strict-origin-when-cross-origin\" allowfullscreen><\/iframe><\/p>\n<h3><strong>Sobre a Bolsa Miracle<\/strong><\/h3>\n<p><span style=\"color: #000000;\">O filtro de \u00e1gua da piscina \u00e9 capaz de filtrar todos os contaminantes flutuantes da \u00e1gua da piscina, incluindo aqueles que tornam a \u00e1gua opala. P\u00f3 de algas, algas verdes, \u00f3xido de ferro, \u00f3xido de mangan\u00eas.<\/span><\/p>\n<p><span style=\"color: #000000;\"><strong>Saco de filtragem de \u00e1gua feito de material de filtragem de \u00e1gua industrial de 1 ou 5 m\u00edcrons<\/strong>, com possibilidade de inserir uma liga\u00e7\u00e3o de mangueira (di\u00e2metro: 32mm). Tamanho 100 cm x 15 cm, superf\u00edcie de filtro de 0,3 m2. O desempenho do material de filtro de 5 m\u00edcrons \u00e9 compar\u00e1vel ou melhor que o dos filtros de areia. O material do filtro de 1 m\u00edcron tamb\u00e9m pode filtrar a maioria das algas verdes da \u00e1gua, deixando a \u00e1gua da sua piscina cristalina! <strong>\u00c9 mais barato, mais simples, mais eficiente e mais econ\u00f4mico do que os sistemas de filtragem de piscina existentes.<\/strong><\/span><\/p>\n<h3><strong>A vers\u00e3o anterior do Miracle Bag:<\/strong><\/h3>\n<p><iframe title=\"Miraclebag, filtro de \u00e1gua da piscina, em vez de filtro de areia V3 2\" width=\"800\" height=\"450\" src=\"https:\/\/www.youtube.com\/embed\/QFNBelhcX5M?feature=oembed\" frameborder=\"0\" allow=\"accelerometer; autoplay; clipboard-write; encrypted-media; gyroscope; picture-in-picture; web-share\" referrerpolicy=\"strict-origin-when-cross-origin\" allowfullscreen><\/iframe><\/p>\n<h3><strong>A v\u00e1lvula de seguran\u00e7a que protege o saco da sobrepress\u00e3o:<\/strong><\/h3>\n<p><iframe title=\"GT szelep short nologo\" width=\"800\" height=\"450\" src=\"https:\/\/www.youtube.com\/embed\/OQFIxZywlEA?feature=oembed\" frameborder=\"0\" allow=\"accelerometer; autoplay; clipboard-write; encrypted-media; gyroscope; picture-in-picture; web-share\" referrerpolicy=\"strict-origin-when-cross-origin\" allowfullscreen><\/iframe><\/p>\n<div class=\"elementor-element elementor-element-ad049ff elementor-widget elementor-widget-text-editor\" data-id=\"ad049ff\" data-element_type=\"widget\" data-widget_type=\"text-editor.default\">\n<div class=\"elementor-widget-container\">\n<h3><span style=\"color: #000000;\"><strong>F\u00e1cil de usar<\/strong><\/span><\/h3>\n<p><span style=\"color: #000000;\"><strong>A maneira mais simples e eficiente \u00e9 us\u00e1-lo com uma bomba submers\u00edvel.<\/strong><\/span><\/p>\n<p><span style=\"color: #000000;\"><strong>M\u00e3o \u00danica:<\/strong> gire a \u00e1gua da piscina como um redemoinho e coloque a bomba submers\u00edvel no meio, no fundo da piscina. Apoiar o saco do filtro na borda da piscina. Todos os sedimentos ir\u00e3o para o saco dentro de alguns minutos. N\u00e3o \u00e9 necess\u00e1rio aspirar.<\/span><\/p>\n<p><span style=\"color: #000000;\"><strong>Outra maneira:<\/strong> conecte o saco do filtro com uma mangueira longa para garantir que a bomba submers\u00edvel e o saco do filtro estejam o mais longe poss\u00edvel um do outro. A \u00e1gua limpa que sai do saco do filtro empurrar\u00e1 a \u00e1gua n\u00e3o filtrada para a bomba. A bomba no fundo da piscina suga todas as impurezas flutuantes e a maior parte da areia. A areia mais pesada que se acumula nas dobras do fundo da piscina pode ser empurrada em dire\u00e7\u00e3o \u00e0 bomba com uma escova. Desta forma, a \u00e1gua da piscina ficar\u00e1 limpa em poucas horas e n\u00e3o ser\u00e1 necess\u00e1rio aspirar.<\/span><\/p>\n<\/div>\n<\/div>","protected":false},"excerpt":{"rendered":"<ul>\n<li class=\"ai-optimize-11\">Compre esta vers\u00e3o como sua primeira bolsa de filtro. Serve para todas as piscinas. A melhor escolha para come\u00e7ar ou experimentar. Eu forne\u00e7o uma garantia de satisfa\u00e7\u00e3o 100% neste saco de filtro. Se voc\u00ea n\u00e3o estiver satisfeito com o produto, receber\u00e1 um reembolso. Voc\u00ea nem precisa devolver o saco do filtro, pode continuar usando at\u00e9 aprender a us\u00e1-lo. Como a \u00e1gua, a sujeira e os filtros s\u00e3o iguais para todos, eles funcionar\u00e3o perfeitamente na sua piscina.<\/li>\n<li class=\"ai-optimize-12\">Para uso com bomba submers\u00edvel, para piscinas menores de at\u00e9 2,5 metros de di\u00e2metro, escolha o kit inicial CO100 ou CO50.<\/li>\n<li class=\"ai-optimize-13\">Tamb\u00e9m possui uma mangueira flex\u00edvel curta entre a v\u00e1lvula e a bomba.<\/li>\n<li class=\"ai-optimize-14\">Funciona bem com bombas externas (bomba de filtro de papel, bomba de filtro de areia), mas \u00e9 mais eficaz quando usado com uma bomba submers\u00edvel. Veja os v\u00eddeos de demonstra\u00e7\u00e3o.<\/li>\n<li class=\"ai-optimize-15\">Para piscinas com mais de 20 m3: compre o Starter Pack 3 pe\u00e7as 100 cm (MB3xSet). Aten\u00e7\u00e3o! O MB3xSet vem com uma garantia de satisfa\u00e7\u00e3o 33%.<\/li>\n<\/ul>","protected":false},"featured_media":2536,"comment_status":"open","ping_status":"closed","template":"","meta":[],"product_brand":[],"product_cat":[23],"product_tag":[26],"class_list":{"0":"post-229","1":"product","2":"type-product","3":"status-publish","4":"has-post-thumbnail","6":"product_cat-starter-kit","7":"product_tag-0-20-m","9":"first","10":"instock","11":"sale","12":"taxable","13":"shipping-taxable","14":"purchasable","15":"product-type-simple"},"yoast_head":"<!-- This site is optimized with the Yoast SEO Premium plugin v26.8 (Yoast SEO v26.8) - https:\/\/yoast.com\/product\/yoast-seo-premium-wordpress\/ -->\n<title>Pool water filter Starter Pack 100 cm (VE100) - MiracleBag<\/title>\n<meta name=\"robots\" content=\"index, follow, max-snippet:-1, max-image-preview:large, max-video-preview:-1\" \/>\n<link rel=\"canonical\" href=\"https:\/\/miraclebag.store\/pt\/comprar\/kit-iniciante\/starter-pack-100-cm-ve100\/\" \/>\n<meta property=\"og:locale\" content=\"pt_PT\" \/>\n<meta property=\"og:type\" content=\"article\" \/>\n<meta property=\"og:title\" content=\"Pool water filter Starter Pack 100 cm (VE100)\" \/>\n<meta property=\"og:description\" content=\"Buy this version as your first filter bag. It fits all pools. The best choice for getting started or for trying it out. I provide a 100% satisfaction guarantee on this filter bag. If you are not satisfied with the product, you will get a refund. You don&#039;t even have to return the filter bag, you can continue using it until you learn how to use it. Because water, dirt and filter bags are the same for everyone, they will work perfectly in your pool.  For use with a submersible pump, for smaller pools up to 2.5 metres in diameter, choose the CO100 or CO50 starter kit.  It also has a short flexible hose between the valve and the pump.  It works well with external pumps (Paper Filter Pump, Sand Filter Pump) but is most effective when used with a submersible pump. See demonstration videos.  For pools larger than 20 m3: buy Starter Pack 3 pcs 100 cm (MB3xSet). Attention! The MB3xSet comes with a 33% satisfaction guarantee.\" \/>\n<meta property=\"og:url\" content=\"https:\/\/miraclebag.store\/pt\/comprar\/kit-iniciante\/starter-pack-100-cm-ve100\/\" \/>\n<meta property=\"og:site_name\" content=\"MiracleBag\" \/>\n<meta property=\"article:modified_time\" content=\"2025-10-06T10:44:07+00:00\" \/>\n<meta property=\"og:image\" content=\"https:\/\/miraclebag.store\/wp-content\/uploads\/2023\/01\/DJI_20250525095108_0032_Daa-scaled-e1749364028507.png\" \/>\n\t<meta property=\"og:image:width\" content=\"636\" \/>\n\t<meta property=\"og:image:height\" content=\"634\" \/>\n\t<meta property=\"og:image:type\" content=\"image\/png\" \/>\n<meta name=\"twitter:card\" content=\"summary_large_image\" \/>\n<meta name=\"twitter:label1\" content=\"pre\u00e7o\" \/>\n\t<meta name=\"twitter:data1\" content=\"&euro;&nbsp;35.95 exc. Vat\" \/>\n\t<meta name=\"twitter:label2\" content=\"Disponibilidade\" \/>\n\t<meta name=\"twitter:data2\" content=\"Em stock\" \/>\n<script type=\"application\/ld+json\" class=\"yoast-schema-graph\">{\"@context\":\"https:\/\/schema.org\",\"@graph\":[{\"@type\":\"WebPage\",\"@id\":\"https:\/\/miraclebag.store\/shop\/starter-kit\/starter-pack-100-cm-ve100\/\",\"url\":\"https:\/\/miraclebag.store\/shop\/starter-kit\/starter-pack-100-cm-ve100\/\",\"name\":\"Pool water filter Starter Pack 100 cm (VE100) - MiracleBag\",\"isPartOf\":{\"@id\":\"https:\/\/miraclebag.store\/#website\"},\"primaryImageOfPage\":{\"@id\":\"https:\/\/miraclebag.store\/shop\/starter-kit\/starter-pack-100-cm-ve100\/#primaryimage\"},\"image\":{\"@id\":\"https:\/\/miraclebag.store\/shop\/starter-kit\/starter-pack-100-cm-ve100\/#primaryimage\"},\"thumbnailUrl\":\"https:\/\/miraclebag.store\/wp-content\/uploads\/2023\/01\/DJI_20250525095108_0032_Daa-scaled-e1749364028507.png\",\"datePublished\":\"2023-01-09T14:40:19+00:00\",\"dateModified\":\"2025-10-06T10:44:07+00:00\",\"breadcrumb\":{\"@id\":\"https:\/\/miraclebag.store\/shop\/starter-kit\/starter-pack-100-cm-ve100\/#breadcrumb\"},\"inLanguage\":\"pt-PT\",\"potentialAction\":[{\"@type\":\"ReadAction\",\"target\":[\"https:\/\/miraclebag.store\/shop\/starter-kit\/starter-pack-100-cm-ve100\/\"]}]},{\"@type\":\"ImageObject\",\"inLanguage\":\"pt-PT\",\"@id\":\"https:\/\/miraclebag.store\/shop\/starter-kit\/starter-pack-100-cm-ve100\/#primaryimage\",\"url\":\"https:\/\/miraclebag.store\/wp-content\/uploads\/2023\/01\/DJI_20250525095108_0032_Daa-scaled-e1749364028507.png\",\"contentUrl\":\"https:\/\/miraclebag.store\/wp-content\/uploads\/2023\/01\/DJI_20250525095108_0032_Daa-scaled-e1749364028507.png\",\"width\":636,\"height\":634},{\"@type\":\"BreadcrumbList\",\"@id\":\"https:\/\/miraclebag.store\/shop\/starter-kit\/starter-pack-100-cm-ve100\/#breadcrumb\",\"itemListElement\":[{\"@type\":\"ListItem\",\"position\":1,\"name\":\"Home\",\"item\":\"https:\/\/miraclebag.store\/\"},{\"@type\":\"ListItem\",\"position\":2,\"name\":\"Shop\",\"item\":\"https:\/\/miraclebag.store\/shop\/\"},{\"@type\":\"ListItem\",\"position\":3,\"name\":\"Pool water filter Starter Pack 100 cm (VE100)\"}]},{\"@type\":\"WebSite\",\"@id\":\"https:\/\/miraclebag.store\/#website\",\"url\":\"https:\/\/miraclebag.store\/\",\"name\":\"MiracleBag\",\"description\":\"Crystal clear pool water \u2013 no sand filter needed\",\"publisher\":{\"@id\":\"https:\/\/miraclebag.store\/#organization\"},\"potentialAction\":[{\"@type\":\"SearchAction\",\"target\":{\"@type\":\"EntryPoint\",\"urlTemplate\":\"https:\/\/miraclebag.store\/?s={search_term_string}\"},\"query-input\":{\"@type\":\"PropertyValueSpecification\",\"valueRequired\":true,\"valueName\":\"search_term_string\"}}],\"inLanguage\":\"pt-PT\"},{\"@type\":\"Organization\",\"@id\":\"https:\/\/miraclebag.store\/#organization\",\"name\":\"MiracleBag\",\"url\":\"https:\/\/miraclebag.store\/\",\"logo\":{\"@type\":\"ImageObject\",\"inLanguage\":\"pt-PT\",\"@id\":\"https:\/\/miraclebag.store\/#\/schema\/logo\/image\/\",\"url\":\"https:\/\/miraclebag.store\/wp-content\/uploads\/2023\/01\/miraclebag-logo-blue.png\",\"contentUrl\":\"https:\/\/miraclebag.store\/wp-content\/uploads\/2023\/01\/miraclebag-logo-blue.png\",\"width\":357,\"height\":87,\"caption\":\"MiracleBag\"},\"image\":{\"@id\":\"https:\/\/miraclebag.store\/#\/schema\/logo\/image\/\"}}]}<\/script>\n<meta property=\"product:price:amount\" content=\"35.95\" \/>\n<meta property=\"product:price:currency\" content=\"EUR\" \/>\n<meta property=\"og:availability\" content=\"instock\" \/>\n<meta property=\"product:availability\" content=\"instock\" \/>\n<meta property=\"product:retailer_item_id\" content=\"VE100\" \/>\n<meta property=\"product:condition\" content=\"new\" \/>\n<!-- \/ Yoast SEO Premium plugin. -->","yoast_head_json":{"title":"Filtro de \u00e1gua para piscina Starter Pack 100 cm (VE100) - MiracleBag","robots":{"index":"index","follow":"follow","max-snippet":"max-snippet:-1","max-image-preview":"max-image-preview:large","max-video-preview":"max-video-preview:-1"},"canonical":"https:\/\/miraclebag.store\/pt\/comprar\/kit-iniciante\/starter-pack-100-cm-ve100\/","og_locale":"pt_PT","og_type":"article","og_title":"Pool water filter Starter Pack 100 cm (VE100)","og_description":"Buy this version as your first filter bag. It fits all pools. The best choice for getting started or for trying it out. I provide a 100% satisfaction guarantee on this filter bag. If you are not satisfied with the product, you will get a refund. You don't even have to return the filter bag, you can continue using it until you learn how to use it. Because water, dirt and filter bags are the same for everyone, they will work perfectly in your pool.  For use with a submersible pump, for smaller pools up to 2.5 metres in diameter, choose the CO100 or CO50 starter kit.  It also has a short flexible hose between the valve and the pump.  It works well with external pumps (Paper Filter Pump, Sand Filter Pump) but is most effective when used with a submersible pump. See demonstration videos.  For pools larger than 20 m3: buy Starter Pack 3 pcs 100 cm (MB3xSet). Attention! The MB3xSet comes with a 33% satisfaction guarantee.","og_url":"https:\/\/miraclebag.store\/pt\/comprar\/kit-iniciante\/starter-pack-100-cm-ve100\/","og_site_name":"MiracleBag","article_modified_time":"2025-10-06T10:44:07+00:00","og_image":[{"width":636,"height":634,"url":"https:\/\/miraclebag.store\/wp-content\/uploads\/2023\/01\/DJI_20250525095108_0032_Daa-scaled-e1749364028507.png","type":"image\/png"}],"twitter_card":"summary_large_image","twitter_misc":{"pre\u00e7o":"&euro;&nbsp;35.95 exc. Vat","Disponibilidade":"Em stock"},"schema":{"@context":"https:\/\/schema.org","@graph":[{"@type":"WebPage","@id":"https:\/\/miraclebag.store\/shop\/starter-kit\/starter-pack-100-cm-ve100\/","url":"https:\/\/miraclebag.store\/shop\/starter-kit\/starter-pack-100-cm-ve100\/","name":"Filtro de \u00e1gua para piscina Starter Pack 100 cm (VE100) - MiracleBag","isPartOf":{"@id":"https:\/\/miraclebag.store\/#website"},"primaryImageOfPage":{"@id":"https:\/\/miraclebag.store\/shop\/starter-kit\/starter-pack-100-cm-ve100\/#primaryimage"},"image":{"@id":"https:\/\/miraclebag.store\/shop\/starter-kit\/starter-pack-100-cm-ve100\/#primaryimage"},"thumbnailUrl":"https:\/\/miraclebag.store\/wp-content\/uploads\/2023\/01\/DJI_20250525095108_0032_Daa-scaled-e1749364028507.png","datePublished":"2023-01-09T14:40:19+00:00","dateModified":"2025-10-06T10:44:07+00:00","breadcrumb":{"@id":"https:\/\/miraclebag.store\/shop\/starter-kit\/starter-pack-100-cm-ve100\/#breadcrumb"},"inLanguage":"pt-PT","potentialAction":[{"@type":"ReadAction","target":["https:\/\/miraclebag.store\/shop\/starter-kit\/starter-pack-100-cm-ve100\/"]}]},{"@type":"ImageObject","inLanguage":"pt-PT","@id":"https:\/\/miraclebag.store\/shop\/starter-kit\/starter-pack-100-cm-ve100\/#primaryimage","url":"https:\/\/miraclebag.store\/wp-content\/uploads\/2023\/01\/DJI_20250525095108_0032_Daa-scaled-e1749364028507.png","contentUrl":"https:\/\/miraclebag.store\/wp-content\/uploads\/2023\/01\/DJI_20250525095108_0032_Daa-scaled-e1749364028507.png","width":636,"height":634},{"@type":"BreadcrumbList","@id":"https:\/\/miraclebag.store\/shop\/starter-kit\/starter-pack-100-cm-ve100\/#breadcrumb","itemListElement":[{"@type":"ListItem","position":1,"name":"Home","item":"https:\/\/miraclebag.store\/"},{"@type":"ListItem","position":2,"name":"Shop","item":"https:\/\/miraclebag.store\/shop\/"},{"@type":"ListItem","position":3,"name":"Pool water filter Starter Pack 100 cm (VE100)"}]},{"@type":"WebSite","@id":"https:\/\/miraclebag.store\/#website","url":"https:\/\/miraclebag.store\/","name":"MiracleBag","description":"\u00c1gua cristalina da piscina \u2013 n\u00e3o precisa de filtro de areia","publisher":{"@id":"https:\/\/miraclebag.store\/#organization"},"potentialAction":[{"@type":"SearchAction","target":{"@type":"EntryPoint","urlTemplate":"https:\/\/miraclebag.store\/?s={search_term_string}"},"query-input":{"@type":"PropertyValueSpecification","valueRequired":true,"valueName":"search_term_string"}}],"inLanguage":"pt-PT"},{"@type":"Organization","@id":"https:\/\/miraclebag.store\/#organization","name":"MiracleBag","url":"https:\/\/miraclebag.store\/","logo":{"@type":"ImageObject","inLanguage":"pt-PT","@id":"https:\/\/miraclebag.store\/#\/schema\/logo\/image\/","url":"https:\/\/miraclebag.store\/wp-content\/uploads\/2023\/01\/miraclebag-logo-blue.png","contentUrl":"https:\/\/miraclebag.store\/wp-content\/uploads\/2023\/01\/miraclebag-logo-blue.png","width":357,"height":87,"caption":"MiracleBag"},"image":{"@id":"https:\/\/miraclebag.store\/#\/schema\/logo\/image\/"}}]},"product_price_amount":"35.95","product_price_currency":"EUR","og_availability":"instock","product_availability":"instock","product_retailer_item_id":"VE100","product_condition":"new"},"_links":{"self":[{"href":"https:\/\/miraclebag.store\/pt\/wp-json\/wp\/v2\/product\/229","targetHints":{"allow":["GET"]}}],"collection":[{"href":"https:\/\/miraclebag.store\/pt\/wp-json\/wp\/v2\/product"}],"about":[{"href":"https:\/\/miraclebag.store\/pt\/wp-json\/wp\/v2\/types\/product"}],"replies":[{"embeddable":true,"href":"https:\/\/miraclebag.store\/pt\/wp-json\/wp\/v2\/comments?post=229"}],"wp:featuredmedia":[{"embeddable":true,"href":"https:\/\/miraclebag.store\/pt\/wp-json\/wp\/v2\/media\/2536"}],"wp:attachment":[{"href":"https:\/\/miraclebag.store\/pt\/wp-json\/wp\/v2\/media?parent=229"}],"wp:term":[{"taxonomy":"product_brand","embeddable":true,"href":"https:\/\/miraclebag.store\/pt\/wp-json\/wp\/v2\/product_brand?post=229"},{"taxonomy":"product_cat","embeddable":true,"href":"https:\/\/miraclebag.store\/pt\/wp-json\/wp\/v2\/product_cat?post=229"},{"taxonomy":"product_tag","embeddable":true,"href":"https:\/\/miraclebag.store\/pt\/wp-json\/wp\/v2\/product_tag?post=229"}],"curies":[{"name":"wp","href":"https:\/\/api.w.org\/{rel}","templated":true}]}}