{"id":631,"date":"2023-01-25T14:57:57","date_gmt":"2023-01-25T13:57:57","guid":{"rendered":"https:\/\/miraclebag.store\/?post_type=product&#038;p=631"},"modified":"2025-06-09T11:58:19","modified_gmt":"2025-06-09T09:58:19","slug":"dwupak-2szt-50-cm-ve2x50","status":"publish","type":"product","link":"https:\/\/miraclebag.store\/pl\/sklep\/podwojne-opakowanie\/dwupak-2szt-50-cm-ve2x50\/","title":{"rendered":"Filtr do wody basenowej Double Pack 2 szt. 50 cm (VE2x50)"},"content":{"rendered":"<p><iframe title=\"Miraclebag VE2x50\" width=\"800\" height=\"450\" src=\"https:\/\/www.youtube.com\/embed\/SidtYBHTqdo?feature=oembed\" frameborder=\"0\" allow=\"accelerometer; autoplay; clipboard-write; encrypted-media; gyroscope; picture-in-picture; web-share\" referrerpolicy=\"strict-origin-when-cross-origin\" allowfullscreen><\/iframe><\/p>\n<h3><strong>O cudownej torbie<\/strong><\/h3>\n<p><span style=\"color: #000000;\">Filtr wody basenowej jest w stanie odfiltrowa\u0107 z wody basenowej wszystkie p\u0142ywaj\u0105ce zanieczyszczenia, w tym te, kt\u00f3re powoduj\u0105, \u017ce woda staje si\u0119 m\u0119tna. Sproszkowane algi, algi zielone, tlenek \u017celaza, tlenek manganu.<\/span><\/p>\n<p><span style=\"color: #000000;\"><strong>Worek do filtracji wody wykonany z materia\u0142u do przemys\u0142owej filtracji wody o grubo\u015bci 1 lub 5 mikron\u00f3w<\/strong>, z mo\u017cliwo\u015bci\u0105 w\u0142o\u017cenia przy\u0142\u0105cza w\u0119\u017ca (\u015brednica: 32mm). Wymiary 100 cm x 15 cm, powierzchnia filtracyjna 0,3 m2. Wydajno\u015b\u0107 5-mikronowego materia\u0142u filtracyjnego jest por\u00f3wnywalna lub lepsza ni\u017c w przypadku filtr\u00f3w piaskowych. Materia\u0142 filtruj\u0105cy o wielko\u015bci 1 mikrona mo\u017ce r\u00f3wnie\u017c odfiltrowa\u0107 wi\u0119kszo\u015b\u0107 zielonych alg z wody, pozostawiaj\u0105c krystalicznie czyst\u0105 wod\u0119 w basenie! <strong>Jest ta\u0144szy, prostszy, wydajniejszy i bardziej ekonomiczny ni\u017c istniej\u0105ce systemy filtracji basen\u00f3w.<\/strong><\/span><\/p>\n<h3><strong>Poprzednia wersja Miracle Bag:<\/strong><\/h3>\n<p><iframe title=\"Miraclebag, filtr do wody w basenie, zamiast filtra piaskowego V3 2\" width=\"800\" height=\"450\" src=\"https:\/\/www.youtube.com\/embed\/QFNBelhcX5M?feature=oembed\" frameborder=\"0\" allow=\"accelerometer; autoplay; clipboard-write; encrypted-media; gyroscope; picture-in-picture; web-share\" referrerpolicy=\"strict-origin-when-cross-origin\" allowfullscreen><\/iframe><\/p>\n<h3><strong>Zaw\u00f3r bezpiecze\u0144stwa chroni\u0105cy worek przed nadci\u015bnieniem:<\/strong><\/h3>\n<p><iframe title=\"GT szelep kr\u00f3tki nologo\" width=\"800\" height=\"450\" src=\"https:\/\/www.youtube.com\/embed\/OQFIxZywlEA?feature=oembed\" frameborder=\"0\" allow=\"accelerometer; autoplay; clipboard-write; encrypted-media; gyroscope; picture-in-picture; web-share\" referrerpolicy=\"strict-origin-when-cross-origin\" allowfullscreen><\/iframe><\/p>\n<div class=\"elementor-element elementor-element-ad049ff elementor-widget elementor-widget-text-editor\" data-id=\"ad049ff\" data-element_type=\"widget\" data-widget_type=\"text-editor.default\">\n<div class=\"elementor-widget-container\">\n<h3><span style=\"color: #000000;\"><strong>\u0141atwy w u\u017cyciu<\/strong><\/span><\/h3>\n<p><span style=\"color: #000000;\"><strong>Najprostszym i najskuteczniejszym sposobem jest u\u017cycie go z pomp\u0105 zanurzeniow\u0105.<\/strong><\/span><\/p>\n<p><span style=\"color: #000000;\"><strong>Jednokierunkowa:<\/strong> obr\u00f3\u0107 wod\u0119 w basenie jak wir i umie\u015b\u0107 pomp\u0119 zanurzeniow\u0105 na \u015brodku, na dnie basenu. Przymocuj worek filtruj\u0105cy do kraw\u0119dzi basenu. Ca\u0142y osad trafi do worka w ci\u0105gu kilku minut. Odkurzanie nie jest wymagane.<\/span><\/p>\n<p><span style=\"color: #000000;\"><strong>Inny spos\u00f3b:<\/strong> po\u0142\u0105czy\u0107 worek filtracyjny d\u0142ugim w\u0119\u017cem, aby pompa zanurzeniowa i worek filtracyjny znajdowa\u0142y si\u0119 jak najdalej od siebie. Czysta woda wyp\u0142ywaj\u0105ca z worka filtruj\u0105cego popycha niefiltrowan\u0105 wod\u0119 w kierunku pompy. Pompa na dnie basenu zasysa wszystkie p\u0142ywaj\u0105ce zanieczyszczenia i wi\u0119kszo\u015b\u0107 piasku. Ci\u0119\u017cszy piasek, kt\u00f3ry gromadzi si\u0119 w fa\u0142dach dna basenu, mo\u017cna przepchn\u0105\u0107 w kierunku pompy za pomoc\u0105 szczotki. W ten spos\u00f3b woda w basenie b\u0119dzie czysta w ci\u0105gu kilku godzin i nie b\u0119dzie potrzeby odkurzania.<\/span><\/p>\n<\/div>\n<\/div>","protected":false},"excerpt":{"rendered":"<ul>\n<li>Podw\u00f3jny pakiet zawiera gwarancj\u0119 satysfakcji 50%!<\/li>\n<li>Wybierz to tylko wtedy, gdy masz ju\u017c zaufanie do produktu.<\/li>\n<li>Aby spr\u00f3bowa\u0107, wybierz pakiety startowe z gwarancj\u0105 satysfakcji 100%.<\/li>\n<li>Taki sam jak VE50, ale z 2 workami filtracyjnymi<\/li>\n<li>Do u\u017cytku z pomp\u0105 zanurzeniow\u0105, do mniejszych basen\u00f3w o \u015brednicy do 2,5 metra wybierz zestaw startowy CO100 lub CO50.<\/li>\n<li>Chocia\u017c worek filtruj\u0105cy o \u015brednicy 50 cm jest wystarczaj\u0105cy do obj\u0119to\u015bci wody, je\u015bli mo\u017cesz, kup wersj\u0119 100 cm.<\/li>\n<li>B\u0119dziesz bardziej zadowolony.<\/li>\n<li>\u0141atwiej si\u0119 czy\u015bci, wydajniej filtruje (woda przep\u0142ywa przez ni\u0105 wolniej), a worek filtruj\u0105cy mo\u017ce s\u0142u\u017cy\u0107 latami, wi\u0119c r\u00f3\u017cnica w cenie jest znikoma.<\/li>\n<\/ul>","protected":false},"featured_media":738,"comment_status":"open","ping_status":"closed","template":"","meta":[],"product_brand":[],"product_cat":[24],"product_tag":[27],"class_list":{"0":"post-631","1":"product","2":"type-product","3":"status-publish","4":"has-post-thumbnail","6":"product_cat-double-pack","7":"product_tag-0-3-m","9":"first","10":"outofstock","11":"taxable","12":"shipping-taxable","13":"purchasable","14":"product-type-simple"},"yoast_head":"<!-- This site is optimized with the Yoast SEO Premium plugin v26.8 (Yoast SEO v26.8) - https:\/\/yoast.com\/product\/yoast-seo-premium-wordpress\/ -->\n<title>Pool water filter Double Pack 2pcs 50 cm (VE2x50) - MiracleBag<\/title>\n<meta name=\"robots\" content=\"index, follow, max-snippet:-1, max-image-preview:large, max-video-preview:-1\" \/>\n<link rel=\"canonical\" href=\"https:\/\/miraclebag.store\/pl\/sklep\/podwojne-opakowanie\/dwupak-2szt-50-cm-ve2x50\/\" \/>\n<meta property=\"og:locale\" content=\"pl_PL\" \/>\n<meta property=\"og:type\" content=\"article\" \/>\n<meta property=\"og:title\" content=\"Pool water filter Double Pack 2pcs 50 cm (VE2x50)\" \/>\n<meta property=\"og:description\" content=\"The Double Pack comes with a 50% satisfaction guarantee!  Only choose this if you already have confidence in the product.  To try it, choose Starter Packs with a 100% satisfaction guarantee.  Same as the VE50 but with 2 filter bags  For use with a submersible pump, for smaller pools up to 2.5 metres in diameter, choose the CO100 or CO50 starter kit.  Although a 50 cm filter bag is sufficient for the volume of water, buy the 100 cm version if you can.  You will be more satisfied.  It&#039;s easier to clean, it filters more efficiently (water passes through it more slowly), and the filter bag can be used for years, so the price difference is negligible.\" \/>\n<meta property=\"og:url\" content=\"https:\/\/miraclebag.store\/pl\/sklep\/podwojne-opakowanie\/dwupak-2szt-50-cm-ve2x50\/\" \/>\n<meta property=\"og:site_name\" content=\"MiracleBag\" \/>\n<meta property=\"article:modified_time\" content=\"2025-06-09T09:58:19+00:00\" \/>\n<meta property=\"og:image\" content=\"https:\/\/miraclebag.store\/wp-content\/uploads\/2023\/01\/double-pack-2pcs-50cm-VE2x50.jpg\" \/>\n\t<meta property=\"og:image:width\" content=\"600\" \/>\n\t<meta property=\"og:image:height\" content=\"450\" \/>\n\t<meta property=\"og:image:type\" content=\"image\/jpeg\" \/>\n<meta name=\"twitter:card\" content=\"summary_large_image\" \/>\n<meta name=\"twitter:label1\" content=\"Cena\" \/>\n\t<meta name=\"twitter:data1\" content=\"&euro;&nbsp;34.54 exc. Vat\" \/>\n\t<meta name=\"twitter:label2\" content=\"Dost\u0119pno\u015b\u0107\" \/>\n\t<meta name=\"twitter:data2\" content=\"Brak w magazynie\" \/>\n<script type=\"application\/ld+json\" class=\"yoast-schema-graph\">{\"@context\":\"https:\/\/schema.org\",\"@graph\":[{\"@type\":\"WebPage\",\"@id\":\"https:\/\/miraclebag.store\/shop\/double-pack\/double-pack-2pcs-50-cm-ve2x50\/\",\"url\":\"https:\/\/miraclebag.store\/shop\/double-pack\/double-pack-2pcs-50-cm-ve2x50\/\",\"name\":\"Pool water filter Double Pack 2pcs 50 cm (VE2x50) - MiracleBag\",\"isPartOf\":{\"@id\":\"https:\/\/miraclebag.store\/#website\"},\"primaryImageOfPage\":{\"@id\":\"https:\/\/miraclebag.store\/shop\/double-pack\/double-pack-2pcs-50-cm-ve2x50\/#primaryimage\"},\"image\":{\"@id\":\"https:\/\/miraclebag.store\/shop\/double-pack\/double-pack-2pcs-50-cm-ve2x50\/#primaryimage\"},\"thumbnailUrl\":\"https:\/\/miraclebag.store\/wp-content\/uploads\/2023\/01\/double-pack-2pcs-50cm-VE2x50.jpg\",\"datePublished\":\"2023-01-25T13:57:57+00:00\",\"dateModified\":\"2025-06-09T09:58:19+00:00\",\"breadcrumb\":{\"@id\":\"https:\/\/miraclebag.store\/shop\/double-pack\/double-pack-2pcs-50-cm-ve2x50\/#breadcrumb\"},\"inLanguage\":\"pl-PL\",\"potentialAction\":[{\"@type\":\"ReadAction\",\"target\":[\"https:\/\/miraclebag.store\/shop\/double-pack\/double-pack-2pcs-50-cm-ve2x50\/\"]}]},{\"@type\":\"ImageObject\",\"inLanguage\":\"pl-PL\",\"@id\":\"https:\/\/miraclebag.store\/shop\/double-pack\/double-pack-2pcs-50-cm-ve2x50\/#primaryimage\",\"url\":\"https:\/\/miraclebag.store\/wp-content\/uploads\/2023\/01\/double-pack-2pcs-50cm-VE2x50.jpg\",\"contentUrl\":\"https:\/\/miraclebag.store\/wp-content\/uploads\/2023\/01\/double-pack-2pcs-50cm-VE2x50.jpg\",\"width\":600,\"height\":450,\"caption\":\"double-pack-2pcs-50cm-VE2x50\"},{\"@type\":\"BreadcrumbList\",\"@id\":\"https:\/\/miraclebag.store\/shop\/double-pack\/double-pack-2pcs-50-cm-ve2x50\/#breadcrumb\",\"itemListElement\":[{\"@type\":\"ListItem\",\"position\":1,\"name\":\"Home\",\"item\":\"https:\/\/miraclebag.store\/\"},{\"@type\":\"ListItem\",\"position\":2,\"name\":\"Shop\",\"item\":\"https:\/\/miraclebag.store\/shop\/\"},{\"@type\":\"ListItem\",\"position\":3,\"name\":\"Pool water filter Double Pack 2pcs 50 cm (VE2x50)\"}]},{\"@type\":\"WebSite\",\"@id\":\"https:\/\/miraclebag.store\/#website\",\"url\":\"https:\/\/miraclebag.store\/\",\"name\":\"MiracleBag\",\"description\":\"Crystal clear pool water \u2013 no sand filter needed\",\"publisher\":{\"@id\":\"https:\/\/miraclebag.store\/#organization\"},\"potentialAction\":[{\"@type\":\"SearchAction\",\"target\":{\"@type\":\"EntryPoint\",\"urlTemplate\":\"https:\/\/miraclebag.store\/?s={search_term_string}\"},\"query-input\":{\"@type\":\"PropertyValueSpecification\",\"valueRequired\":true,\"valueName\":\"search_term_string\"}}],\"inLanguage\":\"pl-PL\"},{\"@type\":\"Organization\",\"@id\":\"https:\/\/miraclebag.store\/#organization\",\"name\":\"MiracleBag\",\"url\":\"https:\/\/miraclebag.store\/\",\"logo\":{\"@type\":\"ImageObject\",\"inLanguage\":\"pl-PL\",\"@id\":\"https:\/\/miraclebag.store\/#\/schema\/logo\/image\/\",\"url\":\"https:\/\/miraclebag.store\/wp-content\/uploads\/2023\/01\/miraclebag-logo-blue.png\",\"contentUrl\":\"https:\/\/miraclebag.store\/wp-content\/uploads\/2023\/01\/miraclebag-logo-blue.png\",\"width\":357,\"height\":87,\"caption\":\"MiracleBag\"},\"image\":{\"@id\":\"https:\/\/miraclebag.store\/#\/schema\/logo\/image\/\"}}]}<\/script>\n<meta property=\"product:price:amount\" content=\"34.54\" \/>\n<meta property=\"product:price:currency\" content=\"EUR\" \/>\n<meta property=\"og:availability\" content=\"out of stock\" \/>\n<meta property=\"product:availability\" content=\"out of stock\" \/>\n<meta property=\"product:retailer_item_id\" content=\"VE2x50\" \/>\n<meta property=\"product:condition\" content=\"new\" \/>\n<!-- \/ Yoast SEO Premium plugin. -->","yoast_head_json":{"title":"Filtr do wody basenowej Double Pack 2 szt. 50 cm (VE2x50) - MiracleBag","robots":{"index":"index","follow":"follow","max-snippet":"max-snippet:-1","max-image-preview":"max-image-preview:large","max-video-preview":"max-video-preview:-1"},"canonical":"https:\/\/miraclebag.store\/pl\/sklep\/podwojne-opakowanie\/dwupak-2szt-50-cm-ve2x50\/","og_locale":"pl_PL","og_type":"article","og_title":"Pool water filter Double Pack 2pcs 50 cm (VE2x50)","og_description":"The Double Pack comes with a 50% satisfaction guarantee!  Only choose this if you already have confidence in the product.  To try it, choose Starter Packs with a 100% satisfaction guarantee.  Same as the VE50 but with 2 filter bags  For use with a submersible pump, for smaller pools up to 2.5 metres in diameter, choose the CO100 or CO50 starter kit.  Although a 50 cm filter bag is sufficient for the volume of water, buy the 100 cm version if you can.  You will be more satisfied.  It's easier to clean, it filters more efficiently (water passes through it more slowly), and the filter bag can be used for years, so the price difference is negligible.","og_url":"https:\/\/miraclebag.store\/pl\/sklep\/podwojne-opakowanie\/dwupak-2szt-50-cm-ve2x50\/","og_site_name":"MiracleBag","article_modified_time":"2025-06-09T09:58:19+00:00","og_image":[{"width":600,"height":450,"url":"https:\/\/miraclebag.store\/wp-content\/uploads\/2023\/01\/double-pack-2pcs-50cm-VE2x50.jpg","type":"image\/jpeg"}],"twitter_card":"summary_large_image","twitter_misc":{"Cena":"&euro;&nbsp;34.54 exc. Vat","Dost\u0119pno\u015b\u0107":"Brak w magazynie"},"schema":{"@context":"https:\/\/schema.org","@graph":[{"@type":"WebPage","@id":"https:\/\/miraclebag.store\/shop\/double-pack\/double-pack-2pcs-50-cm-ve2x50\/","url":"https:\/\/miraclebag.store\/shop\/double-pack\/double-pack-2pcs-50-cm-ve2x50\/","name":"Filtr do wody basenowej Double Pack 2 szt. 50 cm (VE2x50) - MiracleBag","isPartOf":{"@id":"https:\/\/miraclebag.store\/#website"},"primaryImageOfPage":{"@id":"https:\/\/miraclebag.store\/shop\/double-pack\/double-pack-2pcs-50-cm-ve2x50\/#primaryimage"},"image":{"@id":"https:\/\/miraclebag.store\/shop\/double-pack\/double-pack-2pcs-50-cm-ve2x50\/#primaryimage"},"thumbnailUrl":"https:\/\/miraclebag.store\/wp-content\/uploads\/2023\/01\/double-pack-2pcs-50cm-VE2x50.jpg","datePublished":"2023-01-25T13:57:57+00:00","dateModified":"2025-06-09T09:58:19+00:00","breadcrumb":{"@id":"https:\/\/miraclebag.store\/shop\/double-pack\/double-pack-2pcs-50-cm-ve2x50\/#breadcrumb"},"inLanguage":"pl-PL","potentialAction":[{"@type":"ReadAction","target":["https:\/\/miraclebag.store\/shop\/double-pack\/double-pack-2pcs-50-cm-ve2x50\/"]}]},{"@type":"ImageObject","inLanguage":"pl-PL","@id":"https:\/\/miraclebag.store\/shop\/double-pack\/double-pack-2pcs-50-cm-ve2x50\/#primaryimage","url":"https:\/\/miraclebag.store\/wp-content\/uploads\/2023\/01\/double-pack-2pcs-50cm-VE2x50.jpg","contentUrl":"https:\/\/miraclebag.store\/wp-content\/uploads\/2023\/01\/double-pack-2pcs-50cm-VE2x50.jpg","width":600,"height":450,"caption":"double-pack-2pcs-50cm-VE2x50"},{"@type":"BreadcrumbList","@id":"https:\/\/miraclebag.store\/shop\/double-pack\/double-pack-2pcs-50-cm-ve2x50\/#breadcrumb","itemListElement":[{"@type":"ListItem","position":1,"name":"Home","item":"https:\/\/miraclebag.store\/"},{"@type":"ListItem","position":2,"name":"Shop","item":"https:\/\/miraclebag.store\/shop\/"},{"@type":"ListItem","position":3,"name":"Pool water filter Double Pack 2pcs 50 cm (VE2x50)"}]},{"@type":"WebSite","@id":"https:\/\/miraclebag.store\/#website","url":"https:\/\/miraclebag.store\/","name":"Torba cud\u00f3w","description":"Krystalicznie czysta woda w basenie \u2013 nie potrzeba filtra piaskowego","publisher":{"@id":"https:\/\/miraclebag.store\/#organization"},"potentialAction":[{"@type":"SearchAction","target":{"@type":"EntryPoint","urlTemplate":"https:\/\/miraclebag.store\/?s={search_term_string}"},"query-input":{"@type":"PropertyValueSpecification","valueRequired":true,"valueName":"search_term_string"}}],"inLanguage":"pl-PL"},{"@type":"Organization","@id":"https:\/\/miraclebag.store\/#organization","name":"Torba cud\u00f3w","url":"https:\/\/miraclebag.store\/","logo":{"@type":"ImageObject","inLanguage":"pl-PL","@id":"https:\/\/miraclebag.store\/#\/schema\/logo\/image\/","url":"https:\/\/miraclebag.store\/wp-content\/uploads\/2023\/01\/miraclebag-logo-blue.png","contentUrl":"https:\/\/miraclebag.store\/wp-content\/uploads\/2023\/01\/miraclebag-logo-blue.png","width":357,"height":87,"caption":"MiracleBag"},"image":{"@id":"https:\/\/miraclebag.store\/#\/schema\/logo\/image\/"}}]},"product_price_amount":"34.54","product_price_currency":"EUR","og_availability":"out of stock","product_availability":"out of stock","product_retailer_item_id":"VE2x50","product_condition":"new"},"_links":{"self":[{"href":"https:\/\/miraclebag.store\/pl\/wp-json\/wp\/v2\/product\/631","targetHints":{"allow":["GET"]}}],"collection":[{"href":"https:\/\/miraclebag.store\/pl\/wp-json\/wp\/v2\/product"}],"about":[{"href":"https:\/\/miraclebag.store\/pl\/wp-json\/wp\/v2\/types\/product"}],"replies":[{"embeddable":true,"href":"https:\/\/miraclebag.store\/pl\/wp-json\/wp\/v2\/comments?post=631"}],"wp:featuredmedia":[{"embeddable":true,"href":"https:\/\/miraclebag.store\/pl\/wp-json\/wp\/v2\/media\/738"}],"wp:attachment":[{"href":"https:\/\/miraclebag.store\/pl\/wp-json\/wp\/v2\/media?parent=631"}],"wp:term":[{"taxonomy":"product_brand","embeddable":true,"href":"https:\/\/miraclebag.store\/pl\/wp-json\/wp\/v2\/product_brand?post=631"},{"taxonomy":"product_cat","embeddable":true,"href":"https:\/\/miraclebag.store\/pl\/wp-json\/wp\/v2\/product_cat?post=631"},{"taxonomy":"product_tag","embeddable":true,"href":"https:\/\/miraclebag.store\/pl\/wp-json\/wp\/v2\/product_tag?post=631"}],"curies":[{"name":"wp","href":"https:\/\/api.w.org\/{rel}","templated":true}]}}