{"id":1245,"date":"2023-05-02T11:52:31","date_gmt":"2023-05-02T09:52:31","guid":{"rendered":"https:\/\/miraclebag.store\/?post_type=product&#038;p=1245"},"modified":"2025-10-06T12:43:25","modified_gmt":"2025-10-06T10:43:25","slug":"opakowanie-dodatkowe-100-cm","status":"publish","type":"product","link":"https:\/\/miraclebag.store\/pl\/sklep\/inne-produkty\/opakowanie-dodatkowe-100-cm\/","title":{"rendered":"Dodatkowy pakiet 100 cm (AP100)"},"content":{"rendered":"<h3>Dzi\u0119ki temu zestawowi mo\u017cesz uzupe\u0142ni\u0107 zestawy startowe VE100, MB2xSet i MB3xSet, aby uzyska\u0107 wi\u0119ksz\u0105 powierzchni\u0119 filtrowania.<\/h3>\n<p>Zwi\u0119kszenie powierzchni filtra nie skraca czasu filtracji!<br \/>\nZalet\u0105 jest to, \u017ce worki filtracyjne trzeba czy\u015bci\u0107 rzadziej, ale za to zu\u017cywa si\u0119 ich wi\u0119cej.<br \/>\nKolejn\u0105 zalet\u0105 jest to, \u017ce ci\u015bnienie wody jest ni\u017csze na wi\u0119kszej powierzchni, co przek\u0142ada si\u0119 na ni\u017csz\u0105 skuteczno\u015b\u0107 dok\u0142adnej filtracji, gdy\u017c ci\u015bnienie wody nie przepycha najmniejszych cz\u0105steczek przez materia\u0142 filtracyjny, kt\u00f3re nast\u0119pnie zostan\u0105 wychwytane przez filtr dopiero w kolejnym obiegu filtruj\u0105cym.<\/p>\n<p>Mo\u017cna skr\u00f3ci\u0107 czas filtracji stosuj\u0105c kilka pomp.<\/p>\n<h3><strong>O cudownej torbie<\/strong><\/h3>\n<p><span style=\"color: #000000\">Filtr wody basenowej jest w stanie odfiltrowa\u0107 z wody basenowej wszystkie p\u0142ywaj\u0105ce zanieczyszczenia, w tym te, kt\u00f3re powoduj\u0105, \u017ce woda staje si\u0119 m\u0119tna. Sproszkowane algi, algi zielone, tlenek \u017celaza, tlenek manganu.<\/span><\/p>\n<p><span style=\"color: #000000\"><strong>Worek do filtracji wody wykonany z materia\u0142u do przemys\u0142owej filtracji wody o grubo\u015bci 1 lub 5 mikron\u00f3w<\/strong>, z mo\u017cliwo\u015bci\u0105 w\u0142o\u017cenia przy\u0142\u0105cza w\u0119\u017ca (\u015brednica: 32mm). Wymiary 100 cm x 15 cm, powierzchnia filtracyjna 0,3 m2. Wydajno\u015b\u0107 5-mikronowego materia\u0142u filtracyjnego jest por\u00f3wnywalna lub lepsza ni\u017c w przypadku filtr\u00f3w piaskowych. Materia\u0142 filtruj\u0105cy o wielko\u015bci 1 mikrona mo\u017ce r\u00f3wnie\u017c odfiltrowa\u0107 wi\u0119kszo\u015b\u0107 zielonych alg z wody, pozostawiaj\u0105c krystalicznie czyst\u0105 wod\u0119 w basenie! <strong>Jest ta\u0144szy, prostszy, wydajniejszy i bardziej ekonomiczny ni\u017c istniej\u0105ce systemy filtracji basen\u00f3w.<\/strong><\/span><\/p>\n<h3><strong>Poprzednia wersja Miracle Bag:<\/strong><\/h3>\n<p><iframe title=\"Miraclebag, filtr do wody w basenie, zamiast filtra piaskowego V3 2\" width=\"800\" height=\"450\" src=\"https:\/\/www.youtube.com\/embed\/QFNBelhcX5M?feature=oembed\" frameborder=\"0\" allow=\"accelerometer; autoplay; clipboard-write; encrypted-media; gyroscope; picture-in-picture; web-share\" referrerpolicy=\"strict-origin-when-cross-origin\" allowfullscreen><\/iframe><\/p>\n<h3><strong>Zaw\u00f3r bezpiecze\u0144stwa chroni\u0105cy worek przed nadci\u015bnieniem:<\/strong><\/h3>\n<p><iframe title=\"GT szelep kr\u00f3tki nologo\" width=\"800\" height=\"450\" src=\"https:\/\/www.youtube.com\/embed\/OQFIxZywlEA?feature=oembed\" frameborder=\"0\" allow=\"accelerometer; autoplay; clipboard-write; encrypted-media; gyroscope; picture-in-picture; web-share\" referrerpolicy=\"strict-origin-when-cross-origin\" allowfullscreen><\/iframe><\/p>\n<div class=\"elementor-element elementor-element-ad049ff elementor-widget elementor-widget-text-editor\" data-id=\"ad049ff\" data-element_type=\"widget\" data-widget_type=\"text-editor.default\">\n<div class=\"elementor-widget-container\">\n<h3><span style=\"color: #000000\"><strong>\u0141atwy w u\u017cyciu<\/strong><\/span><\/h3>\n<p><span style=\"color: #000000\"><strong>Najprostszym i najskuteczniejszym sposobem jest u\u017cycie go z pomp\u0105 zanurzeniow\u0105.<\/strong><\/span><\/p>\n<p><span style=\"color: #000000\"><strong>Jednokierunkowa:<\/strong> obr\u00f3\u0107 wod\u0119 w basenie jak wir i umie\u015b\u0107 pomp\u0119 zanurzeniow\u0105 na \u015brodku, na dnie basenu. Przymocuj worek filtruj\u0105cy do kraw\u0119dzi basenu. Ca\u0142y osad trafi do worka w ci\u0105gu kilku minut. Odkurzanie nie jest wymagane.<\/span><\/p>\n<p><span style=\"color: #000000\"><strong>Inny spos\u00f3b:<\/strong> po\u0142\u0105czy\u0107 worek filtracyjny d\u0142ugim w\u0119\u017cem, aby pompa zanurzeniowa i worek filtracyjny znajdowa\u0142y si\u0119 jak najdalej od siebie. Czysta woda wyp\u0142ywaj\u0105ca z worka filtruj\u0105cego popycha niefiltrowan\u0105 wod\u0119 w kierunku pompy. Pompa na dnie basenu zasysa wszystkie p\u0142ywaj\u0105ce zanieczyszczenia i wi\u0119kszo\u015b\u0107 piasku. Ci\u0119\u017cszy piasek, kt\u00f3ry gromadzi si\u0119 w fa\u0142dach dna basenu, mo\u017cna przepchn\u0105\u0107 w kierunku pompy za pomoc\u0105 szczotki. W ten spos\u00f3b woda w basenie b\u0119dzie czysta w ci\u0105gu kilku godzin i nie b\u0119dzie potrzeby odkurzania.<\/span><\/p>\n<\/div>\n<\/div>","protected":false},"excerpt":{"rendered":"<ul>\n<li class=\"ai-optimize-12\">Nie ma gwarancji satysfakcji dla tego pakietu!<\/li>\n<li class=\"ai-optimize-13\">Dodatkowy worek filtruj\u0105cy do pakietu VE100 lub VE50 lub MB3xSet.<\/li>\n<li class=\"ai-optimize-14\">Mo\u017cesz pod\u0142\u0105czy\u0107 dowoln\u0105 liczb\u0119 work\u00f3w filtracyjnych, aby stworzy\u0107 ogromn\u0105 powierzchni\u0119 filtracyjn\u0105.<\/li>\n<li class=\"ai-optimize-15\">1 szt. zapasowy worek filtruj\u0105cy 100 cm. Wymagane z\u0142\u0105czki rurowe.<\/li>\n<\/ul>","protected":false},"featured_media":2521,"comment_status":"open","ping_status":"closed","template":"","meta":[],"product_brand":[],"product_cat":[25],"product_tag":[],"class_list":{"0":"post-1245","1":"product","2":"type-product","3":"status-publish","4":"has-post-thumbnail","6":"product_cat-other-products","8":"first","9":"instock","10":"taxable","11":"shipping-taxable","12":"purchasable","13":"product-type-simple"},"yoast_head":"<!-- This site is optimized with the Yoast SEO Premium plugin v26.8 (Yoast SEO v26.8) - https:\/\/yoast.com\/product\/yoast-seo-premium-wordpress\/ -->\n<title>Additional Pack 100 cm (AP100) - MiracleBag<\/title>\n<meta name=\"robots\" content=\"index, follow, max-snippet:-1, max-image-preview:large, max-video-preview:-1\" \/>\n<link rel=\"canonical\" href=\"https:\/\/miraclebag.store\/pl\/sklep\/inne-produkty\/opakowanie-dodatkowe-100-cm\/\" \/>\n<meta property=\"og:locale\" content=\"pl_PL\" \/>\n<meta property=\"og:type\" content=\"article\" \/>\n<meta property=\"og:title\" content=\"Additional Pack 100 cm (AP100)\" \/>\n<meta property=\"og:description\" content=\"No satisfaction guarantee is applicable for this package!  Additional filter bag for VE100 or VE50 or MB3xSet package.  You can connect as many filter bags as you like to create a huge filter surface.  1 pcs spare filter bag 100 cm. Required pipe fittings.\" \/>\n<meta property=\"og:url\" content=\"https:\/\/miraclebag.store\/pl\/sklep\/inne-produkty\/opakowanie-dodatkowe-100-cm\/\" \/>\n<meta property=\"og:site_name\" content=\"MiracleBag\" \/>\n<meta property=\"article:modified_time\" content=\"2025-10-06T10:43:25+00:00\" \/>\n<meta property=\"og:image\" content=\"https:\/\/miraclebag.store\/wp-content\/uploads\/2023\/05\/AI_Background_Remover-5-e1749362950478.png\" \/>\n\t<meta property=\"og:image:width\" content=\"976\" \/>\n\t<meta property=\"og:image:height\" content=\"976\" \/>\n\t<meta property=\"og:image:type\" content=\"image\/png\" \/>\n<meta name=\"twitter:card\" content=\"summary_large_image\" \/>\n<meta name=\"twitter:label1\" content=\"Cena\" \/>\n\t<meta name=\"twitter:data1\" content=\"&euro;&nbsp;35.95 exc. Vat\" \/>\n\t<meta name=\"twitter:label2\" content=\"Dost\u0119pno\u015b\u0107\" \/>\n\t<meta name=\"twitter:data2\" content=\"Dost\u0119pny\" \/>\n<script type=\"application\/ld+json\" class=\"yoast-schema-graph\">{\"@context\":\"https:\/\/schema.org\",\"@graph\":[{\"@type\":\"WebPage\",\"@id\":\"https:\/\/miraclebag.store\/shop\/other-products\/additional-pack-100-cm\/\",\"url\":\"https:\/\/miraclebag.store\/shop\/other-products\/additional-pack-100-cm\/\",\"name\":\"Additional Pack 100 cm (AP100) - MiracleBag\",\"isPartOf\":{\"@id\":\"https:\/\/miraclebag.store\/#website\"},\"primaryImageOfPage\":{\"@id\":\"https:\/\/miraclebag.store\/shop\/other-products\/additional-pack-100-cm\/#primaryimage\"},\"image\":{\"@id\":\"https:\/\/miraclebag.store\/shop\/other-products\/additional-pack-100-cm\/#primaryimage\"},\"thumbnailUrl\":\"https:\/\/miraclebag.store\/wp-content\/uploads\/2023\/05\/AI_Background_Remover-5-e1749362950478.png\",\"datePublished\":\"2023-05-02T09:52:31+00:00\",\"dateModified\":\"2025-10-06T10:43:25+00:00\",\"breadcrumb\":{\"@id\":\"https:\/\/miraclebag.store\/shop\/other-products\/additional-pack-100-cm\/#breadcrumb\"},\"inLanguage\":\"pl-PL\",\"potentialAction\":[{\"@type\":\"ReadAction\",\"target\":[\"https:\/\/miraclebag.store\/shop\/other-products\/additional-pack-100-cm\/\"]}]},{\"@type\":\"ImageObject\",\"inLanguage\":\"pl-PL\",\"@id\":\"https:\/\/miraclebag.store\/shop\/other-products\/additional-pack-100-cm\/#primaryimage\",\"url\":\"https:\/\/miraclebag.store\/wp-content\/uploads\/2023\/05\/AI_Background_Remover-5-e1749362950478.png\",\"contentUrl\":\"https:\/\/miraclebag.store\/wp-content\/uploads\/2023\/05\/AI_Background_Remover-5-e1749362950478.png\",\"width\":976,\"height\":976},{\"@type\":\"BreadcrumbList\",\"@id\":\"https:\/\/miraclebag.store\/shop\/other-products\/additional-pack-100-cm\/#breadcrumb\",\"itemListElement\":[{\"@type\":\"ListItem\",\"position\":1,\"name\":\"Home\",\"item\":\"https:\/\/miraclebag.store\/\"},{\"@type\":\"ListItem\",\"position\":2,\"name\":\"Shop\",\"item\":\"https:\/\/miraclebag.store\/shop\/\"},{\"@type\":\"ListItem\",\"position\":3,\"name\":\"Additional Pack 100 cm (AP100)\"}]},{\"@type\":\"WebSite\",\"@id\":\"https:\/\/miraclebag.store\/#website\",\"url\":\"https:\/\/miraclebag.store\/\",\"name\":\"MiracleBag\",\"description\":\"Crystal clear pool water \u2013 no sand filter needed\",\"publisher\":{\"@id\":\"https:\/\/miraclebag.store\/#organization\"},\"potentialAction\":[{\"@type\":\"SearchAction\",\"target\":{\"@type\":\"EntryPoint\",\"urlTemplate\":\"https:\/\/miraclebag.store\/?s={search_term_string}\"},\"query-input\":{\"@type\":\"PropertyValueSpecification\",\"valueRequired\":true,\"valueName\":\"search_term_string\"}}],\"inLanguage\":\"pl-PL\"},{\"@type\":\"Organization\",\"@id\":\"https:\/\/miraclebag.store\/#organization\",\"name\":\"MiracleBag\",\"url\":\"https:\/\/miraclebag.store\/\",\"logo\":{\"@type\":\"ImageObject\",\"inLanguage\":\"pl-PL\",\"@id\":\"https:\/\/miraclebag.store\/#\/schema\/logo\/image\/\",\"url\":\"https:\/\/miraclebag.store\/wp-content\/uploads\/2023\/01\/miraclebag-logo-blue.png\",\"contentUrl\":\"https:\/\/miraclebag.store\/wp-content\/uploads\/2023\/01\/miraclebag-logo-blue.png\",\"width\":357,\"height\":87,\"caption\":\"MiracleBag\"},\"image\":{\"@id\":\"https:\/\/miraclebag.store\/#\/schema\/logo\/image\/\"}}]}<\/script>\n<meta property=\"product:price:amount\" content=\"35.95\" \/>\n<meta property=\"product:price:currency\" content=\"EUR\" \/>\n<meta property=\"og:availability\" content=\"instock\" \/>\n<meta property=\"product:availability\" content=\"instock\" \/>\n<meta property=\"product:retailer_item_id\" content=\"AP100\" \/>\n<meta property=\"product:condition\" content=\"new\" \/>\n<!-- \/ Yoast SEO Premium plugin. -->","yoast_head_json":{"title":"Dodatkowy pakiet 100 cm (AP100) - MiracleBag","robots":{"index":"index","follow":"follow","max-snippet":"max-snippet:-1","max-image-preview":"max-image-preview:large","max-video-preview":"max-video-preview:-1"},"canonical":"https:\/\/miraclebag.store\/pl\/sklep\/inne-produkty\/opakowanie-dodatkowe-100-cm\/","og_locale":"pl_PL","og_type":"article","og_title":"Additional Pack 100 cm (AP100)","og_description":"No satisfaction guarantee is applicable for this package!  Additional filter bag for VE100 or VE50 or MB3xSet package.  You can connect as many filter bags as you like to create a huge filter surface.  1 pcs spare filter bag 100 cm. Required pipe fittings.","og_url":"https:\/\/miraclebag.store\/pl\/sklep\/inne-produkty\/opakowanie-dodatkowe-100-cm\/","og_site_name":"MiracleBag","article_modified_time":"2025-10-06T10:43:25+00:00","og_image":[{"width":976,"height":976,"url":"https:\/\/miraclebag.store\/wp-content\/uploads\/2023\/05\/AI_Background_Remover-5-e1749362950478.png","type":"image\/png"}],"twitter_card":"summary_large_image","twitter_misc":{"Cena":"&euro;&nbsp;35.95 exc. Vat","Dost\u0119pno\u015b\u0107":"Dost\u0119pny"},"schema":{"@context":"https:\/\/schema.org","@graph":[{"@type":"WebPage","@id":"https:\/\/miraclebag.store\/shop\/other-products\/additional-pack-100-cm\/","url":"https:\/\/miraclebag.store\/shop\/other-products\/additional-pack-100-cm\/","name":"Dodatkowy pakiet 100 cm (AP100) - MiracleBag","isPartOf":{"@id":"https:\/\/miraclebag.store\/#website"},"primaryImageOfPage":{"@id":"https:\/\/miraclebag.store\/shop\/other-products\/additional-pack-100-cm\/#primaryimage"},"image":{"@id":"https:\/\/miraclebag.store\/shop\/other-products\/additional-pack-100-cm\/#primaryimage"},"thumbnailUrl":"https:\/\/miraclebag.store\/wp-content\/uploads\/2023\/05\/AI_Background_Remover-5-e1749362950478.png","datePublished":"2023-05-02T09:52:31+00:00","dateModified":"2025-10-06T10:43:25+00:00","breadcrumb":{"@id":"https:\/\/miraclebag.store\/shop\/other-products\/additional-pack-100-cm\/#breadcrumb"},"inLanguage":"pl-PL","potentialAction":[{"@type":"ReadAction","target":["https:\/\/miraclebag.store\/shop\/other-products\/additional-pack-100-cm\/"]}]},{"@type":"ImageObject","inLanguage":"pl-PL","@id":"https:\/\/miraclebag.store\/shop\/other-products\/additional-pack-100-cm\/#primaryimage","url":"https:\/\/miraclebag.store\/wp-content\/uploads\/2023\/05\/AI_Background_Remover-5-e1749362950478.png","contentUrl":"https:\/\/miraclebag.store\/wp-content\/uploads\/2023\/05\/AI_Background_Remover-5-e1749362950478.png","width":976,"height":976},{"@type":"BreadcrumbList","@id":"https:\/\/miraclebag.store\/shop\/other-products\/additional-pack-100-cm\/#breadcrumb","itemListElement":[{"@type":"ListItem","position":1,"name":"Home","item":"https:\/\/miraclebag.store\/"},{"@type":"ListItem","position":2,"name":"Shop","item":"https:\/\/miraclebag.store\/shop\/"},{"@type":"ListItem","position":3,"name":"Additional Pack 100 cm (AP100)"}]},{"@type":"WebSite","@id":"https:\/\/miraclebag.store\/#website","url":"https:\/\/miraclebag.store\/","name":"Torba cud\u00f3w","description":"Krystalicznie czysta woda w basenie \u2013 nie potrzeba filtra piaskowego","publisher":{"@id":"https:\/\/miraclebag.store\/#organization"},"potentialAction":[{"@type":"SearchAction","target":{"@type":"EntryPoint","urlTemplate":"https:\/\/miraclebag.store\/?s={search_term_string}"},"query-input":{"@type":"PropertyValueSpecification","valueRequired":true,"valueName":"search_term_string"}}],"inLanguage":"pl-PL"},{"@type":"Organization","@id":"https:\/\/miraclebag.store\/#organization","name":"Torba cud\u00f3w","url":"https:\/\/miraclebag.store\/","logo":{"@type":"ImageObject","inLanguage":"pl-PL","@id":"https:\/\/miraclebag.store\/#\/schema\/logo\/image\/","url":"https:\/\/miraclebag.store\/wp-content\/uploads\/2023\/01\/miraclebag-logo-blue.png","contentUrl":"https:\/\/miraclebag.store\/wp-content\/uploads\/2023\/01\/miraclebag-logo-blue.png","width":357,"height":87,"caption":"MiracleBag"},"image":{"@id":"https:\/\/miraclebag.store\/#\/schema\/logo\/image\/"}}]},"product_price_amount":"35.95","product_price_currency":"EUR","og_availability":"instock","product_availability":"instock","product_retailer_item_id":"AP100","product_condition":"new"},"_links":{"self":[{"href":"https:\/\/miraclebag.store\/pl\/wp-json\/wp\/v2\/product\/1245","targetHints":{"allow":["GET"]}}],"collection":[{"href":"https:\/\/miraclebag.store\/pl\/wp-json\/wp\/v2\/product"}],"about":[{"href":"https:\/\/miraclebag.store\/pl\/wp-json\/wp\/v2\/types\/product"}],"replies":[{"embeddable":true,"href":"https:\/\/miraclebag.store\/pl\/wp-json\/wp\/v2\/comments?post=1245"}],"wp:featuredmedia":[{"embeddable":true,"href":"https:\/\/miraclebag.store\/pl\/wp-json\/wp\/v2\/media\/2521"}],"wp:attachment":[{"href":"https:\/\/miraclebag.store\/pl\/wp-json\/wp\/v2\/media?parent=1245"}],"wp:term":[{"taxonomy":"product_brand","embeddable":true,"href":"https:\/\/miraclebag.store\/pl\/wp-json\/wp\/v2\/product_brand?post=1245"},{"taxonomy":"product_cat","embeddable":true,"href":"https:\/\/miraclebag.store\/pl\/wp-json\/wp\/v2\/product_cat?post=1245"},{"taxonomy":"product_tag","embeddable":true,"href":"https:\/\/miraclebag.store\/pl\/wp-json\/wp\/v2\/product_tag?post=1245"}],"curies":[{"name":"wp","href":"https:\/\/api.w.org\/{rel}","templated":true}]}}