{"id":891,"date":"2023-02-21T14:19:43","date_gmt":"2023-02-21T13:19:43","guid":{"rendered":"https:\/\/miraclebag.store\/?page_id=891"},"modified":"2023-05-26T12:54:27","modified_gmt":"2023-05-26T10:54:27","slug":"o-nas","status":"publish","type":"page","link":"https:\/\/miraclebag.store\/pl\/o-nas\/","title":{"rendered":"O nas"},"content":{"rendered":"<div data-elementor-type=\"wp-page\" data-elementor-id=\"891\" class=\"elementor elementor-891\" data-elementor-post-type=\"page\">\n\t\t\t\t<div class=\"elementor-element elementor-element-1ecdc71 e-flex e-con-boxed e-con e-parent\" data-id=\"1ecdc71\" data-element_type=\"container\">\n\t\t\t\t\t<div class=\"e-con-inner\">\n\t\t\t\t<div class=\"elementor-element elementor-element-f82df3a elementor-widget-tablet__width-initial elementor-widget elementor-widget-heading\" data-id=\"f82df3a\" data-element_type=\"widget\" data-widget_type=\"heading.default\">\n\t\t\t\t<div class=\"elementor-widget-container\">\n\t\t\t\t\t<h1 class=\"elementor-heading-title elementor-size-default\">O nas<\/h1>\t\t\t\t<\/div>\n\t\t\t\t<\/div>\n\t\t\t\t<div class=\"elementor-element elementor-element-a5a0a48 elementor-widget elementor-widget-image\" data-id=\"a5a0a48\" data-element_type=\"widget\" data-widget_type=\"image.default\">\n\t\t\t\t<div class=\"elementor-widget-container\">\n\t\t\t\t\t\t\t\t\t\t\t\t\t\t\t<img fetchpriority=\"high\" decoding=\"async\" width=\"351\" height=\"300\" src=\"https:\/\/miraclebag.store\/wp-content\/uploads\/2023\/04\/mascot-miracle-bag-2.png\" class=\"attachment-large size-large wp-image-1068\" alt=\"maskotka-cud-torba-2\" srcset=\"https:\/\/miraclebag.store\/wp-content\/uploads\/2023\/04\/mascot-miracle-bag-2.png 351w, https:\/\/miraclebag.store\/wp-content\/uploads\/2023\/04\/mascot-miracle-bag-2-300x256.png 300w\" sizes=\"(max-width: 351px) 100vw, 351px\" \/>\t\t\t\t\t\t\t\t\t\t\t\t\t\t\t<\/div>\n\t\t\t\t<\/div>\n\t\t\t\t\t<\/div>\n\t\t\t\t<\/div>\n\t\t<div class=\"elementor-element elementor-element-0e31e9a e-flex e-con-boxed e-con e-parent\" data-id=\"0e31e9a\" data-element_type=\"container\">\n\t\t\t\t\t<div class=\"e-con-inner\">\n\t\t<div class=\"elementor-element elementor-element-99b9109 e-con-full e-flex e-con e-parent\" data-id=\"99b9109\" data-element_type=\"container\">\n\t\t\t\t<div class=\"elementor-element elementor-element-9eb31e1 elementor-widget elementor-widget-image\" data-id=\"9eb31e1\" data-element_type=\"widget\" data-widget_type=\"image.default\">\n\t\t\t\t<div class=\"elementor-widget-container\">\n\t\t\t\t\t\t\t\t\t\t\t\t\t\t\t<img decoding=\"async\" width=\"577\" height=\"433\" src=\"https:\/\/miraclebag.store\/wp-content\/uploads\/2023\/05\/janos-strausz-miraclebag.jpg\" class=\"attachment-large size-large wp-image-1397\" alt=\"janos-strausz-miraclebag\" srcset=\"https:\/\/miraclebag.store\/wp-content\/uploads\/2023\/05\/janos-strausz-miraclebag.jpg 577w, https:\/\/miraclebag.store\/wp-content\/uploads\/2023\/05\/janos-strausz-miraclebag-300x225.jpg 300w\" sizes=\"(max-width: 577px) 100vw, 577px\" \/>\t\t\t\t\t\t\t\t\t\t\t\t\t\t\t<\/div>\n\t\t\t\t<\/div>\n\t\t\t\t<div class=\"elementor-element elementor-element-bc13005 elementor-widget elementor-widget-text-editor\" data-id=\"bc13005\" data-element_type=\"widget\" data-widget_type=\"text-editor.default\">\n\t\t\t\t<div class=\"elementor-widget-container\">\n\t\t\t\t\t\t\t\t\t<strong>Rozw\u00f3j produktu rozpocz\u0105\u0142 si\u0119 9 lat temu od tego prototypu:<\/strong>\t\t\t\t\t\t\t\t<\/div>\n\t\t\t\t<\/div>\n\t\t\t\t<div class=\"elementor-element elementor-element-4f3f43c elementor-widget-tablet__width-initial elementor-widget elementor-widget-video\" data-id=\"4f3f43c\" data-element_type=\"widget\" data-settings=\"{&quot;youtube_url&quot;:&quot;https:\\\/\\\/www.youtube.com\\\/watch?v=LtGisf5Xk6c&quot;,&quot;lazy_load&quot;:&quot;yes&quot;,&quot;video_type&quot;:&quot;youtube&quot;,&quot;controls&quot;:&quot;yes&quot;}\" data-widget_type=\"video.default\">\n\t\t\t\t<div class=\"elementor-widget-container\">\n\t\t\t\t\t\t\t<div class=\"elementor-wrapper elementor-open-inline\">\n\t\t\t<div class=\"elementor-video\"><\/div>\t\t<\/div>\n\t\t\t\t\t\t<\/div>\n\t\t\t\t<\/div>\n\t\t\t\t<\/div>\n\t\t<div class=\"elementor-element elementor-element-24bb3e4 e-con-full e-flex e-con e-parent\" data-id=\"24bb3e4\" data-element_type=\"container\">\n\t\t\t\t<div class=\"elementor-element elementor-element-275b933 elementor-widget elementor-widget-text-editor\" data-id=\"275b933\" data-element_type=\"widget\" data-widget_type=\"text-editor.default\">\n\t\t\t\t<div class=\"elementor-widget-container\">\n\t\t\t\t\t\t\t\t\t<h3><strong>Jestem J\u00e1nos Strausz z W\u0119gier\u2026<\/strong><\/h3><p><strong>Jestem tw\u00f3rc\u0105 Miracle Bag.<\/strong>\u00a0Od dziesi\u0119cioleci rozwijam proste narz\u0119dzia dla gospodarstw domowych i firm, w kt\u00f3rych pracowa\u0142em. W\u015br\u00f3d nich by\u0142y tak\u017ce firmy globalne. Mam kilka patent\u00f3w. Rozw\u00f3j na du\u017c\u0105 skal\u0119 dla innych przyni\u00f3s\u0142 mi tylko korzy\u015b\u0107 moraln\u0105. W wi\u0119kszo\u015bci pomys\u0142y te zosta\u0142y przyj\u0119te lub ledwo wynagrodzone, generuj\u0105c miliony dolar\u00f3w zysku dla innych.<\/p><p>Wi\u0119c cofn\u0105\u0142em si\u0119 o krok i teraz robi\u0119 tylko rzeczy, kt\u00f3re mog\u0119 sam sfinansowa\u0107. <strong>Moj\u0105 misj\u0105 jest pomaganie ludziom w jak najta\u0144szym znajdowaniu produkt\u00f3w i rozwi\u0105za\u0144 codziennych wyzwa\u0144.<\/strong> S\u0105 to na przyk\u0142ad ogrzewanie basenu, magazynowanie wody, sprz\u0119t ogrodniczy, ogrzewanie s\u0142oneczne itp.<\/p><p>Rozwi\u0105zuj\u0119 wszystko w najprostszy spos\u00f3b. Nie ma \u017cadnych zb\u0119dnych dodatk\u00f3w, cz\u0119\u015bci czy fantazyjnych opakowa\u0144 podnosz\u0105cych cen\u0119 produktu. Wiele moich produkt\u00f3w jest nie tylko ta\u0144szych, ale znacznie lepszych od dotychczasowych rozwi\u0105za\u0144.<\/p><p><strong>Jednym z takich produkt\u00f3w jest Miracle Bag.<\/strong> Od 8 lat opracowuj\u0119 i dystrybuuj\u0119 Miracle Bag w kilku krajach europejskich, a teraz mo\u017cesz wypr\u00f3bowa\u0107 go r\u00f3wnie\u017c w moim mi\u0119dzynarodowym sklepie internetowym.<\/p><p>Na szcz\u0119\u015bcie Cudowna Torba jest lekka, wi\u0119c mog\u0119 j\u0105 tanio wys\u0142a\u0107 w dowolne miejsce na \u015bwiecie. <strong>Miracle Bag jest tak skutecznym produktem, \u017ce 85% moich klient\u00f3w przychodzi do mnie z polecenia innych.<\/strong><\/p><p>Wielu moim w\u0119gierskim klientom mog\u0119 udziela\u0107 porad przez telefon. Nie jest to jednak mo\u017cliwe w dystrybucji mi\u0119dzynarodowej, ale mo\u017cemy pom\u00f3c w formie pisemnej. \u017bycz\u0119 przyjemnej k\u0105pieli.<\/p>\t\t\t\t\t\t\t\t<\/div>\n\t\t\t\t<\/div>\n\t\t\t\t<\/div>\n\t\t\t\t\t<\/div>\n\t\t\t\t<\/div>\n\t\t\t\t<\/div>","protected":false},"excerpt":{"rendered":"<p>O nas Rozw\u00f3j produktu rozpocz\u0105\u0142 si\u0119 9 lat temu od tego prototypu: https:\/\/www.youtube.com\/watch?v=LtGisf5Xk6c Nazywam si\u0119 J\u00e1nos Strausz z W\u0119gier\u2026 Jestem tw\u00f3rc\u0105 Miracle Bag. Od kilkudziesi\u0119ciu lat opracowuj\u0119 proste narz\u0119dzia dla gospodarstw domowych i firm, w kt\u00f3rych pracowa\u0142em. W\u015br\u00f3d nich znalaz\u0142y si\u0119 tak\u017ce firmy globalne. Mam kilka patent\u00f3w. Inwestycje na du\u017c\u0105 skal\u0119 dla\u2026<\/p>","protected":false},"author":2,"featured_media":0,"parent":0,"menu_order":0,"comment_status":"closed","ping_status":"closed","template":"elementor_header_footer","meta":{"footnotes":""},"class_list":["post-891","page","type-page","status-publish","hentry"],"yoast_head":"<!-- This site is optimized with the Yoast SEO Premium plugin v26.8 (Yoast SEO v26.8) - https:\/\/yoast.com\/product\/yoast-seo-premium-wordpress\/ -->\n<title>About us - MiracleBag<\/title>\n<meta name=\"description\" content=\"My mission is to help people find products and solutions to everyday challenges as cheaply as possible.\" \/>\n<meta name=\"robots\" content=\"index, follow, max-snippet:-1, max-image-preview:large, max-video-preview:-1\" \/>\n<link rel=\"canonical\" href=\"https:\/\/miraclebag.store\/pl\/o-nas\/\" \/>\n<meta property=\"og:locale\" content=\"pl_PL\" \/>\n<meta property=\"og:type\" content=\"article\" \/>\n<meta property=\"og:title\" content=\"About us\" \/>\n<meta property=\"og:description\" content=\"My mission is to help people find products and solutions to everyday challenges as cheaply as possible.\" \/>\n<meta property=\"og:url\" content=\"https:\/\/miraclebag.store\/pl\/o-nas\/\" \/>\n<meta property=\"og:site_name\" content=\"MiracleBag\" \/>\n<meta property=\"article:modified_time\" content=\"2023-05-26T10:54:27+00:00\" \/>\n<meta property=\"og:image\" content=\"https:\/\/miraclebag.store\/wp-content\/uploads\/2023\/04\/mascot-miracle-bag-2.png\" \/>\n<meta name=\"twitter:card\" content=\"summary_large_image\" \/>\n<meta name=\"twitter:label1\" content=\"Szacowany czas czytania\" \/>\n\t<meta name=\"twitter:data1\" content=\"2 minuty\" \/>\n<script type=\"application\/ld+json\" class=\"yoast-schema-graph\">{\"@context\":\"https:\/\/schema.org\",\"@graph\":[{\"@type\":\"WebPage\",\"@id\":\"https:\/\/miraclebag.store\/about-us\/\",\"url\":\"https:\/\/miraclebag.store\/about-us\/\",\"name\":\"About us - MiracleBag\",\"isPartOf\":{\"@id\":\"https:\/\/miraclebag.store\/#website\"},\"primaryImageOfPage\":{\"@id\":\"https:\/\/miraclebag.store\/about-us\/#primaryimage\"},\"image\":{\"@id\":\"https:\/\/miraclebag.store\/about-us\/#primaryimage\"},\"thumbnailUrl\":\"https:\/\/miraclebag.store\/wp-content\/uploads\/2023\/04\/mascot-miracle-bag-2.png\",\"datePublished\":\"2023-02-21T13:19:43+00:00\",\"dateModified\":\"2023-05-26T10:54:27+00:00\",\"description\":\"My mission is to help people find products and solutions to everyday challenges as cheaply as possible.\",\"breadcrumb\":{\"@id\":\"https:\/\/miraclebag.store\/about-us\/#breadcrumb\"},\"inLanguage\":\"pl-PL\",\"potentialAction\":[{\"@type\":\"ReadAction\",\"target\":[\"https:\/\/miraclebag.store\/about-us\/\"]}]},{\"@type\":\"ImageObject\",\"inLanguage\":\"pl-PL\",\"@id\":\"https:\/\/miraclebag.store\/about-us\/#primaryimage\",\"url\":\"https:\/\/miraclebag.store\/wp-content\/uploads\/2023\/04\/mascot-miracle-bag-2.png\",\"contentUrl\":\"https:\/\/miraclebag.store\/wp-content\/uploads\/2023\/04\/mascot-miracle-bag-2.png\"},{\"@type\":\"BreadcrumbList\",\"@id\":\"https:\/\/miraclebag.store\/about-us\/#breadcrumb\",\"itemListElement\":[{\"@type\":\"ListItem\",\"position\":1,\"name\":\"Home\",\"item\":\"https:\/\/miraclebag.store\/\"},{\"@type\":\"ListItem\",\"position\":2,\"name\":\"About us\"}]},{\"@type\":\"WebSite\",\"@id\":\"https:\/\/miraclebag.store\/#website\",\"url\":\"https:\/\/miraclebag.store\/\",\"name\":\"MiracleBag\",\"description\":\"Crystal clear pool water \u2013 no sand filter needed\",\"publisher\":{\"@id\":\"https:\/\/miraclebag.store\/#organization\"},\"potentialAction\":[{\"@type\":\"SearchAction\",\"target\":{\"@type\":\"EntryPoint\",\"urlTemplate\":\"https:\/\/miraclebag.store\/?s={search_term_string}\"},\"query-input\":{\"@type\":\"PropertyValueSpecification\",\"valueRequired\":true,\"valueName\":\"search_term_string\"}}],\"inLanguage\":\"pl-PL\"},{\"@type\":\"Organization\",\"@id\":\"https:\/\/miraclebag.store\/#organization\",\"name\":\"MiracleBag\",\"url\":\"https:\/\/miraclebag.store\/\",\"logo\":{\"@type\":\"ImageObject\",\"inLanguage\":\"pl-PL\",\"@id\":\"https:\/\/miraclebag.store\/#\/schema\/logo\/image\/\",\"url\":\"https:\/\/miraclebag.store\/wp-content\/uploads\/2023\/01\/miraclebag-logo-blue.png\",\"contentUrl\":\"https:\/\/miraclebag.store\/wp-content\/uploads\/2023\/01\/miraclebag-logo-blue.png\",\"width\":357,\"height\":87,\"caption\":\"MiracleBag\"},\"image\":{\"@id\":\"https:\/\/miraclebag.store\/#\/schema\/logo\/image\/\"}}]}<\/script>\n<!-- \/ Yoast SEO Premium plugin. -->","yoast_head_json":{"title":"O nas - MiracleBag","description":"Moj\u0105 misj\u0105 jest pomaganie ludziom w jak najta\u0144szym znajdowaniu produkt\u00f3w i rozwi\u0105za\u0144 codziennych wyzwa\u0144.","robots":{"index":"index","follow":"follow","max-snippet":"max-snippet:-1","max-image-preview":"max-image-preview:large","max-video-preview":"max-video-preview:-1"},"canonical":"https:\/\/miraclebag.store\/pl\/o-nas\/","og_locale":"pl_PL","og_type":"article","og_title":"About us","og_description":"My mission is to help people find products and solutions to everyday challenges as cheaply as possible.","og_url":"https:\/\/miraclebag.store\/pl\/o-nas\/","og_site_name":"MiracleBag","article_modified_time":"2023-05-26T10:54:27+00:00","og_image":[{"url":"https:\/\/miraclebag.store\/wp-content\/uploads\/2023\/04\/mascot-miracle-bag-2.png","type":"","width":"","height":""}],"twitter_card":"summary_large_image","twitter_misc":{"Szacowany czas czytania":"2 minuty"},"schema":{"@context":"https:\/\/schema.org","@graph":[{"@type":"WebPage","@id":"https:\/\/miraclebag.store\/about-us\/","url":"https:\/\/miraclebag.store\/about-us\/","name":"O nas - MiracleBag","isPartOf":{"@id":"https:\/\/miraclebag.store\/#website"},"primaryImageOfPage":{"@id":"https:\/\/miraclebag.store\/about-us\/#primaryimage"},"image":{"@id":"https:\/\/miraclebag.store\/about-us\/#primaryimage"},"thumbnailUrl":"https:\/\/miraclebag.store\/wp-content\/uploads\/2023\/04\/mascot-miracle-bag-2.png","datePublished":"2023-02-21T13:19:43+00:00","dateModified":"2023-05-26T10:54:27+00:00","description":"Moj\u0105 misj\u0105 jest pomaganie ludziom w jak najta\u0144szym znajdowaniu produkt\u00f3w i rozwi\u0105za\u0144 codziennych wyzwa\u0144.","breadcrumb":{"@id":"https:\/\/miraclebag.store\/about-us\/#breadcrumb"},"inLanguage":"pl-PL","potentialAction":[{"@type":"ReadAction","target":["https:\/\/miraclebag.store\/about-us\/"]}]},{"@type":"ImageObject","inLanguage":"pl-PL","@id":"https:\/\/miraclebag.store\/about-us\/#primaryimage","url":"https:\/\/miraclebag.store\/wp-content\/uploads\/2023\/04\/mascot-miracle-bag-2.png","contentUrl":"https:\/\/miraclebag.store\/wp-content\/uploads\/2023\/04\/mascot-miracle-bag-2.png"},{"@type":"BreadcrumbList","@id":"https:\/\/miraclebag.store\/about-us\/#breadcrumb","itemListElement":[{"@type":"ListItem","position":1,"name":"Home","item":"https:\/\/miraclebag.store\/"},{"@type":"ListItem","position":2,"name":"About us"}]},{"@type":"WebSite","@id":"https:\/\/miraclebag.store\/#website","url":"https:\/\/miraclebag.store\/","name":"Torba cud\u00f3w","description":"Krystalicznie czysta woda w basenie \u2013 nie potrzeba filtra piaskowego","publisher":{"@id":"https:\/\/miraclebag.store\/#organization"},"potentialAction":[{"@type":"SearchAction","target":{"@type":"EntryPoint","urlTemplate":"https:\/\/miraclebag.store\/?s={search_term_string}"},"query-input":{"@type":"PropertyValueSpecification","valueRequired":true,"valueName":"search_term_string"}}],"inLanguage":"pl-PL"},{"@type":"Organization","@id":"https:\/\/miraclebag.store\/#organization","name":"Torba cud\u00f3w","url":"https:\/\/miraclebag.store\/","logo":{"@type":"ImageObject","inLanguage":"pl-PL","@id":"https:\/\/miraclebag.store\/#\/schema\/logo\/image\/","url":"https:\/\/miraclebag.store\/wp-content\/uploads\/2023\/01\/miraclebag-logo-blue.png","contentUrl":"https:\/\/miraclebag.store\/wp-content\/uploads\/2023\/01\/miraclebag-logo-blue.png","width":357,"height":87,"caption":"MiracleBag"},"image":{"@id":"https:\/\/miraclebag.store\/#\/schema\/logo\/image\/"}}]}},"_links":{"self":[{"href":"https:\/\/miraclebag.store\/pl\/wp-json\/wp\/v2\/pages\/891","targetHints":{"allow":["GET"]}}],"collection":[{"href":"https:\/\/miraclebag.store\/pl\/wp-json\/wp\/v2\/pages"}],"about":[{"href":"https:\/\/miraclebag.store\/pl\/wp-json\/wp\/v2\/types\/page"}],"author":[{"embeddable":true,"href":"https:\/\/miraclebag.store\/pl\/wp-json\/wp\/v2\/users\/2"}],"replies":[{"embeddable":true,"href":"https:\/\/miraclebag.store\/pl\/wp-json\/wp\/v2\/comments?post=891"}],"version-history":[{"count":0,"href":"https:\/\/miraclebag.store\/pl\/wp-json\/wp\/v2\/pages\/891\/revisions"}],"wp:attachment":[{"href":"https:\/\/miraclebag.store\/pl\/wp-json\/wp\/v2\/media?parent=891"}],"curies":[{"name":"wp","href":"https:\/\/api.w.org\/{rel}","templated":true}]}}