{"id":650,"date":"2023-01-26T09:53:39","date_gmt":"2023-01-26T08:53:39","guid":{"rendered":"https:\/\/miraclebag.store\/?post_type=product&#038;p=650"},"modified":"2025-06-09T11:59:07","modified_gmt":"2025-06-09T09:59:07","slug":"filtro-di-ricambio-4pz-50-cm-mb50x4","status":"publish","type":"product","link":"https:\/\/miraclebag.store\/it\/negozio\/altri-prodotti\/filtro-di-ricambio-4pz-50-cm-mb50x4\/","title":{"rendered":"Filtro di ricambio acqua piscina 4pz 50 cm (MB50x4)"},"content":{"rendered":"<p><iframe title=\"Borsa miracolosa MB50x4\" width=\"800\" height=\"450\" src=\"https:\/\/www.youtube.com\/embed\/WqT0LqQYepI?feature=oembed\" frameborder=\"0\" allow=\"accelerometer; autoplay; clipboard-write; encrypted-media; gyroscope; picture-in-picture; web-share\" referrerpolicy=\"strict-origin-when-cross-origin\" allowfullscreen><\/iframe><\/p>\n<h3><strong>Informazioni sulla borsa miracolosa<\/strong><\/h3>\n<p><span style=\"color: #000000;\">Il filtro dell&#039;acqua della piscina \u00e8 in grado di filtrare tutti i contaminanti galleggianti nell&#039;acqua della piscina, compresi quelli che rendono l&#039;acqua opalina. Polvere di alghe, alghe verdi, ossido di ferro, ossido di manganese.<\/span><\/p>\n<p><span style=\"color: #000000;\"><strong>Sacco per filtrazione dell&#039;acqua realizzato con materiale per filtrazione dell&#039;acqua industriale da 1 o 5 micron<\/strong>, con possibilit\u00e0 di inserire un portagomma (diametro: 32mm). Dimensioni 100 cm x 15 cm, superficie filtrante 0,3 m2. Le prestazioni del materiale filtrante da 5 micron sono paragonabili o migliori di quelle dei filtri a sabbia. Il materiale filtrante da 1 micron pu\u00f2 anche filtrare la maggior parte delle alghe verdi dall&#039;acqua, lasciando l&#039;acqua della piscina cristallina! <strong>\u00c8 pi\u00f9 economico, pi\u00f9 semplice, pi\u00f9 efficiente ed economico rispetto ai sistemi di filtraggio per piscine esistenti.<\/strong><\/span><\/p>\n<h3><strong>La versione precedente di Miracle Bag:<\/strong><\/h3>\n<p><iframe title=\"Miraclebag, Filtro per l&#039;acqua della piscina, al posto del filtro a sabbia V3 2\" width=\"800\" height=\"450\" src=\"https:\/\/www.youtube.com\/embed\/QFNBelhcX5M?feature=oembed\" frameborder=\"0\" allow=\"accelerometer; autoplay; clipboard-write; encrypted-media; gyroscope; picture-in-picture; web-share\" referrerpolicy=\"strict-origin-when-cross-origin\" allowfullscreen><\/iframe><\/p>\n<h3><strong>La valvola di sicurezza che protegge il sacco dalla sovrapressione:<\/strong><\/h3>\n<p><iframe title=\"GT szelep breve nologo\" width=\"800\" height=\"450\" src=\"https:\/\/www.youtube.com\/embed\/OQFIxZywlEA?feature=oembed\" frameborder=\"0\" allow=\"accelerometer; autoplay; clipboard-write; encrypted-media; gyroscope; picture-in-picture; web-share\" referrerpolicy=\"strict-origin-when-cross-origin\" allowfullscreen><\/iframe><\/p>\n<div class=\"elementor-element elementor-element-ad049ff elementor-widget elementor-widget-text-editor\" data-id=\"ad049ff\" data-element_type=\"widget\" data-widget_type=\"text-editor.default\">\n<div class=\"elementor-widget-container\">\n<h3><span style=\"color: #000000;\"><strong>Facile da usare<\/strong><\/span><\/h3>\n<p><span style=\"color: #000000;\"><strong>Il modo pi\u00f9 semplice ed efficace \u00e8 utilizzarlo con una pompa sommergibile.<\/strong><\/span><\/p>\n<p><span style=\"color: #000000;\"><strong>Senso Unico:<\/strong> ruotare l&#039;acqua della piscina come una vasca idromassaggio e posizionare la pompa sommersa al centro, sul fondo della piscina. Afferrare il sacchetto filtro sul bordo della piscina. Tutti i sedimenti entreranno nel sacchetto entro pochi minuti. Non \u00e8 necessaria l&#039;aspirazione.<\/span><\/p>\n<p><span style=\"color: #000000;\"><strong>Un altro modo:<\/strong> collegare il sacchetto filtro con un tubo lungo per garantire che la pompa sommersa e il sacchetto filtro siano il pi\u00f9 distanti possibile l&#039;uno dall&#039;altro. L&#039;acqua pulita che esce dal sacchetto filtro spinger\u00e0 l&#039;acqua non filtrata verso la pompa. La pompa sul fondo della piscina aspira tutte le impurit\u00e0 galleggianti e gran parte della sabbia. La sabbia pi\u00f9 pesante che si accumula nelle pieghe del fondo della piscina pu\u00f2 essere spinta verso la pompa con una spazzola. In questo modo l&#039;acqua della piscina sar\u00e0 pulita in poche ore e non sar\u00e0 necessario aspirare.<\/span><\/p>\n<\/div>\n<\/div>","protected":false},"excerpt":{"rendered":"<ul>\n<li>Per questo pacchetto non \u00e8 applicabile alcuna garanzia di soddisfazione!<\/li>\n<li>Sceglilo solo se hai gi\u00e0 fiducia nel prodotto.<\/li>\n<li>4 sacchetti filtro di ricambio 500 cm.<\/li>\n<li>Nessuna garanzia per borse danneggiate a causa dell&#039;elevata pressione dell&#039;acqua.<\/li>\n<\/ul>","protected":false},"featured_media":735,"comment_status":"open","ping_status":"closed","template":"","meta":[],"product_brand":[],"product_cat":[25],"product_tag":[],"class_list":{"0":"post-650","1":"product","2":"type-product","3":"status-publish","4":"has-post-thumbnail","6":"product_cat-other-products","8":"first","9":"outofstock","10":"taxable","11":"shipping-taxable","12":"purchasable","13":"product-type-simple"},"yoast_head":"<!-- This site is optimized with the Yoast SEO Premium plugin v26.8 (Yoast SEO v26.8) - https:\/\/yoast.com\/product\/yoast-seo-premium-wordpress\/ -->\n<title>Pool water Replacement filter 4pcs 50 cm (MB50x4) - MiracleBag<\/title>\n<meta name=\"robots\" content=\"index, follow, max-snippet:-1, max-image-preview:large, max-video-preview:-1\" \/>\n<link rel=\"canonical\" href=\"https:\/\/miraclebag.store\/it\/negozio\/altri-prodotti\/filtro-di-ricambio-4pz-50-cm-mb50x4\/\" \/>\n<meta property=\"og:locale\" content=\"it_IT\" \/>\n<meta property=\"og:type\" content=\"article\" \/>\n<meta property=\"og:title\" content=\"Pool water Replacement filter 4pcs 50 cm (MB50x4)\" \/>\n<meta property=\"og:description\" content=\"No satisfaction guarantee is applicable for this package!  Only choose this if you already have confidence in the product.  4 spare filter bags 500 cm.  No guarantee for damaged bags due to high water pressure.\" \/>\n<meta property=\"og:url\" content=\"https:\/\/miraclebag.store\/it\/negozio\/altri-prodotti\/filtro-di-ricambio-4pz-50-cm-mb50x4\/\" \/>\n<meta property=\"og:site_name\" content=\"MiracleBag\" \/>\n<meta property=\"article:modified_time\" content=\"2025-06-09T09:59:07+00:00\" \/>\n<meta property=\"og:image\" content=\"https:\/\/miraclebag.store\/wp-content\/uploads\/2023\/01\/replacement-filter-2pcs-50cm-MB50x4.jpg\" \/>\n\t<meta property=\"og:image:width\" content=\"600\" \/>\n\t<meta property=\"og:image:height\" content=\"450\" \/>\n\t<meta property=\"og:image:type\" content=\"image\/jpeg\" \/>\n<meta name=\"twitter:card\" content=\"summary_large_image\" \/>\n<meta name=\"twitter:label1\" content=\"Prezzo\" \/>\n\t<meta name=\"twitter:data1\" content=\"&euro;&nbsp;62.09 exc. Vat\" \/>\n\t<meta name=\"twitter:label2\" content=\"Disponibilit\u00e0\" \/>\n\t<meta name=\"twitter:data2\" content=\"Esaurito\" \/>\n<script type=\"application\/ld+json\" class=\"yoast-schema-graph\">{\"@context\":\"https:\/\/schema.org\",\"@graph\":[{\"@type\":\"WebPage\",\"@id\":\"https:\/\/miraclebag.store\/shop\/other-products\/replacement-filter-4pcs-50-cm-mb50x4\/\",\"url\":\"https:\/\/miraclebag.store\/shop\/other-products\/replacement-filter-4pcs-50-cm-mb50x4\/\",\"name\":\"Pool water Replacement filter 4pcs 50 cm (MB50x4) - MiracleBag\",\"isPartOf\":{\"@id\":\"https:\/\/miraclebag.store\/#website\"},\"primaryImageOfPage\":{\"@id\":\"https:\/\/miraclebag.store\/shop\/other-products\/replacement-filter-4pcs-50-cm-mb50x4\/#primaryimage\"},\"image\":{\"@id\":\"https:\/\/miraclebag.store\/shop\/other-products\/replacement-filter-4pcs-50-cm-mb50x4\/#primaryimage\"},\"thumbnailUrl\":\"https:\/\/miraclebag.store\/wp-content\/uploads\/2023\/01\/replacement-filter-2pcs-50cm-MB50x4.jpg\",\"datePublished\":\"2023-01-26T08:53:39+00:00\",\"dateModified\":\"2025-06-09T09:59:07+00:00\",\"breadcrumb\":{\"@id\":\"https:\/\/miraclebag.store\/shop\/other-products\/replacement-filter-4pcs-50-cm-mb50x4\/#breadcrumb\"},\"inLanguage\":\"it-IT\",\"potentialAction\":[{\"@type\":\"ReadAction\",\"target\":[\"https:\/\/miraclebag.store\/shop\/other-products\/replacement-filter-4pcs-50-cm-mb50x4\/\"]}]},{\"@type\":\"ImageObject\",\"inLanguage\":\"it-IT\",\"@id\":\"https:\/\/miraclebag.store\/shop\/other-products\/replacement-filter-4pcs-50-cm-mb50x4\/#primaryimage\",\"url\":\"https:\/\/miraclebag.store\/wp-content\/uploads\/2023\/01\/replacement-filter-2pcs-50cm-MB50x4.jpg\",\"contentUrl\":\"https:\/\/miraclebag.store\/wp-content\/uploads\/2023\/01\/replacement-filter-2pcs-50cm-MB50x4.jpg\",\"width\":600,\"height\":450,\"caption\":\"replacement-filter-2pcs-50cm-MB50x4\"},{\"@type\":\"BreadcrumbList\",\"@id\":\"https:\/\/miraclebag.store\/shop\/other-products\/replacement-filter-4pcs-50-cm-mb50x4\/#breadcrumb\",\"itemListElement\":[{\"@type\":\"ListItem\",\"position\":1,\"name\":\"Home\",\"item\":\"https:\/\/miraclebag.store\/\"},{\"@type\":\"ListItem\",\"position\":2,\"name\":\"Shop\",\"item\":\"https:\/\/miraclebag.store\/shop\/\"},{\"@type\":\"ListItem\",\"position\":3,\"name\":\"Pool water Replacement filter 4pcs 50 cm (MB50x4)\"}]},{\"@type\":\"WebSite\",\"@id\":\"https:\/\/miraclebag.store\/#website\",\"url\":\"https:\/\/miraclebag.store\/\",\"name\":\"MiracleBag\",\"description\":\"Crystal clear pool water \u2013 no sand filter needed\",\"publisher\":{\"@id\":\"https:\/\/miraclebag.store\/#organization\"},\"potentialAction\":[{\"@type\":\"SearchAction\",\"target\":{\"@type\":\"EntryPoint\",\"urlTemplate\":\"https:\/\/miraclebag.store\/?s={search_term_string}\"},\"query-input\":{\"@type\":\"PropertyValueSpecification\",\"valueRequired\":true,\"valueName\":\"search_term_string\"}}],\"inLanguage\":\"it-IT\"},{\"@type\":\"Organization\",\"@id\":\"https:\/\/miraclebag.store\/#organization\",\"name\":\"MiracleBag\",\"url\":\"https:\/\/miraclebag.store\/\",\"logo\":{\"@type\":\"ImageObject\",\"inLanguage\":\"it-IT\",\"@id\":\"https:\/\/miraclebag.store\/#\/schema\/logo\/image\/\",\"url\":\"https:\/\/miraclebag.store\/wp-content\/uploads\/2023\/01\/miraclebag-logo-blue.png\",\"contentUrl\":\"https:\/\/miraclebag.store\/wp-content\/uploads\/2023\/01\/miraclebag-logo-blue.png\",\"width\":357,\"height\":87,\"caption\":\"MiracleBag\"},\"image\":{\"@id\":\"https:\/\/miraclebag.store\/#\/schema\/logo\/image\/\"}}]}<\/script>\n<meta property=\"product:price:amount\" content=\"62.09\" \/>\n<meta property=\"product:price:currency\" content=\"EUR\" \/>\n<meta property=\"og:availability\" content=\"out of stock\" \/>\n<meta property=\"product:availability\" content=\"out of stock\" \/>\n<meta property=\"product:retailer_item_id\" content=\"MB50x4\" \/>\n<meta property=\"product:condition\" content=\"new\" \/>\n<!-- \/ Yoast SEO Premium plugin. -->","yoast_head_json":{"title":"Filtro di ricambio per acqua da piscina, 4 pezzi, 50 cm (MB50x4) - MiracleBag","robots":{"index":"index","follow":"follow","max-snippet":"max-snippet:-1","max-image-preview":"max-image-preview:large","max-video-preview":"max-video-preview:-1"},"canonical":"https:\/\/miraclebag.store\/it\/negozio\/altri-prodotti\/filtro-di-ricambio-4pz-50-cm-mb50x4\/","og_locale":"it_IT","og_type":"article","og_title":"Pool water Replacement filter 4pcs 50 cm (MB50x4)","og_description":"No satisfaction guarantee is applicable for this package!  Only choose this if you already have confidence in the product.  4 spare filter bags 500 cm.  No guarantee for damaged bags due to high water pressure.","og_url":"https:\/\/miraclebag.store\/it\/negozio\/altri-prodotti\/filtro-di-ricambio-4pz-50-cm-mb50x4\/","og_site_name":"MiracleBag","article_modified_time":"2025-06-09T09:59:07+00:00","og_image":[{"width":600,"height":450,"url":"https:\/\/miraclebag.store\/wp-content\/uploads\/2023\/01\/replacement-filter-2pcs-50cm-MB50x4.jpg","type":"image\/jpeg"}],"twitter_card":"summary_large_image","twitter_misc":{"Prezzo":"&euro;&nbsp;62.09 exc. Vat","Disponibilit\u00e0":"Esaurito"},"schema":{"@context":"https:\/\/schema.org","@graph":[{"@type":"WebPage","@id":"https:\/\/miraclebag.store\/shop\/other-products\/replacement-filter-4pcs-50-cm-mb50x4\/","url":"https:\/\/miraclebag.store\/shop\/other-products\/replacement-filter-4pcs-50-cm-mb50x4\/","name":"Filtro di ricambio per acqua da piscina, 4 pezzi, 50 cm (MB50x4) - MiracleBag","isPartOf":{"@id":"https:\/\/miraclebag.store\/#website"},"primaryImageOfPage":{"@id":"https:\/\/miraclebag.store\/shop\/other-products\/replacement-filter-4pcs-50-cm-mb50x4\/#primaryimage"},"image":{"@id":"https:\/\/miraclebag.store\/shop\/other-products\/replacement-filter-4pcs-50-cm-mb50x4\/#primaryimage"},"thumbnailUrl":"https:\/\/miraclebag.store\/wp-content\/uploads\/2023\/01\/replacement-filter-2pcs-50cm-MB50x4.jpg","datePublished":"2023-01-26T08:53:39+00:00","dateModified":"2025-06-09T09:59:07+00:00","breadcrumb":{"@id":"https:\/\/miraclebag.store\/shop\/other-products\/replacement-filter-4pcs-50-cm-mb50x4\/#breadcrumb"},"inLanguage":"it-IT","potentialAction":[{"@type":"ReadAction","target":["https:\/\/miraclebag.store\/shop\/other-products\/replacement-filter-4pcs-50-cm-mb50x4\/"]}]},{"@type":"ImageObject","inLanguage":"it-IT","@id":"https:\/\/miraclebag.store\/shop\/other-products\/replacement-filter-4pcs-50-cm-mb50x4\/#primaryimage","url":"https:\/\/miraclebag.store\/wp-content\/uploads\/2023\/01\/replacement-filter-2pcs-50cm-MB50x4.jpg","contentUrl":"https:\/\/miraclebag.store\/wp-content\/uploads\/2023\/01\/replacement-filter-2pcs-50cm-MB50x4.jpg","width":600,"height":450,"caption":"replacement-filter-2pcs-50cm-MB50x4"},{"@type":"BreadcrumbList","@id":"https:\/\/miraclebag.store\/shop\/other-products\/replacement-filter-4pcs-50-cm-mb50x4\/#breadcrumb","itemListElement":[{"@type":"ListItem","position":1,"name":"Home","item":"https:\/\/miraclebag.store\/"},{"@type":"ListItem","position":2,"name":"Shop","item":"https:\/\/miraclebag.store\/shop\/"},{"@type":"ListItem","position":3,"name":"Pool water Replacement filter 4pcs 50 cm (MB50x4)"}]},{"@type":"WebSite","@id":"https:\/\/miraclebag.store\/#website","url":"https:\/\/miraclebag.store\/","name":"Borsa miracolosa","description":"Acqua cristallina della piscina: non \u00e8 necessario alcun filtro a sabbia","publisher":{"@id":"https:\/\/miraclebag.store\/#organization"},"potentialAction":[{"@type":"SearchAction","target":{"@type":"EntryPoint","urlTemplate":"https:\/\/miraclebag.store\/?s={search_term_string}"},"query-input":{"@type":"PropertyValueSpecification","valueRequired":true,"valueName":"search_term_string"}}],"inLanguage":"it-IT"},{"@type":"Organization","@id":"https:\/\/miraclebag.store\/#organization","name":"Borsa miracolosa","url":"https:\/\/miraclebag.store\/","logo":{"@type":"ImageObject","inLanguage":"it-IT","@id":"https:\/\/miraclebag.store\/#\/schema\/logo\/image\/","url":"https:\/\/miraclebag.store\/wp-content\/uploads\/2023\/01\/miraclebag-logo-blue.png","contentUrl":"https:\/\/miraclebag.store\/wp-content\/uploads\/2023\/01\/miraclebag-logo-blue.png","width":357,"height":87,"caption":"MiracleBag"},"image":{"@id":"https:\/\/miraclebag.store\/#\/schema\/logo\/image\/"}}]},"product_price_amount":"62.09","product_price_currency":"EUR","og_availability":"out of stock","product_availability":"out of stock","product_retailer_item_id":"MB50x4","product_condition":"new"},"_links":{"self":[{"href":"https:\/\/miraclebag.store\/it\/wp-json\/wp\/v2\/product\/650","targetHints":{"allow":["GET"]}}],"collection":[{"href":"https:\/\/miraclebag.store\/it\/wp-json\/wp\/v2\/product"}],"about":[{"href":"https:\/\/miraclebag.store\/it\/wp-json\/wp\/v2\/types\/product"}],"replies":[{"embeddable":true,"href":"https:\/\/miraclebag.store\/it\/wp-json\/wp\/v2\/comments?post=650"}],"wp:featuredmedia":[{"embeddable":true,"href":"https:\/\/miraclebag.store\/it\/wp-json\/wp\/v2\/media\/735"}],"wp:attachment":[{"href":"https:\/\/miraclebag.store\/it\/wp-json\/wp\/v2\/media?parent=650"}],"wp:term":[{"taxonomy":"product_brand","embeddable":true,"href":"https:\/\/miraclebag.store\/it\/wp-json\/wp\/v2\/product_brand?post=650"},{"taxonomy":"product_cat","embeddable":true,"href":"https:\/\/miraclebag.store\/it\/wp-json\/wp\/v2\/product_cat?post=650"},{"taxonomy":"product_tag","embeddable":true,"href":"https:\/\/miraclebag.store\/it\/wp-json\/wp\/v2\/product_tag?post=650"}],"curies":[{"name":"parola chiave","href":"https:\/\/api.w.org\/{rel}","templated":true}]}}