{"id":638,"date":"2023-01-25T15:21:56","date_gmt":"2023-01-25T14:21:56","guid":{"rendered":"https:\/\/miraclebag.store\/?post_type=product&#038;p=638"},"modified":"2025-06-06T09:18:16","modified_gmt":"2025-06-06T07:18:16","slug":"2kom-starter-pack-50-cm-ve50x2","status":"publish","type":"product","link":"https:\/\/miraclebag.store\/hr\/ducan\/drugi-proizvodi\/2kom-starter-pack-50-cm-ve50x2\/","title":{"rendered":"Filter za vodu za bazen 2 komada Starter Pack 50 cm (VE50x2)"},"content":{"rendered":"<p><iframe title=\"Miraclebag VE50x2\" width=\"800\" height=\"450\" src=\"https:\/\/www.youtube.com\/embed\/yT9NK1dLRsY?feature=oembed\" frameborder=\"0\" allow=\"accelerometer; autoplay; clipboard-write; encrypted-media; gyroscope; picture-in-picture; web-share\" referrerpolicy=\"strict-origin-when-cross-origin\" allowfullscreen><\/iframe><\/p>\n<h3><strong>O Miracle Bag<\/strong><\/h3>\n<p><span style=\"color: #000000;\">Filtar za bazensku vodu mo\u017ee filtrirati sve plutaju\u0107e zaga\u0111iva\u010de iz bazenske vode, uklju\u010duju\u0107i one koji uzrokuju da voda postane opala. Alge u prahu, zelene alge, \u017eeljezni oksid, manganov oksid.<\/span><\/p>\n<p><span style=\"color: #000000;\"><strong>Vre\u0107a za filtriranje vode izra\u0111ena od 1 ili 5 mikrona industrijskog materijala za filtriranje vode<\/strong>, s mogu\u0107no\u0161\u0107u umetanja priklju\u010dka za crijevo (promjer: 32mm). Veli\u010dina 100 cm x 15 cm, 0,3 m2 povr\u0161ine filtera. U\u010dinkovitost filtarskog materijala od 5 mikrona usporediva je ili bolja od one pje\u0161\u010danih filtara. Filtarski materijal od 1 mikrona tako\u0111er mo\u017ee filtrirati ve\u0107inu zelenih algi iz vode, ostavljaju\u0107i vodu u va\u0161em bazenu kristalno \u010distom! <strong>Jeftiniji je, jednostavniji, u\u010dinkovitiji i ekonomi\u010dniji od postoje\u0107ih sustava za filtriranje bazena.<\/strong><\/span><\/p>\n<h3><strong>Prethodna verzija Miracle Bag:<\/strong><\/h3>\n<p><iframe title=\"Miraclebag, filter za bazensku vodu, umjesto pje\u0161\u010danog filtera V3 2\" width=\"800\" height=\"450\" src=\"https:\/\/www.youtube.com\/embed\/QFNBelhcX5M?feature=oembed\" frameborder=\"0\" allow=\"accelerometer; autoplay; clipboard-write; encrypted-media; gyroscope; picture-in-picture; web-share\" referrerpolicy=\"strict-origin-when-cross-origin\" allowfullscreen><\/iframe><\/p>\n<h3><strong>Sigurnosni ventil koji \u0161titi vre\u0107icu od pretjeranog tlaka:<\/strong><\/h3>\n<p><iframe title=\"GT szelep kratki nologo\" width=\"800\" height=\"450\" src=\"https:\/\/www.youtube.com\/embed\/OQFIxZywlEA?feature=oembed\" frameborder=\"0\" allow=\"accelerometer; autoplay; clipboard-write; encrypted-media; gyroscope; picture-in-picture; web-share\" referrerpolicy=\"strict-origin-when-cross-origin\" allowfullscreen><\/iframe><\/p>\n<div class=\"elementor-element elementor-element-ad049ff elementor-widget elementor-widget-text-editor\" data-id=\"ad049ff\" data-element_type=\"widget\" data-widget_type=\"text-editor.default\">\n<div class=\"elementor-widget-container\">\n<h3><span style=\"color: #000000;\"><strong>Jednostavan za kori\u0161tenje<\/strong><\/span><\/h3>\n<p><span style=\"color: #000000;\"><strong>Najjednostavniji i naju\u010dinkovitiji na\u010din je kori\u0161tenje s potopnom pumpom.<\/strong><\/span><\/p>\n<p><span style=\"color: #000000;\"><strong>Jedan na\u010din:<\/strong> okrenite vodu u bazenu kao whirlpool i postavite potopnu pumpu u sredinu, na dno bazena. Pri\u010dvrstite filter vre\u0107icu na rub bazena. Sav talog \u0107e oti\u0107i u vre\u0107icu za nekoliko minuta. Nije potrebno usisavanje.<\/span><\/p>\n<p><span style=\"color: #000000;\"><strong>Drugi na\u010din:<\/strong> spojite filtarsku vre\u0107icu dugim crijevom kako biste bili sigurni da su potopna pumpa i filtarska vre\u0107ica \u0161to je mogu\u0107e dalje jedna od druge. \u010cista voda koja izlazi iz filtarske vre\u0107ice gurnut \u0107e nefiltriranu vodu prema pumpi. Pumpa na dnu bazena usisava sve plutaju\u0107e ne\u010disto\u0107e i ve\u0107inu pijeska. Te\u017ei pijesak koji se nakuplja u naborima dna bazena, mo\u017ee se \u010detkom potisnuti prema pumpi. Tako \u0107e voda u bazenu biti \u010dista za nekoliko sati i ne\u0107e biti potrebno usisavanje.<\/span><\/p>\n<\/div>\n<\/div>","protected":false},"excerpt":{"rendered":"<ul>\n<li>Za ovaj paket ne vrijedi jamstvo zadovoljstva!<\/li>\n<li>Ovo odaberite samo ako ve\u0107 imate povjerenja u proizvod.<\/li>\n<li>2 komada VE50 seta. Idealno za 2 odvojena bazena.<\/li>\n<\/ul>","protected":false},"featured_media":741,"comment_status":"open","ping_status":"closed","template":"","meta":[],"product_brand":[],"product_cat":[25],"product_tag":[],"class_list":{"0":"post-638","1":"product","2":"type-product","3":"status-publish","4":"has-post-thumbnail","6":"product_cat-other-products","8":"first","9":"outofstock","10":"taxable","11":"shipping-taxable","12":"purchasable","13":"product-type-simple"},"yoast_head":"<!-- This site is optimized with the Yoast SEO Premium plugin v26.8 (Yoast SEO v26.8) - https:\/\/yoast.com\/product\/yoast-seo-premium-wordpress\/ -->\n<title>Pool water filter 2pcs Starter Pack 50 cm (VE50x2) - MiracleBag<\/title>\n<meta name=\"robots\" content=\"index, follow, max-snippet:-1, max-image-preview:large, max-video-preview:-1\" \/>\n<link rel=\"canonical\" href=\"https:\/\/miraclebag.store\/hr\/ducan\/drugi-proizvodi\/2kom-starter-pack-50-cm-ve50x2\/\" \/>\n<meta property=\"og:locale\" content=\"hr_HR\" \/>\n<meta property=\"og:type\" content=\"article\" \/>\n<meta property=\"og:title\" content=\"Pool water filter 2pcs Starter Pack 50 cm (VE50x2)\" \/>\n<meta property=\"og:description\" content=\"No satisfaction guarantee is applicable for this package!  Only choose this if you already have confidence in the product.  2 pcs of VE50 set. Ideal for 2 separate pools.\" \/>\n<meta property=\"og:url\" content=\"https:\/\/miraclebag.store\/hr\/ducan\/drugi-proizvodi\/2kom-starter-pack-50-cm-ve50x2\/\" \/>\n<meta property=\"og:site_name\" content=\"MiracleBag\" \/>\n<meta property=\"article:modified_time\" content=\"2025-06-06T07:18:16+00:00\" \/>\n<meta property=\"og:image\" content=\"https:\/\/miraclebag.store\/wp-content\/uploads\/2023\/01\/2pcs-starter-pack-50cm-VE50x2.jpg\" \/>\n\t<meta property=\"og:image:width\" content=\"600\" \/>\n\t<meta property=\"og:image:height\" content=\"450\" \/>\n\t<meta property=\"og:image:type\" content=\"image\/jpeg\" \/>\n<meta name=\"twitter:card\" content=\"summary_large_image\" \/>\n<meta name=\"twitter:label1\" content=\"Price\" \/>\n\t<meta name=\"twitter:data1\" content=\"&euro;&nbsp;37.97 exc. Vat\" \/>\n\t<meta name=\"twitter:label2\" content=\"Availability\" \/>\n\t<meta name=\"twitter:data2\" content=\"Out of stock\" \/>\n<script type=\"application\/ld+json\" class=\"yoast-schema-graph\">{\"@context\":\"https:\/\/schema.org\",\"@graph\":[{\"@type\":\"WebPage\",\"@id\":\"https:\/\/miraclebag.store\/shop\/other-products\/2pcs-starter-pack-50-cm-ve50x2\/\",\"url\":\"https:\/\/miraclebag.store\/shop\/other-products\/2pcs-starter-pack-50-cm-ve50x2\/\",\"name\":\"Pool water filter 2pcs Starter Pack 50 cm (VE50x2) - MiracleBag\",\"isPartOf\":{\"@id\":\"https:\/\/miraclebag.store\/#website\"},\"primaryImageOfPage\":{\"@id\":\"https:\/\/miraclebag.store\/shop\/other-products\/2pcs-starter-pack-50-cm-ve50x2\/#primaryimage\"},\"image\":{\"@id\":\"https:\/\/miraclebag.store\/shop\/other-products\/2pcs-starter-pack-50-cm-ve50x2\/#primaryimage\"},\"thumbnailUrl\":\"https:\/\/miraclebag.store\/wp-content\/uploads\/2023\/01\/2pcs-starter-pack-50cm-VE50x2.jpg\",\"datePublished\":\"2023-01-25T14:21:56+00:00\",\"dateModified\":\"2025-06-06T07:18:16+00:00\",\"breadcrumb\":{\"@id\":\"https:\/\/miraclebag.store\/shop\/other-products\/2pcs-starter-pack-50-cm-ve50x2\/#breadcrumb\"},\"inLanguage\":\"hr\",\"potentialAction\":[{\"@type\":\"ReadAction\",\"target\":[\"https:\/\/miraclebag.store\/shop\/other-products\/2pcs-starter-pack-50-cm-ve50x2\/\"]}]},{\"@type\":\"ImageObject\",\"inLanguage\":\"hr\",\"@id\":\"https:\/\/miraclebag.store\/shop\/other-products\/2pcs-starter-pack-50-cm-ve50x2\/#primaryimage\",\"url\":\"https:\/\/miraclebag.store\/wp-content\/uploads\/2023\/01\/2pcs-starter-pack-50cm-VE50x2.jpg\",\"contentUrl\":\"https:\/\/miraclebag.store\/wp-content\/uploads\/2023\/01\/2pcs-starter-pack-50cm-VE50x2.jpg\",\"width\":600,\"height\":450,\"caption\":\"2pcs-starter-pack-50cm-VE50x2\"},{\"@type\":\"BreadcrumbList\",\"@id\":\"https:\/\/miraclebag.store\/shop\/other-products\/2pcs-starter-pack-50-cm-ve50x2\/#breadcrumb\",\"itemListElement\":[{\"@type\":\"ListItem\",\"position\":1,\"name\":\"Home\",\"item\":\"https:\/\/miraclebag.store\/\"},{\"@type\":\"ListItem\",\"position\":2,\"name\":\"Shop\",\"item\":\"https:\/\/miraclebag.store\/shop\/\"},{\"@type\":\"ListItem\",\"position\":3,\"name\":\"Pool water filter 2pcs Starter Pack 50 cm (VE50x2)\"}]},{\"@type\":\"WebSite\",\"@id\":\"https:\/\/miraclebag.store\/#website\",\"url\":\"https:\/\/miraclebag.store\/\",\"name\":\"MiracleBag\",\"description\":\"Crystal clear pool water \u2013 no sand filter needed\",\"publisher\":{\"@id\":\"https:\/\/miraclebag.store\/#organization\"},\"potentialAction\":[{\"@type\":\"SearchAction\",\"target\":{\"@type\":\"EntryPoint\",\"urlTemplate\":\"https:\/\/miraclebag.store\/?s={search_term_string}\"},\"query-input\":{\"@type\":\"PropertyValueSpecification\",\"valueRequired\":true,\"valueName\":\"search_term_string\"}}],\"inLanguage\":\"hr\"},{\"@type\":\"Organization\",\"@id\":\"https:\/\/miraclebag.store\/#organization\",\"name\":\"MiracleBag\",\"url\":\"https:\/\/miraclebag.store\/\",\"logo\":{\"@type\":\"ImageObject\",\"inLanguage\":\"hr\",\"@id\":\"https:\/\/miraclebag.store\/#\/schema\/logo\/image\/\",\"url\":\"https:\/\/miraclebag.store\/wp-content\/uploads\/2023\/01\/miraclebag-logo-blue.png\",\"contentUrl\":\"https:\/\/miraclebag.store\/wp-content\/uploads\/2023\/01\/miraclebag-logo-blue.png\",\"width\":357,\"height\":87,\"caption\":\"MiracleBag\"},\"image\":{\"@id\":\"https:\/\/miraclebag.store\/#\/schema\/logo\/image\/\"}}]}<\/script>\n<meta property=\"product:price:amount\" content=\"37.97\" \/>\n<meta property=\"product:price:currency\" content=\"EUR\" \/>\n<meta property=\"og:availability\" content=\"out of stock\" \/>\n<meta property=\"product:availability\" content=\"out of stock\" \/>\n<meta property=\"product:retailer_item_id\" content=\"VE50x2\" \/>\n<meta property=\"product:condition\" content=\"new\" \/>\n<!-- \/ Yoast SEO Premium plugin. -->","yoast_head_json":{"title":"Filter za bazensku vodu, po\u010detni paket od 2 komada, 50 cm (VE50x2) - MiracleBag","robots":{"index":"index","follow":"follow","max-snippet":"max-snippet:-1","max-image-preview":"max-image-preview:large","max-video-preview":"max-video-preview:-1"},"canonical":"https:\/\/miraclebag.store\/hr\/ducan\/drugi-proizvodi\/2kom-starter-pack-50-cm-ve50x2\/","og_locale":"hr_HR","og_type":"article","og_title":"Pool water filter 2pcs Starter Pack 50 cm (VE50x2)","og_description":"No satisfaction guarantee is applicable for this package!  Only choose this if you already have confidence in the product.  2 pcs of VE50 set. Ideal for 2 separate pools.","og_url":"https:\/\/miraclebag.store\/hr\/ducan\/drugi-proizvodi\/2kom-starter-pack-50-cm-ve50x2\/","og_site_name":"MiracleBag","article_modified_time":"2025-06-06T07:18:16+00:00","og_image":[{"width":600,"height":450,"url":"https:\/\/miraclebag.store\/wp-content\/uploads\/2023\/01\/2pcs-starter-pack-50cm-VE50x2.jpg","type":"image\/jpeg"}],"twitter_card":"summary_large_image","twitter_misc":{"Price":"&euro;&nbsp;37.97 exc. Vat","Availability":"Out of stock"},"schema":{"@context":"https:\/\/schema.org","@graph":[{"@type":"WebPage","@id":"https:\/\/miraclebag.store\/shop\/other-products\/2pcs-starter-pack-50-cm-ve50x2\/","url":"https:\/\/miraclebag.store\/shop\/other-products\/2pcs-starter-pack-50-cm-ve50x2\/","name":"Filter za bazensku vodu, po\u010detni paket od 2 komada, 50 cm (VE50x2) - MiracleBag","isPartOf":{"@id":"https:\/\/miraclebag.store\/#website"},"primaryImageOfPage":{"@id":"https:\/\/miraclebag.store\/shop\/other-products\/2pcs-starter-pack-50-cm-ve50x2\/#primaryimage"},"image":{"@id":"https:\/\/miraclebag.store\/shop\/other-products\/2pcs-starter-pack-50-cm-ve50x2\/#primaryimage"},"thumbnailUrl":"https:\/\/miraclebag.store\/wp-content\/uploads\/2023\/01\/2pcs-starter-pack-50cm-VE50x2.jpg","datePublished":"2023-01-25T14:21:56+00:00","dateModified":"2025-06-06T07:18:16+00:00","breadcrumb":{"@id":"https:\/\/miraclebag.store\/shop\/other-products\/2pcs-starter-pack-50-cm-ve50x2\/#breadcrumb"},"inLanguage":"hr","potentialAction":[{"@type":"ReadAction","target":["https:\/\/miraclebag.store\/shop\/other-products\/2pcs-starter-pack-50-cm-ve50x2\/"]}]},{"@type":"ImageObject","inLanguage":"hr","@id":"https:\/\/miraclebag.store\/shop\/other-products\/2pcs-starter-pack-50-cm-ve50x2\/#primaryimage","url":"https:\/\/miraclebag.store\/wp-content\/uploads\/2023\/01\/2pcs-starter-pack-50cm-VE50x2.jpg","contentUrl":"https:\/\/miraclebag.store\/wp-content\/uploads\/2023\/01\/2pcs-starter-pack-50cm-VE50x2.jpg","width":600,"height":450,"caption":"2pcs-starter-pack-50cm-VE50x2"},{"@type":"BreadcrumbList","@id":"https:\/\/miraclebag.store\/shop\/other-products\/2pcs-starter-pack-50-cm-ve50x2\/#breadcrumb","itemListElement":[{"@type":"ListItem","position":1,"name":"Home","item":"https:\/\/miraclebag.store\/"},{"@type":"ListItem","position":2,"name":"Shop","item":"https:\/\/miraclebag.store\/shop\/"},{"@type":"ListItem","position":3,"name":"Pool water filter 2pcs Starter Pack 50 cm (VE50x2)"}]},{"@type":"WebSite","@id":"https:\/\/miraclebag.store\/#website","url":"https:\/\/miraclebag.store\/","name":"MiracleBag","description":"Kristalno \u010dista voda u bazenu \u2013 nije potreban pje\u0161\u010dani filter","publisher":{"@id":"https:\/\/miraclebag.store\/#organization"},"potentialAction":[{"@type":"SearchAction","target":{"@type":"EntryPoint","urlTemplate":"https:\/\/miraclebag.store\/?s={search_term_string}"},"query-input":{"@type":"PropertyValueSpecification","valueRequired":true,"valueName":"search_term_string"}}],"inLanguage":"hr"},{"@type":"Organization","@id":"https:\/\/miraclebag.store\/#organization","name":"MiracleBag","url":"https:\/\/miraclebag.store\/","logo":{"@type":"ImageObject","inLanguage":"hr","@id":"https:\/\/miraclebag.store\/#\/schema\/logo\/image\/","url":"https:\/\/miraclebag.store\/wp-content\/uploads\/2023\/01\/miraclebag-logo-blue.png","contentUrl":"https:\/\/miraclebag.store\/wp-content\/uploads\/2023\/01\/miraclebag-logo-blue.png","width":357,"height":87,"caption":"MiracleBag"},"image":{"@id":"https:\/\/miraclebag.store\/#\/schema\/logo\/image\/"}}]},"product_price_amount":"37.97","product_price_currency":"EUR","og_availability":"out of stock","product_availability":"out of stock","product_retailer_item_id":"VE50x2","product_condition":"new"},"_links":{"self":[{"href":"https:\/\/miraclebag.store\/hr\/wp-json\/wp\/v2\/product\/638","targetHints":{"allow":["GET"]}}],"collection":[{"href":"https:\/\/miraclebag.store\/hr\/wp-json\/wp\/v2\/product"}],"about":[{"href":"https:\/\/miraclebag.store\/hr\/wp-json\/wp\/v2\/types\/product"}],"replies":[{"embeddable":true,"href":"https:\/\/miraclebag.store\/hr\/wp-json\/wp\/v2\/comments?post=638"}],"wp:featuredmedia":[{"embeddable":true,"href":"https:\/\/miraclebag.store\/hr\/wp-json\/wp\/v2\/media\/741"}],"wp:attachment":[{"href":"https:\/\/miraclebag.store\/hr\/wp-json\/wp\/v2\/media?parent=638"}],"wp:term":[{"taxonomy":"product_brand","embeddable":true,"href":"https:\/\/miraclebag.store\/hr\/wp-json\/wp\/v2\/product_brand?post=638"},{"taxonomy":"product_cat","embeddable":true,"href":"https:\/\/miraclebag.store\/hr\/wp-json\/wp\/v2\/product_cat?post=638"},{"taxonomy":"product_tag","embeddable":true,"href":"https:\/\/miraclebag.store\/hr\/wp-json\/wp\/v2\/product_tag?post=638"}],"curies":[{"name":"radni list","href":"https:\/\/api.w.org\/{rel}","templated":true}]}}