{"id":638,"date":"2023-01-25T15:21:56","date_gmt":"2023-01-25T14:21:56","guid":{"rendered":"https:\/\/miraclebag.store\/?post_type=product&#038;p=638"},"modified":"2025-06-06T09:18:16","modified_gmt":"2025-06-06T07:18:16","slug":"2pcs-starter-pack-50-cm-ve50x2","status":"publish","type":"product","link":"https:\/\/miraclebag.store\/fr\/boutique\/autres-produits\/2pcs-starter-pack-50-cm-ve50x2\/","title":{"rendered":"Filtre \u00e0 eau de piscine 2pcs Starter Pack 50 cm (VE50x2)"},"content":{"rendered":"<p><iframe title=\"Miraclebag VE50x2\" width=\"800\" height=\"450\" src=\"https:\/\/www.youtube.com\/embed\/yT9NK1dLRsY?feature=oembed\" frameborder=\"0\" allow=\"accelerometer; autoplay; clipboard-write; encrypted-media; gyroscope; picture-in-picture; web-share\" referrerpolicy=\"strict-origin-when-cross-origin\" allowfullscreen><\/iframe><\/p>\n<h3><strong>\u00c0 propos du sac Miracle<\/strong><\/h3>\n<p><span style=\"color: #000000;\">Le filtre \u00e0 eau de piscine est capable de filtrer tous les contaminants flottants de l&#039;eau de la piscine, y compris ceux qui rendent l&#039;eau opale. Poudre d&#039;algues, algues vertes, oxyde de fer, oxyde de mangan\u00e8se.<\/span><\/p>\n<p><span style=\"color: #000000;\"><strong>Sac de filtration d&#039;eau en mat\u00e9riau de filtration d&#039;eau industrielle de 1 ou 5 microns<\/strong>, avec possibilit\u00e9 d&#039;ins\u00e9rer un raccord de durite (diam\u00e8tre : 32mm). Dimensions 100 cm x 15 cm, surface filtrante 0,3 m2. La performance du mat\u00e9riau filtrant de 5 microns est comparable ou sup\u00e9rieure \u00e0 celle des filtres \u00e0 sable. Le mat\u00e9riau filtrant de 1 micron peut \u00e9galement filtrer la plupart des algues vertes de l&#039;eau, laissant l&#039;eau de votre piscine limpide ! <strong>Il est moins cher, plus simple, plus efficace et plus \u00e9conomique que les syst\u00e8mes de filtration de piscine existants.<\/strong><\/span><\/p>\n<h3><strong>La version pr\u00e9c\u00e9dente de Miracle Bag\u00a0:<\/strong><\/h3>\n<p><iframe title=\"Miraclebag, Filtre \u00e0 eau de piscine, \u00e0 la place du filtre \u00e0 sable V3 2\" width=\"800\" height=\"450\" src=\"https:\/\/www.youtube.com\/embed\/QFNBelhcX5M?feature=oembed\" frameborder=\"0\" allow=\"accelerometer; autoplay; clipboard-write; encrypted-media; gyroscope; picture-in-picture; web-share\" referrerpolicy=\"strict-origin-when-cross-origin\" allowfullscreen><\/iframe><\/p>\n<h3><strong>La soupape de s\u00e9curit\u00e9 qui prot\u00e8ge le sac des surpressions :<\/strong><\/h3>\n<p><iframe title=\"GT szelep court nologo\" width=\"800\" height=\"450\" src=\"https:\/\/www.youtube.com\/embed\/OQFIxZywlEA?feature=oembed\" frameborder=\"0\" allow=\"accelerometer; autoplay; clipboard-write; encrypted-media; gyroscope; picture-in-picture; web-share\" referrerpolicy=\"strict-origin-when-cross-origin\" allowfullscreen><\/iframe><\/p>\n<div class=\"elementor-element elementor-element-ad049ff elementor-widget elementor-widget-text-editor\" data-id=\"ad049ff\" data-element_type=\"widget\" data-widget_type=\"text-editor.default\">\n<div class=\"elementor-widget-container\">\n<h3><span style=\"color: #000000;\"><strong>Facile \u00e0 utiliser<\/strong><\/span><\/h3>\n<p><span style=\"color: #000000;\"><strong>Le moyen le plus simple et le plus efficace est de l&#039;utiliser avec une pompe submersible.<\/strong><\/span><\/p>\n<p><span style=\"color: #000000;\"><strong>Sens Unique:<\/strong> faites tourner l&#039;eau de la piscine comme un bain \u00e0 remous et placez la pompe submersible au milieu, au fond de la piscine. Fixez le sac filtrant au bord de la piscine. Tous les s\u00e9diments iront dans le sac en quelques minutes. Aucun aspirateur n&#039;est n\u00e9cessaire.<\/span><\/p>\n<p><span style=\"color: #000000;\"><strong>Autrement:<\/strong> connecter le sac filtrant avec un long tuyau pour s&#039;assurer que la pompe submersible et le sac filtrant sont aussi \u00e9loign\u00e9s que possible l&#039;un de l&#039;autre. L&#039;eau propre sortant du sac filtre poussera l&#039;eau non filtr\u00e9e vers la pompe. La pompe au fond de la piscine aspire toutes les impuret\u00e9s flottantes et la majeure partie du sable. Le sable plus lourd qui s&#039;accumule dans les plis du fond de la piscine peut \u00eatre pouss\u00e9 vers la pompe avec une brosse. De cette fa\u00e7on, l&#039;eau de la piscine sera propre en quelques heures et il n&#039;y aura pas besoin de passer l&#039;aspirateur.<\/span><\/p>\n<\/div>\n<\/div>","protected":false},"excerpt":{"rendered":"<ul>\n<li>Aucune garantie de satisfaction n&#039;est applicable pour ce forfait!<\/li>\n<li>Ne choisissez cette option que si vous avez d\u00e9j\u00e0 confiance dans le produit.<\/li>\n<li>2 pi\u00e8ces du jeu VE50. Id\u00e9al pour 2 piscines s\u00e9par\u00e9es.<\/li>\n<\/ul>","protected":false},"featured_media":741,"comment_status":"open","ping_status":"closed","template":"","meta":[],"product_brand":[],"product_cat":[25],"product_tag":[],"class_list":{"0":"post-638","1":"product","2":"type-product","3":"status-publish","4":"has-post-thumbnail","6":"product_cat-other-products","8":"first","9":"outofstock","10":"taxable","11":"shipping-taxable","12":"purchasable","13":"product-type-simple"},"yoast_head":"<!-- This site is optimized with the Yoast SEO Premium plugin v26.8 (Yoast SEO v26.8) - https:\/\/yoast.com\/product\/yoast-seo-premium-wordpress\/ -->\n<title>Pool water filter 2pcs Starter Pack 50 cm (VE50x2) - MiracleBag<\/title>\n<meta name=\"robots\" content=\"index, follow, max-snippet:-1, max-image-preview:large, max-video-preview:-1\" \/>\n<link rel=\"canonical\" href=\"https:\/\/miraclebag.store\/fr\/boutique\/autres-produits\/2pcs-starter-pack-50-cm-ve50x2\/\" \/>\n<meta property=\"og:locale\" content=\"fr_FR\" \/>\n<meta property=\"og:type\" content=\"article\" \/>\n<meta property=\"og:title\" content=\"Pool water filter 2pcs Starter Pack 50 cm (VE50x2)\" \/>\n<meta property=\"og:description\" content=\"No satisfaction guarantee is applicable for this package!  Only choose this if you already have confidence in the product.  2 pcs of VE50 set. Ideal for 2 separate pools.\" \/>\n<meta property=\"og:url\" content=\"https:\/\/miraclebag.store\/fr\/boutique\/autres-produits\/2pcs-starter-pack-50-cm-ve50x2\/\" \/>\n<meta property=\"og:site_name\" content=\"MiracleBag\" \/>\n<meta property=\"article:modified_time\" content=\"2025-06-06T07:18:16+00:00\" \/>\n<meta property=\"og:image\" content=\"https:\/\/miraclebag.store\/wp-content\/uploads\/2023\/01\/2pcs-starter-pack-50cm-VE50x2.jpg\" \/>\n\t<meta property=\"og:image:width\" content=\"600\" \/>\n\t<meta property=\"og:image:height\" content=\"450\" \/>\n\t<meta property=\"og:image:type\" content=\"image\/jpeg\" \/>\n<meta name=\"twitter:card\" content=\"summary_large_image\" \/>\n<meta name=\"twitter:label1\" content=\"Prix\" \/>\n\t<meta name=\"twitter:data1\" content=\"&euro;&nbsp;37.97 exc. Vat\" \/>\n\t<meta name=\"twitter:label2\" content=\"Disponibilit\u00e9\" \/>\n\t<meta name=\"twitter:data2\" content=\"Rupture de stock\" \/>\n<script type=\"application\/ld+json\" class=\"yoast-schema-graph\">{\"@context\":\"https:\/\/schema.org\",\"@graph\":[{\"@type\":\"WebPage\",\"@id\":\"https:\/\/miraclebag.store\/shop\/other-products\/2pcs-starter-pack-50-cm-ve50x2\/\",\"url\":\"https:\/\/miraclebag.store\/shop\/other-products\/2pcs-starter-pack-50-cm-ve50x2\/\",\"name\":\"Pool water filter 2pcs Starter Pack 50 cm (VE50x2) - MiracleBag\",\"isPartOf\":{\"@id\":\"https:\/\/miraclebag.store\/#website\"},\"primaryImageOfPage\":{\"@id\":\"https:\/\/miraclebag.store\/shop\/other-products\/2pcs-starter-pack-50-cm-ve50x2\/#primaryimage\"},\"image\":{\"@id\":\"https:\/\/miraclebag.store\/shop\/other-products\/2pcs-starter-pack-50-cm-ve50x2\/#primaryimage\"},\"thumbnailUrl\":\"https:\/\/miraclebag.store\/wp-content\/uploads\/2023\/01\/2pcs-starter-pack-50cm-VE50x2.jpg\",\"datePublished\":\"2023-01-25T14:21:56+00:00\",\"dateModified\":\"2025-06-06T07:18:16+00:00\",\"breadcrumb\":{\"@id\":\"https:\/\/miraclebag.store\/shop\/other-products\/2pcs-starter-pack-50-cm-ve50x2\/#breadcrumb\"},\"inLanguage\":\"fr-FR\",\"potentialAction\":[{\"@type\":\"ReadAction\",\"target\":[\"https:\/\/miraclebag.store\/shop\/other-products\/2pcs-starter-pack-50-cm-ve50x2\/\"]}]},{\"@type\":\"ImageObject\",\"inLanguage\":\"fr-FR\",\"@id\":\"https:\/\/miraclebag.store\/shop\/other-products\/2pcs-starter-pack-50-cm-ve50x2\/#primaryimage\",\"url\":\"https:\/\/miraclebag.store\/wp-content\/uploads\/2023\/01\/2pcs-starter-pack-50cm-VE50x2.jpg\",\"contentUrl\":\"https:\/\/miraclebag.store\/wp-content\/uploads\/2023\/01\/2pcs-starter-pack-50cm-VE50x2.jpg\",\"width\":600,\"height\":450,\"caption\":\"2pcs-starter-pack-50cm-VE50x2\"},{\"@type\":\"BreadcrumbList\",\"@id\":\"https:\/\/miraclebag.store\/shop\/other-products\/2pcs-starter-pack-50-cm-ve50x2\/#breadcrumb\",\"itemListElement\":[{\"@type\":\"ListItem\",\"position\":1,\"name\":\"Home\",\"item\":\"https:\/\/miraclebag.store\/\"},{\"@type\":\"ListItem\",\"position\":2,\"name\":\"Shop\",\"item\":\"https:\/\/miraclebag.store\/shop\/\"},{\"@type\":\"ListItem\",\"position\":3,\"name\":\"Pool water filter 2pcs Starter Pack 50 cm (VE50x2)\"}]},{\"@type\":\"WebSite\",\"@id\":\"https:\/\/miraclebag.store\/#website\",\"url\":\"https:\/\/miraclebag.store\/\",\"name\":\"MiracleBag\",\"description\":\"Crystal clear pool water \u2013 no sand filter needed\",\"publisher\":{\"@id\":\"https:\/\/miraclebag.store\/#organization\"},\"potentialAction\":[{\"@type\":\"SearchAction\",\"target\":{\"@type\":\"EntryPoint\",\"urlTemplate\":\"https:\/\/miraclebag.store\/?s={search_term_string}\"},\"query-input\":{\"@type\":\"PropertyValueSpecification\",\"valueRequired\":true,\"valueName\":\"search_term_string\"}}],\"inLanguage\":\"fr-FR\"},{\"@type\":\"Organization\",\"@id\":\"https:\/\/miraclebag.store\/#organization\",\"name\":\"MiracleBag\",\"url\":\"https:\/\/miraclebag.store\/\",\"logo\":{\"@type\":\"ImageObject\",\"inLanguage\":\"fr-FR\",\"@id\":\"https:\/\/miraclebag.store\/#\/schema\/logo\/image\/\",\"url\":\"https:\/\/miraclebag.store\/wp-content\/uploads\/2023\/01\/miraclebag-logo-blue.png\",\"contentUrl\":\"https:\/\/miraclebag.store\/wp-content\/uploads\/2023\/01\/miraclebag-logo-blue.png\",\"width\":357,\"height\":87,\"caption\":\"MiracleBag\"},\"image\":{\"@id\":\"https:\/\/miraclebag.store\/#\/schema\/logo\/image\/\"}}]}<\/script>\n<meta property=\"product:price:amount\" content=\"37.97\" \/>\n<meta property=\"product:price:currency\" content=\"EUR\" \/>\n<meta property=\"og:availability\" content=\"out of stock\" \/>\n<meta property=\"product:availability\" content=\"out of stock\" \/>\n<meta property=\"product:retailer_item_id\" content=\"VE50x2\" \/>\n<meta property=\"product:condition\" content=\"new\" \/>\n<!-- \/ Yoast SEO Premium plugin. -->","yoast_head_json":{"title":"Filtre \u00e0 eau pour piscine, pack de d\u00e9marrage 2 pi\u00e8ces 50 cm (VE50x2) - MiracleBag","robots":{"index":"index","follow":"follow","max-snippet":"max-snippet:-1","max-image-preview":"max-image-preview:large","max-video-preview":"max-video-preview:-1"},"canonical":"https:\/\/miraclebag.store\/fr\/boutique\/autres-produits\/2pcs-starter-pack-50-cm-ve50x2\/","og_locale":"fr_FR","og_type":"article","og_title":"Pool water filter 2pcs Starter Pack 50 cm (VE50x2)","og_description":"No satisfaction guarantee is applicable for this package!  Only choose this if you already have confidence in the product.  2 pcs of VE50 set. Ideal for 2 separate pools.","og_url":"https:\/\/miraclebag.store\/fr\/boutique\/autres-produits\/2pcs-starter-pack-50-cm-ve50x2\/","og_site_name":"MiracleBag","article_modified_time":"2025-06-06T07:18:16+00:00","og_image":[{"width":600,"height":450,"url":"https:\/\/miraclebag.store\/wp-content\/uploads\/2023\/01\/2pcs-starter-pack-50cm-VE50x2.jpg","type":"image\/jpeg"}],"twitter_card":"summary_large_image","twitter_misc":{"Prix":"&euro;&nbsp;37.97 exc. Vat","Disponibilit\u00e9":"Rupture de stock"},"schema":{"@context":"https:\/\/schema.org","@graph":[{"@type":"WebPage","@id":"https:\/\/miraclebag.store\/shop\/other-products\/2pcs-starter-pack-50-cm-ve50x2\/","url":"https:\/\/miraclebag.store\/shop\/other-products\/2pcs-starter-pack-50-cm-ve50x2\/","name":"Filtre \u00e0 eau pour piscine, pack de d\u00e9marrage 2 pi\u00e8ces 50 cm (VE50x2) - MiracleBag","isPartOf":{"@id":"https:\/\/miraclebag.store\/#website"},"primaryImageOfPage":{"@id":"https:\/\/miraclebag.store\/shop\/other-products\/2pcs-starter-pack-50-cm-ve50x2\/#primaryimage"},"image":{"@id":"https:\/\/miraclebag.store\/shop\/other-products\/2pcs-starter-pack-50-cm-ve50x2\/#primaryimage"},"thumbnailUrl":"https:\/\/miraclebag.store\/wp-content\/uploads\/2023\/01\/2pcs-starter-pack-50cm-VE50x2.jpg","datePublished":"2023-01-25T14:21:56+00:00","dateModified":"2025-06-06T07:18:16+00:00","breadcrumb":{"@id":"https:\/\/miraclebag.store\/shop\/other-products\/2pcs-starter-pack-50-cm-ve50x2\/#breadcrumb"},"inLanguage":"fr-FR","potentialAction":[{"@type":"ReadAction","target":["https:\/\/miraclebag.store\/shop\/other-products\/2pcs-starter-pack-50-cm-ve50x2\/"]}]},{"@type":"ImageObject","inLanguage":"fr-FR","@id":"https:\/\/miraclebag.store\/shop\/other-products\/2pcs-starter-pack-50-cm-ve50x2\/#primaryimage","url":"https:\/\/miraclebag.store\/wp-content\/uploads\/2023\/01\/2pcs-starter-pack-50cm-VE50x2.jpg","contentUrl":"https:\/\/miraclebag.store\/wp-content\/uploads\/2023\/01\/2pcs-starter-pack-50cm-VE50x2.jpg","width":600,"height":450,"caption":"2pcs-starter-pack-50cm-VE50x2"},{"@type":"BreadcrumbList","@id":"https:\/\/miraclebag.store\/shop\/other-products\/2pcs-starter-pack-50-cm-ve50x2\/#breadcrumb","itemListElement":[{"@type":"ListItem","position":1,"name":"Home","item":"https:\/\/miraclebag.store\/"},{"@type":"ListItem","position":2,"name":"Shop","item":"https:\/\/miraclebag.store\/shop\/"},{"@type":"ListItem","position":3,"name":"Pool water filter 2pcs Starter Pack 50 cm (VE50x2)"}]},{"@type":"WebSite","@id":"https:\/\/miraclebag.store\/#website","url":"https:\/\/miraclebag.store\/","name":"Sac Miracle","description":"Eau de piscine cristalline \u2013 aucun filtre \u00e0 sable n\u00e9cessaire","publisher":{"@id":"https:\/\/miraclebag.store\/#organization"},"potentialAction":[{"@type":"SearchAction","target":{"@type":"EntryPoint","urlTemplate":"https:\/\/miraclebag.store\/?s={search_term_string}"},"query-input":{"@type":"PropertyValueSpecification","valueRequired":true,"valueName":"search_term_string"}}],"inLanguage":"fr-FR"},{"@type":"Organization","@id":"https:\/\/miraclebag.store\/#organization","name":"Sac Miracle","url":"https:\/\/miraclebag.store\/","logo":{"@type":"ImageObject","inLanguage":"fr-FR","@id":"https:\/\/miraclebag.store\/#\/schema\/logo\/image\/","url":"https:\/\/miraclebag.store\/wp-content\/uploads\/2023\/01\/miraclebag-logo-blue.png","contentUrl":"https:\/\/miraclebag.store\/wp-content\/uploads\/2023\/01\/miraclebag-logo-blue.png","width":357,"height":87,"caption":"MiracleBag"},"image":{"@id":"https:\/\/miraclebag.store\/#\/schema\/logo\/image\/"}}]},"product_price_amount":"37.97","product_price_currency":"EUR","og_availability":"out of stock","product_availability":"out of stock","product_retailer_item_id":"VE50x2","product_condition":"new"},"_links":{"self":[{"href":"https:\/\/miraclebag.store\/fr\/wp-json\/wp\/v2\/product\/638","targetHints":{"allow":["GET"]}}],"collection":[{"href":"https:\/\/miraclebag.store\/fr\/wp-json\/wp\/v2\/product"}],"about":[{"href":"https:\/\/miraclebag.store\/fr\/wp-json\/wp\/v2\/types\/product"}],"replies":[{"embeddable":true,"href":"https:\/\/miraclebag.store\/fr\/wp-json\/wp\/v2\/comments?post=638"}],"wp:featuredmedia":[{"embeddable":true,"href":"https:\/\/miraclebag.store\/fr\/wp-json\/wp\/v2\/media\/741"}],"wp:attachment":[{"href":"https:\/\/miraclebag.store\/fr\/wp-json\/wp\/v2\/media?parent=638"}],"wp:term":[{"taxonomy":"product_brand","embeddable":true,"href":"https:\/\/miraclebag.store\/fr\/wp-json\/wp\/v2\/product_brand?post=638"},{"taxonomy":"product_cat","embeddable":true,"href":"https:\/\/miraclebag.store\/fr\/wp-json\/wp\/v2\/product_cat?post=638"},{"taxonomy":"product_tag","embeddable":true,"href":"https:\/\/miraclebag.store\/fr\/wp-json\/wp\/v2\/product_tag?post=638"}],"curies":[{"name":"wp","href":"https:\/\/api.w.org\/{rel}","templated":true}]}}