{"id":230,"date":"2023-01-09T15:40:40","date_gmt":"2023-01-09T14:40:40","guid":{"rendered":"https:\/\/miraclebag.store\/?post_type=product&#038;p=230"},"modified":"2025-10-06T12:45:09","modified_gmt":"2025-10-06T10:45:09","slug":"starter-pack-100-cm-co100","status":"publish","type":"product","link":"https:\/\/miraclebag.store\/fr\/boutique\/kit-de-demarrage\/starter-pack-100-cm-co100\/","title":{"rendered":"Pack jacuzzi 100 cm (CO100)"},"content":{"rendered":"<h2>Cet ensemble convient \u00e0 une utilisation dans les jacuzzis, les spas et les petites piscines avec une pompe submersible.<\/h2>\n<p>Utilisez cet ensemble de filtres de 1 micron et prot\u00e9gez la circulation interne de votre jacuzzi, car s&#039;il se casse, vous ne pouvez pas utiliser le jacuzzi et ne pouvez le faire r\u00e9parer qu&#039;\u00e0 un co\u00fbt \u00e9lev\u00e9.<br \/>\nLa pompe submersible d\u00e9livre les particules au sac filtrant beaucoup plus rapidement et plus compl\u00e8tement et aspire \u00e9galement les s\u00e9diments du fond du jacuzzi.<\/p>\n<p>&nbsp;<\/p>\n<p><iframe title=\"Miraclebag CO100\" width=\"800\" height=\"450\" src=\"https:\/\/www.youtube.com\/embed\/Zg-UrzHTQRI?feature=oembed\" frameborder=\"0\" allow=\"accelerometer; autoplay; clipboard-write; encrypted-media; gyroscope; picture-in-picture; web-share\" referrerpolicy=\"strict-origin-when-cross-origin\" allowfullscreen><\/iframe><\/p>\n<h3><strong>\u00c0 propos du sac Miracle<\/strong><\/h3>\n<p><span style=\"color: #000000\">Le filtre \u00e0 eau de piscine est capable de filtrer tous les contaminants flottants de l&#039;eau de la piscine, y compris ceux qui rendent l&#039;eau opale. Poudre d&#039;algues, algues vertes, oxyde de fer, oxyde de mangan\u00e8se.<\/span><\/p>\n<p><span style=\"color: #000000\"><strong>Sac de filtration d&#039;eau en mat\u00e9riau de filtration d&#039;eau industrielle de 1 ou 5 microns<\/strong>, avec possibilit\u00e9 d&#039;ins\u00e9rer un raccord de durite (diam\u00e8tre : 32mm). Dimensions 100 cm x 15 cm, surface filtrante 0,3 m2. La performance du mat\u00e9riau filtrant de 5 microns est comparable ou sup\u00e9rieure \u00e0 celle des filtres \u00e0 sable. Le mat\u00e9riau filtrant de 1 micron peut \u00e9galement filtrer la plupart des algues vertes de l&#039;eau, laissant l&#039;eau de votre piscine limpide ! <strong>Il est moins cher, plus simple, plus efficace et plus \u00e9conomique que les syst\u00e8mes de filtration de piscine existants.<\/strong><\/span><\/p>\n<h3><strong>La version pr\u00e9c\u00e9dente de Miracle Bag\u00a0:<\/strong><\/h3>\n<p><iframe title=\"Miraclebag, Filtre \u00e0 eau de piscine, \u00e0 la place du filtre \u00e0 sable V3 2\" width=\"800\" height=\"450\" src=\"https:\/\/www.youtube.com\/embed\/QFNBelhcX5M?feature=oembed\" frameborder=\"0\" allow=\"accelerometer; autoplay; clipboard-write; encrypted-media; gyroscope; picture-in-picture; web-share\" referrerpolicy=\"strict-origin-when-cross-origin\" allowfullscreen><\/iframe><\/p>\n<h3><strong>La soupape de s\u00e9curit\u00e9 qui prot\u00e8ge le sac des surpressions :<\/strong><\/h3>\n<p><iframe title=\"GT szelep court nologo\" width=\"800\" height=\"450\" src=\"https:\/\/www.youtube.com\/embed\/OQFIxZywlEA?feature=oembed\" frameborder=\"0\" allow=\"accelerometer; autoplay; clipboard-write; encrypted-media; gyroscope; picture-in-picture; web-share\" referrerpolicy=\"strict-origin-when-cross-origin\" allowfullscreen><\/iframe><\/p>\n<div class=\"elementor-element elementor-element-ad049ff elementor-widget elementor-widget-text-editor\" data-id=\"ad049ff\" data-element_type=\"widget\" data-widget_type=\"text-editor.default\">\n<div class=\"elementor-widget-container\">\n<h3><span style=\"color: #000000\"><strong>Facile \u00e0 utiliser<\/strong><\/span><\/h3>\n<p><span style=\"color: #000000\"><strong>Le moyen le plus simple et le plus efficace est de l&#039;utiliser avec une pompe submersible.<\/strong><\/span><\/p>\n<p><span style=\"color: #000000\"><strong>Sens Unique:<\/strong> faites tourner l&#039;eau de la piscine comme un bain \u00e0 remous et placez la pompe submersible au milieu, au fond de la piscine. Fixez le sac filtrant au bord de la piscine. Tous les s\u00e9diments iront dans le sac en quelques minutes. Aucun aspirateur n&#039;est n\u00e9cessaire.<\/span><\/p>\n<p><span style=\"color: #000000\"><strong>Autrement:<\/strong> connecter le sac filtrant avec un long tuyau pour s&#039;assurer que la pompe submersible et le sac filtrant sont aussi \u00e9loign\u00e9s que possible l&#039;un de l&#039;autre. L&#039;eau propre sortant du sac filtre poussera l&#039;eau non filtr\u00e9e vers la pompe. La pompe au fond de la piscine aspire toutes les impuret\u00e9s flottantes et la majeure partie du sable. Le sable plus lourd qui s&#039;accumule dans les plis du fond de la piscine peut \u00eatre pouss\u00e9 vers la pompe avec une brosse. De cette fa\u00e7on, l&#039;eau de la piscine sera propre en quelques heures et il n&#039;y aura pas besoin de passer l&#039;aspirateur.<\/span><\/p>\n<\/div>\n<\/div>","protected":false},"excerpt":{"rendered":"<ul>\n<li class=\"ai-optimize-11\">Achetez cette version de votre premier sac filtrant si vous avez une piscine plus petite. Jusqu&#039;\u00e0 2,5 m\u00e8tres de diam\u00e8tre.<\/li>\n<li class=\"ai-optimize-12\">Cette version est recommand\u00e9e pour les piscines pour enfants, les petites piscines et les spas. Jusqu&#039;\u00e0 0-3 m3.<\/li>\n<li class=\"ai-optimize-13\">Le forfait comprend un tuyau flexible court pour connecter la soupape de s\u00e9curit\u00e9 \u00e0 la pompe submersible.<\/li>\n<li class=\"ai-optimize-14\">Pour les grandes piscines, un long tuyau flexible est n\u00e9cessaire pour maintenir la pompe submersible et le sac filtrant aussi \u00e9loign\u00e9s que possible.<\/li>\n<li class=\"ai-optimize-15\">Pour les grandes piscines, achetez la version VE100 et procurez-vous un long tuyau flexible.<\/li>\n<\/ul>","protected":false},"featured_media":2527,"comment_status":"open","ping_status":"closed","template":"","meta":[],"product_brand":[],"product_cat":[23],"product_tag":[27],"class_list":{"0":"post-230","1":"product","2":"type-product","3":"status-publish","4":"has-post-thumbnail","6":"product_cat-starter-kit","7":"product_tag-0-3-m","9":"first","10":"instock","11":"taxable","12":"shipping-taxable","13":"purchasable","14":"product-type-simple"},"yoast_head":"<!-- This site is optimized with the Yoast SEO Premium plugin v26.8 (Yoast SEO v26.8) - https:\/\/yoast.com\/product\/yoast-seo-premium-wordpress\/ -->\n<title>Jakuzzi Pack 100 cm (CO100) - MiracleBag<\/title>\n<meta name=\"robots\" content=\"index, follow, max-snippet:-1, max-image-preview:large, max-video-preview:-1\" \/>\n<link rel=\"canonical\" href=\"https:\/\/miraclebag.store\/fr\/boutique\/kit-de-demarrage\/starter-pack-100-cm-co100\/\" \/>\n<meta property=\"og:locale\" content=\"fr_FR\" \/>\n<meta property=\"og:type\" content=\"article\" \/>\n<meta property=\"og:title\" content=\"Jakuzzi Pack 100 cm (CO100)\" \/>\n<meta property=\"og:description\" content=\"Buy this version of your first filter bag if you have a smaller pool. Up to 2.5 metres in diameter.  This version is recommended for children&#039;s pools, small pools and hot tubs. Up to 0-3 m3.  The package includes a short flexible hose to connect the safety valve to the submersible pump.  For large pools, a long flexible hose is needed to keep the submersible pump and filter bag as far apart as possible.  For large pools, buy the VE100 version and get a long flexible hose.\" \/>\n<meta property=\"og:url\" content=\"https:\/\/miraclebag.store\/fr\/boutique\/kit-de-demarrage\/starter-pack-100-cm-co100\/\" \/>\n<meta property=\"og:site_name\" content=\"MiracleBag\" \/>\n<meta property=\"article:modified_time\" content=\"2025-10-06T10:45:09+00:00\" \/>\n<meta property=\"og:image\" content=\"https:\/\/miraclebag.store\/wp-content\/uploads\/2023\/01\/DJI_20250525100845_0073_Daa-scaled-e1749363604872.png\" \/>\n\t<meta property=\"og:image:width\" content=\"956\" \/>\n\t<meta property=\"og:image:height\" content=\"958\" \/>\n\t<meta property=\"og:image:type\" content=\"image\/png\" \/>\n<meta name=\"twitter:card\" content=\"summary_large_image\" \/>\n<meta name=\"twitter:label1\" content=\"Prix\" \/>\n\t<meta name=\"twitter:data1\" content=\"&euro;&nbsp;39.95 exc. Vat\" \/>\n\t<meta name=\"twitter:label2\" content=\"Disponibilit\u00e9\" \/>\n\t<meta name=\"twitter:data2\" content=\"En stock\" \/>\n<script type=\"application\/ld+json\" class=\"yoast-schema-graph\">{\"@context\":\"https:\/\/schema.org\",\"@graph\":[{\"@type\":\"WebPage\",\"@id\":\"https:\/\/miraclebag.store\/shop\/starter-kit\/starter-pack-100-cm-co100\/\",\"url\":\"https:\/\/miraclebag.store\/shop\/starter-kit\/starter-pack-100-cm-co100\/\",\"name\":\"Jakuzzi Pack 100 cm (CO100) - MiracleBag\",\"isPartOf\":{\"@id\":\"https:\/\/miraclebag.store\/#website\"},\"primaryImageOfPage\":{\"@id\":\"https:\/\/miraclebag.store\/shop\/starter-kit\/starter-pack-100-cm-co100\/#primaryimage\"},\"image\":{\"@id\":\"https:\/\/miraclebag.store\/shop\/starter-kit\/starter-pack-100-cm-co100\/#primaryimage\"},\"thumbnailUrl\":\"https:\/\/miraclebag.store\/wp-content\/uploads\/2023\/01\/DJI_20250525100845_0073_Daa-scaled-e1749363604872.png\",\"datePublished\":\"2023-01-09T14:40:40+00:00\",\"dateModified\":\"2025-10-06T10:45:09+00:00\",\"breadcrumb\":{\"@id\":\"https:\/\/miraclebag.store\/shop\/starter-kit\/starter-pack-100-cm-co100\/#breadcrumb\"},\"inLanguage\":\"fr-FR\",\"potentialAction\":[{\"@type\":\"ReadAction\",\"target\":[\"https:\/\/miraclebag.store\/shop\/starter-kit\/starter-pack-100-cm-co100\/\"]}]},{\"@type\":\"ImageObject\",\"inLanguage\":\"fr-FR\",\"@id\":\"https:\/\/miraclebag.store\/shop\/starter-kit\/starter-pack-100-cm-co100\/#primaryimage\",\"url\":\"https:\/\/miraclebag.store\/wp-content\/uploads\/2023\/01\/DJI_20250525100845_0073_Daa-scaled-e1749363604872.png\",\"contentUrl\":\"https:\/\/miraclebag.store\/wp-content\/uploads\/2023\/01\/DJI_20250525100845_0073_Daa-scaled-e1749363604872.png\",\"width\":956,\"height\":958},{\"@type\":\"BreadcrumbList\",\"@id\":\"https:\/\/miraclebag.store\/shop\/starter-kit\/starter-pack-100-cm-co100\/#breadcrumb\",\"itemListElement\":[{\"@type\":\"ListItem\",\"position\":1,\"name\":\"Home\",\"item\":\"https:\/\/miraclebag.store\/\"},{\"@type\":\"ListItem\",\"position\":2,\"name\":\"Shop\",\"item\":\"https:\/\/miraclebag.store\/shop\/\"},{\"@type\":\"ListItem\",\"position\":3,\"name\":\"Jakuzzi Pack 100 cm (CO100)\"}]},{\"@type\":\"WebSite\",\"@id\":\"https:\/\/miraclebag.store\/#website\",\"url\":\"https:\/\/miraclebag.store\/\",\"name\":\"MiracleBag\",\"description\":\"Crystal clear pool water \u2013 no sand filter needed\",\"publisher\":{\"@id\":\"https:\/\/miraclebag.store\/#organization\"},\"potentialAction\":[{\"@type\":\"SearchAction\",\"target\":{\"@type\":\"EntryPoint\",\"urlTemplate\":\"https:\/\/miraclebag.store\/?s={search_term_string}\"},\"query-input\":{\"@type\":\"PropertyValueSpecification\",\"valueRequired\":true,\"valueName\":\"search_term_string\"}}],\"inLanguage\":\"fr-FR\"},{\"@type\":\"Organization\",\"@id\":\"https:\/\/miraclebag.store\/#organization\",\"name\":\"MiracleBag\",\"url\":\"https:\/\/miraclebag.store\/\",\"logo\":{\"@type\":\"ImageObject\",\"inLanguage\":\"fr-FR\",\"@id\":\"https:\/\/miraclebag.store\/#\/schema\/logo\/image\/\",\"url\":\"https:\/\/miraclebag.store\/wp-content\/uploads\/2023\/01\/miraclebag-logo-blue.png\",\"contentUrl\":\"https:\/\/miraclebag.store\/wp-content\/uploads\/2023\/01\/miraclebag-logo-blue.png\",\"width\":357,\"height\":87,\"caption\":\"MiracleBag\"},\"image\":{\"@id\":\"https:\/\/miraclebag.store\/#\/schema\/logo\/image\/\"}}]}<\/script>\n<meta property=\"product:price:amount\" content=\"39.95\" \/>\n<meta property=\"product:price:currency\" content=\"EUR\" \/>\n<meta property=\"og:availability\" content=\"instock\" \/>\n<meta property=\"product:availability\" content=\"instock\" \/>\n<meta property=\"product:retailer_item_id\" content=\"CO100\" \/>\n<meta property=\"product:condition\" content=\"new\" \/>\n<!-- \/ Yoast SEO Premium plugin. -->","yoast_head_json":{"title":"Sac jacuzzi 100 cm (CO100) - MiracleBag","robots":{"index":"index","follow":"follow","max-snippet":"max-snippet:-1","max-image-preview":"max-image-preview:large","max-video-preview":"max-video-preview:-1"},"canonical":"https:\/\/miraclebag.store\/fr\/boutique\/kit-de-demarrage\/starter-pack-100-cm-co100\/","og_locale":"fr_FR","og_type":"article","og_title":"Jakuzzi Pack 100 cm (CO100)","og_description":"Buy this version of your first filter bag if you have a smaller pool. Up to 2.5 metres in diameter.  This version is recommended for children's pools, small pools and hot tubs. Up to 0-3 m3.  The package includes a short flexible hose to connect the safety valve to the submersible pump.  For large pools, a long flexible hose is needed to keep the submersible pump and filter bag as far apart as possible.  For large pools, buy the VE100 version and get a long flexible hose.","og_url":"https:\/\/miraclebag.store\/fr\/boutique\/kit-de-demarrage\/starter-pack-100-cm-co100\/","og_site_name":"MiracleBag","article_modified_time":"2025-10-06T10:45:09+00:00","og_image":[{"width":956,"height":958,"url":"https:\/\/miraclebag.store\/wp-content\/uploads\/2023\/01\/DJI_20250525100845_0073_Daa-scaled-e1749363604872.png","type":"image\/png"}],"twitter_card":"summary_large_image","twitter_misc":{"Prix":"&euro;&nbsp;39.95 exc. Vat","Disponibilit\u00e9":"En stock"},"schema":{"@context":"https:\/\/schema.org","@graph":[{"@type":"WebPage","@id":"https:\/\/miraclebag.store\/shop\/starter-kit\/starter-pack-100-cm-co100\/","url":"https:\/\/miraclebag.store\/shop\/starter-kit\/starter-pack-100-cm-co100\/","name":"Sac jacuzzi 100 cm (CO100) - MiracleBag","isPartOf":{"@id":"https:\/\/miraclebag.store\/#website"},"primaryImageOfPage":{"@id":"https:\/\/miraclebag.store\/shop\/starter-kit\/starter-pack-100-cm-co100\/#primaryimage"},"image":{"@id":"https:\/\/miraclebag.store\/shop\/starter-kit\/starter-pack-100-cm-co100\/#primaryimage"},"thumbnailUrl":"https:\/\/miraclebag.store\/wp-content\/uploads\/2023\/01\/DJI_20250525100845_0073_Daa-scaled-e1749363604872.png","datePublished":"2023-01-09T14:40:40+00:00","dateModified":"2025-10-06T10:45:09+00:00","breadcrumb":{"@id":"https:\/\/miraclebag.store\/shop\/starter-kit\/starter-pack-100-cm-co100\/#breadcrumb"},"inLanguage":"fr-FR","potentialAction":[{"@type":"ReadAction","target":["https:\/\/miraclebag.store\/shop\/starter-kit\/starter-pack-100-cm-co100\/"]}]},{"@type":"ImageObject","inLanguage":"fr-FR","@id":"https:\/\/miraclebag.store\/shop\/starter-kit\/starter-pack-100-cm-co100\/#primaryimage","url":"https:\/\/miraclebag.store\/wp-content\/uploads\/2023\/01\/DJI_20250525100845_0073_Daa-scaled-e1749363604872.png","contentUrl":"https:\/\/miraclebag.store\/wp-content\/uploads\/2023\/01\/DJI_20250525100845_0073_Daa-scaled-e1749363604872.png","width":956,"height":958},{"@type":"BreadcrumbList","@id":"https:\/\/miraclebag.store\/shop\/starter-kit\/starter-pack-100-cm-co100\/#breadcrumb","itemListElement":[{"@type":"ListItem","position":1,"name":"Home","item":"https:\/\/miraclebag.store\/"},{"@type":"ListItem","position":2,"name":"Shop","item":"https:\/\/miraclebag.store\/shop\/"},{"@type":"ListItem","position":3,"name":"Jakuzzi Pack 100 cm (CO100)"}]},{"@type":"WebSite","@id":"https:\/\/miraclebag.store\/#website","url":"https:\/\/miraclebag.store\/","name":"Sac Miracle","description":"Eau de piscine cristalline \u2013 aucun filtre \u00e0 sable n\u00e9cessaire","publisher":{"@id":"https:\/\/miraclebag.store\/#organization"},"potentialAction":[{"@type":"SearchAction","target":{"@type":"EntryPoint","urlTemplate":"https:\/\/miraclebag.store\/?s={search_term_string}"},"query-input":{"@type":"PropertyValueSpecification","valueRequired":true,"valueName":"search_term_string"}}],"inLanguage":"fr-FR"},{"@type":"Organization","@id":"https:\/\/miraclebag.store\/#organization","name":"Sac Miracle","url":"https:\/\/miraclebag.store\/","logo":{"@type":"ImageObject","inLanguage":"fr-FR","@id":"https:\/\/miraclebag.store\/#\/schema\/logo\/image\/","url":"https:\/\/miraclebag.store\/wp-content\/uploads\/2023\/01\/miraclebag-logo-blue.png","contentUrl":"https:\/\/miraclebag.store\/wp-content\/uploads\/2023\/01\/miraclebag-logo-blue.png","width":357,"height":87,"caption":"MiracleBag"},"image":{"@id":"https:\/\/miraclebag.store\/#\/schema\/logo\/image\/"}}]},"product_price_amount":"39.95","product_price_currency":"EUR","og_availability":"instock","product_availability":"instock","product_retailer_item_id":"CO100","product_condition":"new"},"_links":{"self":[{"href":"https:\/\/miraclebag.store\/fr\/wp-json\/wp\/v2\/product\/230","targetHints":{"allow":["GET"]}}],"collection":[{"href":"https:\/\/miraclebag.store\/fr\/wp-json\/wp\/v2\/product"}],"about":[{"href":"https:\/\/miraclebag.store\/fr\/wp-json\/wp\/v2\/types\/product"}],"replies":[{"embeddable":true,"href":"https:\/\/miraclebag.store\/fr\/wp-json\/wp\/v2\/comments?post=230"}],"wp:featuredmedia":[{"embeddable":true,"href":"https:\/\/miraclebag.store\/fr\/wp-json\/wp\/v2\/media\/2527"}],"wp:attachment":[{"href":"https:\/\/miraclebag.store\/fr\/wp-json\/wp\/v2\/media?parent=230"}],"wp:term":[{"taxonomy":"product_brand","embeddable":true,"href":"https:\/\/miraclebag.store\/fr\/wp-json\/wp\/v2\/product_brand?post=230"},{"taxonomy":"product_cat","embeddable":true,"href":"https:\/\/miraclebag.store\/fr\/wp-json\/wp\/v2\/product_cat?post=230"},{"taxonomy":"product_tag","embeddable":true,"href":"https:\/\/miraclebag.store\/fr\/wp-json\/wp\/v2\/product_tag?post=230"}],"curies":[{"name":"wp","href":"https:\/\/api.w.org\/{rel}","templated":true}]}}