{"id":13,"date":"2023-01-06T11:06:31","date_gmt":"2023-01-06T10:06:31","guid":{"rendered":"https:\/\/miraclebag.store\/my-account\/"},"modified":"2025-04-16T18:58:19","modified_gmt":"2025-04-16T16:58:19","slug":"mon-compte","status":"publish","type":"page","link":"https:\/\/miraclebag.store\/fr\/mon-compte\/","title":{"rendered":"Mon compte"},"content":{"rendered":"<div data-elementor-type=\"wp-page\" data-elementor-id=\"13\" class=\"elementor elementor-13\" data-elementor-post-type=\"page\">\n\t\t\t\t<div class=\"elementor-element elementor-element-7f9c5a99 e-flex e-con-boxed e-con e-parent\" data-id=\"7f9c5a99\" data-element_type=\"container\">\n\t\t\t\t\t<div class=\"e-con-inner\">\n\t\t\t\t<div class=\"elementor-element elementor-element-73745f89 e-my-account-tabs-vertical elementor-widget elementor-widget-woocommerce-my-account\" data-id=\"73745f89\" data-element_type=\"widget\" data-widget_type=\"woocommerce-my-account.default\">\n\t\t\t\t<div class=\"elementor-widget-container\">\n\t\t\t\t\t<div class=\"e-my-account-tab e-my-account-tab__\">\t\t\t<div class=\"woocommerce\"><\/div>\t\t<\/div>\n\t\t\t\t\t\t<\/div>\n\t\t\t\t<\/div>\n\t\t\t\t\t<\/div>\n\t\t\t\t<\/div>\n\t\t\t\t<\/div>","protected":false},"excerpt":{"rendered":"<p>Bonjour Bal\u00e1zs Szil\u00e1gyi (pas Bal\u00e1zs Szil\u00e1gyi ? D\u00e9connexion) Depuis le tableau de bord de votre compte, vous pouvez consulter vos commandes r\u00e9centes, g\u00e9rer vos adresses de livraison et de facturation, et modifier votre mot de passe et les d\u00e9tails de votre compte.<\/p>","protected":false},"author":2,"featured_media":0,"parent":0,"menu_order":0,"comment_status":"closed","ping_status":"closed","template":"elementor_header_footer","meta":{"footnotes":""},"class_list":["post-13","page","type-page","status-publish","hentry"],"yoast_head":"<!-- This site is optimized with the Yoast SEO Premium plugin v26.8 (Yoast SEO v26.8) - https:\/\/yoast.com\/product\/yoast-seo-premium-wordpress\/ -->\n<title>My account - MiracleBag<\/title>\n<meta name=\"robots\" content=\"noindex, follow\" \/>\n<meta property=\"og:locale\" content=\"fr_FR\" \/>\n<meta property=\"og:type\" content=\"article\" \/>\n<meta property=\"og:title\" content=\"My account\" \/>\n<meta property=\"og:description\" content=\"Dashboard Orders Downloads Addresses Payment methods Settings Logout Hello Bal\u00e1zs Szil\u00e1gyi (not Bal\u00e1zs Szil\u00e1gyi? Log out) From your account dashboard you can view your recent orders, manage your shipping and billing addresses, and edit your password and account details.\" \/>\n<meta property=\"og:url\" content=\"https:\/\/miraclebag.store\/fr\/mon-compte\/\" \/>\n<meta property=\"og:site_name\" content=\"MiracleBag\" \/>\n<meta property=\"article:modified_time\" content=\"2025-04-16T16:58:19+00:00\" \/>\n<meta name=\"twitter:card\" content=\"summary_large_image\" \/>\n<meta name=\"twitter:label1\" content=\"Dur\u00e9e de lecture estim\u00e9e\" \/>\n\t<meta name=\"twitter:data1\" content=\"1 minute\" \/>\n<script type=\"application\/ld+json\" class=\"yoast-schema-graph\">{\"@context\":\"https:\/\/schema.org\",\"@graph\":[{\"@type\":\"WebPage\",\"@id\":\"https:\/\/miraclebag.store\/my-account\/\",\"url\":\"https:\/\/miraclebag.store\/my-account\/\",\"name\":\"My account - MiracleBag\",\"isPartOf\":{\"@id\":\"https:\/\/miraclebag.store\/#website\"},\"datePublished\":\"2023-01-06T10:06:31+00:00\",\"dateModified\":\"2025-04-16T16:58:19+00:00\",\"breadcrumb\":{\"@id\":\"https:\/\/miraclebag.store\/my-account\/#breadcrumb\"},\"inLanguage\":\"fr-FR\",\"potentialAction\":[{\"@type\":\"ReadAction\",\"target\":[\"https:\/\/miraclebag.store\/my-account\/\"]}]},{\"@type\":\"BreadcrumbList\",\"@id\":\"https:\/\/miraclebag.store\/my-account\/#breadcrumb\",\"itemListElement\":[{\"@type\":\"ListItem\",\"position\":1,\"name\":\"Home\",\"item\":\"https:\/\/miraclebag.store\/\"},{\"@type\":\"ListItem\",\"position\":2,\"name\":\"My account\"}]},{\"@type\":\"WebSite\",\"@id\":\"https:\/\/miraclebag.store\/#website\",\"url\":\"https:\/\/miraclebag.store\/\",\"name\":\"MiracleBag\",\"description\":\"Crystal clear pool water \u2013 no sand filter needed\",\"publisher\":{\"@id\":\"https:\/\/miraclebag.store\/#organization\"},\"potentialAction\":[{\"@type\":\"SearchAction\",\"target\":{\"@type\":\"EntryPoint\",\"urlTemplate\":\"https:\/\/miraclebag.store\/?s={search_term_string}\"},\"query-input\":{\"@type\":\"PropertyValueSpecification\",\"valueRequired\":true,\"valueName\":\"search_term_string\"}}],\"inLanguage\":\"fr-FR\"},{\"@type\":\"Organization\",\"@id\":\"https:\/\/miraclebag.store\/#organization\",\"name\":\"MiracleBag\",\"url\":\"https:\/\/miraclebag.store\/\",\"logo\":{\"@type\":\"ImageObject\",\"inLanguage\":\"fr-FR\",\"@id\":\"https:\/\/miraclebag.store\/#\/schema\/logo\/image\/\",\"url\":\"https:\/\/miraclebag.store\/wp-content\/uploads\/2023\/01\/miraclebag-logo-blue.png\",\"contentUrl\":\"https:\/\/miraclebag.store\/wp-content\/uploads\/2023\/01\/miraclebag-logo-blue.png\",\"width\":357,\"height\":87,\"caption\":\"MiracleBag\"},\"image\":{\"@id\":\"https:\/\/miraclebag.store\/#\/schema\/logo\/image\/\"}}]}<\/script>\n<!-- \/ Yoast SEO Premium plugin. -->","yoast_head_json":{"title":"Mon compte - MiracleBag","robots":{"index":"noindex","follow":"follow"},"og_locale":"fr_FR","og_type":"article","og_title":"My account","og_description":"Dashboard Orders Downloads Addresses Payment methods Settings Logout Hello Bal\u00e1zs Szil\u00e1gyi (not Bal\u00e1zs Szil\u00e1gyi? Log out) From your account dashboard you can view your recent orders, manage your shipping and billing addresses, and edit your password and account details.","og_url":"https:\/\/miraclebag.store\/fr\/mon-compte\/","og_site_name":"MiracleBag","article_modified_time":"2025-04-16T16:58:19+00:00","twitter_card":"summary_large_image","twitter_misc":{"Dur\u00e9e de lecture estim\u00e9e":"1 minute"},"schema":{"@context":"https:\/\/schema.org","@graph":[{"@type":"WebPage","@id":"https:\/\/miraclebag.store\/my-account\/","url":"https:\/\/miraclebag.store\/my-account\/","name":"Mon compte - MiracleBag","isPartOf":{"@id":"https:\/\/miraclebag.store\/#website"},"datePublished":"2023-01-06T10:06:31+00:00","dateModified":"2025-04-16T16:58:19+00:00","breadcrumb":{"@id":"https:\/\/miraclebag.store\/my-account\/#breadcrumb"},"inLanguage":"fr-FR","potentialAction":[{"@type":"ReadAction","target":["https:\/\/miraclebag.store\/my-account\/"]}]},{"@type":"BreadcrumbList","@id":"https:\/\/miraclebag.store\/my-account\/#breadcrumb","itemListElement":[{"@type":"ListItem","position":1,"name":"Home","item":"https:\/\/miraclebag.store\/"},{"@type":"ListItem","position":2,"name":"My account"}]},{"@type":"WebSite","@id":"https:\/\/miraclebag.store\/#website","url":"https:\/\/miraclebag.store\/","name":"Sac Miracle","description":"Eau de piscine cristalline \u2013 aucun filtre \u00e0 sable n\u00e9cessaire","publisher":{"@id":"https:\/\/miraclebag.store\/#organization"},"potentialAction":[{"@type":"SearchAction","target":{"@type":"EntryPoint","urlTemplate":"https:\/\/miraclebag.store\/?s={search_term_string}"},"query-input":{"@type":"PropertyValueSpecification","valueRequired":true,"valueName":"search_term_string"}}],"inLanguage":"fr-FR"},{"@type":"Organization","@id":"https:\/\/miraclebag.store\/#organization","name":"Sac Miracle","url":"https:\/\/miraclebag.store\/","logo":{"@type":"ImageObject","inLanguage":"fr-FR","@id":"https:\/\/miraclebag.store\/#\/schema\/logo\/image\/","url":"https:\/\/miraclebag.store\/wp-content\/uploads\/2023\/01\/miraclebag-logo-blue.png","contentUrl":"https:\/\/miraclebag.store\/wp-content\/uploads\/2023\/01\/miraclebag-logo-blue.png","width":357,"height":87,"caption":"MiracleBag"},"image":{"@id":"https:\/\/miraclebag.store\/#\/schema\/logo\/image\/"}}]}},"_links":{"self":[{"href":"https:\/\/miraclebag.store\/fr\/wp-json\/wp\/v2\/pages\/13","targetHints":{"allow":["GET"]}}],"collection":[{"href":"https:\/\/miraclebag.store\/fr\/wp-json\/wp\/v2\/pages"}],"about":[{"href":"https:\/\/miraclebag.store\/fr\/wp-json\/wp\/v2\/types\/page"}],"author":[{"embeddable":true,"href":"https:\/\/miraclebag.store\/fr\/wp-json\/wp\/v2\/users\/2"}],"replies":[{"embeddable":true,"href":"https:\/\/miraclebag.store\/fr\/wp-json\/wp\/v2\/comments?post=13"}],"version-history":[{"count":0,"href":"https:\/\/miraclebag.store\/fr\/wp-json\/wp\/v2\/pages\/13\/revisions"}],"wp:attachment":[{"href":"https:\/\/miraclebag.store\/fr\/wp-json\/wp\/v2\/media?parent=13"}],"curies":[{"name":"wp","href":"https:\/\/api.w.org\/{rel}","templated":true}]}}