{"id":631,"date":"2023-01-25T14:57:57","date_gmt":"2023-01-25T13:57:57","guid":{"rendered":"https:\/\/miraclebag.store\/?post_type=product&#038;p=631"},"modified":"2025-06-09T11:58:19","modified_gmt":"2025-06-09T09:58:19","slug":"pack-doble-2uds-50-cm-ve2x50","status":"publish","type":"product","link":"https:\/\/miraclebag.store\/es\/comercio\/paquete-doble\/pack-doble-2uds-50-cm-ve2x50\/","title":{"rendered":"Filtro agua piscina Doble Pack 2uds 50 cm (VE2x50)"},"content":{"rendered":"<p><iframe title=\"Bolsa milagrosa VE2x50\" width=\"800\" height=\"450\" src=\"https:\/\/www.youtube.com\/embed\/SidtYBHTqdo?feature=oembed\" frameborder=\"0\" allow=\"accelerometer; autoplay; clipboard-write; encrypted-media; gyroscope; picture-in-picture; web-share\" referrerpolicy=\"strict-origin-when-cross-origin\" allowfullscreen><\/iframe><\/p>\n<h3><strong>Acerca de la bolsa milagrosa<\/strong><\/h3>\n<p><span style=\"color: #000000;\">El filtro de agua de la piscina puede filtrar todos los contaminantes flotantes del agua de la piscina, incluidos aquellos que hacen que el agua se vuelva opalina. Polvo de algas, algas verdes, \u00f3xido de hierro, \u00f3xido de manganeso.<\/span><\/p>\n<p><span style=\"color: #000000;\"><strong>Bolsa de filtraci\u00f3n de agua hecha de material de filtraci\u00f3n de agua industrial de 1 o 5 micras<\/strong>, con la posibilidad de insertar una conexi\u00f3n de manguera (di\u00e1metro: 32 mm). Tama\u00f1o 100 cm x 15 cm, 0,3 m2 de superficie filtrante. El rendimiento del material filtrante de 5 micras es comparable o mejor que el de los filtros de arena. \u00a1El material del filtro de 1 micr\u00f3n tambi\u00e9n puede filtrar la mayor\u00eda de las algas verdes del agua, dejando el agua de su piscina cristalina! <strong>Es m\u00e1s barato, m\u00e1s simple, m\u00e1s eficiente y m\u00e1s econ\u00f3mico que los sistemas de filtraci\u00f3n de piscinas existentes.<\/strong><\/span><\/p>\n<h3><strong>La versi\u00f3n anterior de Miracle Bag:<\/strong><\/h3>\n<p><iframe title=\"Miraclebag, filtro de agua de piscina, en lugar de filtro de arena V3 2\" width=\"800\" height=\"450\" src=\"https:\/\/www.youtube.com\/embed\/QFNBelhcX5M?feature=oembed\" frameborder=\"0\" allow=\"accelerometer; autoplay; clipboard-write; encrypted-media; gyroscope; picture-in-picture; web-share\" referrerpolicy=\"strict-origin-when-cross-origin\" allowfullscreen><\/iframe><\/p>\n<h3><strong>La v\u00e1lvula de seguridad que protege la bolsa de la sobrepresi\u00f3n:<\/strong><\/h3>\n<p><iframe title=\"GT szelep corto nologo\" width=\"800\" height=\"450\" src=\"https:\/\/www.youtube.com\/embed\/OQFIxZywlEA?feature=oembed\" frameborder=\"0\" allow=\"accelerometer; autoplay; clipboard-write; encrypted-media; gyroscope; picture-in-picture; web-share\" referrerpolicy=\"strict-origin-when-cross-origin\" allowfullscreen><\/iframe><\/p>\n<div class=\"elementor-element elementor-element-ad049ff elementor-widget elementor-widget-text-editor\" data-id=\"ad049ff\" data-element_type=\"widget\" data-widget_type=\"text-editor.default\">\n<div class=\"elementor-widget-container\">\n<h3><span style=\"color: #000000;\"><strong>F\u00e1cil de usar<\/strong><\/span><\/h3>\n<p><span style=\"color: #000000;\"><strong>La forma m\u00e1s sencilla y eficiente es usarlo con una bomba sumergible.<\/strong><\/span><\/p>\n<p><span style=\"color: #000000;\"><strong>De una sola mano:<\/strong> gire el agua de la piscina como un remolino y coloque la bomba sumergible en el medio, en el fondo de la piscina. Afirme la bolsa de filtro al borde de la piscina. Todo el sedimento ir\u00e1 a la bolsa en unos minutos. No se requiere aspirar.<\/span><\/p>\n<p><span style=\"color: #000000;\"><strong>De otra manera:<\/strong> conecte la bolsa de filtro con una manguera larga para asegurarse de que la bomba sumergible y la bolsa de filtro est\u00e9n lo m\u00e1s lejos posible entre s\u00ed. El agua limpia que sale de la bolsa del filtro empujar\u00e1 el agua sin filtrar hacia la bomba. La bomba en el fondo de la piscina aspira todas las impurezas flotantes y la mayor parte de la arena. La arena m\u00e1s pesada que se acumula en los pliegues del fondo de la piscina se puede empujar hacia la bomba con un cepillo. De esta forma, el agua de la piscina estar\u00e1 limpia en pocas horas y no habr\u00e1 necesidad de pasar la aspiradora.<\/span><\/p>\n<\/div>\n<\/div>","protected":false},"excerpt":{"rendered":"<ul>\n<li>\u00a1El paquete doble viene con una garant\u00eda de satisfacci\u00f3n 50%!<\/li>\n<li>Solo elija esto si ya tiene confianza en el producto.<\/li>\n<li>Para probarlo, elige Starter Packs con garant\u00eda de satisfacci\u00f3n 100%.<\/li>\n<li>Igual que el VE50 pero con 2 bolsas de filtro<\/li>\n<li>Para usar con una bomba sumergible, para piscinas m\u00e1s peque\u00f1as de hasta 2,5 metros de di\u00e1metro, elija el kit de inicio CO100 o CO50.<\/li>\n<li>Aunque una bolsa de filtro de 50 cm es suficiente para el volumen de agua, compre la versi\u00f3n de 100 cm si puede.<\/li>\n<li>Estar\u00e1s m\u00e1s satisfecho.<\/li>\n<li>Es m\u00e1s f\u00e1cil de limpiar, filtra de manera m\u00e1s eficiente (el agua pasa a trav\u00e9s de \u00e9l m\u00e1s lentamente) y la bolsa de filtro se puede usar durante a\u00f1os, por lo que la diferencia de precio es insignificante.<\/li>\n<\/ul>","protected":false},"featured_media":738,"comment_status":"open","ping_status":"closed","template":"","meta":[],"product_brand":[],"product_cat":[24],"product_tag":[27],"class_list":{"0":"post-631","1":"product","2":"type-product","3":"status-publish","4":"has-post-thumbnail","6":"product_cat-double-pack","7":"product_tag-0-3-m","9":"first","10":"outofstock","11":"taxable","12":"shipping-taxable","13":"purchasable","14":"product-type-simple"},"yoast_head":"<!-- This site is optimized with the Yoast SEO Premium plugin v26.8 (Yoast SEO v26.8) - https:\/\/yoast.com\/product\/yoast-seo-premium-wordpress\/ -->\n<title>Pool water filter Double Pack 2pcs 50 cm (VE2x50) - MiracleBag<\/title>\n<meta name=\"robots\" content=\"index, follow, max-snippet:-1, max-image-preview:large, max-video-preview:-1\" \/>\n<link rel=\"canonical\" href=\"https:\/\/miraclebag.store\/es\/comercio\/paquete-doble\/pack-doble-2uds-50-cm-ve2x50\/\" \/>\n<meta property=\"og:locale\" content=\"es_ES\" \/>\n<meta property=\"og:type\" content=\"article\" \/>\n<meta property=\"og:title\" content=\"Pool water filter Double Pack 2pcs 50 cm (VE2x50)\" \/>\n<meta property=\"og:description\" content=\"The Double Pack comes with a 50% satisfaction guarantee!  Only choose this if you already have confidence in the product.  To try it, choose Starter Packs with a 100% satisfaction guarantee.  Same as the VE50 but with 2 filter bags  For use with a submersible pump, for smaller pools up to 2.5 metres in diameter, choose the CO100 or CO50 starter kit.  Although a 50 cm filter bag is sufficient for the volume of water, buy the 100 cm version if you can.  You will be more satisfied.  It&#039;s easier to clean, it filters more efficiently (water passes through it more slowly), and the filter bag can be used for years, so the price difference is negligible.\" \/>\n<meta property=\"og:url\" content=\"https:\/\/miraclebag.store\/es\/comercio\/paquete-doble\/pack-doble-2uds-50-cm-ve2x50\/\" \/>\n<meta property=\"og:site_name\" content=\"MiracleBag\" \/>\n<meta property=\"article:modified_time\" content=\"2025-06-09T09:58:19+00:00\" \/>\n<meta property=\"og:image\" content=\"https:\/\/miraclebag.store\/wp-content\/uploads\/2023\/01\/double-pack-2pcs-50cm-VE2x50.jpg\" \/>\n\t<meta property=\"og:image:width\" content=\"600\" \/>\n\t<meta property=\"og:image:height\" content=\"450\" \/>\n\t<meta property=\"og:image:type\" content=\"image\/jpeg\" \/>\n<meta name=\"twitter:card\" content=\"summary_large_image\" \/>\n<meta name=\"twitter:label1\" content=\"Precio\" \/>\n\t<meta name=\"twitter:data1\" content=\"&euro;&nbsp;34.54 exc. Vat\" \/>\n\t<meta name=\"twitter:label2\" content=\"Disponibilidad\" \/>\n\t<meta name=\"twitter:data2\" content=\"Sin existencias\" \/>\n<script type=\"application\/ld+json\" class=\"yoast-schema-graph\">{\"@context\":\"https:\/\/schema.org\",\"@graph\":[{\"@type\":\"WebPage\",\"@id\":\"https:\/\/miraclebag.store\/shop\/double-pack\/double-pack-2pcs-50-cm-ve2x50\/\",\"url\":\"https:\/\/miraclebag.store\/shop\/double-pack\/double-pack-2pcs-50-cm-ve2x50\/\",\"name\":\"Pool water filter Double Pack 2pcs 50 cm (VE2x50) - MiracleBag\",\"isPartOf\":{\"@id\":\"https:\/\/miraclebag.store\/#website\"},\"primaryImageOfPage\":{\"@id\":\"https:\/\/miraclebag.store\/shop\/double-pack\/double-pack-2pcs-50-cm-ve2x50\/#primaryimage\"},\"image\":{\"@id\":\"https:\/\/miraclebag.store\/shop\/double-pack\/double-pack-2pcs-50-cm-ve2x50\/#primaryimage\"},\"thumbnailUrl\":\"https:\/\/miraclebag.store\/wp-content\/uploads\/2023\/01\/double-pack-2pcs-50cm-VE2x50.jpg\",\"datePublished\":\"2023-01-25T13:57:57+00:00\",\"dateModified\":\"2025-06-09T09:58:19+00:00\",\"breadcrumb\":{\"@id\":\"https:\/\/miraclebag.store\/shop\/double-pack\/double-pack-2pcs-50-cm-ve2x50\/#breadcrumb\"},\"inLanguage\":\"es\",\"potentialAction\":[{\"@type\":\"ReadAction\",\"target\":[\"https:\/\/miraclebag.store\/shop\/double-pack\/double-pack-2pcs-50-cm-ve2x50\/\"]}]},{\"@type\":\"ImageObject\",\"inLanguage\":\"es\",\"@id\":\"https:\/\/miraclebag.store\/shop\/double-pack\/double-pack-2pcs-50-cm-ve2x50\/#primaryimage\",\"url\":\"https:\/\/miraclebag.store\/wp-content\/uploads\/2023\/01\/double-pack-2pcs-50cm-VE2x50.jpg\",\"contentUrl\":\"https:\/\/miraclebag.store\/wp-content\/uploads\/2023\/01\/double-pack-2pcs-50cm-VE2x50.jpg\",\"width\":600,\"height\":450,\"caption\":\"double-pack-2pcs-50cm-VE2x50\"},{\"@type\":\"BreadcrumbList\",\"@id\":\"https:\/\/miraclebag.store\/shop\/double-pack\/double-pack-2pcs-50-cm-ve2x50\/#breadcrumb\",\"itemListElement\":[{\"@type\":\"ListItem\",\"position\":1,\"name\":\"Home\",\"item\":\"https:\/\/miraclebag.store\/\"},{\"@type\":\"ListItem\",\"position\":2,\"name\":\"Shop\",\"item\":\"https:\/\/miraclebag.store\/shop\/\"},{\"@type\":\"ListItem\",\"position\":3,\"name\":\"Pool water filter Double Pack 2pcs 50 cm (VE2x50)\"}]},{\"@type\":\"WebSite\",\"@id\":\"https:\/\/miraclebag.store\/#website\",\"url\":\"https:\/\/miraclebag.store\/\",\"name\":\"MiracleBag\",\"description\":\"Crystal clear pool water \u2013 no sand filter needed\",\"publisher\":{\"@id\":\"https:\/\/miraclebag.store\/#organization\"},\"potentialAction\":[{\"@type\":\"SearchAction\",\"target\":{\"@type\":\"EntryPoint\",\"urlTemplate\":\"https:\/\/miraclebag.store\/?s={search_term_string}\"},\"query-input\":{\"@type\":\"PropertyValueSpecification\",\"valueRequired\":true,\"valueName\":\"search_term_string\"}}],\"inLanguage\":\"es\"},{\"@type\":\"Organization\",\"@id\":\"https:\/\/miraclebag.store\/#organization\",\"name\":\"MiracleBag\",\"url\":\"https:\/\/miraclebag.store\/\",\"logo\":{\"@type\":\"ImageObject\",\"inLanguage\":\"es\",\"@id\":\"https:\/\/miraclebag.store\/#\/schema\/logo\/image\/\",\"url\":\"https:\/\/miraclebag.store\/wp-content\/uploads\/2023\/01\/miraclebag-logo-blue.png\",\"contentUrl\":\"https:\/\/miraclebag.store\/wp-content\/uploads\/2023\/01\/miraclebag-logo-blue.png\",\"width\":357,\"height\":87,\"caption\":\"MiracleBag\"},\"image\":{\"@id\":\"https:\/\/miraclebag.store\/#\/schema\/logo\/image\/\"}}]}<\/script>\n<meta property=\"product:price:amount\" content=\"34.54\" \/>\n<meta property=\"product:price:currency\" content=\"EUR\" \/>\n<meta property=\"og:availability\" content=\"out of stock\" \/>\n<meta property=\"product:availability\" content=\"out of stock\" \/>\n<meta property=\"product:retailer_item_id\" content=\"VE2x50\" \/>\n<meta property=\"product:condition\" content=\"new\" \/>\n<!-- \/ Yoast SEO Premium plugin. -->","yoast_head_json":{"title":"Filtro de agua para piscina, paquete doble, 2 unidades, 50 cm (VE2x50) - MiracleBag","robots":{"index":"index","follow":"follow","max-snippet":"max-snippet:-1","max-image-preview":"max-image-preview:large","max-video-preview":"max-video-preview:-1"},"canonical":"https:\/\/miraclebag.store\/es\/comercio\/paquete-doble\/pack-doble-2uds-50-cm-ve2x50\/","og_locale":"es_ES","og_type":"article","og_title":"Pool water filter Double Pack 2pcs 50 cm (VE2x50)","og_description":"The Double Pack comes with a 50% satisfaction guarantee!  Only choose this if you already have confidence in the product.  To try it, choose Starter Packs with a 100% satisfaction guarantee.  Same as the VE50 but with 2 filter bags  For use with a submersible pump, for smaller pools up to 2.5 metres in diameter, choose the CO100 or CO50 starter kit.  Although a 50 cm filter bag is sufficient for the volume of water, buy the 100 cm version if you can.  You will be more satisfied.  It's easier to clean, it filters more efficiently (water passes through it more slowly), and the filter bag can be used for years, so the price difference is negligible.","og_url":"https:\/\/miraclebag.store\/es\/comercio\/paquete-doble\/pack-doble-2uds-50-cm-ve2x50\/","og_site_name":"MiracleBag","article_modified_time":"2025-06-09T09:58:19+00:00","og_image":[{"width":600,"height":450,"url":"https:\/\/miraclebag.store\/wp-content\/uploads\/2023\/01\/double-pack-2pcs-50cm-VE2x50.jpg","type":"image\/jpeg"}],"twitter_card":"summary_large_image","twitter_misc":{"Precio":"&euro;&nbsp;34.54 exc. Vat","Disponibilidad":"Sin existencias"},"schema":{"@context":"https:\/\/schema.org","@graph":[{"@type":"WebPage","@id":"https:\/\/miraclebag.store\/shop\/double-pack\/double-pack-2pcs-50-cm-ve2x50\/","url":"https:\/\/miraclebag.store\/shop\/double-pack\/double-pack-2pcs-50-cm-ve2x50\/","name":"Filtro de agua para piscina, paquete doble, 2 unidades, 50 cm (VE2x50) - MiracleBag","isPartOf":{"@id":"https:\/\/miraclebag.store\/#website"},"primaryImageOfPage":{"@id":"https:\/\/miraclebag.store\/shop\/double-pack\/double-pack-2pcs-50-cm-ve2x50\/#primaryimage"},"image":{"@id":"https:\/\/miraclebag.store\/shop\/double-pack\/double-pack-2pcs-50-cm-ve2x50\/#primaryimage"},"thumbnailUrl":"https:\/\/miraclebag.store\/wp-content\/uploads\/2023\/01\/double-pack-2pcs-50cm-VE2x50.jpg","datePublished":"2023-01-25T13:57:57+00:00","dateModified":"2025-06-09T09:58:19+00:00","breadcrumb":{"@id":"https:\/\/miraclebag.store\/shop\/double-pack\/double-pack-2pcs-50-cm-ve2x50\/#breadcrumb"},"inLanguage":"es","potentialAction":[{"@type":"ReadAction","target":["https:\/\/miraclebag.store\/shop\/double-pack\/double-pack-2pcs-50-cm-ve2x50\/"]}]},{"@type":"ImageObject","inLanguage":"es","@id":"https:\/\/miraclebag.store\/shop\/double-pack\/double-pack-2pcs-50-cm-ve2x50\/#primaryimage","url":"https:\/\/miraclebag.store\/wp-content\/uploads\/2023\/01\/double-pack-2pcs-50cm-VE2x50.jpg","contentUrl":"https:\/\/miraclebag.store\/wp-content\/uploads\/2023\/01\/double-pack-2pcs-50cm-VE2x50.jpg","width":600,"height":450,"caption":"double-pack-2pcs-50cm-VE2x50"},{"@type":"BreadcrumbList","@id":"https:\/\/miraclebag.store\/shop\/double-pack\/double-pack-2pcs-50-cm-ve2x50\/#breadcrumb","itemListElement":[{"@type":"ListItem","position":1,"name":"Home","item":"https:\/\/miraclebag.store\/"},{"@type":"ListItem","position":2,"name":"Shop","item":"https:\/\/miraclebag.store\/shop\/"},{"@type":"ListItem","position":3,"name":"Pool water filter Double Pack 2pcs 50 cm (VE2x50)"}]},{"@type":"WebSite","@id":"https:\/\/miraclebag.store\/#website","url":"https:\/\/miraclebag.store\/","name":"Bolsa milagrosa","description":"Agua de piscina cristalina: no necesita filtro de arena","publisher":{"@id":"https:\/\/miraclebag.store\/#organization"},"potentialAction":[{"@type":"SearchAction","target":{"@type":"EntryPoint","urlTemplate":"https:\/\/miraclebag.store\/?s={search_term_string}"},"query-input":{"@type":"PropertyValueSpecification","valueRequired":true,"valueName":"search_term_string"}}],"inLanguage":"es"},{"@type":"Organization","@id":"https:\/\/miraclebag.store\/#organization","name":"Bolsa milagrosa","url":"https:\/\/miraclebag.store\/","logo":{"@type":"ImageObject","inLanguage":"es","@id":"https:\/\/miraclebag.store\/#\/schema\/logo\/image\/","url":"https:\/\/miraclebag.store\/wp-content\/uploads\/2023\/01\/miraclebag-logo-blue.png","contentUrl":"https:\/\/miraclebag.store\/wp-content\/uploads\/2023\/01\/miraclebag-logo-blue.png","width":357,"height":87,"caption":"MiracleBag"},"image":{"@id":"https:\/\/miraclebag.store\/#\/schema\/logo\/image\/"}}]},"product_price_amount":"34.54","product_price_currency":"EUR","og_availability":"out of stock","product_availability":"out of stock","product_retailer_item_id":"VE2x50","product_condition":"new"},"_links":{"self":[{"href":"https:\/\/miraclebag.store\/es\/wp-json\/wp\/v2\/product\/631","targetHints":{"allow":["GET"]}}],"collection":[{"href":"https:\/\/miraclebag.store\/es\/wp-json\/wp\/v2\/product"}],"about":[{"href":"https:\/\/miraclebag.store\/es\/wp-json\/wp\/v2\/types\/product"}],"replies":[{"embeddable":true,"href":"https:\/\/miraclebag.store\/es\/wp-json\/wp\/v2\/comments?post=631"}],"wp:featuredmedia":[{"embeddable":true,"href":"https:\/\/miraclebag.store\/es\/wp-json\/wp\/v2\/media\/738"}],"wp:attachment":[{"href":"https:\/\/miraclebag.store\/es\/wp-json\/wp\/v2\/media?parent=631"}],"wp:term":[{"taxonomy":"product_brand","embeddable":true,"href":"https:\/\/miraclebag.store\/es\/wp-json\/wp\/v2\/product_brand?post=631"},{"taxonomy":"product_cat","embeddable":true,"href":"https:\/\/miraclebag.store\/es\/wp-json\/wp\/v2\/product_cat?post=631"},{"taxonomy":"product_tag","embeddable":true,"href":"https:\/\/miraclebag.store\/es\/wp-json\/wp\/v2\/product_tag?post=631"}],"curies":[{"name":"gracias","href":"https:\/\/api.w.org\/{rel}","templated":true}]}}