{"id":230,"date":"2023-01-09T15:40:40","date_gmt":"2023-01-09T14:40:40","guid":{"rendered":"https:\/\/miraclebag.store\/?post_type=product&#038;p=230"},"modified":"2025-10-06T12:45:09","modified_gmt":"2025-10-06T10:45:09","slug":"starter-pack-100-cm-co100","status":"publish","type":"product","link":"https:\/\/miraclebag.store\/de\/geschaft\/starter-kit\/starter-pack-100-cm-co100\/","title":{"rendered":"Jakuzzi-Paket 100 cm (CO100)"},"content":{"rendered":"<h2>Dieses Set eignet sich f\u00fcr den Einsatz in Whirlpools, Hot Tubs und kleinen Pools mit Tauchpumpe.<\/h2>\n<p>Nutzen Sie dieses 1 Mikron Filterset und sch\u00fctzen Sie die interne Zirkulation Ihres Whirlpools, denn bei einem Defekt k\u00f6nnen Sie den Whirlpool nicht mehr nutzen und m\u00fcssen ihn nur mit hohem Aufwand reparieren lassen.<br \/>\nDie Tauchpumpe bef\u00f6rdert die Partikel deutlich schneller und gr\u00fcndlicher in den Filterbeutel und saugt zudem die Ablagerungen vom Boden des Whirlpools auf.<\/p>\n<p>&nbsp;<\/p>\n<p><iframe title=\"Wundertasche CO100\" width=\"800\" height=\"450\" src=\"https:\/\/www.youtube.com\/embed\/Zg-UrzHTQRI?feature=oembed\" frameborder=\"0\" allow=\"accelerometer; autoplay; clipboard-write; encrypted-media; gyroscope; picture-in-picture; web-share\" referrerpolicy=\"strict-origin-when-cross-origin\" allowfullscreen><\/iframe><\/p>\n<h3><strong>\u00dcber Miracle Bag<\/strong><\/h3>\n<p><span style=\"color: #000000\">Der Pool Wasserfilter ist in der Lage, alle schwebenden Verunreinigungen aus dem Poolwasser zu filtern, einschlie\u00dflich solcher, die das Wasser opak machen. Algenpulver, gr\u00fcne Algen, Eisenoxid, Manganoxid.<\/span><\/p>\n<p><span style=\"color: #000000\"><strong>Wasserfiltrationsbeutel aus 1 oder 5 Mikrometer Industriewasserfiltrationsmaterial,<\/strong>, mit der M\u00f6glichkeit zum Einsetzen eines Schlauchanschlusses (Durchmesser: 32 mm). Gr\u00f6\u00dfe 100 cm x 15 cm, 0,3 m2 Filterfl\u00e4che. Die Leistung von 5-Mikron-Filtermaterial ist mit der von Sandfiltern vergleichbar oder sogar besser. Das 1-Mikron-Filtermaterial kann au\u00dferdem die meisten Gr\u00fcnalgen aus dem Wasser filtern und sorgt so f\u00fcr kristallklares Poolwasser! <strong>Es ist billiger, einfacher, effizienter und wirtschaftlicher als bestehende Poolfiltrationssysteme.<\/strong><\/span><\/p>\n<h3><strong>Die vorherige Version von Miracle Bag:<\/strong><\/h3>\n<p><iframe title=\"Miraclebag, Poolwasserfilter, statt Sandfilter V3 2\" width=\"800\" height=\"450\" src=\"https:\/\/www.youtube.com\/embed\/QFNBelhcX5M?feature=oembed\" frameborder=\"0\" allow=\"accelerometer; autoplay; clipboard-write; encrypted-media; gyroscope; picture-in-picture; web-share\" referrerpolicy=\"strict-origin-when-cross-origin\" allowfullscreen><\/iframe><\/p>\n<h3><strong>Das Sicherheitsventil, das den Beutel vor \u00dcberdruck sch\u00fctzt:<\/strong><\/h3>\n<p><iframe title=\"GT szelep kurzes Nologo\" width=\"800\" height=\"450\" src=\"https:\/\/www.youtube.com\/embed\/OQFIxZywlEA?feature=oembed\" frameborder=\"0\" allow=\"accelerometer; autoplay; clipboard-write; encrypted-media; gyroscope; picture-in-picture; web-share\" referrerpolicy=\"strict-origin-when-cross-origin\" allowfullscreen><\/iframe><\/p>\n<div class=\"elementor-element elementor-element-ad049ff elementor-widget elementor-widget-text-editor\" data-id=\"ad049ff\" data-element_type=\"widget\" data-widget_type=\"text-editor.default\">\n<div class=\"elementor-widget-container\">\n<h3><span style=\"color: #000000\"><strong>Einfache Bedienung<\/strong><\/span><\/h3>\n<p><span style=\"color: #000000\"><strong>Der einfachste und effizienteste Weg ist die Verwendung mit einer Tauchpumpe.<\/strong><\/span><\/p>\n<p><span style=\"color: #000000\"><strong>Eine Methode:<\/strong> Drehen Sie das Poolwasser wie einen Strudel und stellen Sie die Tauchpumpe in die Mitte, auf den Boden des Pools. Befestigen Sie den Filterbeutel am Rand des Pools. Alle Sedimente werden innerhalb weniger Minuten in die Tasche gelangen. Kein Staubsaugen ist erforderlich.<\/span><\/p>\n<p><span style=\"color: #000000\"><strong>Eine andere Methode:<\/strong> Verbinden Sie den Filterbeutel mit einem langen Schlauch, um sicherzustellen, dass die Tauchpumpe und der Filterbeutel so weit wie m\u00f6glich voneinander entfernt sind. Das saubere Wasser, das aus dem Filterbeutel austritt, dr\u00fcckt ungefiltertes Wasser zur Pumpe. Die Pumpe am Boden des Pools saugt alle schwebenden Verunreinigungen und den meisten Sand ein. Schwererer Sand, der sich auf dem Poolboden ablagert, kann mit einer B\u00fcrste zur Pumpe geschoben werden. Auf diese Weise wird das Poolwasser in wenigen Stunden sauber sein und es besteht keine Notwendigkeit zum Staubsaugen.<\/span><\/p>\n<\/div>\n<\/div>","protected":false},"excerpt":{"rendered":"<ul>\n<li class=\"ai-optimize-11\">Kaufen Sie diese Version Ihres ersten Filterbeutels, wenn Sie einen kleineren Pool haben. Bis zu 2,5 Meter Durchmesser.<\/li>\n<li class=\"ai-optimize-12\">Diese Version wird f\u00fcr Kinderbecken, kleine Pools und Whirlpools empfohlen. Bis zu 0-3 m3.<\/li>\n<li class=\"ai-optimize-13\">Im Lieferumfang ist ein kurzer flexibler Schlauch zum Anschluss des Sicherheitsventils an die Tauchpumpe enthalten.<\/li>\n<li class=\"ai-optimize-14\">Bei gro\u00dfen Pools wird ein langer flexibler Schlauch ben\u00f6tigt, um Tauchpumpe und Filterbeutel m\u00f6glichst weit voneinander entfernt zu halten.<\/li>\n<li class=\"ai-optimize-15\">Kaufen Sie f\u00fcr gro\u00dfe Pools die VE100-Version und erhalten Sie einen langen flexiblen Schlauch.<\/li>\n<\/ul>","protected":false},"featured_media":2527,"comment_status":"open","ping_status":"closed","template":"","meta":[],"product_brand":[],"product_cat":[23],"product_tag":[27],"class_list":{"0":"post-230","1":"product","2":"type-product","3":"status-publish","4":"has-post-thumbnail","6":"product_cat-starter-kit","7":"product_tag-0-3-m","9":"first","10":"instock","11":"taxable","12":"shipping-taxable","13":"purchasable","14":"product-type-simple"},"yoast_head":"<!-- This site is optimized with the Yoast SEO Premium plugin v26.8 (Yoast SEO v26.8) - https:\/\/yoast.com\/product\/yoast-seo-premium-wordpress\/ -->\n<title>Jakuzzi Pack 100 cm (CO100) - MiracleBag<\/title>\n<meta name=\"robots\" content=\"index, follow, max-snippet:-1, max-image-preview:large, max-video-preview:-1\" \/>\n<link rel=\"canonical\" href=\"https:\/\/miraclebag.store\/de\/geschaft\/starter-kit\/starter-pack-100-cm-co100\/\" \/>\n<meta property=\"og:locale\" content=\"de_DE\" \/>\n<meta property=\"og:type\" content=\"article\" \/>\n<meta property=\"og:title\" content=\"Jakuzzi Pack 100 cm (CO100)\" \/>\n<meta property=\"og:description\" content=\"Buy this version of your first filter bag if you have a smaller pool. Up to 2.5 metres in diameter.  This version is recommended for children&#039;s pools, small pools and hot tubs. Up to 0-3 m3.  The package includes a short flexible hose to connect the safety valve to the submersible pump.  For large pools, a long flexible hose is needed to keep the submersible pump and filter bag as far apart as possible.  For large pools, buy the VE100 version and get a long flexible hose.\" \/>\n<meta property=\"og:url\" content=\"https:\/\/miraclebag.store\/de\/geschaft\/starter-kit\/starter-pack-100-cm-co100\/\" \/>\n<meta property=\"og:site_name\" content=\"MiracleBag\" \/>\n<meta property=\"article:modified_time\" content=\"2025-10-06T10:45:09+00:00\" \/>\n<meta property=\"og:image\" content=\"https:\/\/miraclebag.store\/wp-content\/uploads\/2023\/01\/DJI_20250525100845_0073_Daa-scaled-e1749363604872.png\" \/>\n\t<meta property=\"og:image:width\" content=\"956\" \/>\n\t<meta property=\"og:image:height\" content=\"958\" \/>\n\t<meta property=\"og:image:type\" content=\"image\/png\" \/>\n<meta name=\"twitter:card\" content=\"summary_large_image\" \/>\n<meta name=\"twitter:label1\" content=\"Preis\" \/>\n\t<meta name=\"twitter:data1\" content=\"&euro;&nbsp;39.95 exc. Vat\" \/>\n\t<meta name=\"twitter:label2\" content=\"Verf\u00fcgbarkeit\" \/>\n\t<meta name=\"twitter:data2\" content=\"Auf Lager\" \/>\n<script type=\"application\/ld+json\" class=\"yoast-schema-graph\">{\"@context\":\"https:\/\/schema.org\",\"@graph\":[{\"@type\":\"WebPage\",\"@id\":\"https:\/\/miraclebag.store\/shop\/starter-kit\/starter-pack-100-cm-co100\/\",\"url\":\"https:\/\/miraclebag.store\/shop\/starter-kit\/starter-pack-100-cm-co100\/\",\"name\":\"Jakuzzi Pack 100 cm (CO100) - MiracleBag\",\"isPartOf\":{\"@id\":\"https:\/\/miraclebag.store\/#website\"},\"primaryImageOfPage\":{\"@id\":\"https:\/\/miraclebag.store\/shop\/starter-kit\/starter-pack-100-cm-co100\/#primaryimage\"},\"image\":{\"@id\":\"https:\/\/miraclebag.store\/shop\/starter-kit\/starter-pack-100-cm-co100\/#primaryimage\"},\"thumbnailUrl\":\"https:\/\/miraclebag.store\/wp-content\/uploads\/2023\/01\/DJI_20250525100845_0073_Daa-scaled-e1749363604872.png\",\"datePublished\":\"2023-01-09T14:40:40+00:00\",\"dateModified\":\"2025-10-06T10:45:09+00:00\",\"breadcrumb\":{\"@id\":\"https:\/\/miraclebag.store\/shop\/starter-kit\/starter-pack-100-cm-co100\/#breadcrumb\"},\"inLanguage\":\"de\",\"potentialAction\":[{\"@type\":\"ReadAction\",\"target\":[\"https:\/\/miraclebag.store\/shop\/starter-kit\/starter-pack-100-cm-co100\/\"]}]},{\"@type\":\"ImageObject\",\"inLanguage\":\"de\",\"@id\":\"https:\/\/miraclebag.store\/shop\/starter-kit\/starter-pack-100-cm-co100\/#primaryimage\",\"url\":\"https:\/\/miraclebag.store\/wp-content\/uploads\/2023\/01\/DJI_20250525100845_0073_Daa-scaled-e1749363604872.png\",\"contentUrl\":\"https:\/\/miraclebag.store\/wp-content\/uploads\/2023\/01\/DJI_20250525100845_0073_Daa-scaled-e1749363604872.png\",\"width\":956,\"height\":958},{\"@type\":\"BreadcrumbList\",\"@id\":\"https:\/\/miraclebag.store\/shop\/starter-kit\/starter-pack-100-cm-co100\/#breadcrumb\",\"itemListElement\":[{\"@type\":\"ListItem\",\"position\":1,\"name\":\"Home\",\"item\":\"https:\/\/miraclebag.store\/\"},{\"@type\":\"ListItem\",\"position\":2,\"name\":\"Shop\",\"item\":\"https:\/\/miraclebag.store\/shop\/\"},{\"@type\":\"ListItem\",\"position\":3,\"name\":\"Jakuzzi Pack 100 cm (CO100)\"}]},{\"@type\":\"WebSite\",\"@id\":\"https:\/\/miraclebag.store\/#website\",\"url\":\"https:\/\/miraclebag.store\/\",\"name\":\"MiracleBag\",\"description\":\"Crystal clear pool water \u2013 no sand filter needed\",\"publisher\":{\"@id\":\"https:\/\/miraclebag.store\/#organization\"},\"potentialAction\":[{\"@type\":\"SearchAction\",\"target\":{\"@type\":\"EntryPoint\",\"urlTemplate\":\"https:\/\/miraclebag.store\/?s={search_term_string}\"},\"query-input\":{\"@type\":\"PropertyValueSpecification\",\"valueRequired\":true,\"valueName\":\"search_term_string\"}}],\"inLanguage\":\"de\"},{\"@type\":\"Organization\",\"@id\":\"https:\/\/miraclebag.store\/#organization\",\"name\":\"MiracleBag\",\"url\":\"https:\/\/miraclebag.store\/\",\"logo\":{\"@type\":\"ImageObject\",\"inLanguage\":\"de\",\"@id\":\"https:\/\/miraclebag.store\/#\/schema\/logo\/image\/\",\"url\":\"https:\/\/miraclebag.store\/wp-content\/uploads\/2023\/01\/miraclebag-logo-blue.png\",\"contentUrl\":\"https:\/\/miraclebag.store\/wp-content\/uploads\/2023\/01\/miraclebag-logo-blue.png\",\"width\":357,\"height\":87,\"caption\":\"MiracleBag\"},\"image\":{\"@id\":\"https:\/\/miraclebag.store\/#\/schema\/logo\/image\/\"}}]}<\/script>\n<meta property=\"product:price:amount\" content=\"39.95\" \/>\n<meta property=\"product:price:currency\" content=\"EUR\" \/>\n<meta property=\"og:availability\" content=\"instock\" \/>\n<meta property=\"product:availability\" content=\"instock\" \/>\n<meta property=\"product:retailer_item_id\" content=\"CO100\" \/>\n<meta property=\"product:condition\" content=\"new\" \/>\n<!-- \/ Yoast SEO Premium plugin. -->","yoast_head_json":{"title":"Jakuzzi Pack 100 cm (CO100) - MiracleBag","robots":{"index":"index","follow":"follow","max-snippet":"max-snippet:-1","max-image-preview":"max-image-preview:large","max-video-preview":"max-video-preview:-1"},"canonical":"https:\/\/miraclebag.store\/de\/geschaft\/starter-kit\/starter-pack-100-cm-co100\/","og_locale":"de_DE","og_type":"article","og_title":"Jakuzzi Pack 100 cm (CO100)","og_description":"Buy this version of your first filter bag if you have a smaller pool. Up to 2.5 metres in diameter.  This version is recommended for children's pools, small pools and hot tubs. Up to 0-3 m3.  The package includes a short flexible hose to connect the safety valve to the submersible pump.  For large pools, a long flexible hose is needed to keep the submersible pump and filter bag as far apart as possible.  For large pools, buy the VE100 version and get a long flexible hose.","og_url":"https:\/\/miraclebag.store\/de\/geschaft\/starter-kit\/starter-pack-100-cm-co100\/","og_site_name":"MiracleBag","article_modified_time":"2025-10-06T10:45:09+00:00","og_image":[{"width":956,"height":958,"url":"https:\/\/miraclebag.store\/wp-content\/uploads\/2023\/01\/DJI_20250525100845_0073_Daa-scaled-e1749363604872.png","type":"image\/png"}],"twitter_card":"summary_large_image","twitter_misc":{"Preis":"&euro;&nbsp;39.95 exc. Vat","Verf\u00fcgbarkeit":"Auf Lager"},"schema":{"@context":"https:\/\/schema.org","@graph":[{"@type":"WebPage","@id":"https:\/\/miraclebag.store\/shop\/starter-kit\/starter-pack-100-cm-co100\/","url":"https:\/\/miraclebag.store\/shop\/starter-kit\/starter-pack-100-cm-co100\/","name":"Jakuzzi Pack 100 cm (CO100) - MiracleBag","isPartOf":{"@id":"https:\/\/miraclebag.store\/#website"},"primaryImageOfPage":{"@id":"https:\/\/miraclebag.store\/shop\/starter-kit\/starter-pack-100-cm-co100\/#primaryimage"},"image":{"@id":"https:\/\/miraclebag.store\/shop\/starter-kit\/starter-pack-100-cm-co100\/#primaryimage"},"thumbnailUrl":"https:\/\/miraclebag.store\/wp-content\/uploads\/2023\/01\/DJI_20250525100845_0073_Daa-scaled-e1749363604872.png","datePublished":"2023-01-09T14:40:40+00:00","dateModified":"2025-10-06T10:45:09+00:00","breadcrumb":{"@id":"https:\/\/miraclebag.store\/shop\/starter-kit\/starter-pack-100-cm-co100\/#breadcrumb"},"inLanguage":"de","potentialAction":[{"@type":"ReadAction","target":["https:\/\/miraclebag.store\/shop\/starter-kit\/starter-pack-100-cm-co100\/"]}]},{"@type":"ImageObject","inLanguage":"de","@id":"https:\/\/miraclebag.store\/shop\/starter-kit\/starter-pack-100-cm-co100\/#primaryimage","url":"https:\/\/miraclebag.store\/wp-content\/uploads\/2023\/01\/DJI_20250525100845_0073_Daa-scaled-e1749363604872.png","contentUrl":"https:\/\/miraclebag.store\/wp-content\/uploads\/2023\/01\/DJI_20250525100845_0073_Daa-scaled-e1749363604872.png","width":956,"height":958},{"@type":"BreadcrumbList","@id":"https:\/\/miraclebag.store\/shop\/starter-kit\/starter-pack-100-cm-co100\/#breadcrumb","itemListElement":[{"@type":"ListItem","position":1,"name":"Home","item":"https:\/\/miraclebag.store\/"},{"@type":"ListItem","position":2,"name":"Shop","item":"https:\/\/miraclebag.store\/shop\/"},{"@type":"ListItem","position":3,"name":"Jakuzzi Pack 100 cm (CO100)"}]},{"@type":"WebSite","@id":"https:\/\/miraclebag.store\/#website","url":"https:\/\/miraclebag.store\/","name":"Wundertasche","description":"Kristallklares Poolwasser \u2013 kein Sandfilter n\u00f6tig","publisher":{"@id":"https:\/\/miraclebag.store\/#organization"},"potentialAction":[{"@type":"SearchAction","target":{"@type":"EntryPoint","urlTemplate":"https:\/\/miraclebag.store\/?s={search_term_string}"},"query-input":{"@type":"PropertyValueSpecification","valueRequired":true,"valueName":"search_term_string"}}],"inLanguage":"de"},{"@type":"Organization","@id":"https:\/\/miraclebag.store\/#organization","name":"Wundertasche","url":"https:\/\/miraclebag.store\/","logo":{"@type":"ImageObject","inLanguage":"de","@id":"https:\/\/miraclebag.store\/#\/schema\/logo\/image\/","url":"https:\/\/miraclebag.store\/wp-content\/uploads\/2023\/01\/miraclebag-logo-blue.png","contentUrl":"https:\/\/miraclebag.store\/wp-content\/uploads\/2023\/01\/miraclebag-logo-blue.png","width":357,"height":87,"caption":"MiracleBag"},"image":{"@id":"https:\/\/miraclebag.store\/#\/schema\/logo\/image\/"}}]},"product_price_amount":"39.95","product_price_currency":"EUR","og_availability":"instock","product_availability":"instock","product_retailer_item_id":"CO100","product_condition":"new"},"_links":{"self":[{"href":"https:\/\/miraclebag.store\/de\/wp-json\/wp\/v2\/product\/230","targetHints":{"allow":["GET"]}}],"collection":[{"href":"https:\/\/miraclebag.store\/de\/wp-json\/wp\/v2\/product"}],"about":[{"href":"https:\/\/miraclebag.store\/de\/wp-json\/wp\/v2\/types\/product"}],"replies":[{"embeddable":true,"href":"https:\/\/miraclebag.store\/de\/wp-json\/wp\/v2\/comments?post=230"}],"wp:featuredmedia":[{"embeddable":true,"href":"https:\/\/miraclebag.store\/de\/wp-json\/wp\/v2\/media\/2527"}],"wp:attachment":[{"href":"https:\/\/miraclebag.store\/de\/wp-json\/wp\/v2\/media?parent=230"}],"wp:term":[{"taxonomy":"product_brand","embeddable":true,"href":"https:\/\/miraclebag.store\/de\/wp-json\/wp\/v2\/product_brand?post=230"},{"taxonomy":"product_cat","embeddable":true,"href":"https:\/\/miraclebag.store\/de\/wp-json\/wp\/v2\/product_cat?post=230"},{"taxonomy":"product_tag","embeddable":true,"href":"https:\/\/miraclebag.store\/de\/wp-json\/wp\/v2\/product_tag?post=230"}],"curies":[{"name":"wp","href":"https:\/\/api.w.org\/{rel}","templated":true}]}}