{"id":229,"date":"2023-01-09T15:40:19","date_gmt":"2023-01-09T14:40:19","guid":{"rendered":"https:\/\/miraclebag.store\/?post_type=product&#038;p=229"},"modified":"2025-10-06T12:44:07","modified_gmt":"2025-10-06T10:44:07","slug":"starter-pack-100-cm-ve100","status":"publish","type":"product","link":"https:\/\/miraclebag.store\/de\/geschaft\/starter-kit\/starter-pack-100-cm-ve100\/","title":{"rendered":"Poolwasserfilter Starter Pack 100 cm (VE100)"},"content":{"rendered":"<p><iframe title=\"Miraclebag VE100\" width=\"800\" height=\"450\" src=\"https:\/\/www.youtube.com\/embed\/eV7LJuQvAfw?feature=oembed\" frameborder=\"0\" allow=\"accelerometer; autoplay; clipboard-write; encrypted-media; gyroscope; picture-in-picture; web-share\" referrerpolicy=\"strict-origin-when-cross-origin\" allowfullscreen><\/iframe><\/p>\n<h3><strong>\u00dcber Miracle Bag<\/strong><\/h3>\n<p><span style=\"color: #000000;\">Der Pool Wasserfilter ist in der Lage, alle schwebenden Verunreinigungen aus dem Poolwasser zu filtern, einschlie\u00dflich solcher, die das Wasser opak machen. Algenpulver, gr\u00fcne Algen, Eisenoxid, Manganoxid.<\/span><\/p>\n<p><span style=\"color: #000000;\"><strong>Wasserfiltrationsbeutel aus 1 oder 5 Mikrometer Industriewasserfiltrationsmaterial,<\/strong>, mit der M\u00f6glichkeit zum Einsetzen eines Schlauchanschlusses (Durchmesser: 32 mm). Gr\u00f6\u00dfe 100 cm x 15 cm, 0,3 m2 Filterfl\u00e4che. Die Leistung von 5-Mikron-Filtermaterial ist mit der von Sandfiltern vergleichbar oder sogar besser. Das 1-Mikron-Filtermaterial kann au\u00dferdem die meisten Gr\u00fcnalgen aus dem Wasser filtern und sorgt so f\u00fcr kristallklares Poolwasser! <strong>Es ist billiger, einfacher, effizienter und wirtschaftlicher als bestehende Poolfiltrationssysteme.<\/strong><\/span><\/p>\n<h3><strong>Die vorherige Version von Miracle Bag:<\/strong><\/h3>\n<p><iframe title=\"Miraclebag, Poolwasserfilter, statt Sandfilter V3 2\" width=\"800\" height=\"450\" src=\"https:\/\/www.youtube.com\/embed\/QFNBelhcX5M?feature=oembed\" frameborder=\"0\" allow=\"accelerometer; autoplay; clipboard-write; encrypted-media; gyroscope; picture-in-picture; web-share\" referrerpolicy=\"strict-origin-when-cross-origin\" allowfullscreen><\/iframe><\/p>\n<h3><strong>Das Sicherheitsventil, das den Beutel vor \u00dcberdruck sch\u00fctzt:<\/strong><\/h3>\n<p><iframe title=\"GT szelep kurzes Nologo\" width=\"800\" height=\"450\" src=\"https:\/\/www.youtube.com\/embed\/OQFIxZywlEA?feature=oembed\" frameborder=\"0\" allow=\"accelerometer; autoplay; clipboard-write; encrypted-media; gyroscope; picture-in-picture; web-share\" referrerpolicy=\"strict-origin-when-cross-origin\" allowfullscreen><\/iframe><\/p>\n<div class=\"elementor-element elementor-element-ad049ff elementor-widget elementor-widget-text-editor\" data-id=\"ad049ff\" data-element_type=\"widget\" data-widget_type=\"text-editor.default\">\n<div class=\"elementor-widget-container\">\n<h3><span style=\"color: #000000;\"><strong>Einfache Bedienung<\/strong><\/span><\/h3>\n<p><span style=\"color: #000000;\"><strong>Der einfachste und effizienteste Weg ist die Verwendung mit einer Tauchpumpe.<\/strong><\/span><\/p>\n<p><span style=\"color: #000000;\"><strong>Eine Methode:<\/strong> Drehen Sie das Poolwasser wie einen Strudel und stellen Sie die Tauchpumpe in die Mitte, auf den Boden des Pools. Befestigen Sie den Filterbeutel am Rand des Pools. Alle Sedimente werden innerhalb weniger Minuten in die Tasche gelangen. Kein Staubsaugen ist erforderlich.<\/span><\/p>\n<p><span style=\"color: #000000;\"><strong>Eine andere Methode:<\/strong> Verbinden Sie den Filterbeutel mit einem langen Schlauch, um sicherzustellen, dass die Tauchpumpe und der Filterbeutel so weit wie m\u00f6glich voneinander entfernt sind. Das saubere Wasser, das aus dem Filterbeutel austritt, dr\u00fcckt ungefiltertes Wasser zur Pumpe. Die Pumpe am Boden des Pools saugt alle schwebenden Verunreinigungen und den meisten Sand ein. Schwererer Sand, der sich auf dem Poolboden ablagert, kann mit einer B\u00fcrste zur Pumpe geschoben werden. Auf diese Weise wird das Poolwasser in wenigen Stunden sauber sein und es besteht keine Notwendigkeit zum Staubsaugen.<\/span><\/p>\n<\/div>\n<\/div>","protected":false},"excerpt":{"rendered":"<ul>\n<li class=\"ai-optimize-11\">Kaufen Sie diese Version als Ihren ersten Filterbeutel. Es passt in alle Pools. Die beste Wahl f\u00fcr den Einstieg oder zum Ausprobieren. Auf diesen Filterbeutel gebe ich eine 100%-Zufriedenheitsgarantie. Wenn Sie mit dem Produkt nicht zufrieden sind, erhalten Sie eine R\u00fcckerstattung. Sie m\u00fcssen den Filterbeutel nicht einmal zur\u00fcckgeben, sondern k\u00f6nnen ihn weiter verwenden, bis Sie den Umgang damit erlernt haben. Da Wasser, Schmutz und Filterbeutel f\u00fcr alle gleich sind, funktionieren sie perfekt in Ihrem Pool.<\/li>\n<li class=\"ai-optimize-12\">F\u00fcr den Einsatz mit einer Tauchpumpe und f\u00fcr kleinere Becken bis 2,5 Meter Durchmesser w\u00e4hlen Sie das CO100- oder CO50-Starterset.<\/li>\n<li class=\"ai-optimize-13\">Au\u00dferdem verf\u00fcgt es \u00fcber einen kurzen flexiblen Schlauch zwischen Ventil und Pumpe.<\/li>\n<li class=\"ai-optimize-14\">Es funktioniert gut mit externen Pumpen (Papierfilterpumpe, Sandfilterpumpe), ist jedoch am effektivsten, wenn es mit einer Tauchpumpe verwendet wird. Sehen Sie sich Demonstrationsvideos an.<\/li>\n<li class=\"ai-optimize-15\">F\u00fcr Pools gr\u00f6\u00dfer als 20 m3: Starterpaket 3 St\u00fcck 100 cm kaufen (MB3xSet). Aufmerksamkeit! F\u00fcr das MB3xSet gilt die 33%-Zufriedenheitsgarantie.<\/li>\n<\/ul>","protected":false},"featured_media":2536,"comment_status":"open","ping_status":"closed","template":"","meta":[],"product_brand":[],"product_cat":[23],"product_tag":[26],"class_list":{"0":"post-229","1":"product","2":"type-product","3":"status-publish","4":"has-post-thumbnail","6":"product_cat-starter-kit","7":"product_tag-0-20-m","9":"first","10":"instock","11":"sale","12":"taxable","13":"shipping-taxable","14":"purchasable","15":"product-type-simple"},"yoast_head":"<!-- This site is optimized with the Yoast SEO Premium plugin v26.8 (Yoast SEO v26.8) - https:\/\/yoast.com\/product\/yoast-seo-premium-wordpress\/ -->\n<title>Pool water filter Starter Pack 100 cm (VE100) - MiracleBag<\/title>\n<meta name=\"robots\" content=\"index, follow, max-snippet:-1, max-image-preview:large, max-video-preview:-1\" \/>\n<link rel=\"canonical\" href=\"https:\/\/miraclebag.store\/de\/geschaft\/starter-kit\/starter-pack-100-cm-ve100\/\" \/>\n<meta property=\"og:locale\" content=\"de_DE\" \/>\n<meta property=\"og:type\" content=\"article\" \/>\n<meta property=\"og:title\" content=\"Pool water filter Starter Pack 100 cm (VE100)\" \/>\n<meta property=\"og:description\" content=\"Buy this version as your first filter bag. It fits all pools. The best choice for getting started or for trying it out. I provide a 100% satisfaction guarantee on this filter bag. If you are not satisfied with the product, you will get a refund. You don&#039;t even have to return the filter bag, you can continue using it until you learn how to use it. Because water, dirt and filter bags are the same for everyone, they will work perfectly in your pool.  For use with a submersible pump, for smaller pools up to 2.5 metres in diameter, choose the CO100 or CO50 starter kit.  It also has a short flexible hose between the valve and the pump.  It works well with external pumps (Paper Filter Pump, Sand Filter Pump) but is most effective when used with a submersible pump. See demonstration videos.  For pools larger than 20 m3: buy Starter Pack 3 pcs 100 cm (MB3xSet). Attention! The MB3xSet comes with a 33% satisfaction guarantee.\" \/>\n<meta property=\"og:url\" content=\"https:\/\/miraclebag.store\/de\/geschaft\/starter-kit\/starter-pack-100-cm-ve100\/\" \/>\n<meta property=\"og:site_name\" content=\"MiracleBag\" \/>\n<meta property=\"article:modified_time\" content=\"2025-10-06T10:44:07+00:00\" \/>\n<meta property=\"og:image\" content=\"https:\/\/miraclebag.store\/wp-content\/uploads\/2023\/01\/DJI_20250525095108_0032_Daa-scaled-e1749364028507.png\" \/>\n\t<meta property=\"og:image:width\" content=\"636\" \/>\n\t<meta property=\"og:image:height\" content=\"634\" \/>\n\t<meta property=\"og:image:type\" content=\"image\/png\" \/>\n<meta name=\"twitter:card\" content=\"summary_large_image\" \/>\n<meta name=\"twitter:label1\" content=\"Preis\" \/>\n\t<meta name=\"twitter:data1\" content=\"&euro;&nbsp;35.95 exc. Vat\" \/>\n\t<meta name=\"twitter:label2\" content=\"Verf\u00fcgbarkeit\" \/>\n\t<meta name=\"twitter:data2\" content=\"Auf Lager\" \/>\n<script type=\"application\/ld+json\" class=\"yoast-schema-graph\">{\"@context\":\"https:\/\/schema.org\",\"@graph\":[{\"@type\":\"WebPage\",\"@id\":\"https:\/\/miraclebag.store\/shop\/starter-kit\/starter-pack-100-cm-ve100\/\",\"url\":\"https:\/\/miraclebag.store\/shop\/starter-kit\/starter-pack-100-cm-ve100\/\",\"name\":\"Pool water filter Starter Pack 100 cm (VE100) - MiracleBag\",\"isPartOf\":{\"@id\":\"https:\/\/miraclebag.store\/#website\"},\"primaryImageOfPage\":{\"@id\":\"https:\/\/miraclebag.store\/shop\/starter-kit\/starter-pack-100-cm-ve100\/#primaryimage\"},\"image\":{\"@id\":\"https:\/\/miraclebag.store\/shop\/starter-kit\/starter-pack-100-cm-ve100\/#primaryimage\"},\"thumbnailUrl\":\"https:\/\/miraclebag.store\/wp-content\/uploads\/2023\/01\/DJI_20250525095108_0032_Daa-scaled-e1749364028507.png\",\"datePublished\":\"2023-01-09T14:40:19+00:00\",\"dateModified\":\"2025-10-06T10:44:07+00:00\",\"breadcrumb\":{\"@id\":\"https:\/\/miraclebag.store\/shop\/starter-kit\/starter-pack-100-cm-ve100\/#breadcrumb\"},\"inLanguage\":\"de\",\"potentialAction\":[{\"@type\":\"ReadAction\",\"target\":[\"https:\/\/miraclebag.store\/shop\/starter-kit\/starter-pack-100-cm-ve100\/\"]}]},{\"@type\":\"ImageObject\",\"inLanguage\":\"de\",\"@id\":\"https:\/\/miraclebag.store\/shop\/starter-kit\/starter-pack-100-cm-ve100\/#primaryimage\",\"url\":\"https:\/\/miraclebag.store\/wp-content\/uploads\/2023\/01\/DJI_20250525095108_0032_Daa-scaled-e1749364028507.png\",\"contentUrl\":\"https:\/\/miraclebag.store\/wp-content\/uploads\/2023\/01\/DJI_20250525095108_0032_Daa-scaled-e1749364028507.png\",\"width\":636,\"height\":634},{\"@type\":\"BreadcrumbList\",\"@id\":\"https:\/\/miraclebag.store\/shop\/starter-kit\/starter-pack-100-cm-ve100\/#breadcrumb\",\"itemListElement\":[{\"@type\":\"ListItem\",\"position\":1,\"name\":\"Home\",\"item\":\"https:\/\/miraclebag.store\/\"},{\"@type\":\"ListItem\",\"position\":2,\"name\":\"Shop\",\"item\":\"https:\/\/miraclebag.store\/shop\/\"},{\"@type\":\"ListItem\",\"position\":3,\"name\":\"Pool water filter Starter Pack 100 cm (VE100)\"}]},{\"@type\":\"WebSite\",\"@id\":\"https:\/\/miraclebag.store\/#website\",\"url\":\"https:\/\/miraclebag.store\/\",\"name\":\"MiracleBag\",\"description\":\"Crystal clear pool water \u2013 no sand filter needed\",\"publisher\":{\"@id\":\"https:\/\/miraclebag.store\/#organization\"},\"potentialAction\":[{\"@type\":\"SearchAction\",\"target\":{\"@type\":\"EntryPoint\",\"urlTemplate\":\"https:\/\/miraclebag.store\/?s={search_term_string}\"},\"query-input\":{\"@type\":\"PropertyValueSpecification\",\"valueRequired\":true,\"valueName\":\"search_term_string\"}}],\"inLanguage\":\"de\"},{\"@type\":\"Organization\",\"@id\":\"https:\/\/miraclebag.store\/#organization\",\"name\":\"MiracleBag\",\"url\":\"https:\/\/miraclebag.store\/\",\"logo\":{\"@type\":\"ImageObject\",\"inLanguage\":\"de\",\"@id\":\"https:\/\/miraclebag.store\/#\/schema\/logo\/image\/\",\"url\":\"https:\/\/miraclebag.store\/wp-content\/uploads\/2023\/01\/miraclebag-logo-blue.png\",\"contentUrl\":\"https:\/\/miraclebag.store\/wp-content\/uploads\/2023\/01\/miraclebag-logo-blue.png\",\"width\":357,\"height\":87,\"caption\":\"MiracleBag\"},\"image\":{\"@id\":\"https:\/\/miraclebag.store\/#\/schema\/logo\/image\/\"}}]}<\/script>\n<meta property=\"product:price:amount\" content=\"35.95\" \/>\n<meta property=\"product:price:currency\" content=\"EUR\" \/>\n<meta property=\"og:availability\" content=\"instock\" \/>\n<meta property=\"product:availability\" content=\"instock\" \/>\n<meta property=\"product:retailer_item_id\" content=\"VE100\" \/>\n<meta property=\"product:condition\" content=\"new\" \/>\n<!-- \/ Yoast SEO Premium plugin. -->","yoast_head_json":{"title":"Poolwasserfilter Starter Pack 100 cm (VE100) - MiracleBag","robots":{"index":"index","follow":"follow","max-snippet":"max-snippet:-1","max-image-preview":"max-image-preview:large","max-video-preview":"max-video-preview:-1"},"canonical":"https:\/\/miraclebag.store\/de\/geschaft\/starter-kit\/starter-pack-100-cm-ve100\/","og_locale":"de_DE","og_type":"article","og_title":"Pool water filter Starter Pack 100 cm (VE100)","og_description":"Buy this version as your first filter bag. It fits all pools. The best choice for getting started or for trying it out. I provide a 100% satisfaction guarantee on this filter bag. If you are not satisfied with the product, you will get a refund. You don't even have to return the filter bag, you can continue using it until you learn how to use it. Because water, dirt and filter bags are the same for everyone, they will work perfectly in your pool.  For use with a submersible pump, for smaller pools up to 2.5 metres in diameter, choose the CO100 or CO50 starter kit.  It also has a short flexible hose between the valve and the pump.  It works well with external pumps (Paper Filter Pump, Sand Filter Pump) but is most effective when used with a submersible pump. See demonstration videos.  For pools larger than 20 m3: buy Starter Pack 3 pcs 100 cm (MB3xSet). Attention! The MB3xSet comes with a 33% satisfaction guarantee.","og_url":"https:\/\/miraclebag.store\/de\/geschaft\/starter-kit\/starter-pack-100-cm-ve100\/","og_site_name":"MiracleBag","article_modified_time":"2025-10-06T10:44:07+00:00","og_image":[{"width":636,"height":634,"url":"https:\/\/miraclebag.store\/wp-content\/uploads\/2023\/01\/DJI_20250525095108_0032_Daa-scaled-e1749364028507.png","type":"image\/png"}],"twitter_card":"summary_large_image","twitter_misc":{"Preis":"&euro;&nbsp;35.95 exc. Vat","Verf\u00fcgbarkeit":"Auf Lager"},"schema":{"@context":"https:\/\/schema.org","@graph":[{"@type":"WebPage","@id":"https:\/\/miraclebag.store\/shop\/starter-kit\/starter-pack-100-cm-ve100\/","url":"https:\/\/miraclebag.store\/shop\/starter-kit\/starter-pack-100-cm-ve100\/","name":"Poolwasserfilter Starter Pack 100 cm (VE100) - MiracleBag","isPartOf":{"@id":"https:\/\/miraclebag.store\/#website"},"primaryImageOfPage":{"@id":"https:\/\/miraclebag.store\/shop\/starter-kit\/starter-pack-100-cm-ve100\/#primaryimage"},"image":{"@id":"https:\/\/miraclebag.store\/shop\/starter-kit\/starter-pack-100-cm-ve100\/#primaryimage"},"thumbnailUrl":"https:\/\/miraclebag.store\/wp-content\/uploads\/2023\/01\/DJI_20250525095108_0032_Daa-scaled-e1749364028507.png","datePublished":"2023-01-09T14:40:19+00:00","dateModified":"2025-10-06T10:44:07+00:00","breadcrumb":{"@id":"https:\/\/miraclebag.store\/shop\/starter-kit\/starter-pack-100-cm-ve100\/#breadcrumb"},"inLanguage":"de","potentialAction":[{"@type":"ReadAction","target":["https:\/\/miraclebag.store\/shop\/starter-kit\/starter-pack-100-cm-ve100\/"]}]},{"@type":"ImageObject","inLanguage":"de","@id":"https:\/\/miraclebag.store\/shop\/starter-kit\/starter-pack-100-cm-ve100\/#primaryimage","url":"https:\/\/miraclebag.store\/wp-content\/uploads\/2023\/01\/DJI_20250525095108_0032_Daa-scaled-e1749364028507.png","contentUrl":"https:\/\/miraclebag.store\/wp-content\/uploads\/2023\/01\/DJI_20250525095108_0032_Daa-scaled-e1749364028507.png","width":636,"height":634},{"@type":"BreadcrumbList","@id":"https:\/\/miraclebag.store\/shop\/starter-kit\/starter-pack-100-cm-ve100\/#breadcrumb","itemListElement":[{"@type":"ListItem","position":1,"name":"Home","item":"https:\/\/miraclebag.store\/"},{"@type":"ListItem","position":2,"name":"Shop","item":"https:\/\/miraclebag.store\/shop\/"},{"@type":"ListItem","position":3,"name":"Pool water filter Starter Pack 100 cm (VE100)"}]},{"@type":"WebSite","@id":"https:\/\/miraclebag.store\/#website","url":"https:\/\/miraclebag.store\/","name":"Wundertasche","description":"Kristallklares Poolwasser \u2013 kein Sandfilter n\u00f6tig","publisher":{"@id":"https:\/\/miraclebag.store\/#organization"},"potentialAction":[{"@type":"SearchAction","target":{"@type":"EntryPoint","urlTemplate":"https:\/\/miraclebag.store\/?s={search_term_string}"},"query-input":{"@type":"PropertyValueSpecification","valueRequired":true,"valueName":"search_term_string"}}],"inLanguage":"de"},{"@type":"Organization","@id":"https:\/\/miraclebag.store\/#organization","name":"Wundertasche","url":"https:\/\/miraclebag.store\/","logo":{"@type":"ImageObject","inLanguage":"de","@id":"https:\/\/miraclebag.store\/#\/schema\/logo\/image\/","url":"https:\/\/miraclebag.store\/wp-content\/uploads\/2023\/01\/miraclebag-logo-blue.png","contentUrl":"https:\/\/miraclebag.store\/wp-content\/uploads\/2023\/01\/miraclebag-logo-blue.png","width":357,"height":87,"caption":"MiracleBag"},"image":{"@id":"https:\/\/miraclebag.store\/#\/schema\/logo\/image\/"}}]},"product_price_amount":"35.95","product_price_currency":"EUR","og_availability":"instock","product_availability":"instock","product_retailer_item_id":"VE100","product_condition":"new"},"_links":{"self":[{"href":"https:\/\/miraclebag.store\/de\/wp-json\/wp\/v2\/product\/229","targetHints":{"allow":["GET"]}}],"collection":[{"href":"https:\/\/miraclebag.store\/de\/wp-json\/wp\/v2\/product"}],"about":[{"href":"https:\/\/miraclebag.store\/de\/wp-json\/wp\/v2\/types\/product"}],"replies":[{"embeddable":true,"href":"https:\/\/miraclebag.store\/de\/wp-json\/wp\/v2\/comments?post=229"}],"wp:featuredmedia":[{"embeddable":true,"href":"https:\/\/miraclebag.store\/de\/wp-json\/wp\/v2\/media\/2536"}],"wp:attachment":[{"href":"https:\/\/miraclebag.store\/de\/wp-json\/wp\/v2\/media?parent=229"}],"wp:term":[{"taxonomy":"product_brand","embeddable":true,"href":"https:\/\/miraclebag.store\/de\/wp-json\/wp\/v2\/product_brand?post=229"},{"taxonomy":"product_cat","embeddable":true,"href":"https:\/\/miraclebag.store\/de\/wp-json\/wp\/v2\/product_cat?post=229"},{"taxonomy":"product_tag","embeddable":true,"href":"https:\/\/miraclebag.store\/de\/wp-json\/wp\/v2\/product_tag?post=229"}],"curies":[{"name":"wp","href":"https:\/\/api.w.org\/{rel}","templated":true}]}}