{"id":2512,"date":"2025-06-08T06:52:48","date_gmt":"2025-06-08T04:52:48","guid":{"rendered":"https:\/\/miraclebag.store\/?post_type=product&#038;p=2512"},"modified":"2025-10-06T12:43:15","modified_gmt":"2025-10-06T10:43:15","slug":"startovaci-sada-filtru-do-bazenu-2-ks-100-cm-mb2xset","status":"publish","type":"product","link":"https:\/\/miraclebag.store\/cs\/nakupovat\/startovni-balicek\/startovaci-sada-filtru-do-bazenu-2-ks-100-cm-mb2xset\/","title":{"rendered":"Startovac\u00ed sada filtr\u016f do baz\u00e9nu 2 ks 100 cm (MB2xSet)"},"content":{"rendered":"<p><iframe title=\"Miraclebag MB3xSet\" width=\"800\" height=\"450\" src=\"https:\/\/www.youtube.com\/embed\/VoUTO4qNtTY?feature=oembed\" frameborder=\"0\" allow=\"accelerometer; autoplay; clipboard-write; encrypted-media; gyroscope; picture-in-picture; web-share\" referrerpolicy=\"strict-origin-when-cross-origin\" allowfullscreen><\/iframe><\/p>\n<h3><strong>O Miracle Bag<\/strong><\/h3>\n<p><span style=\"color: #000000\">Filtr baz\u00e9nov\u00e9 vody je schopen z baz\u00e9nov\u00e9 vody odfiltrovat v\u0161echny plovouc\u00ed ne\u010distoty, v\u010detn\u011b t\u011bch, kter\u00e9 zp\u016fsobuj\u00ed, \u017ee se voda st\u00e1v\u00e1 op\u00e1lem. Pr\u00e1\u0161ek z \u0159as, zelen\u00e9 \u0159asy, oxid \u017eelezit\u00fd, oxid manganu.<\/span><\/p>\n<p><span style=\"color: #000000\"><strong>Filtra\u010dn\u00ed vak na vodu vyroben\u00fd z pr\u016fmyslov\u00e9ho filtra\u010dn\u00edho materi\u00e1lu o velikosti 1 mikron<\/strong>, s mo\u017enost\u00ed vlo\u017een\u00ed hadicov\u00e9 p\u0159\u00edpojky (pr\u016fm\u011br: 32mm). Rozm\u011br 100 cm x 15 cm, filtra\u010dn\u00ed plocha 0,3 m2. V\u00fdkon 5mikrometrov\u00e9ho filtra\u010dn\u00edho materi\u00e1lu je srovnateln\u00fd nebo lep\u0161\u00ed ne\u017e u p\u00edskov\u00fdch filtr\u016f. 1mikronov\u00fd filtra\u010dn\u00ed materi\u00e1l dok\u00e1\u017ee z vody odfiltrovat v\u011bt\u0161inu zelen\u00fdch \u0159as a zanech\u00e1 vodu v baz\u00e9nu k\u0159i\u0161\u0165\u00e1lov\u011b \u010distou! <strong>Je levn\u011bj\u0161\u00ed, jednodu\u0161\u0161\u00ed, efektivn\u011bj\u0161\u00ed a ekonomi\u010dt\u011bj\u0161\u00ed ne\u017e st\u00e1vaj\u00edc\u00ed baz\u00e9nov\u00e9 filtra\u010dn\u00ed syst\u00e9my.<\/strong><\/span><\/p>\n<h3><strong>P\u0159edchoz\u00ed verze Miracle Bag:<\/strong><\/h3>\n<p><iframe title=\"Miraclebbag, Baz\u00e9nov\u00fd vodn\u00ed filtr, m\u00edsto p\u00edskov\u00e9ho filtru V3 2\" width=\"800\" height=\"450\" src=\"https:\/\/www.youtube.com\/embed\/QFNBelhcX5M?feature=oembed\" frameborder=\"0\" allow=\"accelerometer; autoplay; clipboard-write; encrypted-media; gyroscope; picture-in-picture; web-share\" referrerpolicy=\"strict-origin-when-cross-origin\" allowfullscreen><\/iframe><\/p>\n<h3><strong>Bezpe\u010dnostn\u00ed ventil, kter\u00fd chr\u00e1n\u00ed s\u00e1\u010dek p\u0159ed p\u0159etlakem:<\/strong><\/h3>\n<p><iframe title=\"GT szelep kr\u00e1tk\u00e9 nologo\" width=\"800\" height=\"450\" src=\"https:\/\/www.youtube.com\/embed\/OQFIxZywlEA?feature=oembed\" frameborder=\"0\" allow=\"accelerometer; autoplay; clipboard-write; encrypted-media; gyroscope; picture-in-picture; web-share\" referrerpolicy=\"strict-origin-when-cross-origin\" allowfullscreen><\/iframe><\/p>\n<div class=\"elementor-element elementor-element-ad049ff elementor-widget elementor-widget-text-editor\" data-id=\"ad049ff\" data-element_type=\"widget\" data-widget_type=\"text-editor.default\">\n<div class=\"elementor-widget-container\">\n<h3><span style=\"color: #000000\"><strong>Snadn\u00e9 pou\u017eit\u00ed<\/strong><\/span><\/h3>\n<p><span style=\"color: #000000\"><strong>Nejjednodu\u0161\u0161\u00ed a nejefektivn\u011bj\u0161\u00ed zp\u016fsob je pou\u017eit\u00ed s ponorn\u00fdm \u010derpadlem.<\/strong><\/span><\/p>\n<p><span style=\"color: #000000\"><strong>Jednosm\u011brn\u00fd:<\/strong> oto\u010dte baz\u00e9novou vodu jako v\u00ed\u0159ivku a ponorn\u00e9 \u010derpadlo um\u00edst\u011bte doprost\u0159ed, na dno baz\u00e9nu. P\u0159ipevn\u011bte filtra\u010dn\u00ed s\u00e1\u010dek k okraji baz\u00e9nu. Ve\u0161ker\u00fd sediment se b\u011bhem n\u011bkolika minut dostane do vaku. Nen\u00ed pot\u0159eba \u017e\u00e1dn\u00e9 vys\u00e1v\u00e1n\u00ed.<\/span><\/p>\n<p><span style=\"color: #000000\"><strong>Jin\u00e1 cesta:<\/strong> p\u0159ipojte filtra\u010dn\u00ed s\u00e1\u010dek dlouhou hadic\u00ed, aby bylo zaji\u0161t\u011bno, \u017ee ponorn\u00e9 \u010derpadlo a filtra\u010dn\u00ed s\u00e1\u010dek jsou od sebe co nejd\u00e1le. \u010cist\u00e1 voda vystupuj\u00edc\u00ed z filtra\u010dn\u00edho s\u00e1\u010dku bude tla\u010dit nefiltrovanou vodu sm\u011brem k \u010derpadlu. \u010cerpadlo na dn\u011b baz\u00e9nu nasaje v\u0161echny plovouc\u00ed ne\u010distoty a v\u011bt\u0161inu p\u00edsku. T\u011b\u017e\u0161\u00ed p\u00edsek, kter\u00fd se hromad\u00ed v z\u00e1hybech dna baz\u00e9nu, lze k \u010derpadlu p\u0159itla\u010dit kart\u00e1\u010dem. Baz\u00e9nov\u00e1 voda tak bude \u010dist\u00e1 za p\u00e1r hodin a odpad\u00e1 nutnost vys\u00e1v\u00e1n\u00ed.<\/span><\/p>\n<\/div>\n<\/div>\n<div id=\"gtx-trans\" style=\"position: absolute;left: 261px;top: 620.516px\">\n<div class=\"gtx-trans-icon\"><\/div>\n<\/div>","protected":false},"excerpt":{"rendered":"<ul>\n<li class=\"ai-optimize-11\">Tento bal\u00ed\u010dek je dod\u00e1v\u00e1n se z\u00e1rukou spokojenosti 33%<\/li>\n<li class=\"ai-optimize-12\">Tuto volbu zvolte pouze v p\u0159\u00edpad\u011b, \u017ee ji\u017e k produktu m\u00e1te d\u016fv\u011bru.<\/li>\n<li class=\"ai-optimize-13\">Chcete-li to vyzkou\u0161et, vyberte VE100 se z\u00e1rukou spokojenosti 100%.<\/li>\n<li class=\"ai-optimize-14\">Tato sada je vhodn\u00e1 pro baz\u00e9ny nad 20 m3, pou\u017e\u00edvan\u00e9 s ponorn\u00fdm \u010derpadlem.<\/li>\n<li class=\"ai-optimize-15\">Funguje dob\u0159e s extern\u00edmi \u010derpadly (\u010derpadlo na pap\u00edrov\u00fd filtr, \u010derpadlo s p\u00edskov\u00fdm filtrem), ale je nej\u00fa\u010dinn\u011bj\u0161\u00ed p\u0159i pou\u017eit\u00ed s ponorn\u00fdm \u010derpadlem. Pod\u00edvejte se na uk\u00e1zkov\u00e1 videa.<\/li>\n<li class=\"ai-optimize-16\">U velk\u00fdch baz\u00e9n\u016f je pot\u0159eba dlouh\u00e1 ohebn\u00e1 hadice, kter\u00e1 udr\u017e\u00ed ponorn\u00e9 \u010derpadlo a filtra\u010dn\u00ed vak co nejd\u00e1le od sebe<\/li>\n<li class=\"ai-optimize-17\">Pro velk\u00e9 objemy vody, 50-100 m3, m\u016f\u017eete pou\u017e\u00edt n\u011bkolik t\u011bchto sad se samostatn\u00fdmi ponorn\u00fdmi \u010derpadly.<\/li>\n<\/ul>","protected":false},"featured_media":2515,"comment_status":"open","ping_status":"closed","template":"","meta":[],"product_brand":[],"product_cat":[24,23],"product_tag":[28],"class_list":{"0":"post-2512","1":"product","2":"type-product","3":"status-publish","4":"has-post-thumbnail","6":"product_cat-double-pack","7":"product_cat-starter-kit","8":"product_tag-20-m","10":"first","11":"instock","12":"sale","13":"taxable","14":"shipping-taxable","15":"purchasable","16":"product-type-simple"},"yoast_head":"<!-- This site is optimized with the Yoast SEO Premium plugin v26.8 (Yoast SEO v26.8) - https:\/\/yoast.com\/product\/yoast-seo-premium-wordpress\/ -->\n<title>Pool water filter Starter Pack 2pcs 100 cm (MB2xSet) - MiracleBag<\/title>\n<meta name=\"robots\" content=\"index, follow, max-snippet:-1, max-image-preview:large, max-video-preview:-1\" \/>\n<link rel=\"canonical\" href=\"https:\/\/miraclebag.store\/cs\/nakupovat\/startovni-balicek\/startovaci-sada-filtru-do-bazenu-2-ks-100-cm-mb2xset\/\" \/>\n<meta property=\"og:locale\" content=\"cs_CZ\" \/>\n<meta property=\"og:type\" content=\"article\" \/>\n<meta property=\"og:title\" content=\"Pool water filter Starter Pack 2pcs 100 cm (MB2xSet)\" \/>\n<meta property=\"og:description\" content=\"This package comes with a 33% satisfaction guarantee  Only choose this if you already have confidence in the product.  To try it out, choose the VE100 with a 100% satisfaction guarantee.  This kit is suitable for pools over 20 m3, used with a submersible pump.  It works well with external pumps (Paper Filter Pump, Sand Filter Pump) but is most effective when used with a submersible pump. See demonstration videos.  For large pools, a long flexible hose is needed to keep the submersible pump and filter bag as far apart as possible  For large water volumes, 50-100 m3, you can use several of these sets with separate submersible pumps.\" \/>\n<meta property=\"og:url\" content=\"https:\/\/miraclebag.store\/cs\/nakupovat\/startovni-balicek\/startovaci-sada-filtru-do-bazenu-2-ks-100-cm-mb2xset\/\" \/>\n<meta property=\"og:site_name\" content=\"MiracleBag\" \/>\n<meta property=\"article:modified_time\" content=\"2025-10-06T10:43:15+00:00\" \/>\n<meta property=\"og:image\" content=\"https:\/\/miraclebag.store\/wp-content\/uploads\/2025\/06\/DJI_20250525094856_0025_Daa-scaled-e1749362233185.png\" \/>\n\t<meta property=\"og:image:width\" content=\"1203\" \/>\n\t<meta property=\"og:image:height\" content=\"1203\" \/>\n\t<meta property=\"og:image:type\" content=\"image\/png\" \/>\n<meta name=\"twitter:card\" content=\"summary_large_image\" \/>\n<meta name=\"twitter:label1\" content=\"Cena\" \/>\n\t<meta name=\"twitter:data1\" content=\"&euro;&nbsp;59.95 exc. Vat\" \/>\n\t<meta name=\"twitter:label2\" content=\"Dostupnost\" \/>\n\t<meta name=\"twitter:data2\" content=\"Skladem\" \/>\n<script type=\"application\/ld+json\" class=\"yoast-schema-graph\">{\"@context\":\"https:\/\/schema.org\",\"@graph\":[{\"@type\":\"WebPage\",\"@id\":\"https:\/\/miraclebag.store\/shop\/starter-kit\/pool-water-filter-starter-pack-2pcs-100-cm-mb2xset\/\",\"url\":\"https:\/\/miraclebag.store\/shop\/starter-kit\/pool-water-filter-starter-pack-2pcs-100-cm-mb2xset\/\",\"name\":\"Pool water filter Starter Pack 2pcs 100 cm (MB2xSet) - MiracleBag\",\"isPartOf\":{\"@id\":\"https:\/\/miraclebag.store\/#website\"},\"primaryImageOfPage\":{\"@id\":\"https:\/\/miraclebag.store\/shop\/starter-kit\/pool-water-filter-starter-pack-2pcs-100-cm-mb2xset\/#primaryimage\"},\"image\":{\"@id\":\"https:\/\/miraclebag.store\/shop\/starter-kit\/pool-water-filter-starter-pack-2pcs-100-cm-mb2xset\/#primaryimage\"},\"thumbnailUrl\":\"https:\/\/miraclebag.store\/wp-content\/uploads\/2025\/06\/DJI_20250525094856_0025_Daa-scaled-e1749362233185.png\",\"datePublished\":\"2025-06-08T04:52:48+00:00\",\"dateModified\":\"2025-10-06T10:43:15+00:00\",\"breadcrumb\":{\"@id\":\"https:\/\/miraclebag.store\/shop\/starter-kit\/pool-water-filter-starter-pack-2pcs-100-cm-mb2xset\/#breadcrumb\"},\"inLanguage\":\"cs\",\"potentialAction\":[{\"@type\":\"ReadAction\",\"target\":[\"https:\/\/miraclebag.store\/shop\/starter-kit\/pool-water-filter-starter-pack-2pcs-100-cm-mb2xset\/\"]}]},{\"@type\":\"ImageObject\",\"inLanguage\":\"cs\",\"@id\":\"https:\/\/miraclebag.store\/shop\/starter-kit\/pool-water-filter-starter-pack-2pcs-100-cm-mb2xset\/#primaryimage\",\"url\":\"https:\/\/miraclebag.store\/wp-content\/uploads\/2025\/06\/DJI_20250525094856_0025_Daa-scaled-e1749362233185.png\",\"contentUrl\":\"https:\/\/miraclebag.store\/wp-content\/uploads\/2025\/06\/DJI_20250525094856_0025_Daa-scaled-e1749362233185.png\",\"width\":1203,\"height\":1203},{\"@type\":\"BreadcrumbList\",\"@id\":\"https:\/\/miraclebag.store\/shop\/starter-kit\/pool-water-filter-starter-pack-2pcs-100-cm-mb2xset\/#breadcrumb\",\"itemListElement\":[{\"@type\":\"ListItem\",\"position\":1,\"name\":\"Home\",\"item\":\"https:\/\/miraclebag.store\/\"},{\"@type\":\"ListItem\",\"position\":2,\"name\":\"Shop\",\"item\":\"https:\/\/miraclebag.store\/shop\/\"},{\"@type\":\"ListItem\",\"position\":3,\"name\":\"Pool water filter Starter Pack 2pcs 100 cm (MB2xSet)\"}]},{\"@type\":\"WebSite\",\"@id\":\"https:\/\/miraclebag.store\/#website\",\"url\":\"https:\/\/miraclebag.store\/\",\"name\":\"MiracleBag\",\"description\":\"Crystal clear pool water \u2013 no sand filter needed\",\"publisher\":{\"@id\":\"https:\/\/miraclebag.store\/#organization\"},\"potentialAction\":[{\"@type\":\"SearchAction\",\"target\":{\"@type\":\"EntryPoint\",\"urlTemplate\":\"https:\/\/miraclebag.store\/?s={search_term_string}\"},\"query-input\":{\"@type\":\"PropertyValueSpecification\",\"valueRequired\":true,\"valueName\":\"search_term_string\"}}],\"inLanguage\":\"cs\"},{\"@type\":\"Organization\",\"@id\":\"https:\/\/miraclebag.store\/#organization\",\"name\":\"MiracleBag\",\"url\":\"https:\/\/miraclebag.store\/\",\"logo\":{\"@type\":\"ImageObject\",\"inLanguage\":\"cs\",\"@id\":\"https:\/\/miraclebag.store\/#\/schema\/logo\/image\/\",\"url\":\"https:\/\/miraclebag.store\/wp-content\/uploads\/2023\/01\/miraclebag-logo-blue.png\",\"contentUrl\":\"https:\/\/miraclebag.store\/wp-content\/uploads\/2023\/01\/miraclebag-logo-blue.png\",\"width\":357,\"height\":87,\"caption\":\"MiracleBag\"},\"image\":{\"@id\":\"https:\/\/miraclebag.store\/#\/schema\/logo\/image\/\"}}]}<\/script>\n<meta property=\"product:price:amount\" content=\"59.95\" \/>\n<meta property=\"product:price:currency\" content=\"EUR\" \/>\n<meta property=\"og:availability\" content=\"instock\" \/>\n<meta property=\"product:availability\" content=\"instock\" \/>\n<meta property=\"product:retailer_item_id\" content=\"MB2xSet\" \/>\n<meta property=\"product:condition\" content=\"new\" \/>\n<!-- \/ Yoast SEO Premium plugin. -->","yoast_head_json":{"title":"Startovac\u00ed sada filtr\u016f do baz\u00e9nu 2 ks 100 cm (MB2xSet) - MiracleBag","robots":{"index":"index","follow":"follow","max-snippet":"max-snippet:-1","max-image-preview":"max-image-preview:large","max-video-preview":"max-video-preview:-1"},"canonical":"https:\/\/miraclebag.store\/cs\/nakupovat\/startovni-balicek\/startovaci-sada-filtru-do-bazenu-2-ks-100-cm-mb2xset\/","og_locale":"cs_CZ","og_type":"article","og_title":"Pool water filter Starter Pack 2pcs 100 cm (MB2xSet)","og_description":"This package comes with a 33% satisfaction guarantee  Only choose this if you already have confidence in the product.  To try it out, choose the VE100 with a 100% satisfaction guarantee.  This kit is suitable for pools over 20 m3, used with a submersible pump.  It works well with external pumps (Paper Filter Pump, Sand Filter Pump) but is most effective when used with a submersible pump. See demonstration videos.  For large pools, a long flexible hose is needed to keep the submersible pump and filter bag as far apart as possible  For large water volumes, 50-100 m3, you can use several of these sets with separate submersible pumps.","og_url":"https:\/\/miraclebag.store\/cs\/nakupovat\/startovni-balicek\/startovaci-sada-filtru-do-bazenu-2-ks-100-cm-mb2xset\/","og_site_name":"MiracleBag","article_modified_time":"2025-10-06T10:43:15+00:00","og_image":[{"width":1203,"height":1203,"url":"https:\/\/miraclebag.store\/wp-content\/uploads\/2025\/06\/DJI_20250525094856_0025_Daa-scaled-e1749362233185.png","type":"image\/png"}],"twitter_card":"summary_large_image","twitter_misc":{"Cena":"&euro;&nbsp;59.95 exc. Vat","Dostupnost":"Skladem"},"schema":{"@context":"https:\/\/schema.org","@graph":[{"@type":"WebPage","@id":"https:\/\/miraclebag.store\/shop\/starter-kit\/pool-water-filter-starter-pack-2pcs-100-cm-mb2xset\/","url":"https:\/\/miraclebag.store\/shop\/starter-kit\/pool-water-filter-starter-pack-2pcs-100-cm-mb2xset\/","name":"Startovac\u00ed sada filtr\u016f do baz\u00e9nu 2 ks 100 cm (MB2xSet) - MiracleBag","isPartOf":{"@id":"https:\/\/miraclebag.store\/#website"},"primaryImageOfPage":{"@id":"https:\/\/miraclebag.store\/shop\/starter-kit\/pool-water-filter-starter-pack-2pcs-100-cm-mb2xset\/#primaryimage"},"image":{"@id":"https:\/\/miraclebag.store\/shop\/starter-kit\/pool-water-filter-starter-pack-2pcs-100-cm-mb2xset\/#primaryimage"},"thumbnailUrl":"https:\/\/miraclebag.store\/wp-content\/uploads\/2025\/06\/DJI_20250525094856_0025_Daa-scaled-e1749362233185.png","datePublished":"2025-06-08T04:52:48+00:00","dateModified":"2025-10-06T10:43:15+00:00","breadcrumb":{"@id":"https:\/\/miraclebag.store\/shop\/starter-kit\/pool-water-filter-starter-pack-2pcs-100-cm-mb2xset\/#breadcrumb"},"inLanguage":"cs","potentialAction":[{"@type":"ReadAction","target":["https:\/\/miraclebag.store\/shop\/starter-kit\/pool-water-filter-starter-pack-2pcs-100-cm-mb2xset\/"]}]},{"@type":"ImageObject","inLanguage":"cs","@id":"https:\/\/miraclebag.store\/shop\/starter-kit\/pool-water-filter-starter-pack-2pcs-100-cm-mb2xset\/#primaryimage","url":"https:\/\/miraclebag.store\/wp-content\/uploads\/2025\/06\/DJI_20250525094856_0025_Daa-scaled-e1749362233185.png","contentUrl":"https:\/\/miraclebag.store\/wp-content\/uploads\/2025\/06\/DJI_20250525094856_0025_Daa-scaled-e1749362233185.png","width":1203,"height":1203},{"@type":"BreadcrumbList","@id":"https:\/\/miraclebag.store\/shop\/starter-kit\/pool-water-filter-starter-pack-2pcs-100-cm-mb2xset\/#breadcrumb","itemListElement":[{"@type":"ListItem","position":1,"name":"Home","item":"https:\/\/miraclebag.store\/"},{"@type":"ListItem","position":2,"name":"Shop","item":"https:\/\/miraclebag.store\/shop\/"},{"@type":"ListItem","position":3,"name":"Pool water filter Starter Pack 2pcs 100 cm (MB2xSet)"}]},{"@type":"WebSite","@id":"https:\/\/miraclebag.store\/#website","url":"https:\/\/miraclebag.store\/","name":"MiracleBag","description":"K\u0159i\u0161\u0165\u00e1lov\u011b \u010dist\u00e1 baz\u00e9nov\u00e1 voda \u2013 nen\u00ed pot\u0159eba p\u00edskov\u00fd filtr","publisher":{"@id":"https:\/\/miraclebag.store\/#organization"},"potentialAction":[{"@type":"SearchAction","target":{"@type":"EntryPoint","urlTemplate":"https:\/\/miraclebag.store\/?s={search_term_string}"},"query-input":{"@type":"PropertyValueSpecification","valueRequired":true,"valueName":"search_term_string"}}],"inLanguage":"cs"},{"@type":"Organization","@id":"https:\/\/miraclebag.store\/#organization","name":"MiracleBag","url":"https:\/\/miraclebag.store\/","logo":{"@type":"ImageObject","inLanguage":"cs","@id":"https:\/\/miraclebag.store\/#\/schema\/logo\/image\/","url":"https:\/\/miraclebag.store\/wp-content\/uploads\/2023\/01\/miraclebag-logo-blue.png","contentUrl":"https:\/\/miraclebag.store\/wp-content\/uploads\/2023\/01\/miraclebag-logo-blue.png","width":357,"height":87,"caption":"MiracleBag"},"image":{"@id":"https:\/\/miraclebag.store\/#\/schema\/logo\/image\/"}}]},"product_price_amount":"59.95","product_price_currency":"EUR","og_availability":"instock","product_availability":"instock","product_retailer_item_id":"MB2xSet","product_condition":"new"},"_links":{"self":[{"href":"https:\/\/miraclebag.store\/cs\/wp-json\/wp\/v2\/product\/2512","targetHints":{"allow":["GET"]}}],"collection":[{"href":"https:\/\/miraclebag.store\/cs\/wp-json\/wp\/v2\/product"}],"about":[{"href":"https:\/\/miraclebag.store\/cs\/wp-json\/wp\/v2\/types\/product"}],"replies":[{"embeddable":true,"href":"https:\/\/miraclebag.store\/cs\/wp-json\/wp\/v2\/comments?post=2512"}],"wp:featuredmedia":[{"embeddable":true,"href":"https:\/\/miraclebag.store\/cs\/wp-json\/wp\/v2\/media\/2515"}],"wp:attachment":[{"href":"https:\/\/miraclebag.store\/cs\/wp-json\/wp\/v2\/media?parent=2512"}],"wp:term":[{"taxonomy":"product_brand","embeddable":true,"href":"https:\/\/miraclebag.store\/cs\/wp-json\/wp\/v2\/product_brand?post=2512"},{"taxonomy":"product_cat","embeddable":true,"href":"https:\/\/miraclebag.store\/cs\/wp-json\/wp\/v2\/product_cat?post=2512"},{"taxonomy":"product_tag","embeddable":true,"href":"https:\/\/miraclebag.store\/cs\/wp-json\/wp\/v2\/product_tag?post=2512"}],"curies":[{"name":"wp","href":"https:\/\/api.w.org\/{rel}","templated":true}]}}