{"id":1245,"date":"2023-05-02T11:52:31","date_gmt":"2023-05-02T09:52:31","guid":{"rendered":"https:\/\/miraclebag.store\/?post_type=product&#038;p=1245"},"modified":"2025-10-06T12:43:25","modified_gmt":"2025-10-06T10:43:25","slug":"dalsi-baleni-100-cm","status":"publish","type":"product","link":"https:\/\/miraclebag.store\/cs\/nakupovat\/ostatni-produkty\/dalsi-baleni-100-cm\/","title":{"rendered":"Dal\u0161\u00ed balen\u00ed 100 cm (AP100)"},"content":{"rendered":"<h3>S touto sadou m\u016f\u017eete doplnit startovac\u00ed sady VE100, MB2xSet a MB3xSet a z\u00edskat tak v\u011bt\u0161\u00ed filtra\u010dn\u00ed plochu.<\/h3>\n<p>Zv\u011bt\u0161en\u00ed filtra\u010dn\u00ed plochy nezkracuje dobu filtrace!<br \/>\nV\u00fdhodou je, \u017ee filtra\u010dn\u00ed s\u00e1\u010dky je t\u0159eba \u010distit m\u00e9n\u011b \u010dasto, ale pak jich je v\u00edce.<br \/>\nDal\u0161\u00ed v\u00fdhodou je, \u017ee na v\u011bt\u0161\u00ed plo\u0161e je tlak vody ni\u017e\u0161\u00ed, tak\u017ee se sni\u017euje i \u00fa\u010dinnost jemn\u00e9 filtrace, proto\u017ee tlak vody neprotla\u010duje nejmen\u0161\u00ed \u010d\u00e1stice filtra\u010dn\u00edm materi\u00e1lem, kter\u00e9 pak filtr zachyt\u00ed a\u017e v n\u00e1sledn\u00e9m filtra\u010dn\u00edm okruhu.<\/p>\n<p>Dobu filtrace m\u016f\u017eete zkr\u00e1tit pomoc\u00ed n\u011bkolika \u010derpadel.<\/p>\n<h3><strong>O Miracle Bag<\/strong><\/h3>\n<p><span style=\"color: #000000\">Filtr baz\u00e9nov\u00e9 vody je schopen z baz\u00e9nov\u00e9 vody odfiltrovat v\u0161echny plovouc\u00ed ne\u010distoty, v\u010detn\u011b t\u011bch, kter\u00e9 zp\u016fsobuj\u00ed, \u017ee se voda st\u00e1v\u00e1 op\u00e1lem. Pr\u00e1\u0161ek z \u0159as, zelen\u00e9 \u0159asy, oxid \u017eelezit\u00fd, oxid manganu.<\/span><\/p>\n<p><span style=\"color: #000000\"><strong>Vodn\u00ed filtra\u010dn\u00ed vak vyroben\u00fd z 1 nebo 5mikrometrov\u00e9ho pr\u016fmyslov\u00e9ho vodn\u00edho filtra\u010dn\u00edho materi\u00e1lu<\/strong>, s mo\u017enost\u00ed vlo\u017een\u00ed hadicov\u00e9 p\u0159\u00edpojky (pr\u016fm\u011br: 32mm). Rozm\u011br 100 cm x 15 cm, filtra\u010dn\u00ed plocha 0,3 m2. V\u00fdkon 5mikrometrov\u00e9ho filtra\u010dn\u00edho materi\u00e1lu je srovnateln\u00fd nebo lep\u0161\u00ed ne\u017e u p\u00edskov\u00fdch filtr\u016f. 1mikronov\u00fd filtra\u010dn\u00ed materi\u00e1l dok\u00e1\u017ee z vody odfiltrovat v\u011bt\u0161inu zelen\u00fdch \u0159as a zanech\u00e1 vodu v baz\u00e9nu k\u0159i\u0161\u0165\u00e1lov\u011b \u010distou! <strong>Je levn\u011bj\u0161\u00ed, jednodu\u0161\u0161\u00ed, efektivn\u011bj\u0161\u00ed a ekonomi\u010dt\u011bj\u0161\u00ed ne\u017e st\u00e1vaj\u00edc\u00ed baz\u00e9nov\u00e9 filtra\u010dn\u00ed syst\u00e9my.<\/strong><\/span><\/p>\n<h3><strong>P\u0159edchoz\u00ed verze Miracle Bag:<\/strong><\/h3>\n<p><iframe title=\"Miraclebbag, Baz\u00e9nov\u00fd vodn\u00ed filtr, m\u00edsto p\u00edskov\u00e9ho filtru V3 2\" width=\"800\" height=\"450\" src=\"https:\/\/www.youtube.com\/embed\/QFNBelhcX5M?feature=oembed\" frameborder=\"0\" allow=\"accelerometer; autoplay; clipboard-write; encrypted-media; gyroscope; picture-in-picture; web-share\" referrerpolicy=\"strict-origin-when-cross-origin\" allowfullscreen><\/iframe><\/p>\n<h3><strong>Bezpe\u010dnostn\u00ed ventil, kter\u00fd chr\u00e1n\u00ed s\u00e1\u010dek p\u0159ed p\u0159etlakem:<\/strong><\/h3>\n<p><iframe title=\"GT szelep kr\u00e1tk\u00e9 nologo\" width=\"800\" height=\"450\" src=\"https:\/\/www.youtube.com\/embed\/OQFIxZywlEA?feature=oembed\" frameborder=\"0\" allow=\"accelerometer; autoplay; clipboard-write; encrypted-media; gyroscope; picture-in-picture; web-share\" referrerpolicy=\"strict-origin-when-cross-origin\" allowfullscreen><\/iframe><\/p>\n<div class=\"elementor-element elementor-element-ad049ff elementor-widget elementor-widget-text-editor\" data-id=\"ad049ff\" data-element_type=\"widget\" data-widget_type=\"text-editor.default\">\n<div class=\"elementor-widget-container\">\n<h3><span style=\"color: #000000\"><strong>Snadn\u00e9 pou\u017eit\u00ed<\/strong><\/span><\/h3>\n<p><span style=\"color: #000000\"><strong>Nejjednodu\u0161\u0161\u00ed a nejefektivn\u011bj\u0161\u00ed zp\u016fsob je pou\u017eit\u00ed s ponorn\u00fdm \u010derpadlem.<\/strong><\/span><\/p>\n<p><span style=\"color: #000000\"><strong>Jednosm\u011brn\u00fd:<\/strong> oto\u010dte baz\u00e9novou vodu jako v\u00ed\u0159ivku a ponorn\u00e9 \u010derpadlo um\u00edst\u011bte doprost\u0159ed, na dno baz\u00e9nu. P\u0159ipevn\u011bte filtra\u010dn\u00ed s\u00e1\u010dek k okraji baz\u00e9nu. Ve\u0161ker\u00fd sediment se b\u011bhem n\u011bkolika minut dostane do vaku. Nen\u00ed pot\u0159eba \u017e\u00e1dn\u00e9 vys\u00e1v\u00e1n\u00ed.<\/span><\/p>\n<p><span style=\"color: #000000\"><strong>Jin\u00e1 cesta:<\/strong> p\u0159ipojte filtra\u010dn\u00ed s\u00e1\u010dek dlouhou hadic\u00ed, aby bylo zaji\u0161t\u011bno, \u017ee ponorn\u00e9 \u010derpadlo a filtra\u010dn\u00ed s\u00e1\u010dek jsou od sebe co nejd\u00e1le. \u010cist\u00e1 voda vystupuj\u00edc\u00ed z filtra\u010dn\u00edho s\u00e1\u010dku bude tla\u010dit nefiltrovanou vodu sm\u011brem k \u010derpadlu. \u010cerpadlo na dn\u011b baz\u00e9nu nasaje v\u0161echny plovouc\u00ed ne\u010distoty a v\u011bt\u0161inu p\u00edsku. T\u011b\u017e\u0161\u00ed p\u00edsek, kter\u00fd se hromad\u00ed v z\u00e1hybech dna baz\u00e9nu, lze k \u010derpadlu p\u0159itla\u010dit kart\u00e1\u010dem. Baz\u00e9nov\u00e1 voda tak bude \u010dist\u00e1 za p\u00e1r hodin a odpad\u00e1 nutnost vys\u00e1v\u00e1n\u00ed.<\/span><\/p>\n<\/div>\n<\/div>","protected":false},"excerpt":{"rendered":"<ul>\n<li class=\"ai-optimize-12\">Na tento bal\u00ed\u010dek se nevztahuje \u017e\u00e1dn\u00e1 z\u00e1ruka spokojenosti!<\/li>\n<li class=\"ai-optimize-13\">P\u0159\u00eddavn\u00fd filtra\u010dn\u00ed s\u00e1\u010dek pro balen\u00ed VE100 nebo VE50 nebo MB3xSet.<\/li>\n<li class=\"ai-optimize-14\">M\u016f\u017eete p\u0159ipojit tolik filtra\u010dn\u00edch s\u00e1\u010dk\u016f, kolik chcete, abyste vytvo\u0159ili obrovskou filtra\u010dn\u00ed plochu.<\/li>\n<li class=\"ai-optimize-15\">1 ks n\u00e1hradn\u00ed filtra\u010dn\u00ed s\u00e1\u010dek 100 cm. Po\u017eadovan\u00e9 potrubn\u00ed armatury.<\/li>\n<\/ul>","protected":false},"featured_media":2521,"comment_status":"open","ping_status":"closed","template":"","meta":[],"product_brand":[],"product_cat":[25],"product_tag":[],"class_list":{"0":"post-1245","1":"product","2":"type-product","3":"status-publish","4":"has-post-thumbnail","6":"product_cat-other-products","8":"first","9":"instock","10":"taxable","11":"shipping-taxable","12":"purchasable","13":"product-type-simple"},"yoast_head":"<!-- This site is optimized with the Yoast SEO Premium plugin v26.8 (Yoast SEO v26.8) - https:\/\/yoast.com\/product\/yoast-seo-premium-wordpress\/ -->\n<title>Additional Pack 100 cm (AP100) - MiracleBag<\/title>\n<meta name=\"robots\" content=\"index, follow, max-snippet:-1, max-image-preview:large, max-video-preview:-1\" \/>\n<link rel=\"canonical\" href=\"https:\/\/miraclebag.store\/cs\/nakupovat\/ostatni-produkty\/dalsi-baleni-100-cm\/\" \/>\n<meta property=\"og:locale\" content=\"cs_CZ\" \/>\n<meta property=\"og:type\" content=\"article\" \/>\n<meta property=\"og:title\" content=\"Additional Pack 100 cm (AP100)\" \/>\n<meta property=\"og:description\" content=\"No satisfaction guarantee is applicable for this package!  Additional filter bag for VE100 or VE50 or MB3xSet package.  You can connect as many filter bags as you like to create a huge filter surface.  1 pcs spare filter bag 100 cm. Required pipe fittings.\" \/>\n<meta property=\"og:url\" content=\"https:\/\/miraclebag.store\/cs\/nakupovat\/ostatni-produkty\/dalsi-baleni-100-cm\/\" \/>\n<meta property=\"og:site_name\" content=\"MiracleBag\" \/>\n<meta property=\"article:modified_time\" content=\"2025-10-06T10:43:25+00:00\" \/>\n<meta property=\"og:image\" content=\"https:\/\/miraclebag.store\/wp-content\/uploads\/2023\/05\/AI_Background_Remover-5-e1749362950478.png\" \/>\n\t<meta property=\"og:image:width\" content=\"976\" \/>\n\t<meta property=\"og:image:height\" content=\"976\" \/>\n\t<meta property=\"og:image:type\" content=\"image\/png\" \/>\n<meta name=\"twitter:card\" content=\"summary_large_image\" \/>\n<meta name=\"twitter:label1\" content=\"Cena\" \/>\n\t<meta name=\"twitter:data1\" content=\"&euro;&nbsp;35.95 exc. Vat\" \/>\n\t<meta name=\"twitter:label2\" content=\"Dostupnost\" \/>\n\t<meta name=\"twitter:data2\" content=\"Skladem\" \/>\n<script type=\"application\/ld+json\" class=\"yoast-schema-graph\">{\"@context\":\"https:\/\/schema.org\",\"@graph\":[{\"@type\":\"WebPage\",\"@id\":\"https:\/\/miraclebag.store\/shop\/other-products\/additional-pack-100-cm\/\",\"url\":\"https:\/\/miraclebag.store\/shop\/other-products\/additional-pack-100-cm\/\",\"name\":\"Additional Pack 100 cm (AP100) - MiracleBag\",\"isPartOf\":{\"@id\":\"https:\/\/miraclebag.store\/#website\"},\"primaryImageOfPage\":{\"@id\":\"https:\/\/miraclebag.store\/shop\/other-products\/additional-pack-100-cm\/#primaryimage\"},\"image\":{\"@id\":\"https:\/\/miraclebag.store\/shop\/other-products\/additional-pack-100-cm\/#primaryimage\"},\"thumbnailUrl\":\"https:\/\/miraclebag.store\/wp-content\/uploads\/2023\/05\/AI_Background_Remover-5-e1749362950478.png\",\"datePublished\":\"2023-05-02T09:52:31+00:00\",\"dateModified\":\"2025-10-06T10:43:25+00:00\",\"breadcrumb\":{\"@id\":\"https:\/\/miraclebag.store\/shop\/other-products\/additional-pack-100-cm\/#breadcrumb\"},\"inLanguage\":\"cs\",\"potentialAction\":[{\"@type\":\"ReadAction\",\"target\":[\"https:\/\/miraclebag.store\/shop\/other-products\/additional-pack-100-cm\/\"]}]},{\"@type\":\"ImageObject\",\"inLanguage\":\"cs\",\"@id\":\"https:\/\/miraclebag.store\/shop\/other-products\/additional-pack-100-cm\/#primaryimage\",\"url\":\"https:\/\/miraclebag.store\/wp-content\/uploads\/2023\/05\/AI_Background_Remover-5-e1749362950478.png\",\"contentUrl\":\"https:\/\/miraclebag.store\/wp-content\/uploads\/2023\/05\/AI_Background_Remover-5-e1749362950478.png\",\"width\":976,\"height\":976},{\"@type\":\"BreadcrumbList\",\"@id\":\"https:\/\/miraclebag.store\/shop\/other-products\/additional-pack-100-cm\/#breadcrumb\",\"itemListElement\":[{\"@type\":\"ListItem\",\"position\":1,\"name\":\"Home\",\"item\":\"https:\/\/miraclebag.store\/\"},{\"@type\":\"ListItem\",\"position\":2,\"name\":\"Shop\",\"item\":\"https:\/\/miraclebag.store\/shop\/\"},{\"@type\":\"ListItem\",\"position\":3,\"name\":\"Additional Pack 100 cm (AP100)\"}]},{\"@type\":\"WebSite\",\"@id\":\"https:\/\/miraclebag.store\/#website\",\"url\":\"https:\/\/miraclebag.store\/\",\"name\":\"MiracleBag\",\"description\":\"Crystal clear pool water \u2013 no sand filter needed\",\"publisher\":{\"@id\":\"https:\/\/miraclebag.store\/#organization\"},\"potentialAction\":[{\"@type\":\"SearchAction\",\"target\":{\"@type\":\"EntryPoint\",\"urlTemplate\":\"https:\/\/miraclebag.store\/?s={search_term_string}\"},\"query-input\":{\"@type\":\"PropertyValueSpecification\",\"valueRequired\":true,\"valueName\":\"search_term_string\"}}],\"inLanguage\":\"cs\"},{\"@type\":\"Organization\",\"@id\":\"https:\/\/miraclebag.store\/#organization\",\"name\":\"MiracleBag\",\"url\":\"https:\/\/miraclebag.store\/\",\"logo\":{\"@type\":\"ImageObject\",\"inLanguage\":\"cs\",\"@id\":\"https:\/\/miraclebag.store\/#\/schema\/logo\/image\/\",\"url\":\"https:\/\/miraclebag.store\/wp-content\/uploads\/2023\/01\/miraclebag-logo-blue.png\",\"contentUrl\":\"https:\/\/miraclebag.store\/wp-content\/uploads\/2023\/01\/miraclebag-logo-blue.png\",\"width\":357,\"height\":87,\"caption\":\"MiracleBag\"},\"image\":{\"@id\":\"https:\/\/miraclebag.store\/#\/schema\/logo\/image\/\"}}]}<\/script>\n<meta property=\"product:price:amount\" content=\"35.95\" \/>\n<meta property=\"product:price:currency\" content=\"EUR\" \/>\n<meta property=\"og:availability\" content=\"instock\" \/>\n<meta property=\"product:availability\" content=\"instock\" \/>\n<meta property=\"product:retailer_item_id\" content=\"AP100\" \/>\n<meta property=\"product:condition\" content=\"new\" \/>\n<!-- \/ Yoast SEO Premium plugin. -->","yoast_head_json":{"title":"Dal\u0161\u00ed balen\u00ed 100 cm (AP100) - MiracleBag","robots":{"index":"index","follow":"follow","max-snippet":"max-snippet:-1","max-image-preview":"max-image-preview:large","max-video-preview":"max-video-preview:-1"},"canonical":"https:\/\/miraclebag.store\/cs\/nakupovat\/ostatni-produkty\/dalsi-baleni-100-cm\/","og_locale":"cs_CZ","og_type":"article","og_title":"Additional Pack 100 cm (AP100)","og_description":"No satisfaction guarantee is applicable for this package!  Additional filter bag for VE100 or VE50 or MB3xSet package.  You can connect as many filter bags as you like to create a huge filter surface.  1 pcs spare filter bag 100 cm. Required pipe fittings.","og_url":"https:\/\/miraclebag.store\/cs\/nakupovat\/ostatni-produkty\/dalsi-baleni-100-cm\/","og_site_name":"MiracleBag","article_modified_time":"2025-10-06T10:43:25+00:00","og_image":[{"width":976,"height":976,"url":"https:\/\/miraclebag.store\/wp-content\/uploads\/2023\/05\/AI_Background_Remover-5-e1749362950478.png","type":"image\/png"}],"twitter_card":"summary_large_image","twitter_misc":{"Cena":"&euro;&nbsp;35.95 exc. Vat","Dostupnost":"Skladem"},"schema":{"@context":"https:\/\/schema.org","@graph":[{"@type":"WebPage","@id":"https:\/\/miraclebag.store\/shop\/other-products\/additional-pack-100-cm\/","url":"https:\/\/miraclebag.store\/shop\/other-products\/additional-pack-100-cm\/","name":"Dal\u0161\u00ed balen\u00ed 100 cm (AP100) - MiracleBag","isPartOf":{"@id":"https:\/\/miraclebag.store\/#website"},"primaryImageOfPage":{"@id":"https:\/\/miraclebag.store\/shop\/other-products\/additional-pack-100-cm\/#primaryimage"},"image":{"@id":"https:\/\/miraclebag.store\/shop\/other-products\/additional-pack-100-cm\/#primaryimage"},"thumbnailUrl":"https:\/\/miraclebag.store\/wp-content\/uploads\/2023\/05\/AI_Background_Remover-5-e1749362950478.png","datePublished":"2023-05-02T09:52:31+00:00","dateModified":"2025-10-06T10:43:25+00:00","breadcrumb":{"@id":"https:\/\/miraclebag.store\/shop\/other-products\/additional-pack-100-cm\/#breadcrumb"},"inLanguage":"cs","potentialAction":[{"@type":"ReadAction","target":["https:\/\/miraclebag.store\/shop\/other-products\/additional-pack-100-cm\/"]}]},{"@type":"ImageObject","inLanguage":"cs","@id":"https:\/\/miraclebag.store\/shop\/other-products\/additional-pack-100-cm\/#primaryimage","url":"https:\/\/miraclebag.store\/wp-content\/uploads\/2023\/05\/AI_Background_Remover-5-e1749362950478.png","contentUrl":"https:\/\/miraclebag.store\/wp-content\/uploads\/2023\/05\/AI_Background_Remover-5-e1749362950478.png","width":976,"height":976},{"@type":"BreadcrumbList","@id":"https:\/\/miraclebag.store\/shop\/other-products\/additional-pack-100-cm\/#breadcrumb","itemListElement":[{"@type":"ListItem","position":1,"name":"Home","item":"https:\/\/miraclebag.store\/"},{"@type":"ListItem","position":2,"name":"Shop","item":"https:\/\/miraclebag.store\/shop\/"},{"@type":"ListItem","position":3,"name":"Additional Pack 100 cm (AP100)"}]},{"@type":"WebSite","@id":"https:\/\/miraclebag.store\/#website","url":"https:\/\/miraclebag.store\/","name":"MiracleBag","description":"K\u0159i\u0161\u0165\u00e1lov\u011b \u010dist\u00e1 baz\u00e9nov\u00e1 voda \u2013 nen\u00ed pot\u0159eba p\u00edskov\u00fd filtr","publisher":{"@id":"https:\/\/miraclebag.store\/#organization"},"potentialAction":[{"@type":"SearchAction","target":{"@type":"EntryPoint","urlTemplate":"https:\/\/miraclebag.store\/?s={search_term_string}"},"query-input":{"@type":"PropertyValueSpecification","valueRequired":true,"valueName":"search_term_string"}}],"inLanguage":"cs"},{"@type":"Organization","@id":"https:\/\/miraclebag.store\/#organization","name":"MiracleBag","url":"https:\/\/miraclebag.store\/","logo":{"@type":"ImageObject","inLanguage":"cs","@id":"https:\/\/miraclebag.store\/#\/schema\/logo\/image\/","url":"https:\/\/miraclebag.store\/wp-content\/uploads\/2023\/01\/miraclebag-logo-blue.png","contentUrl":"https:\/\/miraclebag.store\/wp-content\/uploads\/2023\/01\/miraclebag-logo-blue.png","width":357,"height":87,"caption":"MiracleBag"},"image":{"@id":"https:\/\/miraclebag.store\/#\/schema\/logo\/image\/"}}]},"product_price_amount":"35.95","product_price_currency":"EUR","og_availability":"instock","product_availability":"instock","product_retailer_item_id":"AP100","product_condition":"new"},"_links":{"self":[{"href":"https:\/\/miraclebag.store\/cs\/wp-json\/wp\/v2\/product\/1245","targetHints":{"allow":["GET"]}}],"collection":[{"href":"https:\/\/miraclebag.store\/cs\/wp-json\/wp\/v2\/product"}],"about":[{"href":"https:\/\/miraclebag.store\/cs\/wp-json\/wp\/v2\/types\/product"}],"replies":[{"embeddable":true,"href":"https:\/\/miraclebag.store\/cs\/wp-json\/wp\/v2\/comments?post=1245"}],"wp:featuredmedia":[{"embeddable":true,"href":"https:\/\/miraclebag.store\/cs\/wp-json\/wp\/v2\/media\/2521"}],"wp:attachment":[{"href":"https:\/\/miraclebag.store\/cs\/wp-json\/wp\/v2\/media?parent=1245"}],"wp:term":[{"taxonomy":"product_brand","embeddable":true,"href":"https:\/\/miraclebag.store\/cs\/wp-json\/wp\/v2\/product_brand?post=1245"},{"taxonomy":"product_cat","embeddable":true,"href":"https:\/\/miraclebag.store\/cs\/wp-json\/wp\/v2\/product_cat?post=1245"},{"taxonomy":"product_tag","embeddable":true,"href":"https:\/\/miraclebag.store\/cs\/wp-json\/wp\/v2\/product_tag?post=1245"}],"curies":[{"name":"wp","href":"https:\/\/api.w.org\/{rel}","templated":true}]}}