{"id":891,"date":"2023-02-21T14:19:43","date_gmt":"2023-02-21T13:19:43","guid":{"rendered":"https:\/\/miraclebag.store\/?page_id=891"},"modified":"2023-05-26T12:54:27","modified_gmt":"2023-05-26T10:54:27","slug":"o-nas","status":"publish","type":"page","link":"https:\/\/miraclebag.store\/cs\/o-nas\/","title":{"rendered":"O n\u00e1s"},"content":{"rendered":"<div data-elementor-type=\"wp-page\" data-elementor-id=\"891\" class=\"elementor elementor-891\" data-elementor-post-type=\"page\">\n\t\t\t\t<div class=\"elementor-element elementor-element-1ecdc71 e-flex e-con-boxed e-con e-parent\" data-id=\"1ecdc71\" data-element_type=\"container\">\n\t\t\t\t\t<div class=\"e-con-inner\">\n\t\t\t\t<div class=\"elementor-element elementor-element-f82df3a elementor-widget-tablet__width-initial elementor-widget elementor-widget-heading\" data-id=\"f82df3a\" data-element_type=\"widget\" data-widget_type=\"heading.default\">\n\t\t\t\t<div class=\"elementor-widget-container\">\n\t\t\t\t\t<h1 class=\"elementor-heading-title elementor-size-default\">O n\u00e1s<\/h1>\t\t\t\t<\/div>\n\t\t\t\t<\/div>\n\t\t\t\t<div class=\"elementor-element elementor-element-a5a0a48 elementor-widget elementor-widget-image\" data-id=\"a5a0a48\" data-element_type=\"widget\" data-widget_type=\"image.default\">\n\t\t\t\t<div class=\"elementor-widget-container\">\n\t\t\t\t\t\t\t\t\t\t\t\t\t\t\t<img fetchpriority=\"high\" decoding=\"async\" width=\"351\" height=\"300\" src=\"https:\/\/miraclebag.store\/wp-content\/uploads\/2023\/04\/mascot-miracle-bag-2.png\" class=\"attachment-large size-large wp-image-1068\" alt=\"maskot-z\u00e1zra\u010dn\u00e1-ta\u0161ka-2\" srcset=\"https:\/\/miraclebag.store\/wp-content\/uploads\/2023\/04\/mascot-miracle-bag-2.png 351w, https:\/\/miraclebag.store\/wp-content\/uploads\/2023\/04\/mascot-miracle-bag-2-300x256.png 300w\" sizes=\"(max-width: 351px) 100vw, 351px\" \/>\t\t\t\t\t\t\t\t\t\t\t\t\t\t\t<\/div>\n\t\t\t\t<\/div>\n\t\t\t\t\t<\/div>\n\t\t\t\t<\/div>\n\t\t<div class=\"elementor-element elementor-element-0e31e9a e-flex e-con-boxed e-con e-parent\" data-id=\"0e31e9a\" data-element_type=\"container\">\n\t\t\t\t\t<div class=\"e-con-inner\">\n\t\t<div class=\"elementor-element elementor-element-99b9109 e-con-full e-flex e-con e-parent\" data-id=\"99b9109\" data-element_type=\"container\">\n\t\t\t\t<div class=\"elementor-element elementor-element-9eb31e1 elementor-widget elementor-widget-image\" data-id=\"9eb31e1\" data-element_type=\"widget\" data-widget_type=\"image.default\">\n\t\t\t\t<div class=\"elementor-widget-container\">\n\t\t\t\t\t\t\t\t\t\t\t\t\t\t\t<img decoding=\"async\" width=\"577\" height=\"433\" src=\"https:\/\/miraclebag.store\/wp-content\/uploads\/2023\/05\/janos-strausz-miraclebag.jpg\" class=\"attachment-large size-large wp-image-1397\" alt=\"janos-strausz-miraclebbag\" srcset=\"https:\/\/miraclebag.store\/wp-content\/uploads\/2023\/05\/janos-strausz-miraclebag.jpg 577w, https:\/\/miraclebag.store\/wp-content\/uploads\/2023\/05\/janos-strausz-miraclebag-300x225.jpg 300w\" sizes=\"(max-width: 577px) 100vw, 577px\" \/>\t\t\t\t\t\t\t\t\t\t\t\t\t\t\t<\/div>\n\t\t\t\t<\/div>\n\t\t\t\t<div class=\"elementor-element elementor-element-bc13005 elementor-widget elementor-widget-text-editor\" data-id=\"bc13005\" data-element_type=\"widget\" data-widget_type=\"text-editor.default\">\n\t\t\t\t<div class=\"elementor-widget-container\">\n\t\t\t\t\t\t\t\t\t<strong>V\u00fdvoj produktu za\u010dal p\u0159ed 9 lety t\u00edmto prototypem:<\/strong>\t\t\t\t\t\t\t\t<\/div>\n\t\t\t\t<\/div>\n\t\t\t\t<div class=\"elementor-element elementor-element-4f3f43c elementor-widget-tablet__width-initial elementor-widget elementor-widget-video\" data-id=\"4f3f43c\" data-element_type=\"widget\" data-settings=\"{&quot;youtube_url&quot;:&quot;https:\\\/\\\/www.youtube.com\\\/watch?v=LtGisf5Xk6c&quot;,&quot;lazy_load&quot;:&quot;yes&quot;,&quot;video_type&quot;:&quot;youtube&quot;,&quot;controls&quot;:&quot;yes&quot;}\" data-widget_type=\"video.default\">\n\t\t\t\t<div class=\"elementor-widget-container\">\n\t\t\t\t\t\t\t<div class=\"elementor-wrapper elementor-open-inline\">\n\t\t\t<div class=\"elementor-video\"><\/div>\t\t<\/div>\n\t\t\t\t\t\t<\/div>\n\t\t\t\t<\/div>\n\t\t\t\t<\/div>\n\t\t<div class=\"elementor-element elementor-element-24bb3e4 e-con-full e-flex e-con e-parent\" data-id=\"24bb3e4\" data-element_type=\"container\">\n\t\t\t\t<div class=\"elementor-element elementor-element-275b933 elementor-widget elementor-widget-text-editor\" data-id=\"275b933\" data-element_type=\"widget\" data-widget_type=\"text-editor.default\">\n\t\t\t\t<div class=\"elementor-widget-container\">\n\t\t\t\t\t\t\t\t\t<h3><strong>Jsem J\u00e1nos Strausz z Ma\u010farska\u2026<\/strong><\/h3><p><strong>Jsem v\u00fdvoj\u00e1\u0159 Miracle Bag.<\/strong>\u00a0Des\u00edtky let vyv\u00edj\u00edm jednoduch\u00e9 pom\u016fcky pro dom\u00e1cnosti i pro firmy, kde jsem pracoval. Mezi nimi byly i glob\u00e1ln\u00ed spole\u010dnosti. M\u00e1m n\u011bkolik patent\u016f. Rozs\u00e1hl\u00fd v\u00fdvoj pro ostatn\u00ed mi p\u0159inesl pouze mor\u00e1ln\u00ed zisk. V\u011bt\u0161inou byly tyto n\u00e1pady p\u0159ijaty nebo sotva odm\u011bn\u011bny, zat\u00edmco pro ostatn\u00ed generovaly miliony dolar\u016f zisku.<\/p><p>Ud\u011blal jsem tedy krok zp\u011bt a nyn\u00ed vyr\u00e1b\u00edm pouze v\u011bci, kter\u00e9 si mohu financovat s\u00e1m. <strong>M\u00fdm posl\u00e1n\u00edm je pom\u00e1hat lidem naj\u00edt produkty a \u0159e\u0161en\u00ed ka\u017edodenn\u00edch v\u00fdzev co nejlevn\u011bji.<\/strong> Jedn\u00e1 se nap\u0159\u00edklad o oh\u0159ev baz\u00e9nu, z\u00e1sobn\u00edk vody, zahradnick\u00e9 pot\u0159eby, sol\u00e1rn\u00ed oh\u0159ev atd.<\/p><p>V\u0161e \u0159e\u0161\u00edm t\u00edm nejjednodu\u0161\u0161\u00edm zp\u016fsobem. Neexistuj\u00ed \u017e\u00e1dn\u00e9 zbyte\u010dn\u00e9 p\u0159idan\u00e9 v\u011bci, d\u00edly nebo efektn\u00ed obaly pro zv\u00fd\u0161en\u00ed ceny produktu. Mnoho m\u00fdch produkt\u016f je nejen levn\u011bj\u0161\u00edch, ale mnohem lep\u0161\u00edch ne\u017e st\u00e1vaj\u00edc\u00ed \u0159e\u0161en\u00ed.<\/p><p><strong>Jedn\u00edm z takov\u00fdch produkt\u016f je Miracle Bag.<\/strong> Ji\u017e 8 let vyv\u00edj\u00edm a distribuuji Miracle Bag v n\u011bkolika evropsk\u00fdch zem\u00edch a nyn\u00ed si ji m\u016f\u017eete vyzkou\u0161et i vy prost\u0159ednictv\u00edm m\u00e9ho mezin\u00e1rodn\u00edho internetov\u00e9ho obchodu.<\/p><p>Na\u0161t\u011bst\u00ed je ta\u0161ka Miracle lehk\u00e1, tak\u017ee ji mohu levn\u011b poslat kamkoli na sv\u011bt\u011b. <strong>Miracle Bag je tak \u00fa\u010dinn\u00fd produkt, \u017ee 85% m\u00fdch z\u00e1kazn\u00edk\u016f ke mn\u011b p\u0159ich\u00e1z\u00ed na doporu\u010den\u00ed ostatn\u00edch.<\/strong><\/p><p>Mnoha sv\u00fdm ma\u010farsk\u00fdm z\u00e1kazn\u00edk\u016fm mohu po telefonu poradit. To v\u0161ak nen\u00ed mo\u017en\u00e9 v mezin\u00e1rodn\u00ed distribuci, ale m\u016f\u017eeme v\u00e1m pomoci p\u00edsemn\u011b. P\u0159eji p\u0159\u00edjemn\u00e9 koup\u00e1n\u00ed.<\/p>\t\t\t\t\t\t\t\t<\/div>\n\t\t\t\t<\/div>\n\t\t\t\t<\/div>\n\t\t\t\t\t<\/div>\n\t\t\t\t<\/div>\n\t\t\t\t<\/div>","protected":false},"excerpt":{"rendered":"<p>About Us The development of the product began 9 years ago, with this prototype:https:\/\/www.youtube.com\/watch?v=LtGisf5Xk6c I&#8217;m J\u00e1nos Strausz from Hungary&#8230; I&#8217;m the developer of the Miracle Bag.\u00a0For decades I have been developing simple utilities for households and for companies where I had worked. Among these were also global companies. I have several patents. Large-scale developments for [&hellip;]<\/p>","protected":false},"author":2,"featured_media":0,"parent":0,"menu_order":0,"comment_status":"closed","ping_status":"closed","template":"elementor_header_footer","meta":{"footnotes":""},"class_list":["post-891","page","type-page","status-publish","hentry"],"yoast_head":"<!-- This site is optimized with the Yoast SEO Premium plugin v26.8 (Yoast SEO v26.8) - https:\/\/yoast.com\/product\/yoast-seo-premium-wordpress\/ -->\n<title>About us - MiracleBag<\/title>\n<meta name=\"description\" content=\"My mission is to help people find products and solutions to everyday challenges as cheaply as possible.\" \/>\n<meta name=\"robots\" content=\"index, follow, max-snippet:-1, max-image-preview:large, max-video-preview:-1\" \/>\n<link rel=\"canonical\" href=\"https:\/\/miraclebag.store\/cs\/o-nas\/\" \/>\n<meta property=\"og:locale\" content=\"cs_CZ\" \/>\n<meta property=\"og:type\" content=\"article\" \/>\n<meta property=\"og:title\" content=\"About us\" \/>\n<meta property=\"og:description\" content=\"My mission is to help people find products and solutions to everyday challenges as cheaply as possible.\" \/>\n<meta property=\"og:url\" content=\"https:\/\/miraclebag.store\/cs\/o-nas\/\" \/>\n<meta property=\"og:site_name\" content=\"MiracleBag\" \/>\n<meta property=\"article:modified_time\" content=\"2023-05-26T10:54:27+00:00\" \/>\n<meta property=\"og:image\" content=\"https:\/\/miraclebag.store\/wp-content\/uploads\/2023\/04\/mascot-miracle-bag-2.png\" \/>\n<meta name=\"twitter:card\" content=\"summary_large_image\" \/>\n<meta name=\"twitter:label1\" content=\"Odhadovan\u00e1 doba \u010dten\u00ed\" \/>\n\t<meta name=\"twitter:data1\" content=\"2 minuty\" \/>\n<script type=\"application\/ld+json\" class=\"yoast-schema-graph\">{\"@context\":\"https:\/\/schema.org\",\"@graph\":[{\"@type\":\"WebPage\",\"@id\":\"https:\/\/miraclebag.store\/about-us\/\",\"url\":\"https:\/\/miraclebag.store\/about-us\/\",\"name\":\"About us - MiracleBag\",\"isPartOf\":{\"@id\":\"https:\/\/miraclebag.store\/#website\"},\"primaryImageOfPage\":{\"@id\":\"https:\/\/miraclebag.store\/about-us\/#primaryimage\"},\"image\":{\"@id\":\"https:\/\/miraclebag.store\/about-us\/#primaryimage\"},\"thumbnailUrl\":\"https:\/\/miraclebag.store\/wp-content\/uploads\/2023\/04\/mascot-miracle-bag-2.png\",\"datePublished\":\"2023-02-21T13:19:43+00:00\",\"dateModified\":\"2023-05-26T10:54:27+00:00\",\"description\":\"My mission is to help people find products and solutions to everyday challenges as cheaply as possible.\",\"breadcrumb\":{\"@id\":\"https:\/\/miraclebag.store\/about-us\/#breadcrumb\"},\"inLanguage\":\"cs\",\"potentialAction\":[{\"@type\":\"ReadAction\",\"target\":[\"https:\/\/miraclebag.store\/about-us\/\"]}]},{\"@type\":\"ImageObject\",\"inLanguage\":\"cs\",\"@id\":\"https:\/\/miraclebag.store\/about-us\/#primaryimage\",\"url\":\"https:\/\/miraclebag.store\/wp-content\/uploads\/2023\/04\/mascot-miracle-bag-2.png\",\"contentUrl\":\"https:\/\/miraclebag.store\/wp-content\/uploads\/2023\/04\/mascot-miracle-bag-2.png\"},{\"@type\":\"BreadcrumbList\",\"@id\":\"https:\/\/miraclebag.store\/about-us\/#breadcrumb\",\"itemListElement\":[{\"@type\":\"ListItem\",\"position\":1,\"name\":\"Home\",\"item\":\"https:\/\/miraclebag.store\/\"},{\"@type\":\"ListItem\",\"position\":2,\"name\":\"About us\"}]},{\"@type\":\"WebSite\",\"@id\":\"https:\/\/miraclebag.store\/#website\",\"url\":\"https:\/\/miraclebag.store\/\",\"name\":\"MiracleBag\",\"description\":\"Crystal clear pool water \u2013 no sand filter needed\",\"publisher\":{\"@id\":\"https:\/\/miraclebag.store\/#organization\"},\"potentialAction\":[{\"@type\":\"SearchAction\",\"target\":{\"@type\":\"EntryPoint\",\"urlTemplate\":\"https:\/\/miraclebag.store\/?s={search_term_string}\"},\"query-input\":{\"@type\":\"PropertyValueSpecification\",\"valueRequired\":true,\"valueName\":\"search_term_string\"}}],\"inLanguage\":\"cs\"},{\"@type\":\"Organization\",\"@id\":\"https:\/\/miraclebag.store\/#organization\",\"name\":\"MiracleBag\",\"url\":\"https:\/\/miraclebag.store\/\",\"logo\":{\"@type\":\"ImageObject\",\"inLanguage\":\"cs\",\"@id\":\"https:\/\/miraclebag.store\/#\/schema\/logo\/image\/\",\"url\":\"https:\/\/miraclebag.store\/wp-content\/uploads\/2023\/01\/miraclebag-logo-blue.png\",\"contentUrl\":\"https:\/\/miraclebag.store\/wp-content\/uploads\/2023\/01\/miraclebag-logo-blue.png\",\"width\":357,\"height\":87,\"caption\":\"MiracleBag\"},\"image\":{\"@id\":\"https:\/\/miraclebag.store\/#\/schema\/logo\/image\/\"}}]}<\/script>\n<!-- \/ Yoast SEO Premium plugin. -->","yoast_head_json":{"title":"O n\u00e1s - MiracleBag","description":"M\u00fdm posl\u00e1n\u00edm je pom\u00e1hat lidem naj\u00edt produkty a \u0159e\u0161en\u00ed ka\u017edodenn\u00edch v\u00fdzev co nejlevn\u011bji.","robots":{"index":"index","follow":"follow","max-snippet":"max-snippet:-1","max-image-preview":"max-image-preview:large","max-video-preview":"max-video-preview:-1"},"canonical":"https:\/\/miraclebag.store\/cs\/o-nas\/","og_locale":"cs_CZ","og_type":"article","og_title":"About us","og_description":"My mission is to help people find products and solutions to everyday challenges as cheaply as possible.","og_url":"https:\/\/miraclebag.store\/cs\/o-nas\/","og_site_name":"MiracleBag","article_modified_time":"2023-05-26T10:54:27+00:00","og_image":[{"url":"https:\/\/miraclebag.store\/wp-content\/uploads\/2023\/04\/mascot-miracle-bag-2.png","type":"","width":"","height":""}],"twitter_card":"summary_large_image","twitter_misc":{"Odhadovan\u00e1 doba \u010dten\u00ed":"2 minuty"},"schema":{"@context":"https:\/\/schema.org","@graph":[{"@type":"WebPage","@id":"https:\/\/miraclebag.store\/about-us\/","url":"https:\/\/miraclebag.store\/about-us\/","name":"O n\u00e1s - MiracleBag","isPartOf":{"@id":"https:\/\/miraclebag.store\/#website"},"primaryImageOfPage":{"@id":"https:\/\/miraclebag.store\/about-us\/#primaryimage"},"image":{"@id":"https:\/\/miraclebag.store\/about-us\/#primaryimage"},"thumbnailUrl":"https:\/\/miraclebag.store\/wp-content\/uploads\/2023\/04\/mascot-miracle-bag-2.png","datePublished":"2023-02-21T13:19:43+00:00","dateModified":"2023-05-26T10:54:27+00:00","description":"M\u00fdm posl\u00e1n\u00edm je pom\u00e1hat lidem naj\u00edt produkty a \u0159e\u0161en\u00ed ka\u017edodenn\u00edch v\u00fdzev co nejlevn\u011bji.","breadcrumb":{"@id":"https:\/\/miraclebag.store\/about-us\/#breadcrumb"},"inLanguage":"cs","potentialAction":[{"@type":"ReadAction","target":["https:\/\/miraclebag.store\/about-us\/"]}]},{"@type":"ImageObject","inLanguage":"cs","@id":"https:\/\/miraclebag.store\/about-us\/#primaryimage","url":"https:\/\/miraclebag.store\/wp-content\/uploads\/2023\/04\/mascot-miracle-bag-2.png","contentUrl":"https:\/\/miraclebag.store\/wp-content\/uploads\/2023\/04\/mascot-miracle-bag-2.png"},{"@type":"BreadcrumbList","@id":"https:\/\/miraclebag.store\/about-us\/#breadcrumb","itemListElement":[{"@type":"ListItem","position":1,"name":"Home","item":"https:\/\/miraclebag.store\/"},{"@type":"ListItem","position":2,"name":"About us"}]},{"@type":"WebSite","@id":"https:\/\/miraclebag.store\/#website","url":"https:\/\/miraclebag.store\/","name":"MiracleBag","description":"K\u0159i\u0161\u0165\u00e1lov\u011b \u010dist\u00e1 baz\u00e9nov\u00e1 voda \u2013 nen\u00ed pot\u0159eba p\u00edskov\u00fd filtr","publisher":{"@id":"https:\/\/miraclebag.store\/#organization"},"potentialAction":[{"@type":"SearchAction","target":{"@type":"EntryPoint","urlTemplate":"https:\/\/miraclebag.store\/?s={search_term_string}"},"query-input":{"@type":"PropertyValueSpecification","valueRequired":true,"valueName":"search_term_string"}}],"inLanguage":"cs"},{"@type":"Organization","@id":"https:\/\/miraclebag.store\/#organization","name":"MiracleBag","url":"https:\/\/miraclebag.store\/","logo":{"@type":"ImageObject","inLanguage":"cs","@id":"https:\/\/miraclebag.store\/#\/schema\/logo\/image\/","url":"https:\/\/miraclebag.store\/wp-content\/uploads\/2023\/01\/miraclebag-logo-blue.png","contentUrl":"https:\/\/miraclebag.store\/wp-content\/uploads\/2023\/01\/miraclebag-logo-blue.png","width":357,"height":87,"caption":"MiracleBag"},"image":{"@id":"https:\/\/miraclebag.store\/#\/schema\/logo\/image\/"}}]}},"_links":{"self":[{"href":"https:\/\/miraclebag.store\/cs\/wp-json\/wp\/v2\/pages\/891","targetHints":{"allow":["GET"]}}],"collection":[{"href":"https:\/\/miraclebag.store\/cs\/wp-json\/wp\/v2\/pages"}],"about":[{"href":"https:\/\/miraclebag.store\/cs\/wp-json\/wp\/v2\/types\/page"}],"author":[{"embeddable":true,"href":"https:\/\/miraclebag.store\/cs\/wp-json\/wp\/v2\/users\/2"}],"replies":[{"embeddable":true,"href":"https:\/\/miraclebag.store\/cs\/wp-json\/wp\/v2\/comments?post=891"}],"version-history":[{"count":0,"href":"https:\/\/miraclebag.store\/cs\/wp-json\/wp\/v2\/pages\/891\/revisions"}],"wp:attachment":[{"href":"https:\/\/miraclebag.store\/cs\/wp-json\/wp\/v2\/media?parent=891"}],"curies":[{"name":"wp","href":"https:\/\/api.w.org\/{rel}","templated":true}]}}